{"id":1118,"date":"2022-07-22T15:37:44","date_gmt":"2022-07-22T13:37:44","guid":{"rendered":"https:\/\/leogarnier.com\/?page_id=1118"},"modified":"2022-08-01T02:55:04","modified_gmt":"2022-08-01T00:55:04","slug":"maquettes-hilda","status":"publish","type":"page","link":"https:\/\/leogarnier.com\/index.php\/maquettes-3d\/maquettes-hilda\/","title":{"rendered":"Maquettes &#8211; Hilda"},"content":{"rendered":"\t\t<div data-elementor-type=\"wp-page\" data-elementor-id=\"1118\" class=\"elementor elementor-1118\">\n\t\t\t\t\t\t<section class=\"elementor-section elementor-top-section elementor-element elementor-element-dbfea3a elementor-section-boxed elementor-section-height-default elementor-section-height-default\" data-id=\"dbfea3a\" data-element_type=\"section\">\n\t\t\t\t\t\t<div class=\"elementor-container elementor-column-gap-default\">\n\t\t\t\t\t<div class=\"elementor-column elementor-col-100 elementor-top-column elementor-element elementor-element-3a30c59\" data-id=\"3a30c59\" data-element_type=\"column\">\n\t\t\t<div class=\"elementor-widget-wrap elementor-element-populated\">\n\t\t\t\t\t\t<div class=\"elementor-element elementor-element-738e112 elementor-widget elementor-widget-heading\" data-id=\"738e112\" data-element_type=\"widget\" data-widget_type=\"heading.default\">\n\t\t\t\t<div class=\"elementor-widget-container\">\n\t\t\t\t\t<h2 class=\"elementor-heading-title elementor-size-default\">Hilda<\/h2>\t\t\t\t<\/div>\n\t\t\t\t<\/div>\n\t\t\t\t\t<\/div>\n\t\t<\/div>\n\t\t\t\t\t<\/div>\n\t\t<\/section>\n\t\t\t\t<section class=\"elementor-section elementor-top-section elementor-element elementor-element-8b79c65 elementor-section-boxed elementor-section-height-default elementor-section-height-default\" data-id=\"8b79c65\" data-element_type=\"section\">\n\t\t\t\t\t\t<div class=\"elementor-container elementor-column-gap-default\">\n\t\t\t\t\t<div class=\"elementor-column elementor-col-100 elementor-top-column elementor-element elementor-element-7b564e5\" data-id=\"7b564e5\" data-element_type=\"column\">\n\t\t\t<div class=\"elementor-widget-wrap elementor-element-populated\">\n\t\t\t\t\t\t<div class=\"elementor-element elementor-element-531f474 elementor-widget elementor-widget-text-editor\" data-id=\"531f474\" data-element_type=\"widget\" data-widget_type=\"text-editor.default\">\n\t\t\t\t<div class=\"elementor-widget-container\">\n\t\t\t\t\t\t\t\t\t<p>Elisabeth Chailloux<\/p>\t\t\t\t\t\t\t\t<\/div>\n\t\t\t\t<\/div>\n\t\t\t\t\t<\/div>\n\t\t<\/div>\n\t\t\t\t\t<\/div>\n\t\t<\/section>\n\t\t\t\t<section class=\"elementor-section elementor-top-section elementor-element elementor-element-20ed0dd elementor-section-boxed elementor-section-height-default elementor-section-height-default\" data-id=\"20ed0dd\" data-element_type=\"section\">\n\t\t\t\t\t\t<div class=\"elementor-container elementor-column-gap-default\">\n\t\t\t\t\t<div class=\"elementor-column elementor-col-100 elementor-top-column elementor-element elementor-element-0459b6b\" data-id=\"0459b6b\" data-element_type=\"column\">\n\t\t\t<div class=\"elementor-widget-wrap elementor-element-populated\">\n\t\t\t\t\t\t<div class=\"elementor-element elementor-element-e17b9d8 elementor-widget elementor-widget-text-editor\" data-id=\"e17b9d8\" data-element_type=\"widget\" data-widget_type=\"text-editor.default\">\n\t\t\t\t<div class=\"elementor-widget-container\">\n\t\t\t\t\t\t\t\t\t<p>Maquettes 3D<\/p>\t\t\t\t\t\t\t\t<\/div>\n\t\t\t\t<\/div>\n\t\t\t\t\t<\/div>\n\t\t<\/div>\n\t\t\t\t\t<\/div>\n\t\t<\/section>\n\t\t\t\t<section class=\"elementor-section elementor-top-section elementor-element elementor-element-7ff4fa1 elementor-section-boxed elementor-section-height-default elementor-section-height-default\" data-id=\"7ff4fa1\" data-element_type=\"section\">\n\t\t\t\t\t\t<div class=\"elementor-container elementor-column-gap-default\">\n\t\t\t\t\t<div class=\"elementor-column elementor-col-100 elementor-top-column elementor-element elementor-element-8d2d176\" data-id=\"8d2d176\" data-element_type=\"column\">\n\t\t\t<div class=\"elementor-widget-wrap elementor-element-populated\">\n\t\t\t\t\t\t<div class=\"elementor-element elementor-element-cf640c7 elementor-widget elementor-widget-image\" data-id=\"cf640c7\" data-element_type=\"widget\" data-widget_type=\"image.default\">\n\t\t\t\t<div class=\"elementor-widget-container\">\n\t\t\t\t\t\t\t\t\t\t\t\t\t\t\t<img fetchpriority=\"high\" decoding=\"async\" width=\"768\" height=\"524\" src=\"https:\/\/leogarnier.com\/wp-content\/uploads\/2022\/08\/Hilda_Sceno_test-3D_TNS_Vfinale-768x524.jpg\" class=\"attachment-medium_large size-medium_large wp-image-1856\" alt=\"Maquettes virtuelles Hilda\" srcset=\"https:\/\/leogarnier.com\/wp-content\/uploads\/2022\/08\/Hilda_Sceno_test-3D_TNS_Vfinale-768x524.jpg 768w, https:\/\/leogarnier.com\/wp-content\/uploads\/2022\/08\/Hilda_Sceno_test-3D_TNS_Vfinale-300x205.jpg 300w, https:\/\/leogarnier.com\/wp-content\/uploads\/2022\/08\/Hilda_Sceno_test-3D_TNS_Vfinale-1024x698.jpg 1024w, https:\/\/leogarnier.com\/wp-content\/uploads\/2022\/08\/Hilda_Sceno_test-3D_TNS_Vfinale-1536x1047.jpg 1536w, https:\/\/leogarnier.com\/wp-content\/uploads\/2022\/08\/Hilda_Sceno_test-3D_TNS_Vfinale-2048x1396.jpg 2048w\" sizes=\"(max-width: 768px) 100vw, 768px\" \/>\t\t\t\t\t\t\t\t\t\t\t\t\t\t\t<\/div>\n\t\t\t\t<\/div>\n\t\t\t\t\t<\/div>\n\t\t<\/div>\n\t\t\t\t\t<\/div>\n\t\t<\/section>\n\t\t\t\t<section class=\"elementor-section elementor-top-section elementor-element elementor-element-f4a9c49 elementor-section-boxed elementor-section-height-default elementor-section-height-default\" data-id=\"f4a9c49\" data-element_type=\"section\">\n\t\t\t\t\t\t<div class=\"elementor-container elementor-column-gap-default\">\n\t\t\t\t\t<div class=\"elementor-column elementor-col-100 elementor-top-column elementor-element elementor-element-cdba950\" data-id=\"cdba950\" data-element_type=\"column\">\n\t\t\t<div class=\"elementor-widget-wrap elementor-element-populated\">\n\t\t\t\t\t\t<div class=\"elementor-element elementor-element-672b16b elementor-widget-divider--view-line elementor-widget elementor-widget-divider\" data-id=\"672b16b\" data-element_type=\"widget\" data-widget_type=\"divider.default\">\n\t\t\t\t<div class=\"elementor-widget-container\">\n\t\t\t\t\t\t\t<div class=\"elementor-divider\">\n\t\t\t<span class=\"elementor-divider-separator\">\n\t\t\t\t\t\t<\/span>\n\t\t<\/div>\n\t\t\t\t\t\t<\/div>\n\t\t\t\t<\/div>\n\t\t\t\t\t<\/div>\n\t\t<\/div>\n\t\t\t\t\t<\/div>\n\t\t<\/section>\n\t\t\t\t<section class=\"elementor-section elementor-top-section elementor-element elementor-element-796ac3d elementor-section-boxed elementor-section-height-default elementor-section-height-default\" data-id=\"796ac3d\" data-element_type=\"section\">\n\t\t\t\t\t\t<div class=\"elementor-container elementor-column-gap-default\">\n\t\t\t\t\t<div class=\"elementor-column elementor-col-100 elementor-top-column elementor-element elementor-element-b7f40af\" data-id=\"b7f40af\" data-element_type=\"column\">\n\t\t\t<div class=\"elementor-widget-wrap elementor-element-populated\">\n\t\t\t\t\t\t<div class=\"elementor-element elementor-element-92f038b elementor-widget elementor-widget-image\" data-id=\"92f038b\" data-element_type=\"widget\" data-widget_type=\"image.default\">\n\t\t\t\t<div class=\"elementor-widget-container\">\n\t\t\t\t\t\t\t\t\t\t\t\t\t\t\t<img decoding=\"async\" width=\"768\" height=\"593\" src=\"https:\/\/leogarnier.com\/wp-content\/uploads\/2022\/07\/Hilda_Sceno_test-3D_TNS_V8_vue-de-face-toile-peinte2-768x593.jpeg\" class=\"attachment-medium_large size-medium_large wp-image-1075\" alt=\"Maquettes virtuelle - Eclairagiste\" srcset=\"https:\/\/leogarnier.com\/wp-content\/uploads\/2022\/07\/Hilda_Sceno_test-3D_TNS_V8_vue-de-face-toile-peinte2-768x593.jpeg 768w, https:\/\/leogarnier.com\/wp-content\/uploads\/2022\/07\/Hilda_Sceno_test-3D_TNS_V8_vue-de-face-toile-peinte2-300x232.jpeg 300w, https:\/\/leogarnier.com\/wp-content\/uploads\/2022\/07\/Hilda_Sceno_test-3D_TNS_V8_vue-de-face-toile-peinte2-1024x791.jpeg 1024w, https:\/\/leogarnier.com\/wp-content\/uploads\/2022\/07\/Hilda_Sceno_test-3D_TNS_V8_vue-de-face-toile-peinte2-1536x1187.jpeg 1536w, https:\/\/leogarnier.com\/wp-content\/uploads\/2022\/07\/Hilda_Sceno_test-3D_TNS_V8_vue-de-face-toile-peinte2-2048x1583.jpeg 2048w\" sizes=\"(max-width: 768px) 100vw, 768px\" \/>\t\t\t\t\t\t\t\t\t\t\t\t\t\t\t<\/div>\n\t\t\t\t<\/div>\n\t\t\t\t\t<\/div>\n\t\t<\/div>\n\t\t\t\t\t<\/div>\n\t\t<\/section>\n\t\t\t\t<section class=\"elementor-section elementor-top-section elementor-element elementor-element-5fefcbf elementor-section-boxed elementor-section-height-default elementor-section-height-default\" data-id=\"5fefcbf\" data-element_type=\"section\">\n\t\t\t\t\t\t<div class=\"elementor-container elementor-column-gap-default\">\n\t\t\t\t\t<div class=\"elementor-column elementor-col-100 elementor-top-column elementor-element elementor-element-54467c7\" data-id=\"54467c7\" data-element_type=\"column\">\n\t\t\t<div class=\"elementor-widget-wrap elementor-element-populated\">\n\t\t\t\t\t\t<div class=\"elementor-element elementor-element-674dcb5 elementor-widget elementor-widget-text-editor\" data-id=\"674dcb5\" data-element_type=\"widget\" data-widget_type=\"text-editor.default\">\n\t\t\t\t<div class=\"elementor-widget-container\">\n\t\t\t\t\t\t\t\t\t<p>Proposition ant\u00e9rieure<\/p>\t\t\t\t\t\t\t\t<\/div>\n\t\t\t\t<\/div>\n\t\t\t\t\t<\/div>\n\t\t<\/div>\n\t\t\t\t\t<\/div>\n\t\t<\/section>\n\t\t\t\t<section class=\"elementor-section elementor-top-section elementor-element elementor-element-0460201 elementor-section-boxed elementor-section-height-default elementor-section-height-default\" data-id=\"0460201\" data-element_type=\"section\">\n\t\t\t\t\t\t<div class=\"elementor-container elementor-column-gap-default\">\n\t\t\t\t\t<div class=\"elementor-column elementor-col-100 elementor-top-column elementor-element elementor-element-834513a\" data-id=\"834513a\" data-element_type=\"column\">\n\t\t\t<div class=\"elementor-widget-wrap elementor-element-populated\">\n\t\t\t\t\t\t<div class=\"elementor-element elementor-element-2530258 elementor-widget elementor-widget-image\" data-id=\"2530258\" data-element_type=\"widget\" data-widget_type=\"image.default\">\n\t\t\t\t<div class=\"elementor-widget-container\">\n\t\t\t\t\t\t\t\t\t\t\t\t\t\t\t<img decoding=\"async\" width=\"768\" height=\"593\" src=\"https:\/\/leogarnier.com\/wp-content\/uploads\/2022\/07\/Hilda_Sceno_test-3D_TNS_V6_iso-sud-ouest-2-grand-cyclo-768x593.jpeg\" class=\"attachment-medium_large size-medium_large wp-image-1073\" alt=\"Maquettes virtuelle - Eclairagiste\" srcset=\"https:\/\/leogarnier.com\/wp-content\/uploads\/2022\/07\/Hilda_Sceno_test-3D_TNS_V6_iso-sud-ouest-2-grand-cyclo-768x593.jpeg 768w, https:\/\/leogarnier.com\/wp-content\/uploads\/2022\/07\/Hilda_Sceno_test-3D_TNS_V6_iso-sud-ouest-2-grand-cyclo-300x232.jpeg 300w, https:\/\/leogarnier.com\/wp-content\/uploads\/2022\/07\/Hilda_Sceno_test-3D_TNS_V6_iso-sud-ouest-2-grand-cyclo-1024x791.jpeg 1024w, https:\/\/leogarnier.com\/wp-content\/uploads\/2022\/07\/Hilda_Sceno_test-3D_TNS_V6_iso-sud-ouest-2-grand-cyclo-1536x1187.jpeg 1536w, https:\/\/leogarnier.com\/wp-content\/uploads\/2022\/07\/Hilda_Sceno_test-3D_TNS_V6_iso-sud-ouest-2-grand-cyclo-2048x1583.jpeg 2048w\" sizes=\"(max-width: 768px) 100vw, 768px\" \/>\t\t\t\t\t\t\t\t\t\t\t\t\t\t\t<\/div>\n\t\t\t\t<\/div>\n\t\t\t\t\t<\/div>\n\t\t<\/div>\n\t\t\t\t\t<\/div>\n\t\t<\/section>\n\t\t\t\t<section class=\"elementor-section elementor-top-section elementor-element elementor-element-9222543 elementor-section-boxed elementor-section-height-default elementor-section-height-default\" data-id=\"9222543\" data-element_type=\"section\">\n\t\t\t\t\t\t<div class=\"elementor-container elementor-column-gap-default\">\n\t\t\t\t\t<div class=\"elementor-column elementor-col-100 elementor-top-column elementor-element elementor-element-bb2d5bd\" data-id=\"bb2d5bd\" data-element_type=\"column\">\n\t\t\t<div class=\"elementor-widget-wrap elementor-element-populated\">\n\t\t\t\t\t\t<div class=\"elementor-element elementor-element-99e83c0 elementor-widget elementor-widget-text-editor\" data-id=\"99e83c0\" data-element_type=\"widget\" data-widget_type=\"text-editor.default\">\n\t\t\t\t<div class=\"elementor-widget-container\">\n\t\t\t\t\t\t\t\t\t<p>Proposition ant\u00e9rieure<\/p>\t\t\t\t\t\t\t\t<\/div>\n\t\t\t\t<\/div>\n\t\t\t\t\t<\/div>\n\t\t<\/div>\n\t\t\t\t\t<\/div>\n\t\t<\/section>\n\t\t\t\t<section class=\"elementor-section elementor-top-section elementor-element elementor-element-7d7071f elementor-section-boxed elementor-section-height-default elementor-section-height-default\" data-id=\"7d7071f\" data-element_type=\"section\">\n\t\t\t\t\t\t<div class=\"elementor-container elementor-column-gap-default\">\n\t\t\t\t\t<div class=\"elementor-column elementor-col-100 elementor-top-column elementor-element elementor-element-1de370a\" data-id=\"1de370a\" data-element_type=\"column\">\n\t\t\t<div class=\"elementor-widget-wrap elementor-element-populated\">\n\t\t\t\t\t\t<div class=\"elementor-element elementor-element-864eb3c elementor-widget elementor-widget-image\" data-id=\"864eb3c\" data-element_type=\"widget\" data-widget_type=\"image.default\">\n\t\t\t\t<div class=\"elementor-widget-container\">\n\t\t\t\t\t\t\t\t\t\t\t\t\t\t\t<img loading=\"lazy\" decoding=\"async\" width=\"768\" height=\"593\" src=\"https:\/\/leogarnier.com\/wp-content\/uploads\/2022\/07\/Hilda_Sceno_test-3D_TNS_V5_vue-de-face-grande-foret-768x593.jpeg\" class=\"attachment-medium_large size-medium_large wp-image-1065\" alt=\"Maquettes virtuelle - Eclairagiste\" srcset=\"https:\/\/leogarnier.com\/wp-content\/uploads\/2022\/07\/Hilda_Sceno_test-3D_TNS_V5_vue-de-face-grande-foret-768x593.jpeg 768w, https:\/\/leogarnier.com\/wp-content\/uploads\/2022\/07\/Hilda_Sceno_test-3D_TNS_V5_vue-de-face-grande-foret-300x232.jpeg 300w, https:\/\/leogarnier.com\/wp-content\/uploads\/2022\/07\/Hilda_Sceno_test-3D_TNS_V5_vue-de-face-grande-foret-1024x791.jpeg 1024w, https:\/\/leogarnier.com\/wp-content\/uploads\/2022\/07\/Hilda_Sceno_test-3D_TNS_V5_vue-de-face-grande-foret-1536x1187.jpeg 1536w, https:\/\/leogarnier.com\/wp-content\/uploads\/2022\/07\/Hilda_Sceno_test-3D_TNS_V5_vue-de-face-grande-foret-2048x1583.jpeg 2048w\" sizes=\"(max-width: 768px) 100vw, 768px\" \/>\t\t\t\t\t\t\t\t\t\t\t\t\t\t\t<\/div>\n\t\t\t\t<\/div>\n\t\t\t\t\t<\/div>\n\t\t<\/div>\n\t\t\t\t\t<\/div>\n\t\t<\/section>\n\t\t\t\t<section class=\"elementor-section elementor-top-section elementor-element elementor-element-87b3086 elementor-section-boxed elementor-section-height-default elementor-section-height-default\" data-id=\"87b3086\" data-element_type=\"section\">\n\t\t\t\t\t\t<div class=\"elementor-container elementor-column-gap-default\">\n\t\t\t\t\t<div class=\"elementor-column elementor-col-100 elementor-top-column elementor-element elementor-element-8b5015f\" data-id=\"8b5015f\" data-element_type=\"column\">\n\t\t\t<div class=\"elementor-widget-wrap elementor-element-populated\">\n\t\t\t\t\t\t<div class=\"elementor-element elementor-element-29d9ce0 elementor-widget elementor-widget-text-editor\" data-id=\"29d9ce0\" data-element_type=\"widget\" data-widget_type=\"text-editor.default\">\n\t\t\t\t<div class=\"elementor-widget-container\">\n\t\t\t\t\t\t\t\t\t<p>Proposition ant\u00e9rieure<\/p>\t\t\t\t\t\t\t\t<\/div>\n\t\t\t\t<\/div>\n\t\t\t\t\t<\/div>\n\t\t<\/div>\n\t\t\t\t\t<\/div>\n\t\t<\/section>\n\t\t\t\t<\/div>\n\t\t","protected":false},"excerpt":{"rendered":"<p>Hilda Elisabeth Chailloux Maquettes 3D Proposition ant\u00e9rieure Proposition ant\u00e9rieure Proposition ant\u00e9rieure<\/p>\n","protected":false},"author":1,"featured_media":0,"parent":1028,"menu_order":0,"comment_status":"closed","ping_status":"closed","template":"","meta":{"footnotes":""},"class_list":["post-1118","page","type-page","status-publish","hentry"],"yoast_head":"<!-- This site is optimized with the Yoast SEO plugin v27.4 - https:\/\/yoast.com\/product\/yoast-seo-wordpress\/ -->\n<title>Maquettes - Hilda - L\u00e9o Garnier<\/title>\n<meta name=\"robots\" content=\"index, follow, max-snippet:-1, max-image-preview:large, max-video-preview:-1\" \/>\n<link rel=\"canonical\" href=\"https:\/\/leogarnier.com\/index.php\/maquettes-3d\/maquettes-hilda\/\" \/>\n<meta property=\"og:locale\" content=\"fr_FR\" \/>\n<meta property=\"og:type\" content=\"article\" \/>\n<meta property=\"og:title\" content=\"Maquettes - Hilda - L\u00e9o Garnier\" \/>\n<meta property=\"og:description\" content=\"Hilda Elisabeth Chailloux Maquettes 3D Proposition ant\u00e9rieure Proposition ant\u00e9rieure Proposition ant\u00e9rieure\" \/>\n<meta property=\"og:url\" content=\"https:\/\/leogarnier.com\/index.php\/maquettes-3d\/maquettes-hilda\/\" \/>\n<meta property=\"og:site_name\" content=\"L\u00e9o Garnier\" \/>\n<meta property=\"article:publisher\" content=\"https:\/\/www.facebook.com\/leo.garnier.102\/\" \/>\n<meta property=\"article:modified_time\" content=\"2022-08-01T00:55:04+00:00\" \/>\n<meta property=\"og:image\" content=\"https:\/\/leogarnier.com\/wp-content\/uploads\/2022\/08\/Hilda_Sceno_test-3D_TNS_Vfinale-768x524.jpg\" \/>\n<meta name=\"twitter:card\" content=\"summary_large_image\" \/>\n<script type=\"application\/ld+json\" class=\"yoast-schema-graph\">{\"@context\":\"https:\\\/\\\/schema.org\",\"@graph\":[{\"@type\":\"WebPage\",\"@id\":\"https:\\\/\\\/leogarnier.com\\\/index.php\\\/maquettes-3d\\\/maquettes-hilda\\\/\",\"url\":\"https:\\\/\\\/leogarnier.com\\\/index.php\\\/maquettes-3d\\\/maquettes-hilda\\\/\",\"name\":\"Maquettes - Hilda - L\u00e9o Garnier\",\"isPartOf\":{\"@id\":\"https:\\\/\\\/leogarnier.com\\\/#website\"},\"primaryImageOfPage\":{\"@id\":\"https:\\\/\\\/leogarnier.com\\\/index.php\\\/maquettes-3d\\\/maquettes-hilda\\\/#primaryimage\"},\"image\":{\"@id\":\"https:\\\/\\\/leogarnier.com\\\/index.php\\\/maquettes-3d\\\/maquettes-hilda\\\/#primaryimage\"},\"thumbnailUrl\":\"https:\\\/\\\/leogarnier.com\\\/wp-content\\\/uploads\\\/2022\\\/08\\\/Hilda_Sceno_test-3D_TNS_Vfinale-768x524.jpg\",\"datePublished\":\"2022-07-22T13:37:44+00:00\",\"dateModified\":\"2022-08-01T00:55:04+00:00\",\"breadcrumb\":{\"@id\":\"https:\\\/\\\/leogarnier.com\\\/index.php\\\/maquettes-3d\\\/maquettes-hilda\\\/#breadcrumb\"},\"inLanguage\":\"fr-FR\",\"potentialAction\":[{\"@type\":\"ReadAction\",\"target\":[\"https:\\\/\\\/leogarnier.com\\\/index.php\\\/maquettes-3d\\\/maquettes-hilda\\\/\"]}]},{\"@type\":\"ImageObject\",\"inLanguage\":\"fr-FR\",\"@id\":\"https:\\\/\\\/leogarnier.com\\\/index.php\\\/maquettes-3d\\\/maquettes-hilda\\\/#primaryimage\",\"url\":\"https:\\\/\\\/leogarnier.com\\\/wp-content\\\/uploads\\\/2022\\\/08\\\/Hilda_Sceno_test-3D_TNS_Vfinale-768x524.jpg\",\"contentUrl\":\"https:\\\/\\\/leogarnier.com\\\/wp-content\\\/uploads\\\/2022\\\/08\\\/Hilda_Sceno_test-3D_TNS_Vfinale-768x524.jpg\"},{\"@type\":\"BreadcrumbList\",\"@id\":\"https:\\\/\\\/leogarnier.com\\\/index.php\\\/maquettes-3d\\\/maquettes-hilda\\\/#breadcrumb\",\"itemListElement\":[{\"@type\":\"ListItem\",\"position\":1,\"name\":\"Accueil\",\"item\":\"https:\\\/\\\/leogarnier.com\\\/\"},{\"@type\":\"ListItem\",\"position\":2,\"name\":\"Maquettes 3D\",\"item\":\"https:\\\/\\\/leogarnier.com\\\/index.php\\\/maquettes-3d\\\/\"},{\"@type\":\"ListItem\",\"position\":3,\"name\":\"Maquettes &#8211; Hilda\"}]},{\"@type\":\"WebSite\",\"@id\":\"https:\\\/\\\/leogarnier.com\\\/#website\",\"url\":\"https:\\\/\\\/leogarnier.com\\\/\",\"name\":\"L\u00e9o Garnier\",\"description\":\"\u00c9clairagiste\",\"publisher\":{\"@id\":\"https:\\\/\\\/leogarnier.com\\\/#\\\/schema\\\/person\\\/9caf54ec40390ce3fa693f0b1acd3190\"},\"potentialAction\":[{\"@type\":\"SearchAction\",\"target\":{\"@type\":\"EntryPoint\",\"urlTemplate\":\"https:\\\/\\\/leogarnier.com\\\/?s={search_term_string}\"},\"query-input\":{\"@type\":\"PropertyValueSpecification\",\"valueRequired\":true,\"valueName\":\"search_term_string\"}}],\"inLanguage\":\"fr-FR\"},{\"@type\":[\"Person\",\"Organization\"],\"@id\":\"https:\\\/\\\/leogarnier.com\\\/#\\\/schema\\\/person\\\/9caf54ec40390ce3fa693f0b1acd3190\",\"name\":\"L\u00e9o\",\"image\":{\"@type\":\"ImageObject\",\"inLanguage\":\"fr-FR\",\"@id\":\"https:\\\/\\\/leogarnier.com\\\/wp-content\\\/uploads\\\/2022\\\/09\\\/Leo9.png\",\"url\":\"https:\\\/\\\/leogarnier.com\\\/wp-content\\\/uploads\\\/2022\\\/09\\\/Leo9.png\",\"contentUrl\":\"https:\\\/\\\/leogarnier.com\\\/wp-content\\\/uploads\\\/2022\\\/09\\\/Leo9.png\",\"width\":1148,\"height\":825,\"caption\":\"L\u00e9o\"},\"logo\":{\"@id\":\"https:\\\/\\\/leogarnier.com\\\/wp-content\\\/uploads\\\/2022\\\/09\\\/Leo9.png\"},\"sameAs\":[\"http:\\\/\\\/leogarnier.com\",\"https:\\\/\\\/www.facebook.com\\\/leo.garnier.102\\\/\",\"https:\\\/\\\/www.instagram.com\\\/garnierleo\\\/\"]}]}<\/script>\n<!-- \/ Yoast SEO plugin. -->","yoast_head_json":{"title":"Maquettes - Hilda - L\u00e9o Garnier","robots":{"index":"index","follow":"follow","max-snippet":"max-snippet:-1","max-image-preview":"max-image-preview:large","max-video-preview":"max-video-preview:-1"},"canonical":"https:\/\/leogarnier.com\/index.php\/maquettes-3d\/maquettes-hilda\/","og_locale":"fr_FR","og_type":"article","og_title":"Maquettes - Hilda - L\u00e9o Garnier","og_description":"Hilda Elisabeth Chailloux Maquettes 3D Proposition ant\u00e9rieure Proposition ant\u00e9rieure Proposition ant\u00e9rieure","og_url":"https:\/\/leogarnier.com\/index.php\/maquettes-3d\/maquettes-hilda\/","og_site_name":"L\u00e9o Garnier","article_publisher":"https:\/\/www.facebook.com\/leo.garnier.102\/","article_modified_time":"2022-08-01T00:55:04+00:00","og_image":[{"url":"https:\/\/leogarnier.com\/wp-content\/uploads\/2022\/08\/Hilda_Sceno_test-3D_TNS_Vfinale-768x524.jpg","type":"","width":"","height":""}],"twitter_card":"summary_large_image","schema":{"@context":"https:\/\/schema.org","@graph":[{"@type":"WebPage","@id":"https:\/\/leogarnier.com\/index.php\/maquettes-3d\/maquettes-hilda\/","url":"https:\/\/leogarnier.com\/index.php\/maquettes-3d\/maquettes-hilda\/","name":"Maquettes - Hilda - L\u00e9o Garnier","isPartOf":{"@id":"https:\/\/leogarnier.com\/#website"},"primaryImageOfPage":{"@id":"https:\/\/leogarnier.com\/index.php\/maquettes-3d\/maquettes-hilda\/#primaryimage"},"image":{"@id":"https:\/\/leogarnier.com\/index.php\/maquettes-3d\/maquettes-hilda\/#primaryimage"},"thumbnailUrl":"https:\/\/leogarnier.com\/wp-content\/uploads\/2022\/08\/Hilda_Sceno_test-3D_TNS_Vfinale-768x524.jpg","datePublished":"2022-07-22T13:37:44+00:00","dateModified":"2022-08-01T00:55:04+00:00","breadcrumb":{"@id":"https:\/\/leogarnier.com\/index.php\/maquettes-3d\/maquettes-hilda\/#breadcrumb"},"inLanguage":"fr-FR","potentialAction":[{"@type":"ReadAction","target":["https:\/\/leogarnier.com\/index.php\/maquettes-3d\/maquettes-hilda\/"]}]},{"@type":"ImageObject","inLanguage":"fr-FR","@id":"https:\/\/leogarnier.com\/index.php\/maquettes-3d\/maquettes-hilda\/#primaryimage","url":"https:\/\/leogarnier.com\/wp-content\/uploads\/2022\/08\/Hilda_Sceno_test-3D_TNS_Vfinale-768x524.jpg","contentUrl":"https:\/\/leogarnier.com\/wp-content\/uploads\/2022\/08\/Hilda_Sceno_test-3D_TNS_Vfinale-768x524.jpg"},{"@type":"BreadcrumbList","@id":"https:\/\/leogarnier.com\/index.php\/maquettes-3d\/maquettes-hilda\/#breadcrumb","itemListElement":[{"@type":"ListItem","position":1,"name":"Accueil","item":"https:\/\/leogarnier.com\/"},{"@type":"ListItem","position":2,"name":"Maquettes 3D","item":"https:\/\/leogarnier.com\/index.php\/maquettes-3d\/"},{"@type":"ListItem","position":3,"name":"Maquettes &#8211; Hilda"}]},{"@type":"WebSite","@id":"https:\/\/leogarnier.com\/#website","url":"https:\/\/leogarnier.com\/","name":"L\u00e9o Garnier","description":"\u00c9clairagiste","publisher":{"@id":"https:\/\/leogarnier.com\/#\/schema\/person\/9caf54ec40390ce3fa693f0b1acd3190"},"potentialAction":[{"@type":"SearchAction","target":{"@type":"EntryPoint","urlTemplate":"https:\/\/leogarnier.com\/?s={search_term_string}"},"query-input":{"@type":"PropertyValueSpecification","valueRequired":true,"valueName":"search_term_string"}}],"inLanguage":"fr-FR"},{"@type":["Person","Organization"],"@id":"https:\/\/leogarnier.com\/#\/schema\/person\/9caf54ec40390ce3fa693f0b1acd3190","name":"L\u00e9o","image":{"@type":"ImageObject","inLanguage":"fr-FR","@id":"https:\/\/leogarnier.com\/wp-content\/uploads\/2022\/09\/Leo9.png","url":"https:\/\/leogarnier.com\/wp-content\/uploads\/2022\/09\/Leo9.png","contentUrl":"https:\/\/leogarnier.com\/wp-content\/uploads\/2022\/09\/Leo9.png","width":1148,"height":825,"caption":"L\u00e9o"},"logo":{"@id":"https:\/\/leogarnier.com\/wp-content\/uploads\/2022\/09\/Leo9.png"},"sameAs":["http:\/\/leogarnier.com","https:\/\/www.facebook.com\/leo.garnier.102\/","https:\/\/www.instagram.com\/garnierleo\/"]}]}},"_links":{"self":[{"href":"https:\/\/leogarnier.com\/index.php\/wp-json\/wp\/v2\/pages\/1118","targetHints":{"allow":["GET"]}}],"collection":[{"href":"https:\/\/leogarnier.com\/index.php\/wp-json\/wp\/v2\/pages"}],"about":[{"href":"https:\/\/leogarnier.com\/index.php\/wp-json\/wp\/v2\/types\/page"}],"author":[{"embeddable":true,"href":"https:\/\/leogarnier.com\/index.php\/wp-json\/wp\/v2\/users\/1"}],"replies":[{"embeddable":true,"href":"https:\/\/leogarnier.com\/index.php\/wp-json\/wp\/v2\/comments?post=1118"}],"version-history":[{"count":40,"href":"https:\/\/leogarnier.com\/index.php\/wp-json\/wp\/v2\/pages\/1118\/revisions"}],"predecessor-version":[{"id":1859,"href":"https:\/\/leogarnier.com\/index.php\/wp-json\/wp\/v2\/pages\/1118\/revisions\/1859"}],"up":[{"embeddable":true,"href":"https:\/\/leogarnier.com\/index.php\/wp-json\/wp\/v2\/pages\/1028"}],"wp:attachment":[{"href":"https:\/\/leogarnier.com\/index.php\/wp-json\/wp\/v2\/media?parent=1118"}],"curies":[{"name":"wp","href":"https:\/\/api.w.org\/{rel}","templated":true}]}}