{"id":1120,"date":"2022-07-22T15:38:04","date_gmt":"2022-07-22T13:38:04","guid":{"rendered":"https:\/\/leogarnier.com\/?page_id=1120"},"modified":"2022-07-31T19:17:18","modified_gmt":"2022-07-31T17:17:18","slug":"maquettes-larriere-fable","status":"publish","type":"page","link":"https:\/\/leogarnier.com\/index.php\/maquettes-3d\/maquettes-larriere-fable\/","title":{"rendered":"Maquettes &#8211; L&rsquo;arri\u00e8re fable"},"content":{"rendered":"\t\t<div data-elementor-type=\"wp-page\" data-elementor-id=\"1120\" class=\"elementor elementor-1120\">\n\t\t\t\t\t\t<section class=\"elementor-section elementor-top-section elementor-element elementor-element-e57422f elementor-section-boxed elementor-section-height-default elementor-section-height-default\" data-id=\"e57422f\" data-element_type=\"section\">\n\t\t\t\t\t\t<div class=\"elementor-container elementor-column-gap-default\">\n\t\t\t\t\t<div class=\"elementor-column elementor-col-100 elementor-top-column elementor-element elementor-element-e1e5766\" data-id=\"e1e5766\" data-element_type=\"column\">\n\t\t\t<div class=\"elementor-widget-wrap elementor-element-populated\">\n\t\t\t\t\t\t<div class=\"elementor-element elementor-element-b2b06f6 elementor-widget elementor-widget-heading\" data-id=\"b2b06f6\" data-element_type=\"widget\" data-widget_type=\"heading.default\">\n\t\t\t\t<div class=\"elementor-widget-container\">\n\t\t\t\t\t<h2 class=\"elementor-heading-title elementor-size-default\">L'arri\u00e8re fable<\/h2>\t\t\t\t<\/div>\n\t\t\t\t<\/div>\n\t\t\t\t\t<\/div>\n\t\t<\/div>\n\t\t\t\t\t<\/div>\n\t\t<\/section>\n\t\t\t\t<section class=\"elementor-section elementor-top-section elementor-element elementor-element-d91436d elementor-section-boxed elementor-section-height-default elementor-section-height-default\" data-id=\"d91436d\" data-element_type=\"section\">\n\t\t\t\t\t\t<div class=\"elementor-container elementor-column-gap-default\">\n\t\t\t\t\t<div class=\"elementor-column elementor-col-100 elementor-top-column elementor-element elementor-element-dc0d921\" data-id=\"dc0d921\" data-element_type=\"column\">\n\t\t\t<div class=\"elementor-widget-wrap elementor-element-populated\">\n\t\t\t\t\t\t<div class=\"elementor-element elementor-element-1cab1c3 elementor-widget elementor-widget-text-editor\" data-id=\"1cab1c3\" data-element_type=\"widget\" data-widget_type=\"text-editor.default\">\n\t\t\t\t<div class=\"elementor-widget-container\">\n\t\t\t\t\t\t\t\t\t<p>Elodie Sicard<\/p>\t\t\t\t\t\t\t\t<\/div>\n\t\t\t\t<\/div>\n\t\t\t\t\t<\/div>\n\t\t<\/div>\n\t\t\t\t\t<\/div>\n\t\t<\/section>\n\t\t\t\t<section class=\"elementor-section elementor-top-section elementor-element elementor-element-4b89051 elementor-section-boxed elementor-section-height-default elementor-section-height-default\" data-id=\"4b89051\" data-element_type=\"section\">\n\t\t\t\t\t\t<div class=\"elementor-container elementor-column-gap-default\">\n\t\t\t\t\t<div class=\"elementor-column elementor-col-100 elementor-top-column elementor-element elementor-element-ea2b4b2\" data-id=\"ea2b4b2\" data-element_type=\"column\">\n\t\t\t<div class=\"elementor-widget-wrap elementor-element-populated\">\n\t\t\t\t\t\t<div class=\"elementor-element elementor-element-c966bed elementor-widget elementor-widget-text-editor\" data-id=\"c966bed\" data-element_type=\"widget\" data-widget_type=\"text-editor.default\">\n\t\t\t\t<div class=\"elementor-widget-container\">\n\t\t\t\t\t\t\t\t\t<p>Maquettes 3D<\/p>\t\t\t\t\t\t\t\t<\/div>\n\t\t\t\t<\/div>\n\t\t\t\t\t<\/div>\n\t\t<\/div>\n\t\t\t\t\t<\/div>\n\t\t<\/section>\n\t\t\t\t<section class=\"elementor-section elementor-top-section elementor-element elementor-element-793cd89 elementor-section-boxed elementor-section-height-default elementor-section-height-default\" data-id=\"793cd89\" data-element_type=\"section\">\n\t\t\t\t\t\t<div class=\"elementor-container elementor-column-gap-default\">\n\t\t\t\t\t<div class=\"elementor-column elementor-col-100 elementor-top-column elementor-element elementor-element-44250dd\" data-id=\"44250dd\" data-element_type=\"column\">\n\t\t\t<div class=\"elementor-widget-wrap elementor-element-populated\">\n\t\t\t\t\t\t<div class=\"elementor-element elementor-element-cd7585e elementor-widget elementor-widget-image\" data-id=\"cd7585e\" data-element_type=\"widget\" data-widget_type=\"image.default\">\n\t\t\t\t<div class=\"elementor-widget-container\">\n\t\t\t\t\t\t\t\t\t\t\t\t\t\t\t<img fetchpriority=\"high\" decoding=\"async\" width=\"768\" height=\"576\" src=\"https:\/\/leogarnier.com\/wp-content\/uploads\/2022\/07\/sceno_Arriere-Fable_verrieres_V2-768x576.jpeg\" class=\"attachment-medium_large size-medium_large wp-image-1082\" alt=\"Maquettes virtuelle - Eclairagiste\" srcset=\"https:\/\/leogarnier.com\/wp-content\/uploads\/2022\/07\/sceno_Arriere-Fable_verrieres_V2-768x576.jpeg 768w, https:\/\/leogarnier.com\/wp-content\/uploads\/2022\/07\/sceno_Arriere-Fable_verrieres_V2-300x225.jpeg 300w, https:\/\/leogarnier.com\/wp-content\/uploads\/2022\/07\/sceno_Arriere-Fable_verrieres_V2.jpeg 1024w\" sizes=\"(max-width: 768px) 100vw, 768px\" \/>\t\t\t\t\t\t\t\t\t\t\t\t\t\t\t<\/div>\n\t\t\t\t<\/div>\n\t\t\t\t\t<\/div>\n\t\t<\/div>\n\t\t\t\t\t<\/div>\n\t\t<\/section>\n\t\t\t\t<section class=\"elementor-section elementor-top-section elementor-element elementor-element-01d977f elementor-section-boxed elementor-section-height-default elementor-section-height-default\" data-id=\"01d977f\" data-element_type=\"section\">\n\t\t\t\t\t\t<div class=\"elementor-container elementor-column-gap-default\">\n\t\t\t\t\t<div class=\"elementor-column elementor-col-100 elementor-top-column elementor-element elementor-element-7e7e65c\" data-id=\"7e7e65c\" data-element_type=\"column\">\n\t\t\t<div class=\"elementor-widget-wrap elementor-element-populated\">\n\t\t\t\t\t\t<div class=\"elementor-element elementor-element-78005e0 elementor-widget-divider--view-line elementor-widget elementor-widget-divider\" data-id=\"78005e0\" data-element_type=\"widget\" data-widget_type=\"divider.default\">\n\t\t\t\t<div class=\"elementor-widget-container\">\n\t\t\t\t\t\t\t<div class=\"elementor-divider\">\n\t\t\t<span class=\"elementor-divider-separator\">\n\t\t\t\t\t\t<\/span>\n\t\t<\/div>\n\t\t\t\t\t\t<\/div>\n\t\t\t\t<\/div>\n\t\t\t\t\t<\/div>\n\t\t<\/div>\n\t\t\t\t\t<\/div>\n\t\t<\/section>\n\t\t\t\t<section class=\"elementor-section elementor-top-section elementor-element elementor-element-e87e1e4 elementor-section-boxed elementor-section-height-default elementor-section-height-default\" data-id=\"e87e1e4\" data-element_type=\"section\">\n\t\t\t\t\t\t<div class=\"elementor-container elementor-column-gap-default\">\n\t\t\t\t\t<div class=\"elementor-column elementor-col-100 elementor-top-column elementor-element elementor-element-f9fae72\" data-id=\"f9fae72\" data-element_type=\"column\">\n\t\t\t<div class=\"elementor-widget-wrap elementor-element-populated\">\n\t\t\t\t\t\t<div class=\"elementor-element elementor-element-cfb401b elementor-widget elementor-widget-image\" data-id=\"cfb401b\" data-element_type=\"widget\" data-widget_type=\"image.default\">\n\t\t\t\t<div class=\"elementor-widget-container\">\n\t\t\t\t\t\t\t\t\t\t\t\t\t\t\t<img decoding=\"async\" width=\"768\" height=\"576\" src=\"https:\/\/leogarnier.com\/wp-content\/uploads\/2022\/07\/test-sceno_Arriere-Fable_V14-768x576.jpeg\" class=\"attachment-medium_large size-medium_large wp-image-1092\" alt=\"Maquettes virtuelle - Eclairagiste\" srcset=\"https:\/\/leogarnier.com\/wp-content\/uploads\/2022\/07\/test-sceno_Arriere-Fable_V14-768x576.jpeg 768w, https:\/\/leogarnier.com\/wp-content\/uploads\/2022\/07\/test-sceno_Arriere-Fable_V14-300x225.jpeg 300w, https:\/\/leogarnier.com\/wp-content\/uploads\/2022\/07\/test-sceno_Arriere-Fable_V14.jpeg 800w\" sizes=\"(max-width: 768px) 100vw, 768px\" \/>\t\t\t\t\t\t\t\t\t\t\t\t\t\t\t<\/div>\n\t\t\t\t<\/div>\n\t\t\t\t\t<\/div>\n\t\t<\/div>\n\t\t\t\t\t<\/div>\n\t\t<\/section>\n\t\t\t\t<section class=\"elementor-section elementor-top-section elementor-element elementor-element-95caa10 elementor-section-boxed elementor-section-height-default elementor-section-height-default\" data-id=\"95caa10\" data-element_type=\"section\">\n\t\t\t\t\t\t<div class=\"elementor-container elementor-column-gap-default\">\n\t\t\t\t\t<div class=\"elementor-column elementor-col-100 elementor-top-column elementor-element elementor-element-5e00314\" data-id=\"5e00314\" data-element_type=\"column\">\n\t\t\t<div class=\"elementor-widget-wrap elementor-element-populated\">\n\t\t\t\t\t\t<div class=\"elementor-element elementor-element-107685b elementor-widget elementor-widget-text-editor\" data-id=\"107685b\" data-element_type=\"widget\" data-widget_type=\"text-editor.default\">\n\t\t\t\t<div class=\"elementor-widget-container\">\n\t\t\t\t\t\t\t\t\t<p>Proposition ant\u00e9rieure<\/p>\t\t\t\t\t\t\t\t<\/div>\n\t\t\t\t<\/div>\n\t\t\t\t\t<\/div>\n\t\t<\/div>\n\t\t\t\t\t<\/div>\n\t\t<\/section>\n\t\t\t\t<section class=\"elementor-section elementor-top-section elementor-element elementor-element-fcf6746 elementor-section-boxed elementor-section-height-default elementor-section-height-default\" data-id=\"fcf6746\" data-element_type=\"section\">\n\t\t\t\t\t\t<div class=\"elementor-container elementor-column-gap-default\">\n\t\t\t\t\t<div class=\"elementor-column elementor-col-100 elementor-top-column elementor-element elementor-element-686b912\" data-id=\"686b912\" data-element_type=\"column\">\n\t\t\t<div class=\"elementor-widget-wrap elementor-element-populated\">\n\t\t\t\t\t\t<div class=\"elementor-element elementor-element-b718844 elementor-widget elementor-widget-image\" data-id=\"b718844\" data-element_type=\"widget\" data-widget_type=\"image.default\">\n\t\t\t\t<div class=\"elementor-widget-container\">\n\t\t\t\t\t\t\t\t\t\t\t\t\t\t\t<img decoding=\"async\" width=\"768\" height=\"576\" src=\"https:\/\/leogarnier.com\/wp-content\/uploads\/2022\/07\/test-sceno_Arriere-Fable_V10-768x576.jpeg\" class=\"attachment-medium_large size-medium_large wp-image-1091\" alt=\"Maquettes virtuelle - Eclairagiste\" srcset=\"https:\/\/leogarnier.com\/wp-content\/uploads\/2022\/07\/test-sceno_Arriere-Fable_V10-768x576.jpeg 768w, https:\/\/leogarnier.com\/wp-content\/uploads\/2022\/07\/test-sceno_Arriere-Fable_V10-300x225.jpeg 300w, https:\/\/leogarnier.com\/wp-content\/uploads\/2022\/07\/test-sceno_Arriere-Fable_V10-1024x768.jpeg 1024w, https:\/\/leogarnier.com\/wp-content\/uploads\/2022\/07\/test-sceno_Arriere-Fable_V10-1536x1152.jpeg 1536w, https:\/\/leogarnier.com\/wp-content\/uploads\/2022\/07\/test-sceno_Arriere-Fable_V10-2048x1536.jpeg 2048w\" sizes=\"(max-width: 768px) 100vw, 768px\" \/>\t\t\t\t\t\t\t\t\t\t\t\t\t\t\t<\/div>\n\t\t\t\t<\/div>\n\t\t\t\t\t<\/div>\n\t\t<\/div>\n\t\t\t\t\t<\/div>\n\t\t<\/section>\n\t\t\t\t<section class=\"elementor-section elementor-top-section elementor-element elementor-element-56ddcc2 elementor-section-boxed elementor-section-height-default elementor-section-height-default\" data-id=\"56ddcc2\" data-element_type=\"section\">\n\t\t\t\t\t\t<div class=\"elementor-container elementor-column-gap-default\">\n\t\t\t\t\t<div class=\"elementor-column elementor-col-100 elementor-top-column elementor-element elementor-element-9671e43\" data-id=\"9671e43\" data-element_type=\"column\">\n\t\t\t<div class=\"elementor-widget-wrap elementor-element-populated\">\n\t\t\t\t\t\t<div class=\"elementor-element elementor-element-a7d34dd elementor-widget elementor-widget-text-editor\" data-id=\"a7d34dd\" data-element_type=\"widget\" data-widget_type=\"text-editor.default\">\n\t\t\t\t<div class=\"elementor-widget-container\">\n\t\t\t\t\t\t\t\t\t<p>Proposition ant\u00e9rieure<\/p>\t\t\t\t\t\t\t\t<\/div>\n\t\t\t\t<\/div>\n\t\t\t\t\t<\/div>\n\t\t<\/div>\n\t\t\t\t\t<\/div>\n\t\t<\/section>\n\t\t\t\t<section class=\"elementor-section elementor-top-section elementor-element elementor-element-5ed869d elementor-section-boxed elementor-section-height-default elementor-section-height-default\" data-id=\"5ed869d\" data-element_type=\"section\">\n\t\t\t\t\t\t<div class=\"elementor-container elementor-column-gap-default\">\n\t\t\t\t\t<div class=\"elementor-column elementor-col-100 elementor-top-column elementor-element elementor-element-f22c628\" data-id=\"f22c628\" data-element_type=\"column\">\n\t\t\t<div class=\"elementor-widget-wrap elementor-element-populated\">\n\t\t\t\t\t\t<div class=\"elementor-element elementor-element-93aa887 elementor-widget elementor-widget-spacer\" data-id=\"93aa887\" data-element_type=\"widget\" data-widget_type=\"spacer.default\">\n\t\t\t\t<div class=\"elementor-widget-container\">\n\t\t\t\t\t\t\t<div class=\"elementor-spacer\">\n\t\t\t<div class=\"elementor-spacer-inner\"><\/div>\n\t\t<\/div>\n\t\t\t\t\t\t<\/div>\n\t\t\t\t<\/div>\n\t\t\t\t\t<\/div>\n\t\t<\/div>\n\t\t\t\t\t<\/div>\n\t\t<\/section>\n\t\t\t\t<\/div>\n\t\t","protected":false},"excerpt":{"rendered":"<p>L&rsquo;arri\u00e8re fable Elodie Sicard Maquettes 3D Proposition ant\u00e9rieure Proposition ant\u00e9rieure<\/p>\n","protected":false},"author":1,"featured_media":0,"parent":1028,"menu_order":3,"comment_status":"closed","ping_status":"closed","template":"","meta":{"footnotes":""},"class_list":["post-1120","page","type-page","status-publish","hentry"],"yoast_head":"<!-- This site is optimized with the Yoast SEO plugin v27.4 - https:\/\/yoast.com\/product\/yoast-seo-wordpress\/ -->\n<title>Maquettes - L&#039;arri\u00e8re fable - L\u00e9o Garnier<\/title>\n<meta name=\"robots\" content=\"index, follow, max-snippet:-1, max-image-preview:large, max-video-preview:-1\" \/>\n<link rel=\"canonical\" href=\"https:\/\/leogarnier.com\/index.php\/maquettes-3d\/maquettes-larriere-fable\/\" \/>\n<meta property=\"og:locale\" content=\"fr_FR\" \/>\n<meta property=\"og:type\" content=\"article\" \/>\n<meta property=\"og:title\" content=\"Maquettes - L&#039;arri\u00e8re fable - L\u00e9o Garnier\" \/>\n<meta property=\"og:description\" content=\"L&rsquo;arri\u00e8re fable Elodie Sicard Maquettes 3D Proposition ant\u00e9rieure Proposition ant\u00e9rieure\" \/>\n<meta property=\"og:url\" content=\"https:\/\/leogarnier.com\/index.php\/maquettes-3d\/maquettes-larriere-fable\/\" \/>\n<meta property=\"og:site_name\" content=\"L\u00e9o Garnier\" \/>\n<meta property=\"article:publisher\" content=\"https:\/\/www.facebook.com\/leo.garnier.102\/\" \/>\n<meta property=\"article:modified_time\" content=\"2022-07-31T17:17:18+00:00\" \/>\n<meta property=\"og:image\" content=\"https:\/\/leogarnier.com\/wp-content\/uploads\/2022\/07\/sceno_Arriere-Fable_verrieres_V2-768x576.jpeg\" \/>\n<meta name=\"twitter:card\" content=\"summary_large_image\" \/>\n<script type=\"application\/ld+json\" class=\"yoast-schema-graph\">{\"@context\":\"https:\\\/\\\/schema.org\",\"@graph\":[{\"@type\":\"WebPage\",\"@id\":\"https:\\\/\\\/leogarnier.com\\\/index.php\\\/maquettes-3d\\\/maquettes-larriere-fable\\\/\",\"url\":\"https:\\\/\\\/leogarnier.com\\\/index.php\\\/maquettes-3d\\\/maquettes-larriere-fable\\\/\",\"name\":\"Maquettes - L'arri\u00e8re fable - L\u00e9o Garnier\",\"isPartOf\":{\"@id\":\"https:\\\/\\\/leogarnier.com\\\/#website\"},\"primaryImageOfPage\":{\"@id\":\"https:\\\/\\\/leogarnier.com\\\/index.php\\\/maquettes-3d\\\/maquettes-larriere-fable\\\/#primaryimage\"},\"image\":{\"@id\":\"https:\\\/\\\/leogarnier.com\\\/index.php\\\/maquettes-3d\\\/maquettes-larriere-fable\\\/#primaryimage\"},\"thumbnailUrl\":\"https:\\\/\\\/leogarnier.com\\\/wp-content\\\/uploads\\\/2022\\\/07\\\/sceno_Arriere-Fable_verrieres_V2-768x576.jpeg\",\"datePublished\":\"2022-07-22T13:38:04+00:00\",\"dateModified\":\"2022-07-31T17:17:18+00:00\",\"breadcrumb\":{\"@id\":\"https:\\\/\\\/leogarnier.com\\\/index.php\\\/maquettes-3d\\\/maquettes-larriere-fable\\\/#breadcrumb\"},\"inLanguage\":\"fr-FR\",\"potentialAction\":[{\"@type\":\"ReadAction\",\"target\":[\"https:\\\/\\\/leogarnier.com\\\/index.php\\\/maquettes-3d\\\/maquettes-larriere-fable\\\/\"]}]},{\"@type\":\"ImageObject\",\"inLanguage\":\"fr-FR\",\"@id\":\"https:\\\/\\\/leogarnier.com\\\/index.php\\\/maquettes-3d\\\/maquettes-larriere-fable\\\/#primaryimage\",\"url\":\"https:\\\/\\\/leogarnier.com\\\/wp-content\\\/uploads\\\/2022\\\/07\\\/sceno_Arriere-Fable_verrieres_V2.jpeg\",\"contentUrl\":\"https:\\\/\\\/leogarnier.com\\\/wp-content\\\/uploads\\\/2022\\\/07\\\/sceno_Arriere-Fable_verrieres_V2.jpeg\",\"width\":1024,\"height\":768,\"caption\":\"Maquettes virtuelle - Eclairagiste\"},{\"@type\":\"BreadcrumbList\",\"@id\":\"https:\\\/\\\/leogarnier.com\\\/index.php\\\/maquettes-3d\\\/maquettes-larriere-fable\\\/#breadcrumb\",\"itemListElement\":[{\"@type\":\"ListItem\",\"position\":1,\"name\":\"Accueil\",\"item\":\"https:\\\/\\\/leogarnier.com\\\/\"},{\"@type\":\"ListItem\",\"position\":2,\"name\":\"Maquettes 3D\",\"item\":\"https:\\\/\\\/leogarnier.com\\\/index.php\\\/maquettes-3d\\\/\"},{\"@type\":\"ListItem\",\"position\":3,\"name\":\"Maquettes &#8211; L&rsquo;arri\u00e8re fable\"}]},{\"@type\":\"WebSite\",\"@id\":\"https:\\\/\\\/leogarnier.com\\\/#website\",\"url\":\"https:\\\/\\\/leogarnier.com\\\/\",\"name\":\"L\u00e9o Garnier\",\"description\":\"\u00c9clairagiste\",\"publisher\":{\"@id\":\"https:\\\/\\\/leogarnier.com\\\/#\\\/schema\\\/person\\\/9caf54ec40390ce3fa693f0b1acd3190\"},\"potentialAction\":[{\"@type\":\"SearchAction\",\"target\":{\"@type\":\"EntryPoint\",\"urlTemplate\":\"https:\\\/\\\/leogarnier.com\\\/?s={search_term_string}\"},\"query-input\":{\"@type\":\"PropertyValueSpecification\",\"valueRequired\":true,\"valueName\":\"search_term_string\"}}],\"inLanguage\":\"fr-FR\"},{\"@type\":[\"Person\",\"Organization\"],\"@id\":\"https:\\\/\\\/leogarnier.com\\\/#\\\/schema\\\/person\\\/9caf54ec40390ce3fa693f0b1acd3190\",\"name\":\"L\u00e9o\",\"image\":{\"@type\":\"ImageObject\",\"inLanguage\":\"fr-FR\",\"@id\":\"https:\\\/\\\/leogarnier.com\\\/wp-content\\\/uploads\\\/2022\\\/09\\\/Leo9.png\",\"url\":\"https:\\\/\\\/leogarnier.com\\\/wp-content\\\/uploads\\\/2022\\\/09\\\/Leo9.png\",\"contentUrl\":\"https:\\\/\\\/leogarnier.com\\\/wp-content\\\/uploads\\\/2022\\\/09\\\/Leo9.png\",\"width\":1148,\"height\":825,\"caption\":\"L\u00e9o\"},\"logo\":{\"@id\":\"https:\\\/\\\/leogarnier.com\\\/wp-content\\\/uploads\\\/2022\\\/09\\\/Leo9.png\"},\"sameAs\":[\"http:\\\/\\\/leogarnier.com\",\"https:\\\/\\\/www.facebook.com\\\/leo.garnier.102\\\/\",\"https:\\\/\\\/www.instagram.com\\\/garnierleo\\\/\"]}]}<\/script>\n<!-- \/ Yoast SEO plugin. -->","yoast_head_json":{"title":"Maquettes - L'arri\u00e8re fable - L\u00e9o Garnier","robots":{"index":"index","follow":"follow","max-snippet":"max-snippet:-1","max-image-preview":"max-image-preview:large","max-video-preview":"max-video-preview:-1"},"canonical":"https:\/\/leogarnier.com\/index.php\/maquettes-3d\/maquettes-larriere-fable\/","og_locale":"fr_FR","og_type":"article","og_title":"Maquettes - L'arri\u00e8re fable - L\u00e9o Garnier","og_description":"L&rsquo;arri\u00e8re fable Elodie Sicard Maquettes 3D Proposition ant\u00e9rieure Proposition ant\u00e9rieure","og_url":"https:\/\/leogarnier.com\/index.php\/maquettes-3d\/maquettes-larriere-fable\/","og_site_name":"L\u00e9o Garnier","article_publisher":"https:\/\/www.facebook.com\/leo.garnier.102\/","article_modified_time":"2022-07-31T17:17:18+00:00","og_image":[{"url":"https:\/\/leogarnier.com\/wp-content\/uploads\/2022\/07\/sceno_Arriere-Fable_verrieres_V2-768x576.jpeg","type":"","width":"","height":""}],"twitter_card":"summary_large_image","schema":{"@context":"https:\/\/schema.org","@graph":[{"@type":"WebPage","@id":"https:\/\/leogarnier.com\/index.php\/maquettes-3d\/maquettes-larriere-fable\/","url":"https:\/\/leogarnier.com\/index.php\/maquettes-3d\/maquettes-larriere-fable\/","name":"Maquettes - L'arri\u00e8re fable - L\u00e9o Garnier","isPartOf":{"@id":"https:\/\/leogarnier.com\/#website"},"primaryImageOfPage":{"@id":"https:\/\/leogarnier.com\/index.php\/maquettes-3d\/maquettes-larriere-fable\/#primaryimage"},"image":{"@id":"https:\/\/leogarnier.com\/index.php\/maquettes-3d\/maquettes-larriere-fable\/#primaryimage"},"thumbnailUrl":"https:\/\/leogarnier.com\/wp-content\/uploads\/2022\/07\/sceno_Arriere-Fable_verrieres_V2-768x576.jpeg","datePublished":"2022-07-22T13:38:04+00:00","dateModified":"2022-07-31T17:17:18+00:00","breadcrumb":{"@id":"https:\/\/leogarnier.com\/index.php\/maquettes-3d\/maquettes-larriere-fable\/#breadcrumb"},"inLanguage":"fr-FR","potentialAction":[{"@type":"ReadAction","target":["https:\/\/leogarnier.com\/index.php\/maquettes-3d\/maquettes-larriere-fable\/"]}]},{"@type":"ImageObject","inLanguage":"fr-FR","@id":"https:\/\/leogarnier.com\/index.php\/maquettes-3d\/maquettes-larriere-fable\/#primaryimage","url":"https:\/\/leogarnier.com\/wp-content\/uploads\/2022\/07\/sceno_Arriere-Fable_verrieres_V2.jpeg","contentUrl":"https:\/\/leogarnier.com\/wp-content\/uploads\/2022\/07\/sceno_Arriere-Fable_verrieres_V2.jpeg","width":1024,"height":768,"caption":"Maquettes virtuelle - Eclairagiste"},{"@type":"BreadcrumbList","@id":"https:\/\/leogarnier.com\/index.php\/maquettes-3d\/maquettes-larriere-fable\/#breadcrumb","itemListElement":[{"@type":"ListItem","position":1,"name":"Accueil","item":"https:\/\/leogarnier.com\/"},{"@type":"ListItem","position":2,"name":"Maquettes 3D","item":"https:\/\/leogarnier.com\/index.php\/maquettes-3d\/"},{"@type":"ListItem","position":3,"name":"Maquettes &#8211; L&rsquo;arri\u00e8re fable"}]},{"@type":"WebSite","@id":"https:\/\/leogarnier.com\/#website","url":"https:\/\/leogarnier.com\/","name":"L\u00e9o Garnier","description":"\u00c9clairagiste","publisher":{"@id":"https:\/\/leogarnier.com\/#\/schema\/person\/9caf54ec40390ce3fa693f0b1acd3190"},"potentialAction":[{"@type":"SearchAction","target":{"@type":"EntryPoint","urlTemplate":"https:\/\/leogarnier.com\/?s={search_term_string}"},"query-input":{"@type":"PropertyValueSpecification","valueRequired":true,"valueName":"search_term_string"}}],"inLanguage":"fr-FR"},{"@type":["Person","Organization"],"@id":"https:\/\/leogarnier.com\/#\/schema\/person\/9caf54ec40390ce3fa693f0b1acd3190","name":"L\u00e9o","image":{"@type":"ImageObject","inLanguage":"fr-FR","@id":"https:\/\/leogarnier.com\/wp-content\/uploads\/2022\/09\/Leo9.png","url":"https:\/\/leogarnier.com\/wp-content\/uploads\/2022\/09\/Leo9.png","contentUrl":"https:\/\/leogarnier.com\/wp-content\/uploads\/2022\/09\/Leo9.png","width":1148,"height":825,"caption":"L\u00e9o"},"logo":{"@id":"https:\/\/leogarnier.com\/wp-content\/uploads\/2022\/09\/Leo9.png"},"sameAs":["http:\/\/leogarnier.com","https:\/\/www.facebook.com\/leo.garnier.102\/","https:\/\/www.instagram.com\/garnierleo\/"]}]}},"_links":{"self":[{"href":"https:\/\/leogarnier.com\/index.php\/wp-json\/wp\/v2\/pages\/1120","targetHints":{"allow":["GET"]}}],"collection":[{"href":"https:\/\/leogarnier.com\/index.php\/wp-json\/wp\/v2\/pages"}],"about":[{"href":"https:\/\/leogarnier.com\/index.php\/wp-json\/wp\/v2\/types\/page"}],"author":[{"embeddable":true,"href":"https:\/\/leogarnier.com\/index.php\/wp-json\/wp\/v2\/users\/1"}],"replies":[{"embeddable":true,"href":"https:\/\/leogarnier.com\/index.php\/wp-json\/wp\/v2\/comments?post=1120"}],"version-history":[{"count":13,"href":"https:\/\/leogarnier.com\/index.php\/wp-json\/wp\/v2\/pages\/1120\/revisions"}],"predecessor-version":[{"id":1811,"href":"https:\/\/leogarnier.com\/index.php\/wp-json\/wp\/v2\/pages\/1120\/revisions\/1811"}],"up":[{"embeddable":true,"href":"https:\/\/leogarnier.com\/index.php\/wp-json\/wp\/v2\/pages\/1028"}],"wp:attachment":[{"href":"https:\/\/leogarnier.com\/index.php\/wp-json\/wp\/v2\/media?parent=1120"}],"curies":[{"name":"wp","href":"https:\/\/api.w.org\/{rel}","templated":true}]}}