{"id":1122,"date":"2022-07-22T15:38:23","date_gmt":"2022-07-22T13:38:23","guid":{"rendered":"https:\/\/leogarnier.com\/?page_id=1122"},"modified":"2023-11-01T16:19:55","modified_gmt":"2023-11-01T15:19:55","slug":"maquettes-histoire-du-proche-orient","status":"publish","type":"page","link":"https:\/\/leogarnier.com\/index.php\/maquettes-3d\/maquettes-histoire-du-proche-orient\/","title":{"rendered":"Maquettes &#8211; Histoire du proche Orient"},"content":{"rendered":"\t\t<div data-elementor-type=\"wp-page\" data-elementor-id=\"1122\" class=\"elementor elementor-1122\">\n\t\t\t\t\t\t<section class=\"elementor-section elementor-top-section elementor-element elementor-element-670af60 elementor-section-boxed elementor-section-height-default elementor-section-height-default\" data-id=\"670af60\" data-element_type=\"section\">\n\t\t\t\t\t\t<div class=\"elementor-container elementor-column-gap-default\">\n\t\t\t\t\t<div class=\"elementor-column elementor-col-100 elementor-top-column elementor-element elementor-element-169c2ce\" data-id=\"169c2ce\" data-element_type=\"column\">\n\t\t\t<div class=\"elementor-widget-wrap elementor-element-populated\">\n\t\t\t\t\t\t<div class=\"elementor-element elementor-element-00e7e0e elementor-widget elementor-widget-heading\" data-id=\"00e7e0e\" data-element_type=\"widget\" data-widget_type=\"heading.default\">\n\t\t\t\t<div class=\"elementor-widget-container\">\n\t\t\t\t\t<h2 class=\"elementor-heading-title elementor-size-default\">Beyrouth ou bon r\u00e9veil \u00e0 vous !<\/h2>\t\t\t\t<\/div>\n\t\t\t\t<\/div>\n\t\t\t\t\t<\/div>\n\t\t<\/div>\n\t\t\t\t\t<\/div>\n\t\t<\/section>\n\t\t\t\t<section class=\"elementor-section elementor-top-section elementor-element elementor-element-618b806 elementor-section-boxed elementor-section-height-default elementor-section-height-default\" data-id=\"618b806\" data-element_type=\"section\">\n\t\t\t\t\t\t<div class=\"elementor-container elementor-column-gap-default\">\n\t\t\t\t\t<div class=\"elementor-column elementor-col-100 elementor-top-column elementor-element elementor-element-4c22f55\" data-id=\"4c22f55\" data-element_type=\"column\">\n\t\t\t<div class=\"elementor-widget-wrap elementor-element-populated\">\n\t\t\t\t\t\t<div class=\"elementor-element elementor-element-785d186 elementor-widget elementor-widget-heading\" data-id=\"785d186\" data-element_type=\"widget\" data-widget_type=\"heading.default\">\n\t\t\t\t<div class=\"elementor-widget-container\">\n\t\t\t\t\t<h2 class=\"elementor-heading-title elementor-size-default\">J\u00e9rusalem, premiers pas sur la Lune<\/h2>\t\t\t\t<\/div>\n\t\t\t\t<\/div>\n\t\t\t\t\t<\/div>\n\t\t<\/div>\n\t\t\t\t\t<\/div>\n\t\t<\/section>\n\t\t\t\t<section class=\"elementor-section elementor-top-section elementor-element elementor-element-e8b3cf4 elementor-section-boxed elementor-section-height-default elementor-section-height-default\" data-id=\"e8b3cf4\" data-element_type=\"section\">\n\t\t\t\t\t\t<div class=\"elementor-container elementor-column-gap-default\">\n\t\t\t\t\t<div class=\"elementor-column elementor-col-100 elementor-top-column elementor-element elementor-element-d50e91a\" data-id=\"d50e91a\" data-element_type=\"column\">\n\t\t\t<div class=\"elementor-widget-wrap elementor-element-populated\">\n\t\t\t\t\t\t<div class=\"elementor-element elementor-element-d65707d elementor-widget elementor-widget-text-editor\" data-id=\"d65707d\" data-element_type=\"widget\" data-widget_type=\"text-editor.default\">\n\t\t\t\t<div class=\"elementor-widget-container\">\n\t\t\t\t\t\t\t\t\t<p>Lauren Houda Hussein \/ Ido Shaked<\/p>\t\t\t\t\t\t\t\t<\/div>\n\t\t\t\t<\/div>\n\t\t\t\t\t<\/div>\n\t\t<\/div>\n\t\t\t\t\t<\/div>\n\t\t<\/section>\n\t\t\t\t<section class=\"elementor-section elementor-top-section elementor-element elementor-element-f629ceb elementor-section-boxed elementor-section-height-default elementor-section-height-default\" data-id=\"f629ceb\" data-element_type=\"section\">\n\t\t\t\t\t\t<div class=\"elementor-container elementor-column-gap-default\">\n\t\t\t\t\t<div class=\"elementor-column elementor-col-100 elementor-top-column elementor-element elementor-element-5211c92\" data-id=\"5211c92\" data-element_type=\"column\">\n\t\t\t<div class=\"elementor-widget-wrap elementor-element-populated\">\n\t\t\t\t\t\t<div class=\"elementor-element elementor-element-80cea64 elementor-widget elementor-widget-text-editor\" data-id=\"80cea64\" data-element_type=\"widget\" data-widget_type=\"text-editor.default\">\n\t\t\t\t<div class=\"elementor-widget-container\">\n\t\t\t\t\t\t\t\t\t<p>Maquettes 3D<\/p>\t\t\t\t\t\t\t\t<\/div>\n\t\t\t\t<\/div>\n\t\t\t\t\t<\/div>\n\t\t<\/div>\n\t\t\t\t\t<\/div>\n\t\t<\/section>\n\t\t\t\t<section class=\"elementor-section elementor-top-section elementor-element elementor-element-2520b28 elementor-section-boxed elementor-section-height-default elementor-section-height-default\" data-id=\"2520b28\" data-element_type=\"section\">\n\t\t\t\t\t\t<div class=\"elementor-container elementor-column-gap-default\">\n\t\t\t\t\t<div class=\"elementor-column elementor-col-100 elementor-top-column elementor-element elementor-element-0e69277\" data-id=\"0e69277\" data-element_type=\"column\">\n\t\t\t<div class=\"elementor-widget-wrap elementor-element-populated\">\n\t\t\t\t\t\t<div class=\"elementor-element elementor-element-2d70860 elementor-widget elementor-widget-image\" data-id=\"2d70860\" data-element_type=\"widget\" data-widget_type=\"image.default\">\n\t\t\t\t<div class=\"elementor-widget-container\">\n\t\t\t\t\t\t\t\t\t\t\t\t\t\t\t<img fetchpriority=\"high\" decoding=\"async\" width=\"768\" height=\"511\" src=\"https:\/\/leogarnier.com\/wp-content\/uploads\/2022\/07\/Tests-sceno_Beyrouth_redim-768x511.jpg\" class=\"attachment-medium_large size-medium_large wp-image-1166\" alt=\"Maquettes virtuelle - Majaz Th\u00e9\u00e2tre\" srcset=\"https:\/\/leogarnier.com\/wp-content\/uploads\/2022\/07\/Tests-sceno_Beyrouth_redim-768x511.jpg 768w, https:\/\/leogarnier.com\/wp-content\/uploads\/2022\/07\/Tests-sceno_Beyrouth_redim-300x200.jpg 300w, https:\/\/leogarnier.com\/wp-content\/uploads\/2022\/07\/Tests-sceno_Beyrouth_redim-1024x681.jpg 1024w, https:\/\/leogarnier.com\/wp-content\/uploads\/2022\/07\/Tests-sceno_Beyrouth_redim-1536x1022.jpg 1536w, https:\/\/leogarnier.com\/wp-content\/uploads\/2022\/07\/Tests-sceno_Beyrouth_redim-2048x1363.jpg 2048w\" sizes=\"(max-width: 768px) 100vw, 768px\" \/>\t\t\t\t\t\t\t\t\t\t\t\t\t\t\t<\/div>\n\t\t\t\t<\/div>\n\t\t\t\t\t<\/div>\n\t\t<\/div>\n\t\t\t\t\t<\/div>\n\t\t<\/section>\n\t\t\t\t<section class=\"elementor-section elementor-top-section elementor-element elementor-element-30baf0a elementor-section-boxed elementor-section-height-default elementor-section-height-default\" data-id=\"30baf0a\" data-element_type=\"section\">\n\t\t\t\t\t\t<div class=\"elementor-container elementor-column-gap-default\">\n\t\t\t\t\t<div class=\"elementor-column elementor-col-100 elementor-top-column elementor-element elementor-element-b5316bd\" data-id=\"b5316bd\" data-element_type=\"column\">\n\t\t\t<div class=\"elementor-widget-wrap elementor-element-populated\">\n\t\t\t\t\t\t<div class=\"elementor-element elementor-element-bf8dec7 elementor-widget elementor-widget-spacer\" data-id=\"bf8dec7\" data-element_type=\"widget\" data-widget_type=\"spacer.default\">\n\t\t\t\t<div class=\"elementor-widget-container\">\n\t\t\t\t\t\t\t<div class=\"elementor-spacer\">\n\t\t\t<div class=\"elementor-spacer-inner\"><\/div>\n\t\t<\/div>\n\t\t\t\t\t\t<\/div>\n\t\t\t\t<\/div>\n\t\t\t\t\t<\/div>\n\t\t<\/div>\n\t\t\t\t\t<\/div>\n\t\t<\/section>\n\t\t\t\t<section class=\"elementor-section elementor-top-section elementor-element elementor-element-091e54a elementor-section-boxed elementor-section-height-default elementor-section-height-default\" data-id=\"091e54a\" data-element_type=\"section\">\n\t\t\t\t\t\t<div class=\"elementor-container elementor-column-gap-default\">\n\t\t\t\t\t<div class=\"elementor-column elementor-col-100 elementor-top-column elementor-element elementor-element-f304b03\" data-id=\"f304b03\" data-element_type=\"column\">\n\t\t\t<div class=\"elementor-widget-wrap elementor-element-populated\">\n\t\t\t\t\t\t<div class=\"elementor-element elementor-element-a5b062b elementor-widget elementor-widget-image\" data-id=\"a5b062b\" data-element_type=\"widget\" data-widget_type=\"image.default\">\n\t\t\t\t<div class=\"elementor-widget-container\">\n\t\t\t\t\t\t\t\t\t\t\t\t\t\t\t<img decoding=\"async\" width=\"768\" height=\"544\" src=\"https:\/\/leogarnier.com\/wp-content\/uploads\/2022\/07\/Tests-sceno_BeyrouthJerusalem_redim-768x544.jpg\" class=\"attachment-medium_large size-medium_large wp-image-1167\" alt=\"Maquettes virtuelle - Majaz Th\u00e9\u00e2tre\" srcset=\"https:\/\/leogarnier.com\/wp-content\/uploads\/2022\/07\/Tests-sceno_BeyrouthJerusalem_redim-768x544.jpg 768w, https:\/\/leogarnier.com\/wp-content\/uploads\/2022\/07\/Tests-sceno_BeyrouthJerusalem_redim-300x212.jpg 300w, https:\/\/leogarnier.com\/wp-content\/uploads\/2022\/07\/Tests-sceno_BeyrouthJerusalem_redim-1024x725.jpg 1024w, https:\/\/leogarnier.com\/wp-content\/uploads\/2022\/07\/Tests-sceno_BeyrouthJerusalem_redim-1536x1088.jpg 1536w, https:\/\/leogarnier.com\/wp-content\/uploads\/2022\/07\/Tests-sceno_BeyrouthJerusalem_redim-2048x1450.jpg 2048w\" sizes=\"(max-width: 768px) 100vw, 768px\" \/>\t\t\t\t\t\t\t\t\t\t\t\t\t\t\t<\/div>\n\t\t\t\t<\/div>\n\t\t\t\t\t<\/div>\n\t\t<\/div>\n\t\t\t\t\t<\/div>\n\t\t<\/section>\n\t\t\t\t<section class=\"elementor-section elementor-top-section elementor-element elementor-element-939ec7c elementor-section-boxed elementor-section-height-default elementor-section-height-default\" data-id=\"939ec7c\" data-element_type=\"section\">\n\t\t\t\t\t\t<div class=\"elementor-container elementor-column-gap-default\">\n\t\t\t\t\t<div class=\"elementor-column elementor-col-100 elementor-top-column elementor-element elementor-element-5e52932\" data-id=\"5e52932\" data-element_type=\"column\">\n\t\t\t<div class=\"elementor-widget-wrap elementor-element-populated\">\n\t\t\t\t\t\t<div class=\"elementor-element elementor-element-9cef5ea elementor-widget elementor-widget-spacer\" data-id=\"9cef5ea\" data-element_type=\"widget\" data-widget_type=\"spacer.default\">\n\t\t\t\t<div class=\"elementor-widget-container\">\n\t\t\t\t\t\t\t<div class=\"elementor-spacer\">\n\t\t\t<div class=\"elementor-spacer-inner\"><\/div>\n\t\t<\/div>\n\t\t\t\t\t\t<\/div>\n\t\t\t\t<\/div>\n\t\t\t\t\t<\/div>\n\t\t<\/div>\n\t\t\t\t\t<\/div>\n\t\t<\/section>\n\t\t\t\t<section class=\"elementor-section elementor-top-section elementor-element elementor-element-57ee22f elementor-section-boxed elementor-section-height-default elementor-section-height-default\" data-id=\"57ee22f\" data-element_type=\"section\">\n\t\t\t\t\t\t<div class=\"elementor-container elementor-column-gap-default\">\n\t\t\t\t\t<div class=\"elementor-column elementor-col-100 elementor-top-column elementor-element elementor-element-7cf7af4\" data-id=\"7cf7af4\" data-element_type=\"column\">\n\t\t\t<div class=\"elementor-widget-wrap elementor-element-populated\">\n\t\t\t\t\t\t<div class=\"elementor-element elementor-element-af73ef0 elementor-widget elementor-widget-image\" data-id=\"af73ef0\" data-element_type=\"widget\" data-widget_type=\"image.default\">\n\t\t\t\t<div class=\"elementor-widget-container\">\n\t\t\t\t\t\t\t\t\t\t\t\t\t\t\t<img decoding=\"async\" width=\"768\" height=\"526\" src=\"https:\/\/leogarnier.com\/wp-content\/uploads\/2022\/07\/Tests-sceno_Jerusalem2_redim-768x526.jpg\" class=\"attachment-medium_large size-medium_large wp-image-1169\" alt=\"Maquettes virtuelle - Majaz Th\u00e9\u00e2tre\" srcset=\"https:\/\/leogarnier.com\/wp-content\/uploads\/2022\/07\/Tests-sceno_Jerusalem2_redim-768x526.jpg 768w, https:\/\/leogarnier.com\/wp-content\/uploads\/2022\/07\/Tests-sceno_Jerusalem2_redim-300x206.jpg 300w, https:\/\/leogarnier.com\/wp-content\/uploads\/2022\/07\/Tests-sceno_Jerusalem2_redim-1024x702.jpg 1024w, https:\/\/leogarnier.com\/wp-content\/uploads\/2022\/07\/Tests-sceno_Jerusalem2_redim-1536x1053.jpg 1536w, https:\/\/leogarnier.com\/wp-content\/uploads\/2022\/07\/Tests-sceno_Jerusalem2_redim.jpg 2027w\" sizes=\"(max-width: 768px) 100vw, 768px\" \/>\t\t\t\t\t\t\t\t\t\t\t\t\t\t\t<\/div>\n\t\t\t\t<\/div>\n\t\t\t\t\t<\/div>\n\t\t<\/div>\n\t\t\t\t\t<\/div>\n\t\t<\/section>\n\t\t\t\t<section class=\"elementor-section elementor-top-section elementor-element elementor-element-2d42a1e elementor-section-boxed elementor-section-height-default elementor-section-height-default\" data-id=\"2d42a1e\" data-element_type=\"section\">\n\t\t\t\t\t\t<div class=\"elementor-container elementor-column-gap-default\">\n\t\t\t\t\t<div class=\"elementor-column elementor-col-100 elementor-top-column elementor-element elementor-element-c036303\" data-id=\"c036303\" data-element_type=\"column\">\n\t\t\t<div class=\"elementor-widget-wrap elementor-element-populated\">\n\t\t\t\t\t\t<div class=\"elementor-element elementor-element-aed5628 elementor-widget elementor-widget-spacer\" data-id=\"aed5628\" data-element_type=\"widget\" data-widget_type=\"spacer.default\">\n\t\t\t\t<div class=\"elementor-widget-container\">\n\t\t\t\t\t\t\t<div class=\"elementor-spacer\">\n\t\t\t<div class=\"elementor-spacer-inner\"><\/div>\n\t\t<\/div>\n\t\t\t\t\t\t<\/div>\n\t\t\t\t<\/div>\n\t\t\t\t\t<\/div>\n\t\t<\/div>\n\t\t\t\t\t<\/div>\n\t\t<\/section>\n\t\t\t\t<\/div>\n\t\t","protected":false},"excerpt":{"rendered":"<p>Beyrouth ou bon r\u00e9veil \u00e0 vous ! J\u00e9rusalem, premiers pas sur la Lune Lauren Houda Hussein \/ Ido Shaked Maquettes 3D<\/p>\n","protected":false},"author":1,"featured_media":0,"parent":1028,"menu_order":1,"comment_status":"closed","ping_status":"closed","template":"","meta":{"footnotes":""},"class_list":["post-1122","page","type-page","status-publish","hentry"],"yoast_head":"<!-- This site is optimized with the Yoast SEO plugin v27.4 - https:\/\/yoast.com\/product\/yoast-seo-wordpress\/ -->\n<title>Maquettes - Histoire du proche Orient - L\u00e9o Garnier<\/title>\n<meta name=\"robots\" content=\"index, follow, max-snippet:-1, max-image-preview:large, max-video-preview:-1\" \/>\n<link rel=\"canonical\" href=\"https:\/\/leogarnier.com\/index.php\/maquettes-3d\/maquettes-histoire-du-proche-orient\/\" \/>\n<meta property=\"og:locale\" content=\"fr_FR\" \/>\n<meta property=\"og:type\" content=\"article\" \/>\n<meta property=\"og:title\" content=\"Maquettes - Histoire du proche Orient - L\u00e9o Garnier\" \/>\n<meta property=\"og:description\" content=\"Beyrouth ou bon r\u00e9veil \u00e0 vous ! J\u00e9rusalem, premiers pas sur la Lune Lauren Houda Hussein \/ Ido Shaked Maquettes 3D\" \/>\n<meta property=\"og:url\" content=\"https:\/\/leogarnier.com\/index.php\/maquettes-3d\/maquettes-histoire-du-proche-orient\/\" \/>\n<meta property=\"og:site_name\" content=\"L\u00e9o Garnier\" \/>\n<meta property=\"article:publisher\" content=\"https:\/\/www.facebook.com\/leo.garnier.102\/\" \/>\n<meta property=\"article:modified_time\" content=\"2023-11-01T15:19:55+00:00\" \/>\n<meta property=\"og:image\" content=\"https:\/\/leogarnier.com\/wp-content\/uploads\/2022\/07\/Tests-sceno_Beyrouth_redim-768x511.jpg\" \/>\n<meta name=\"twitter:card\" content=\"summary_large_image\" \/>\n<meta name=\"twitter:label1\" content=\"Dur\u00e9e de lecture estim\u00e9e\" \/>\n\t<meta name=\"twitter:data1\" content=\"1 minute\" \/>\n<script type=\"application\/ld+json\" class=\"yoast-schema-graph\">{\"@context\":\"https:\\\/\\\/schema.org\",\"@graph\":[{\"@type\":\"WebPage\",\"@id\":\"https:\\\/\\\/leogarnier.com\\\/index.php\\\/maquettes-3d\\\/maquettes-histoire-du-proche-orient\\\/\",\"url\":\"https:\\\/\\\/leogarnier.com\\\/index.php\\\/maquettes-3d\\\/maquettes-histoire-du-proche-orient\\\/\",\"name\":\"Maquettes - Histoire du proche Orient - L\u00e9o Garnier\",\"isPartOf\":{\"@id\":\"https:\\\/\\\/leogarnier.com\\\/#website\"},\"primaryImageOfPage\":{\"@id\":\"https:\\\/\\\/leogarnier.com\\\/index.php\\\/maquettes-3d\\\/maquettes-histoire-du-proche-orient\\\/#primaryimage\"},\"image\":{\"@id\":\"https:\\\/\\\/leogarnier.com\\\/index.php\\\/maquettes-3d\\\/maquettes-histoire-du-proche-orient\\\/#primaryimage\"},\"thumbnailUrl\":\"https:\\\/\\\/leogarnier.com\\\/wp-content\\\/uploads\\\/2022\\\/07\\\/Tests-sceno_Beyrouth_redim-768x511.jpg\",\"datePublished\":\"2022-07-22T13:38:23+00:00\",\"dateModified\":\"2023-11-01T15:19:55+00:00\",\"breadcrumb\":{\"@id\":\"https:\\\/\\\/leogarnier.com\\\/index.php\\\/maquettes-3d\\\/maquettes-histoire-du-proche-orient\\\/#breadcrumb\"},\"inLanguage\":\"fr-FR\",\"potentialAction\":[{\"@type\":\"ReadAction\",\"target\":[\"https:\\\/\\\/leogarnier.com\\\/index.php\\\/maquettes-3d\\\/maquettes-histoire-du-proche-orient\\\/\"]}]},{\"@type\":\"ImageObject\",\"inLanguage\":\"fr-FR\",\"@id\":\"https:\\\/\\\/leogarnier.com\\\/index.php\\\/maquettes-3d\\\/maquettes-histoire-du-proche-orient\\\/#primaryimage\",\"url\":\"https:\\\/\\\/leogarnier.com\\\/wp-content\\\/uploads\\\/2022\\\/07\\\/Tests-sceno_Beyrouth_redim.jpg\",\"contentUrl\":\"https:\\\/\\\/leogarnier.com\\\/wp-content\\\/uploads\\\/2022\\\/07\\\/Tests-sceno_Beyrouth_redim.jpg\",\"width\":2307,\"height\":1535,\"caption\":\"Maquettes virtuelle - Majaz Th\u00e9\u00e2tre\"},{\"@type\":\"BreadcrumbList\",\"@id\":\"https:\\\/\\\/leogarnier.com\\\/index.php\\\/maquettes-3d\\\/maquettes-histoire-du-proche-orient\\\/#breadcrumb\",\"itemListElement\":[{\"@type\":\"ListItem\",\"position\":1,\"name\":\"Accueil\",\"item\":\"https:\\\/\\\/leogarnier.com\\\/\"},{\"@type\":\"ListItem\",\"position\":2,\"name\":\"Maquettes 3D\",\"item\":\"https:\\\/\\\/leogarnier.com\\\/index.php\\\/maquettes-3d\\\/\"},{\"@type\":\"ListItem\",\"position\":3,\"name\":\"Maquettes &#8211; Histoire du proche Orient\"}]},{\"@type\":\"WebSite\",\"@id\":\"https:\\\/\\\/leogarnier.com\\\/#website\",\"url\":\"https:\\\/\\\/leogarnier.com\\\/\",\"name\":\"L\u00e9o Garnier\",\"description\":\"\u00c9clairagiste\",\"publisher\":{\"@id\":\"https:\\\/\\\/leogarnier.com\\\/#\\\/schema\\\/person\\\/9caf54ec40390ce3fa693f0b1acd3190\"},\"potentialAction\":[{\"@type\":\"SearchAction\",\"target\":{\"@type\":\"EntryPoint\",\"urlTemplate\":\"https:\\\/\\\/leogarnier.com\\\/?s={search_term_string}\"},\"query-input\":{\"@type\":\"PropertyValueSpecification\",\"valueRequired\":true,\"valueName\":\"search_term_string\"}}],\"inLanguage\":\"fr-FR\"},{\"@type\":[\"Person\",\"Organization\"],\"@id\":\"https:\\\/\\\/leogarnier.com\\\/#\\\/schema\\\/person\\\/9caf54ec40390ce3fa693f0b1acd3190\",\"name\":\"L\u00e9o\",\"image\":{\"@type\":\"ImageObject\",\"inLanguage\":\"fr-FR\",\"@id\":\"https:\\\/\\\/leogarnier.com\\\/wp-content\\\/uploads\\\/2022\\\/09\\\/Leo9.png\",\"url\":\"https:\\\/\\\/leogarnier.com\\\/wp-content\\\/uploads\\\/2022\\\/09\\\/Leo9.png\",\"contentUrl\":\"https:\\\/\\\/leogarnier.com\\\/wp-content\\\/uploads\\\/2022\\\/09\\\/Leo9.png\",\"width\":1148,\"height\":825,\"caption\":\"L\u00e9o\"},\"logo\":{\"@id\":\"https:\\\/\\\/leogarnier.com\\\/wp-content\\\/uploads\\\/2022\\\/09\\\/Leo9.png\"},\"sameAs\":[\"http:\\\/\\\/leogarnier.com\",\"https:\\\/\\\/www.facebook.com\\\/leo.garnier.102\\\/\",\"https:\\\/\\\/www.instagram.com\\\/garnierleo\\\/\"]}]}<\/script>\n<!-- \/ Yoast SEO plugin. -->","yoast_head_json":{"title":"Maquettes - Histoire du proche Orient - L\u00e9o Garnier","robots":{"index":"index","follow":"follow","max-snippet":"max-snippet:-1","max-image-preview":"max-image-preview:large","max-video-preview":"max-video-preview:-1"},"canonical":"https:\/\/leogarnier.com\/index.php\/maquettes-3d\/maquettes-histoire-du-proche-orient\/","og_locale":"fr_FR","og_type":"article","og_title":"Maquettes - Histoire du proche Orient - L\u00e9o Garnier","og_description":"Beyrouth ou bon r\u00e9veil \u00e0 vous ! J\u00e9rusalem, premiers pas sur la Lune Lauren Houda Hussein \/ Ido Shaked Maquettes 3D","og_url":"https:\/\/leogarnier.com\/index.php\/maquettes-3d\/maquettes-histoire-du-proche-orient\/","og_site_name":"L\u00e9o Garnier","article_publisher":"https:\/\/www.facebook.com\/leo.garnier.102\/","article_modified_time":"2023-11-01T15:19:55+00:00","og_image":[{"url":"https:\/\/leogarnier.com\/wp-content\/uploads\/2022\/07\/Tests-sceno_Beyrouth_redim-768x511.jpg","type":"","width":"","height":""}],"twitter_card":"summary_large_image","twitter_misc":{"Dur\u00e9e de lecture estim\u00e9e":"1 minute"},"schema":{"@context":"https:\/\/schema.org","@graph":[{"@type":"WebPage","@id":"https:\/\/leogarnier.com\/index.php\/maquettes-3d\/maquettes-histoire-du-proche-orient\/","url":"https:\/\/leogarnier.com\/index.php\/maquettes-3d\/maquettes-histoire-du-proche-orient\/","name":"Maquettes - Histoire du proche Orient - L\u00e9o Garnier","isPartOf":{"@id":"https:\/\/leogarnier.com\/#website"},"primaryImageOfPage":{"@id":"https:\/\/leogarnier.com\/index.php\/maquettes-3d\/maquettes-histoire-du-proche-orient\/#primaryimage"},"image":{"@id":"https:\/\/leogarnier.com\/index.php\/maquettes-3d\/maquettes-histoire-du-proche-orient\/#primaryimage"},"thumbnailUrl":"https:\/\/leogarnier.com\/wp-content\/uploads\/2022\/07\/Tests-sceno_Beyrouth_redim-768x511.jpg","datePublished":"2022-07-22T13:38:23+00:00","dateModified":"2023-11-01T15:19:55+00:00","breadcrumb":{"@id":"https:\/\/leogarnier.com\/index.php\/maquettes-3d\/maquettes-histoire-du-proche-orient\/#breadcrumb"},"inLanguage":"fr-FR","potentialAction":[{"@type":"ReadAction","target":["https:\/\/leogarnier.com\/index.php\/maquettes-3d\/maquettes-histoire-du-proche-orient\/"]}]},{"@type":"ImageObject","inLanguage":"fr-FR","@id":"https:\/\/leogarnier.com\/index.php\/maquettes-3d\/maquettes-histoire-du-proche-orient\/#primaryimage","url":"https:\/\/leogarnier.com\/wp-content\/uploads\/2022\/07\/Tests-sceno_Beyrouth_redim.jpg","contentUrl":"https:\/\/leogarnier.com\/wp-content\/uploads\/2022\/07\/Tests-sceno_Beyrouth_redim.jpg","width":2307,"height":1535,"caption":"Maquettes virtuelle - Majaz Th\u00e9\u00e2tre"},{"@type":"BreadcrumbList","@id":"https:\/\/leogarnier.com\/index.php\/maquettes-3d\/maquettes-histoire-du-proche-orient\/#breadcrumb","itemListElement":[{"@type":"ListItem","position":1,"name":"Accueil","item":"https:\/\/leogarnier.com\/"},{"@type":"ListItem","position":2,"name":"Maquettes 3D","item":"https:\/\/leogarnier.com\/index.php\/maquettes-3d\/"},{"@type":"ListItem","position":3,"name":"Maquettes &#8211; Histoire du proche Orient"}]},{"@type":"WebSite","@id":"https:\/\/leogarnier.com\/#website","url":"https:\/\/leogarnier.com\/","name":"L\u00e9o Garnier","description":"\u00c9clairagiste","publisher":{"@id":"https:\/\/leogarnier.com\/#\/schema\/person\/9caf54ec40390ce3fa693f0b1acd3190"},"potentialAction":[{"@type":"SearchAction","target":{"@type":"EntryPoint","urlTemplate":"https:\/\/leogarnier.com\/?s={search_term_string}"},"query-input":{"@type":"PropertyValueSpecification","valueRequired":true,"valueName":"search_term_string"}}],"inLanguage":"fr-FR"},{"@type":["Person","Organization"],"@id":"https:\/\/leogarnier.com\/#\/schema\/person\/9caf54ec40390ce3fa693f0b1acd3190","name":"L\u00e9o","image":{"@type":"ImageObject","inLanguage":"fr-FR","@id":"https:\/\/leogarnier.com\/wp-content\/uploads\/2022\/09\/Leo9.png","url":"https:\/\/leogarnier.com\/wp-content\/uploads\/2022\/09\/Leo9.png","contentUrl":"https:\/\/leogarnier.com\/wp-content\/uploads\/2022\/09\/Leo9.png","width":1148,"height":825,"caption":"L\u00e9o"},"logo":{"@id":"https:\/\/leogarnier.com\/wp-content\/uploads\/2022\/09\/Leo9.png"},"sameAs":["http:\/\/leogarnier.com","https:\/\/www.facebook.com\/leo.garnier.102\/","https:\/\/www.instagram.com\/garnierleo\/"]}]}},"_links":{"self":[{"href":"https:\/\/leogarnier.com\/index.php\/wp-json\/wp\/v2\/pages\/1122","targetHints":{"allow":["GET"]}}],"collection":[{"href":"https:\/\/leogarnier.com\/index.php\/wp-json\/wp\/v2\/pages"}],"about":[{"href":"https:\/\/leogarnier.com\/index.php\/wp-json\/wp\/v2\/types\/page"}],"author":[{"embeddable":true,"href":"https:\/\/leogarnier.com\/index.php\/wp-json\/wp\/v2\/users\/1"}],"replies":[{"embeddable":true,"href":"https:\/\/leogarnier.com\/index.php\/wp-json\/wp\/v2\/comments?post=1122"}],"version-history":[{"count":19,"href":"https:\/\/leogarnier.com\/index.php\/wp-json\/wp\/v2\/pages\/1122\/revisions"}],"predecessor-version":[{"id":2317,"href":"https:\/\/leogarnier.com\/index.php\/wp-json\/wp\/v2\/pages\/1122\/revisions\/2317"}],"up":[{"embeddable":true,"href":"https:\/\/leogarnier.com\/index.php\/wp-json\/wp\/v2\/pages\/1028"}],"wp:attachment":[{"href":"https:\/\/leogarnier.com\/index.php\/wp-json\/wp\/v2\/media?parent=1122"}],"curies":[{"name":"wp","href":"https:\/\/api.w.org\/{rel}","templated":true}]}}