{"id":140,"date":"2022-07-10T15:21:35","date_gmt":"2022-07-10T13:21:35","guid":{"rendered":"https:\/\/leogarnier.com\/?page_id=140"},"modified":"2022-09-28T20:40:09","modified_gmt":"2022-09-28T18:40:09","slug":"hilda","status":"publish","type":"page","link":"https:\/\/leogarnier.com\/index.php\/hilda\/","title":{"rendered":"Hilda"},"content":{"rendered":"\t\t<div data-elementor-type=\"wp-page\" data-elementor-id=\"140\" class=\"elementor elementor-140\">\n\t\t\t\t\t\t<section class=\"elementor-section elementor-top-section elementor-element elementor-element-0dd1691 elementor-section-boxed elementor-section-height-default elementor-section-height-default\" data-id=\"0dd1691\" data-element_type=\"section\">\n\t\t\t\t\t\t<div class=\"elementor-container elementor-column-gap-default\">\n\t\t\t\t\t<div class=\"elementor-column elementor-col-100 elementor-top-column elementor-element elementor-element-ce58615\" data-id=\"ce58615\" data-element_type=\"column\">\n\t\t\t<div class=\"elementor-widget-wrap elementor-element-populated\">\n\t\t\t\t\t\t<div class=\"elementor-element elementor-element-f952847 elementor-widget elementor-widget-heading\" data-id=\"f952847\" data-element_type=\"widget\" data-widget_type=\"heading.default\">\n\t\t\t\t<div class=\"elementor-widget-container\">\n\t\t\t\t\t<h2 class=\"elementor-heading-title elementor-size-default\">Hilda<\/h2>\t\t\t\t<\/div>\n\t\t\t\t<\/div>\n\t\t\t\t\t<\/div>\n\t\t<\/div>\n\t\t\t\t\t<\/div>\n\t\t<\/section>\n\t\t\t\t<section class=\"elementor-section elementor-top-section elementor-element elementor-element-d3d1316 elementor-section-boxed elementor-section-height-default elementor-section-height-default\" data-id=\"d3d1316\" data-element_type=\"section\">\n\t\t\t\t\t\t<div class=\"elementor-container elementor-column-gap-default\">\n\t\t\t\t\t<div class=\"elementor-column elementor-col-100 elementor-top-column elementor-element elementor-element-aae3f4f\" data-id=\"aae3f4f\" data-element_type=\"column\">\n\t\t\t<div class=\"elementor-widget-wrap elementor-element-populated\">\n\t\t\t\t\t\t<div class=\"elementor-element elementor-element-5970fc2 elementor-widget elementor-widget-text-editor\" data-id=\"5970fc2\" data-element_type=\"widget\" data-widget_type=\"text-editor.default\">\n\t\t\t\t<div class=\"elementor-widget-container\">\n\t\t\t\t\t\t\t\t\t<p>TNS &#8211; oct 2021<\/p>\t\t\t\t\t\t\t\t<\/div>\n\t\t\t\t<\/div>\n\t\t\t\t\t<\/div>\n\t\t<\/div>\n\t\t\t\t\t<\/div>\n\t\t<\/section>\n\t\t\t\t<section class=\"elementor-section elementor-top-section elementor-element elementor-element-bbf362c elementor-section-boxed elementor-section-height-default elementor-section-height-default\" data-id=\"bbf362c\" data-element_type=\"section\">\n\t\t\t\t\t\t<div class=\"elementor-container elementor-column-gap-default\">\n\t\t\t\t\t<div class=\"elementor-column elementor-col-100 elementor-top-column elementor-element elementor-element-ba1e859\" data-id=\"ba1e859\" data-element_type=\"column\">\n\t\t\t<div class=\"elementor-widget-wrap elementor-element-populated\">\n\t\t\t\t\t\t<div class=\"elementor-element elementor-element-5c6a3f2 elementor-widget elementor-widget-text-editor\" data-id=\"5c6a3f2\" data-element_type=\"widget\" data-widget_type=\"text-editor.default\">\n\t\t\t\t<div class=\"elementor-widget-container\">\n\t\t\t\t\t\t\t\t\t<p>Photographie Jean-Louis FERNANDEZ<\/p>\t\t\t\t\t\t\t\t<\/div>\n\t\t\t\t<\/div>\n\t\t\t\t\t<\/div>\n\t\t<\/div>\n\t\t\t\t\t<\/div>\n\t\t<\/section>\n\t\t\t\t<section class=\"elementor-section elementor-top-section elementor-element elementor-element-3421f5f elementor-section-boxed elementor-section-height-default elementor-section-height-default\" data-id=\"3421f5f\" data-element_type=\"section\">\n\t\t\t\t\t\t<div class=\"elementor-container elementor-column-gap-default\">\n\t\t\t\t\t<div class=\"elementor-column elementor-col-100 elementor-top-column elementor-element elementor-element-8518c8d\" data-id=\"8518c8d\" data-element_type=\"column\">\n\t\t\t<div class=\"elementor-widget-wrap elementor-element-populated\">\n\t\t\t\t\t\t<div class=\"elementor-element elementor-element-21f5e69 elementor-widget elementor-widget-image\" data-id=\"21f5e69\" data-element_type=\"widget\" data-widget_type=\"image.default\">\n\t\t\t\t<div class=\"elementor-widget-container\">\n\t\t\t\t\t\t\t\t\t\t\t\t\t\t\t\t<a href=\"https:\/\/leogarnier.com\/index.php\/hilda\/000-hilda\/\">\n\t\t\t\t\t\t\t<img fetchpriority=\"high\" decoding=\"async\" width=\"768\" height=\"512\" src=\"https:\/\/leogarnier.com\/wp-content\/uploads\/2022\/07\/Hilda-\u00a9-Jean-Louis-Fernandez-003-768x512.jpg\" class=\"attachment-medium_large size-medium_large wp-image-178\" alt=\"Lumi\u00e8re sur sc\u00e9nographie\" srcset=\"https:\/\/leogarnier.com\/wp-content\/uploads\/2022\/07\/Hilda-\u00a9-Jean-Louis-Fernandez-003-768x512.jpg 768w, https:\/\/leogarnier.com\/wp-content\/uploads\/2022\/07\/Hilda-\u00a9-Jean-Louis-Fernandez-003-300x200.jpg 300w, https:\/\/leogarnier.com\/wp-content\/uploads\/2022\/07\/Hilda-\u00a9-Jean-Louis-Fernandez-003-1024x683.jpg 1024w, https:\/\/leogarnier.com\/wp-content\/uploads\/2022\/07\/Hilda-\u00a9-Jean-Louis-Fernandez-003.jpg 1200w\" sizes=\"(max-width: 768px) 100vw, 768px\" \/>\t\t\t\t\t\t\t\t<\/a>\n\t\t\t\t\t\t\t\t\t\t\t\t\t\t\t<\/div>\n\t\t\t\t<\/div>\n\t\t\t\t\t<\/div>\n\t\t<\/div>\n\t\t\t\t\t<\/div>\n\t\t<\/section>\n\t\t\t\t<section class=\"elementor-section elementor-top-section elementor-element elementor-element-fcbec1a elementor-section-boxed elementor-section-height-default elementor-section-height-default\" data-id=\"fcbec1a\" data-element_type=\"section\">\n\t\t\t\t\t\t<div class=\"elementor-container elementor-column-gap-default\">\n\t\t\t\t\t<div class=\"elementor-column elementor-col-100 elementor-top-column elementor-element elementor-element-875416f\" data-id=\"875416f\" data-element_type=\"column\">\n\t\t\t<div class=\"elementor-widget-wrap elementor-element-populated\">\n\t\t\t\t\t\t<div class=\"elementor-element elementor-element-67af049 elementor-widget elementor-widget-image\" data-id=\"67af049\" data-element_type=\"widget\" data-widget_type=\"image.default\">\n\t\t\t\t<div class=\"elementor-widget-container\">\n\t\t\t\t\t\t\t\t\t\t\t\t\t\t\t\t<a href=\"https:\/\/leogarnier.com\/index.php\/hilda\/001-hilda\/\">\n\t\t\t\t\t\t\t<img decoding=\"async\" width=\"768\" height=\"512\" src=\"https:\/\/leogarnier.com\/wp-content\/uploads\/2022\/07\/Hilda-\u00a9-Jean-Louis-Fernandez-015-768x512.jpg\" class=\"attachment-medium_large size-medium_large wp-image-179\" alt=\"Eclairage brut\" srcset=\"https:\/\/leogarnier.com\/wp-content\/uploads\/2022\/07\/Hilda-\u00a9-Jean-Louis-Fernandez-015-768x512.jpg 768w, https:\/\/leogarnier.com\/wp-content\/uploads\/2022\/07\/Hilda-\u00a9-Jean-Louis-Fernandez-015-300x200.jpg 300w, https:\/\/leogarnier.com\/wp-content\/uploads\/2022\/07\/Hilda-\u00a9-Jean-Louis-Fernandez-015-1024x683.jpg 1024w, https:\/\/leogarnier.com\/wp-content\/uploads\/2022\/07\/Hilda-\u00a9-Jean-Louis-Fernandez-015.jpg 1200w\" sizes=\"(max-width: 768px) 100vw, 768px\" \/>\t\t\t\t\t\t\t\t<\/a>\n\t\t\t\t\t\t\t\t\t\t\t\t\t\t\t<\/div>\n\t\t\t\t<\/div>\n\t\t\t\t\t<\/div>\n\t\t<\/div>\n\t\t\t\t\t<\/div>\n\t\t<\/section>\n\t\t\t\t<section class=\"elementor-section elementor-top-section elementor-element elementor-element-4ab8051 elementor-section-boxed elementor-section-height-default elementor-section-height-default\" data-id=\"4ab8051\" data-element_type=\"section\">\n\t\t\t\t\t\t<div class=\"elementor-container elementor-column-gap-default\">\n\t\t\t\t\t<div class=\"elementor-column elementor-col-100 elementor-top-column elementor-element elementor-element-cfe05a6\" data-id=\"cfe05a6\" data-element_type=\"column\">\n\t\t\t<div class=\"elementor-widget-wrap elementor-element-populated\">\n\t\t\t\t\t\t<div class=\"elementor-element elementor-element-ca16df8 elementor-widget elementor-widget-image\" data-id=\"ca16df8\" data-element_type=\"widget\" data-widget_type=\"image.default\">\n\t\t\t\t<div class=\"elementor-widget-container\">\n\t\t\t\t\t\t\t\t\t\t\t\t\t\t\t\t<a href=\"https:\/\/leogarnier.com\/index.php\/hilda\/002-hilda\/\">\n\t\t\t\t\t\t\t<img decoding=\"async\" width=\"768\" height=\"512\" src=\"https:\/\/leogarnier.com\/wp-content\/uploads\/2022\/07\/Hilda-\u00a9-Jean-Louis-Fernandez-034-768x512.jpg\" class=\"attachment-medium_large size-medium_large wp-image-180\" alt=\"Lumi\u00e8re contre jour espace\" srcset=\"https:\/\/leogarnier.com\/wp-content\/uploads\/2022\/07\/Hilda-\u00a9-Jean-Louis-Fernandez-034-768x512.jpg 768w, https:\/\/leogarnier.com\/wp-content\/uploads\/2022\/07\/Hilda-\u00a9-Jean-Louis-Fernandez-034-300x200.jpg 300w, https:\/\/leogarnier.com\/wp-content\/uploads\/2022\/07\/Hilda-\u00a9-Jean-Louis-Fernandez-034-1024x683.jpg 1024w, https:\/\/leogarnier.com\/wp-content\/uploads\/2022\/07\/Hilda-\u00a9-Jean-Louis-Fernandez-034.jpg 1200w\" sizes=\"(max-width: 768px) 100vw, 768px\" \/>\t\t\t\t\t\t\t\t<\/a>\n\t\t\t\t\t\t\t\t\t\t\t\t\t\t\t<\/div>\n\t\t\t\t<\/div>\n\t\t\t\t\t<\/div>\n\t\t<\/div>\n\t\t\t\t\t<\/div>\n\t\t<\/section>\n\t\t\t\t<section class=\"elementor-section elementor-top-section elementor-element elementor-element-22ba164 elementor-section-boxed elementor-section-height-default elementor-section-height-default\" data-id=\"22ba164\" data-element_type=\"section\">\n\t\t\t\t\t\t<div class=\"elementor-container elementor-column-gap-default\">\n\t\t\t\t\t<div class=\"elementor-column elementor-col-100 elementor-top-column elementor-element elementor-element-c58d5e1\" data-id=\"c58d5e1\" data-element_type=\"column\">\n\t\t\t<div class=\"elementor-widget-wrap elementor-element-populated\">\n\t\t\t\t\t\t<div class=\"elementor-element elementor-element-a083948 elementor-widget elementor-widget-image\" data-id=\"a083948\" data-element_type=\"widget\" data-widget_type=\"image.default\">\n\t\t\t\t<div class=\"elementor-widget-container\">\n\t\t\t\t\t\t\t\t\t\t\t\t\t\t\t\t<a href=\"https:\/\/leogarnier.com\/index.php\/hilda\/003-hilda\/\">\n\t\t\t\t\t\t\t<img loading=\"lazy\" decoding=\"async\" width=\"768\" height=\"512\" src=\"https:\/\/leogarnier.com\/wp-content\/uploads\/2022\/07\/Hilda-\u00a9-Jean-Louis-Fernandez-078-768x512.jpg\" class=\"attachment-medium_large size-medium_large wp-image-177\" alt=\"Eclairage et vid\u00e9o\" srcset=\"https:\/\/leogarnier.com\/wp-content\/uploads\/2022\/07\/Hilda-\u00a9-Jean-Louis-Fernandez-078-768x512.jpg 768w, https:\/\/leogarnier.com\/wp-content\/uploads\/2022\/07\/Hilda-\u00a9-Jean-Louis-Fernandez-078-300x200.jpg 300w, https:\/\/leogarnier.com\/wp-content\/uploads\/2022\/07\/Hilda-\u00a9-Jean-Louis-Fernandez-078-1024x683.jpg 1024w, https:\/\/leogarnier.com\/wp-content\/uploads\/2022\/07\/Hilda-\u00a9-Jean-Louis-Fernandez-078.jpg 1200w\" sizes=\"(max-width: 768px) 100vw, 768px\" \/>\t\t\t\t\t\t\t\t<\/a>\n\t\t\t\t\t\t\t\t\t\t\t\t\t\t\t<\/div>\n\t\t\t\t<\/div>\n\t\t\t\t\t<\/div>\n\t\t<\/div>\n\t\t\t\t\t<\/div>\n\t\t<\/section>\n\t\t\t\t<section class=\"elementor-section elementor-top-section elementor-element elementor-element-e8e9c43 elementor-section-boxed elementor-section-height-default elementor-section-height-default\" data-id=\"e8e9c43\" data-element_type=\"section\">\n\t\t\t\t\t\t<div class=\"elementor-container elementor-column-gap-default\">\n\t\t\t\t\t<div class=\"elementor-column elementor-col-100 elementor-top-column elementor-element elementor-element-b0db1f9\" data-id=\"b0db1f9\" data-element_type=\"column\">\n\t\t\t<div class=\"elementor-widget-wrap elementor-element-populated\">\n\t\t\t\t\t\t<div class=\"elementor-element elementor-element-47a9423 elementor-button-info elementor-invisible elementor-widget elementor-widget-button\" data-id=\"47a9423\" data-element_type=\"widget\" data-settings=\"{&quot;_animation&quot;:&quot;lightSpeedIn&quot;}\" data-widget_type=\"button.default\">\n\t\t\t\t<div class=\"elementor-widget-container\">\n\t\t\t\t\t\t\t\t\t<div class=\"elementor-button-wrapper\">\n\t\t\t\t\t<a class=\"elementor-button elementor-button-link elementor-size-xs elementor-animation-grow\" href=\"https:\/\/leogarnier.com\/index.php\/maquettes-3d\/maquettes-hilda\/\">\n\t\t\t\t\t\t<span class=\"elementor-button-content-wrapper\">\n\t\t\t\t\t\t<span class=\"elementor-button-icon\">\n\t\t\t\t<i aria-hidden=\"true\" class=\"fas fa-tv\"><\/i>\t\t\t<\/span>\n\t\t\t\t\t\t\t\t\t<span class=\"elementor-button-text\">Maquettes 3D<\/span>\n\t\t\t\t\t<\/span>\n\t\t\t\t\t<\/a>\n\t\t\t\t<\/div>\n\t\t\t\t\t\t\t\t<\/div>\n\t\t\t\t<\/div>\n\t\t\t\t\t<\/div>\n\t\t<\/div>\n\t\t\t\t\t<\/div>\n\t\t<\/section>\n\t\t\t\t<section class=\"elementor-section elementor-top-section elementor-element elementor-element-84b0e0e elementor-section-boxed elementor-section-height-default elementor-section-height-default\" data-id=\"84b0e0e\" data-element_type=\"section\">\n\t\t\t\t\t\t<div class=\"elementor-container elementor-column-gap-default\">\n\t\t\t\t\t<div class=\"elementor-column elementor-col-100 elementor-top-column elementor-element elementor-element-e365172\" data-id=\"e365172\" data-element_type=\"column\">\n\t\t\t<div class=\"elementor-widget-wrap elementor-element-populated\">\n\t\t\t\t\t\t<div class=\"elementor-element elementor-element-d457e7b elementor-widget elementor-widget-text-editor\" data-id=\"d457e7b\" data-element_type=\"widget\" data-widget_type=\"text-editor.default\">\n\t\t\t\t<div class=\"elementor-widget-container\">\n\t\t\t\t\t\t\t\t\t<p>CR\u00c9ATION TNS &#8211; 2021<\/p><p><strong>Texte<\/strong>\u00a0Marie NDiaye<br \/><strong>Mise en sc\u00e8ne<\/strong>\u00a0\u00c9lisabeth Chailloux<br \/><strong>Avec<\/strong>\u00a0Gauthier Baillot, Natalie Dessay, Lucile J\u00e9gou<br \/><strong>Sc\u00e9nographie et lumi\u00e8re<\/strong>\u00a0Yves Collet, L\u00e9o Garnier<br \/><strong>Assistanat \u00e0 la mise en sc\u00e8ne\u00a0<\/strong>Lucile J\u00e9gou<br \/><strong>Son\u00a0<\/strong>Madame Miniature<br \/><strong>Vid\u00e9o\u00a0<\/strong>Micha\u00ebl Dusautoy<br \/><strong>Costumes\u00a0<\/strong>Dominique Rocher<\/p><p>\u00a0<\/p>\t\t\t\t\t\t\t\t<\/div>\n\t\t\t\t<\/div>\n\t\t\t\t\t<\/div>\n\t\t<\/div>\n\t\t\t\t\t<\/div>\n\t\t<\/section>\n\t\t\t\t<section class=\"elementor-section elementor-top-section elementor-element elementor-element-4b1e77b elementor-section-boxed elementor-section-height-default elementor-section-height-default\" data-id=\"4b1e77b\" data-element_type=\"section\">\n\t\t\t\t\t\t<div class=\"elementor-container elementor-column-gap-default\">\n\t\t\t\t\t<div class=\"elementor-column elementor-col-100 elementor-top-column elementor-element elementor-element-2991867\" data-id=\"2991867\" data-element_type=\"column\">\n\t\t\t<div class=\"elementor-widget-wrap elementor-element-populated\">\n\t\t\t\t\t\t<div class=\"elementor-element elementor-element-c527f14 elementor-widget elementor-widget-text-editor\" data-id=\"c527f14\" data-element_type=\"widget\" data-widget_type=\"text-editor.default\">\n\t\t\t\t<div class=\"elementor-widget-container\">\n\t\t\t\t\t\t\t\t\t<p>En tourn\u00e9e 2021 &#8211; 2022<br \/><span style=\"color: var( --e-global-color-text );\">Les Plateaux Sauvages, Com\u00e9die de Caen, Ch\u00e2teauvallon, Th\u00e9\u00e2tre des Quartiers d&rsquo;Ivry<\/span><\/p>\t\t\t\t\t\t\t\t<\/div>\n\t\t\t\t<\/div>\n\t\t\t\t\t<\/div>\n\t\t<\/div>\n\t\t\t\t\t<\/div>\n\t\t<\/section>\n\t\t\t\t<section class=\"elementor-section elementor-top-section elementor-element elementor-element-276776f elementor-section-boxed elementor-section-height-default elementor-section-height-default\" data-id=\"276776f\" data-element_type=\"section\">\n\t\t\t\t\t\t<div class=\"elementor-container elementor-column-gap-default\">\n\t\t\t\t\t<div class=\"elementor-column elementor-col-100 elementor-top-column elementor-element elementor-element-645a6dd\" data-id=\"645a6dd\" data-element_type=\"column\">\n\t\t\t<div class=\"elementor-widget-wrap elementor-element-populated\">\n\t\t\t\t\t\t<div class=\"elementor-element elementor-element-b30e5de elementor-widget elementor-widget-text-editor\" data-id=\"b30e5de\" data-element_type=\"widget\" data-widget_type=\"text-editor.default\">\n\t\t\t\t<div class=\"elementor-widget-container\">\n\t\t\t\t\t\t\t\t\t<p><strong>Production<\/strong>\u00a0Th\u00e9\u00e2tre de la Balance, compagnie conventionn\u00e9e par le Minist\u00e8re de la Culture<br \/><strong>Coproduction<\/strong>Th\u00e9\u00e2tre National de Strasbourg,\u00a0Com\u00e9die de Caen &#8211; Centre Dramatique National de Normandie,\u00a0<br \/>Ch\u00e2teauvallon-Libert\u00e9 -Sc\u00e8ne nationale, Th\u00e9\u00e2tre des Quartiers d\u2019Ivry &#8211; CDN Val-de-Marne, Com\u00e9die de Picardie<br \/>Avec la participation du\u00a0Jeune Th\u00e9\u00e2tre National<br \/>Avec le soutien des\u00a0Plateaux Sauvages &#8211; Fabrique Artistique de la Ville de Paris<\/p>\t\t\t\t\t\t\t\t<\/div>\n\t\t\t\t<\/div>\n\t\t\t\t\t<\/div>\n\t\t<\/div>\n\t\t\t\t\t<\/div>\n\t\t<\/section>\n\t\t\t\t<\/div>\n\t\t","protected":false},"excerpt":{"rendered":"<p>Hilda TNS &#8211; oct 2021 Photographie Jean-Louis FERNANDEZ Maquettes 3D CR\u00c9ATION TNS &#8211; 2021 Texte&nbsp;Marie NDiaye Mise en sc\u00e8ne&nbsp;\u00c9lisabeth Chailloux Avec&nbsp;Gauthier Baillot, Natalie Dessay, Lucile J\u00e9gou Sc\u00e9nographie et lumi\u00e8re&nbsp;Yves Collet, L\u00e9o Garnier Assistanat \u00e0 la mise en sc\u00e8ne&nbsp;Lucile J\u00e9gou Son&nbsp;Madame Miniature Vid\u00e9o&nbsp;Micha\u00ebl Dusautoy Costumes&nbsp;Dominique Rocher En tourn\u00e9e 2021 &#8211; 2022 Les Plateaux Sauvages, Com\u00e9die de [&hellip;]<\/p>\n","protected":false},"author":1,"featured_media":0,"parent":0,"menu_order":0,"comment_status":"closed","ping_status":"closed","template":"","meta":{"footnotes":""},"class_list":["post-140","page","type-page","status-publish","hentry"],"yoast_head":"<!-- This site is optimized with the Yoast SEO plugin v27.4 - https:\/\/yoast.com\/product\/yoast-seo-wordpress\/ -->\n<title>Hilda - L\u00e9o Garnier<\/title>\n<meta name=\"description\" content=\"Hilda - Texte Marie NDiaye - Mise en sc\u00e8ne Elisabeth Chailloux -Th\u00e9\u00e2tre National de Strasbourg - Lumi\u00e8re L\u00e9o Garnier\" \/>\n<meta name=\"robots\" content=\"index, follow, max-snippet:-1, max-image-preview:large, max-video-preview:-1\" \/>\n<link rel=\"canonical\" href=\"https:\/\/leogarnier.com\/index.php\/hilda\/\" \/>\n<meta property=\"og:locale\" content=\"fr_FR\" \/>\n<meta property=\"og:type\" content=\"article\" \/>\n<meta property=\"og:title\" content=\"Hilda - L\u00e9o Garnier\" \/>\n<meta property=\"og:description\" content=\"Hilda - Texte Marie NDiaye - Mise en sc\u00e8ne Elisabeth Chailloux -Th\u00e9\u00e2tre National de Strasbourg - Lumi\u00e8re L\u00e9o Garnier\" \/>\n<meta property=\"og:url\" content=\"https:\/\/leogarnier.com\/index.php\/hilda\/\" \/>\n<meta property=\"og:site_name\" content=\"L\u00e9o Garnier\" \/>\n<meta property=\"article:publisher\" content=\"https:\/\/www.facebook.com\/leo.garnier.102\/\" \/>\n<meta property=\"article:modified_time\" content=\"2022-09-28T18:40:09+00:00\" \/>\n<meta name=\"twitter:card\" content=\"summary_large_image\" \/>\n<meta name=\"twitter:label1\" content=\"Dur\u00e9e de lecture estim\u00e9e\" \/>\n\t<meta name=\"twitter:data1\" content=\"2 minutes\" \/>\n<script type=\"application\/ld+json\" class=\"yoast-schema-graph\">{\"@context\":\"https:\\\/\\\/schema.org\",\"@graph\":[{\"@type\":\"WebPage\",\"@id\":\"https:\\\/\\\/leogarnier.com\\\/index.php\\\/hilda\\\/\",\"url\":\"https:\\\/\\\/leogarnier.com\\\/index.php\\\/hilda\\\/\",\"name\":\"Hilda - L\u00e9o Garnier\",\"isPartOf\":{\"@id\":\"https:\\\/\\\/leogarnier.com\\\/#website\"},\"datePublished\":\"2022-07-10T13:21:35+00:00\",\"dateModified\":\"2022-09-28T18:40:09+00:00\",\"description\":\"Hilda - Texte Marie NDiaye - Mise en sc\u00e8ne Elisabeth Chailloux -Th\u00e9\u00e2tre National de Strasbourg - Lumi\u00e8re L\u00e9o Garnier\",\"breadcrumb\":{\"@id\":\"https:\\\/\\\/leogarnier.com\\\/index.php\\\/hilda\\\/#breadcrumb\"},\"inLanguage\":\"fr-FR\",\"potentialAction\":[{\"@type\":\"ReadAction\",\"target\":[\"https:\\\/\\\/leogarnier.com\\\/index.php\\\/hilda\\\/\"]}]},{\"@type\":\"BreadcrumbList\",\"@id\":\"https:\\\/\\\/leogarnier.com\\\/index.php\\\/hilda\\\/#breadcrumb\",\"itemListElement\":[{\"@type\":\"ListItem\",\"position\":1,\"name\":\"Accueil\",\"item\":\"https:\\\/\\\/leogarnier.com\\\/\"},{\"@type\":\"ListItem\",\"position\":2,\"name\":\"Hilda\"}]},{\"@type\":\"WebSite\",\"@id\":\"https:\\\/\\\/leogarnier.com\\\/#website\",\"url\":\"https:\\\/\\\/leogarnier.com\\\/\",\"name\":\"L\u00e9o Garnier\",\"description\":\"\u00c9clairagiste\",\"publisher\":{\"@id\":\"https:\\\/\\\/leogarnier.com\\\/#\\\/schema\\\/person\\\/9caf54ec40390ce3fa693f0b1acd3190\"},\"potentialAction\":[{\"@type\":\"SearchAction\",\"target\":{\"@type\":\"EntryPoint\",\"urlTemplate\":\"https:\\\/\\\/leogarnier.com\\\/?s={search_term_string}\"},\"query-input\":{\"@type\":\"PropertyValueSpecification\",\"valueRequired\":true,\"valueName\":\"search_term_string\"}}],\"inLanguage\":\"fr-FR\"},{\"@type\":[\"Person\",\"Organization\"],\"@id\":\"https:\\\/\\\/leogarnier.com\\\/#\\\/schema\\\/person\\\/9caf54ec40390ce3fa693f0b1acd3190\",\"name\":\"L\u00e9o\",\"image\":{\"@type\":\"ImageObject\",\"inLanguage\":\"fr-FR\",\"@id\":\"https:\\\/\\\/leogarnier.com\\\/wp-content\\\/uploads\\\/2022\\\/09\\\/Leo9.png\",\"url\":\"https:\\\/\\\/leogarnier.com\\\/wp-content\\\/uploads\\\/2022\\\/09\\\/Leo9.png\",\"contentUrl\":\"https:\\\/\\\/leogarnier.com\\\/wp-content\\\/uploads\\\/2022\\\/09\\\/Leo9.png\",\"width\":1148,\"height\":825,\"caption\":\"L\u00e9o\"},\"logo\":{\"@id\":\"https:\\\/\\\/leogarnier.com\\\/wp-content\\\/uploads\\\/2022\\\/09\\\/Leo9.png\"},\"sameAs\":[\"http:\\\/\\\/leogarnier.com\",\"https:\\\/\\\/www.facebook.com\\\/leo.garnier.102\\\/\",\"https:\\\/\\\/www.instagram.com\\\/garnierleo\\\/\"]}]}<\/script>\n<!-- \/ Yoast SEO plugin. -->","yoast_head_json":{"title":"Hilda - L\u00e9o Garnier","description":"Hilda - Texte Marie NDiaye - Mise en sc\u00e8ne Elisabeth Chailloux -Th\u00e9\u00e2tre National de Strasbourg - Lumi\u00e8re L\u00e9o Garnier","robots":{"index":"index","follow":"follow","max-snippet":"max-snippet:-1","max-image-preview":"max-image-preview:large","max-video-preview":"max-video-preview:-1"},"canonical":"https:\/\/leogarnier.com\/index.php\/hilda\/","og_locale":"fr_FR","og_type":"article","og_title":"Hilda - L\u00e9o Garnier","og_description":"Hilda - Texte Marie NDiaye - Mise en sc\u00e8ne Elisabeth Chailloux -Th\u00e9\u00e2tre National de Strasbourg - Lumi\u00e8re L\u00e9o Garnier","og_url":"https:\/\/leogarnier.com\/index.php\/hilda\/","og_site_name":"L\u00e9o Garnier","article_publisher":"https:\/\/www.facebook.com\/leo.garnier.102\/","article_modified_time":"2022-09-28T18:40:09+00:00","twitter_card":"summary_large_image","twitter_misc":{"Dur\u00e9e de lecture estim\u00e9e":"2 minutes"},"schema":{"@context":"https:\/\/schema.org","@graph":[{"@type":"WebPage","@id":"https:\/\/leogarnier.com\/index.php\/hilda\/","url":"https:\/\/leogarnier.com\/index.php\/hilda\/","name":"Hilda - L\u00e9o Garnier","isPartOf":{"@id":"https:\/\/leogarnier.com\/#website"},"datePublished":"2022-07-10T13:21:35+00:00","dateModified":"2022-09-28T18:40:09+00:00","description":"Hilda - Texte Marie NDiaye - Mise en sc\u00e8ne Elisabeth Chailloux -Th\u00e9\u00e2tre National de Strasbourg - Lumi\u00e8re L\u00e9o Garnier","breadcrumb":{"@id":"https:\/\/leogarnier.com\/index.php\/hilda\/#breadcrumb"},"inLanguage":"fr-FR","potentialAction":[{"@type":"ReadAction","target":["https:\/\/leogarnier.com\/index.php\/hilda\/"]}]},{"@type":"BreadcrumbList","@id":"https:\/\/leogarnier.com\/index.php\/hilda\/#breadcrumb","itemListElement":[{"@type":"ListItem","position":1,"name":"Accueil","item":"https:\/\/leogarnier.com\/"},{"@type":"ListItem","position":2,"name":"Hilda"}]},{"@type":"WebSite","@id":"https:\/\/leogarnier.com\/#website","url":"https:\/\/leogarnier.com\/","name":"L\u00e9o Garnier","description":"\u00c9clairagiste","publisher":{"@id":"https:\/\/leogarnier.com\/#\/schema\/person\/9caf54ec40390ce3fa693f0b1acd3190"},"potentialAction":[{"@type":"SearchAction","target":{"@type":"EntryPoint","urlTemplate":"https:\/\/leogarnier.com\/?s={search_term_string}"},"query-input":{"@type":"PropertyValueSpecification","valueRequired":true,"valueName":"search_term_string"}}],"inLanguage":"fr-FR"},{"@type":["Person","Organization"],"@id":"https:\/\/leogarnier.com\/#\/schema\/person\/9caf54ec40390ce3fa693f0b1acd3190","name":"L\u00e9o","image":{"@type":"ImageObject","inLanguage":"fr-FR","@id":"https:\/\/leogarnier.com\/wp-content\/uploads\/2022\/09\/Leo9.png","url":"https:\/\/leogarnier.com\/wp-content\/uploads\/2022\/09\/Leo9.png","contentUrl":"https:\/\/leogarnier.com\/wp-content\/uploads\/2022\/09\/Leo9.png","width":1148,"height":825,"caption":"L\u00e9o"},"logo":{"@id":"https:\/\/leogarnier.com\/wp-content\/uploads\/2022\/09\/Leo9.png"},"sameAs":["http:\/\/leogarnier.com","https:\/\/www.facebook.com\/leo.garnier.102\/","https:\/\/www.instagram.com\/garnierleo\/"]}]}},"_links":{"self":[{"href":"https:\/\/leogarnier.com\/index.php\/wp-json\/wp\/v2\/pages\/140","targetHints":{"allow":["GET"]}}],"collection":[{"href":"https:\/\/leogarnier.com\/index.php\/wp-json\/wp\/v2\/pages"}],"about":[{"href":"https:\/\/leogarnier.com\/index.php\/wp-json\/wp\/v2\/types\/page"}],"author":[{"embeddable":true,"href":"https:\/\/leogarnier.com\/index.php\/wp-json\/wp\/v2\/users\/1"}],"replies":[{"embeddable":true,"href":"https:\/\/leogarnier.com\/index.php\/wp-json\/wp\/v2\/comments?post=140"}],"version-history":[{"count":50,"href":"https:\/\/leogarnier.com\/index.php\/wp-json\/wp\/v2\/pages\/140\/revisions"}],"predecessor-version":[{"id":2152,"href":"https:\/\/leogarnier.com\/index.php\/wp-json\/wp\/v2\/pages\/140\/revisions\/2152"}],"wp:attachment":[{"href":"https:\/\/leogarnier.com\/index.php\/wp-json\/wp\/v2\/media?parent=140"}],"curies":[{"name":"wp","href":"https:\/\/api.w.org\/{rel}","templated":true}]}}