{"id":144,"date":"2022-07-10T15:22:12","date_gmt":"2022-07-10T13:22:12","guid":{"rendered":"https:\/\/leogarnier.com\/?page_id=144"},"modified":"2025-07-02T22:26:38","modified_gmt":"2025-07-02T20:26:38","slug":"javais-20-ans","status":"publish","type":"page","link":"https:\/\/leogarnier.com\/index.php\/javais-20-ans\/","title":{"rendered":"J&rsquo;avais 20 ans"},"content":{"rendered":"\t\t<div data-elementor-type=\"wp-page\" data-elementor-id=\"144\" class=\"elementor elementor-144\">\n\t\t\t\t\t\t<section class=\"elementor-section elementor-top-section elementor-element elementor-element-46031f7 elementor-section-boxed elementor-section-height-default elementor-section-height-default\" data-id=\"46031f7\" data-element_type=\"section\">\n\t\t\t\t\t\t<div class=\"elementor-container elementor-column-gap-default\">\n\t\t\t\t\t<div class=\"elementor-column elementor-col-100 elementor-top-column elementor-element elementor-element-e595c05\" data-id=\"e595c05\" data-element_type=\"column\">\n\t\t\t<div class=\"elementor-widget-wrap elementor-element-populated\">\n\t\t\t\t\t\t<div class=\"elementor-element elementor-element-c50b2ec elementor-widget elementor-widget-heading\" data-id=\"c50b2ec\" data-element_type=\"widget\" data-widget_type=\"heading.default\">\n\t\t\t\t<div class=\"elementor-widget-container\">\n\t\t\t\t\t<h2 class=\"elementor-heading-title elementor-size-default\">J'avais vingt ans<\/h2>\t\t\t\t<\/div>\n\t\t\t\t<\/div>\n\t\t\t\t\t<\/div>\n\t\t<\/div>\n\t\t\t\t\t<\/div>\n\t\t<\/section>\n\t\t\t\t<section class=\"elementor-section elementor-top-section elementor-element elementor-element-e6a9c7d elementor-section-boxed elementor-section-height-default elementor-section-height-default\" data-id=\"e6a9c7d\" data-element_type=\"section\">\n\t\t\t\t\t\t<div class=\"elementor-container elementor-column-gap-default\">\n\t\t\t\t\t<div class=\"elementor-column elementor-col-100 elementor-top-column elementor-element elementor-element-4a787ab\" data-id=\"4a787ab\" data-element_type=\"column\">\n\t\t\t<div class=\"elementor-widget-wrap elementor-element-populated\">\n\t\t\t\t\t\t<div class=\"elementor-element elementor-element-99af446 elementor-widget elementor-widget-text-editor\" data-id=\"99af446\" data-element_type=\"widget\" data-widget_type=\"text-editor.default\">\n\t\t\t\t<div class=\"elementor-widget-container\">\n\t\t\t\t\t\t\t\t\t<p>La Chartreuse &#8211; juillet 2021<\/p>\t\t\t\t\t\t\t\t<\/div>\n\t\t\t\t<\/div>\n\t\t\t\t\t<\/div>\n\t\t<\/div>\n\t\t\t\t\t<\/div>\n\t\t<\/section>\n\t\t\t\t<section class=\"elementor-section elementor-top-section elementor-element elementor-element-36f3f9a elementor-section-boxed elementor-section-height-default elementor-section-height-default\" data-id=\"36f3f9a\" data-element_type=\"section\">\n\t\t\t\t\t\t<div class=\"elementor-container elementor-column-gap-default\">\n\t\t\t\t\t<div class=\"elementor-column elementor-col-100 elementor-top-column elementor-element elementor-element-f86f05a\" data-id=\"f86f05a\" data-element_type=\"column\">\n\t\t\t<div class=\"elementor-widget-wrap elementor-element-populated\">\n\t\t\t\t\t\t<div class=\"elementor-element elementor-element-28d4b1c elementor-widget elementor-widget-text-editor\" data-id=\"28d4b1c\" data-element_type=\"widget\" data-widget_type=\"text-editor.default\">\n\t\t\t\t<div class=\"elementor-widget-container\">\n\t\t\t\t\t\t\t\t\t<p>Photographie Alex NOLLET<\/p>\t\t\t\t\t\t\t\t<\/div>\n\t\t\t\t<\/div>\n\t\t\t\t\t<\/div>\n\t\t<\/div>\n\t\t\t\t\t<\/div>\n\t\t<\/section>\n\t\t\t\t<section class=\"elementor-section elementor-top-section elementor-element elementor-element-b6efb30 elementor-section-boxed elementor-section-height-default elementor-section-height-default\" data-id=\"b6efb30\" data-element_type=\"section\">\n\t\t\t\t\t\t<div class=\"elementor-container elementor-column-gap-default\">\n\t\t\t\t\t<div class=\"elementor-column elementor-col-100 elementor-top-column elementor-element elementor-element-a003fe2\" data-id=\"a003fe2\" data-element_type=\"column\">\n\t\t\t<div class=\"elementor-widget-wrap elementor-element-populated\">\n\t\t\t\t\t\t<div class=\"elementor-element elementor-element-905cc30 elementor-widget elementor-widget-image\" data-id=\"905cc30\" data-element_type=\"widget\" data-widget_type=\"image.default\">\n\t\t\t\t<div class=\"elementor-widget-container\">\n\t\t\t\t\t\t\t\t\t\t\t\t\t\t\t<img fetchpriority=\"high\" decoding=\"async\" width=\"768\" height=\"555\" src=\"https:\/\/leogarnier.com\/wp-content\/uploads\/2022\/07\/Aden-Arabie-juillet-2021-\u00a9-Alex-Nollet-4013-768x555.jpg\" class=\"attachment-medium_large size-medium_large wp-image-801\" alt=\"Eclairage exterieur\" srcset=\"https:\/\/leogarnier.com\/wp-content\/uploads\/2022\/07\/Aden-Arabie-juillet-2021-\u00a9-Alex-Nollet-4013-768x555.jpg 768w, https:\/\/leogarnier.com\/wp-content\/uploads\/2022\/07\/Aden-Arabie-juillet-2021-\u00a9-Alex-Nollet-4013-300x217.jpg 300w, https:\/\/leogarnier.com\/wp-content\/uploads\/2022\/07\/Aden-Arabie-juillet-2021-\u00a9-Alex-Nollet-4013-1024x740.jpg 1024w, https:\/\/leogarnier.com\/wp-content\/uploads\/2022\/07\/Aden-Arabie-juillet-2021-\u00a9-Alex-Nollet-4013.jpg 1500w\" sizes=\"(max-width: 768px) 100vw, 768px\" \/>\t\t\t\t\t\t\t\t\t\t\t\t\t\t\t<\/div>\n\t\t\t\t<\/div>\n\t\t\t\t\t<\/div>\n\t\t<\/div>\n\t\t\t\t\t<\/div>\n\t\t<\/section>\n\t\t\t\t<section class=\"elementor-section elementor-top-section elementor-element elementor-element-67347ea elementor-section-boxed elementor-section-height-default elementor-section-height-default\" data-id=\"67347ea\" data-element_type=\"section\">\n\t\t\t\t\t\t<div class=\"elementor-container elementor-column-gap-default\">\n\t\t\t\t\t<div class=\"elementor-column elementor-col-100 elementor-top-column elementor-element elementor-element-86717bc\" data-id=\"86717bc\" data-element_type=\"column\">\n\t\t\t<div class=\"elementor-widget-wrap elementor-element-populated\">\n\t\t\t\t\t\t<div class=\"elementor-element elementor-element-01b993c elementor-widget elementor-widget-image\" data-id=\"01b993c\" data-element_type=\"widget\" data-widget_type=\"image.default\">\n\t\t\t\t<div class=\"elementor-widget-container\">\n\t\t\t\t\t\t\t\t\t\t\t\t\t\t\t<img decoding=\"async\" width=\"768\" height=\"768\" src=\"https:\/\/leogarnier.com\/wp-content\/uploads\/2022\/07\/adenarabie-juillet2021calexnollet-4022-2-768x768.jpg\" class=\"attachment-medium_large size-medium_large wp-image-800\" alt=\"Eclairage exterieur\" srcset=\"https:\/\/leogarnier.com\/wp-content\/uploads\/2022\/07\/adenarabie-juillet2021calexnollet-4022-2-768x768.jpg 768w, https:\/\/leogarnier.com\/wp-content\/uploads\/2022\/07\/adenarabie-juillet2021calexnollet-4022-2-300x300.jpg 300w, https:\/\/leogarnier.com\/wp-content\/uploads\/2022\/07\/adenarabie-juillet2021calexnollet-4022-2-1024x1024.jpg 1024w, https:\/\/leogarnier.com\/wp-content\/uploads\/2022\/07\/adenarabie-juillet2021calexnollet-4022-2-150x150.jpg 150w, https:\/\/leogarnier.com\/wp-content\/uploads\/2022\/07\/adenarabie-juillet2021calexnollet-4022-2.jpg 1500w\" sizes=\"(max-width: 768px) 100vw, 768px\" \/>\t\t\t\t\t\t\t\t\t\t\t\t\t\t\t<\/div>\n\t\t\t\t<\/div>\n\t\t\t\t\t<\/div>\n\t\t<\/div>\n\t\t\t\t\t<\/div>\n\t\t<\/section>\n\t\t\t\t<section class=\"elementor-section elementor-top-section elementor-element elementor-element-e9a80df elementor-section-boxed elementor-section-height-default elementor-section-height-default\" data-id=\"e9a80df\" data-element_type=\"section\">\n\t\t\t\t\t\t<div class=\"elementor-container elementor-column-gap-default\">\n\t\t\t\t\t<div class=\"elementor-column elementor-col-100 elementor-top-column elementor-element elementor-element-3156f5a\" data-id=\"3156f5a\" data-element_type=\"column\">\n\t\t\t<div class=\"elementor-widget-wrap elementor-element-populated\">\n\t\t\t\t\t\t<div class=\"elementor-element elementor-element-c08b036 elementor-widget elementor-widget-image\" data-id=\"c08b036\" data-element_type=\"widget\" data-widget_type=\"image.default\">\n\t\t\t\t<div class=\"elementor-widget-container\">\n\t\t\t\t\t\t\t\t\t\t\t\t\t\t\t<img decoding=\"async\" width=\"768\" height=\"432\" src=\"https:\/\/leogarnier.com\/wp-content\/uploads\/2022\/07\/20ans_1-768x432.jpg\" class=\"attachment-medium_large size-medium_large wp-image-871\" alt=\"Eclairage brut\" srcset=\"https:\/\/leogarnier.com\/wp-content\/uploads\/2022\/07\/20ans_1-768x432.jpg 768w, https:\/\/leogarnier.com\/wp-content\/uploads\/2022\/07\/20ans_1-300x169.jpg 300w, https:\/\/leogarnier.com\/wp-content\/uploads\/2022\/07\/20ans_1-1024x576.jpg 1024w, https:\/\/leogarnier.com\/wp-content\/uploads\/2022\/07\/20ans_1-1536x864.jpg 1536w, https:\/\/leogarnier.com\/wp-content\/uploads\/2022\/07\/20ans_1.jpg 1600w\" sizes=\"(max-width: 768px) 100vw, 768px\" \/>\t\t\t\t\t\t\t\t\t\t\t\t\t\t\t<\/div>\n\t\t\t\t<\/div>\n\t\t\t\t\t<\/div>\n\t\t<\/div>\n\t\t\t\t\t<\/div>\n\t\t<\/section>\n\t\t\t\t<section class=\"elementor-section elementor-top-section elementor-element elementor-element-ad93905 elementor-section-boxed elementor-section-height-default elementor-section-height-default\" data-id=\"ad93905\" data-element_type=\"section\">\n\t\t\t\t\t\t<div class=\"elementor-container elementor-column-gap-default\">\n\t\t\t\t\t<div class=\"elementor-column elementor-col-100 elementor-top-column elementor-element elementor-element-a15f8c8\" data-id=\"a15f8c8\" data-element_type=\"column\">\n\t\t\t<div class=\"elementor-widget-wrap elementor-element-populated\">\n\t\t\t\t\t\t<div class=\"elementor-element elementor-element-5d30fea elementor-widget elementor-widget-image\" data-id=\"5d30fea\" data-element_type=\"widget\" data-widget_type=\"image.default\">\n\t\t\t\t<div class=\"elementor-widget-container\">\n\t\t\t\t\t\t\t\t\t\t\t\t\t\t\t<img loading=\"lazy\" decoding=\"async\" width=\"768\" height=\"432\" src=\"https:\/\/leogarnier.com\/wp-content\/uploads\/2022\/07\/20ans_2-768x432.jpg\" class=\"attachment-medium_large size-medium_large wp-image-872\" alt=\"Eclairage contrast\u00e9\" srcset=\"https:\/\/leogarnier.com\/wp-content\/uploads\/2022\/07\/20ans_2-768x432.jpg 768w, https:\/\/leogarnier.com\/wp-content\/uploads\/2022\/07\/20ans_2-300x169.jpg 300w, https:\/\/leogarnier.com\/wp-content\/uploads\/2022\/07\/20ans_2-1024x576.jpg 1024w, https:\/\/leogarnier.com\/wp-content\/uploads\/2022\/07\/20ans_2-1536x864.jpg 1536w, https:\/\/leogarnier.com\/wp-content\/uploads\/2022\/07\/20ans_2.jpg 1600w\" sizes=\"(max-width: 768px) 100vw, 768px\" \/>\t\t\t\t\t\t\t\t\t\t\t\t\t\t\t<\/div>\n\t\t\t\t<\/div>\n\t\t\t\t\t<\/div>\n\t\t<\/div>\n\t\t\t\t\t<\/div>\n\t\t<\/section>\n\t\t\t\t<section class=\"elementor-section elementor-top-section elementor-element elementor-element-daab102 elementor-section-boxed elementor-section-height-default elementor-section-height-default\" data-id=\"daab102\" data-element_type=\"section\">\n\t\t\t\t\t\t<div class=\"elementor-container elementor-column-gap-default\">\n\t\t\t\t\t<div class=\"elementor-column elementor-col-100 elementor-top-column elementor-element elementor-element-5461015\" data-id=\"5461015\" data-element_type=\"column\">\n\t\t\t<div class=\"elementor-widget-wrap elementor-element-populated\">\n\t\t\t\t\t\t<div class=\"elementor-element elementor-element-f368a8f elementor-widget elementor-widget-text-editor\" data-id=\"f368a8f\" data-element_type=\"widget\" data-widget_type=\"text-editor.default\">\n\t\t\t\t<div class=\"elementor-widget-container\">\n\t\t\t\t\t\t\t\t\t<div class=\"small-9 columns sp-contenu\"><div class=\"group-row-niv-3a row\"><div class=\"small-12 columns gcs-gallery\"><div class=\"view view-mahe-gallery view-id-mahe_gallery view-display-id-block view-dom-id-0496fc13d38060152af466e4f4d094f9\"><div class=\"view-content\"><div class=\"first-image affichage-image-1 slick-initialized slick-slider\"><div class=\"slick-list draggable\"><div class=\"slick-track\"><div class=\"slickcontainer slick-slide slick-current slick-active\" tabindex=\"0\" data-slick-index=\"0\" aria-hidden=\"false\"><div class=\"carousel\"><div class=\"caption\">CR\u00c9ATION RENCONTRES D&rsquo;\u00c9T\u00c9 DE LA CH\u00c2RTREUSE 2021\u00a0<br \/>REPRISE MC 93 janvier 2022<\/div><div>\u00a0<\/div><div class=\"caption\"><strong>Adaptation et mise en sc\u00e8ne<\/strong> Laurent Sauvage<\/div><\/div><\/div><\/div><\/div><\/div><\/div><\/div><\/div><\/div><div class=\"group-row-niv-3b row\"><div class=\"small-12 medium-8 columns sp-textes\"><div class=\"tabs-content\"><div id=\"G_n_rique\" class=\"g_n_rique content active\" aria-hidden=\"false\"><div class=\"required-fields group-generiquemobile field-group-html-element\" aria-hidden=\"true\"><div class=\"generique production\"><p><strong>Texte<\/strong>\u00a0<em>Aden Arabie<\/em>\u00a0de Paul Nizan<br \/><strong>Avec<\/strong> \u00c9ric Pifeteau, Laurent Sauvage<br \/><span style=\"font-style: inherit; font-weight: inherit; color: var( --e-global-color-text ); background-color: var(--ast-global-color-8);\"><strong>Musique originale<\/strong> \u00c9ric Pifeteau<br \/><\/span><span style=\"font-style: inherit; font-weight: inherit; color: var( --e-global-color-text ); background-color: var(--ast-global-color-8);\"><strong>Lumi\u00e8re<\/strong> L\u00e9o Garnier<\/span><\/p><\/div><\/div><\/div><\/div><\/div><\/div><\/div>\t\t\t\t\t\t\t\t<\/div>\n\t\t\t\t<\/div>\n\t\t\t\t\t<\/div>\n\t\t<\/div>\n\t\t\t\t\t<\/div>\n\t\t<\/section>\n\t\t\t\t<section class=\"elementor-section elementor-top-section elementor-element elementor-element-68497a7 elementor-section-boxed elementor-section-height-default elementor-section-height-default\" data-id=\"68497a7\" data-element_type=\"section\">\n\t\t\t\t\t\t<div class=\"elementor-container elementor-column-gap-default\">\n\t\t\t\t\t<div class=\"elementor-column elementor-col-100 elementor-top-column elementor-element elementor-element-7f4e3c0\" data-id=\"7f4e3c0\" data-element_type=\"column\">\n\t\t\t<div class=\"elementor-widget-wrap elementor-element-populated\">\n\t\t\t\t\t\t<div class=\"elementor-element elementor-element-eb0a43f elementor-widget elementor-widget-text-editor\" data-id=\"eb0a43f\" data-element_type=\"widget\" data-widget_type=\"text-editor.default\">\n\t\t\t\t<div class=\"elementor-widget-container\">\n\t\t\t\t\t\t\t\t\t<p><strong>Production<\/strong> \u00c0 l&rsquo;approche des \u00e9toiles<br \/>Avec le soutien du Man\u00e8ge &#8211; Sc\u00e8ne Nationale de Maubeuge<br \/>MC93 &#8211; Maison de la Culture de Seine-Saint-Denis<br \/>Cr\u00e9ation aux Rencontres d&rsquo;\u00e9t\u00e9 de la Chartreuse &#8211;<span style=\"font-style: inherit; font-weight: inherit; color: var( --e-global-color-text ); background-color: var(--ast-global-color-8);\">Villeneuve-les-<\/span><span style=\"font-style: inherit; font-weight: inherit; color: var( --e-global-color-text ); background-color: var(--ast-global-color-8);\">Avignon juillet 2021<\/span><\/p>\t\t\t\t\t\t\t\t<\/div>\n\t\t\t\t<\/div>\n\t\t\t\t\t<\/div>\n\t\t<\/div>\n\t\t\t\t\t<\/div>\n\t\t<\/section>\n\t\t\t\t<\/div>\n\t\t","protected":false},"excerpt":{"rendered":"<p>J&rsquo;avais vingt ans La Chartreuse &#8211; juillet 2021 Photographie Alex NOLLET CR\u00c9ATION RENCONTRES D&rsquo;\u00c9T\u00c9 DE LA CH\u00c2RTREUSE 2021\u00a0REPRISE MC 93 janvier 2022\u00a0Adaptation et mise en sc\u00e8ne Laurent Sauvage Texte\u00a0Aden Arabie\u00a0de Paul NizanAvec \u00c9ric Pifeteau, Laurent SauvageMusique originale \u00c9ric PifeteauLumi\u00e8re L\u00e9o Garnier Production \u00c0 l&rsquo;approche des \u00e9toilesAvec le soutien du Man\u00e8ge &#8211; Sc\u00e8ne Nationale de MaubeugeMC93 [&hellip;]<\/p>\n","protected":false},"author":1,"featured_media":0,"parent":0,"menu_order":0,"comment_status":"closed","ping_status":"closed","template":"","meta":{"footnotes":""},"class_list":["post-144","page","type-page","status-publish","hentry"],"yoast_head":"<!-- This site is optimized with the Yoast SEO plugin v27.4 - https:\/\/yoast.com\/product\/yoast-seo-wordpress\/ -->\n<title>Laurent Sauvage - J&#039;avais 20 ans - L\u00e9o Garnier<\/title>\n<meta name=\"description\" content=\"Laurent Sauvage met en sc\u00e8ne un extrait de Aden Arabie de Paul Nizan - Lumi\u00e8re L\u00e9o Garnier - MC93 \/ La Chartreuse de Villeneuve-lez-avignon\" \/>\n<meta name=\"robots\" content=\"index, follow, max-snippet:-1, max-image-preview:large, max-video-preview:-1\" \/>\n<link rel=\"canonical\" href=\"https:\/\/leogarnier.com\/index.php\/javais-20-ans\/\" \/>\n<meta property=\"og:locale\" content=\"fr_FR\" \/>\n<meta property=\"og:type\" content=\"article\" \/>\n<meta property=\"og:title\" content=\"Laurent Sauvage - J&#039;avais 20 ans - L\u00e9o Garnier\" \/>\n<meta property=\"og:description\" content=\"Laurent Sauvage met en sc\u00e8ne un extrait de Aden Arabie de Paul Nizan - Lumi\u00e8re L\u00e9o Garnier - MC93 \/ La Chartreuse de Villeneuve-lez-avignon\" \/>\n<meta property=\"og:url\" content=\"https:\/\/leogarnier.com\/index.php\/javais-20-ans\/\" \/>\n<meta property=\"og:site_name\" content=\"L\u00e9o Garnier\" \/>\n<meta property=\"article:publisher\" content=\"https:\/\/www.facebook.com\/leo.garnier.102\/\" \/>\n<meta property=\"article:modified_time\" content=\"2025-07-02T20:26:38+00:00\" \/>\n<meta property=\"og:image\" content=\"https:\/\/leogarnier.com\/wp-content\/uploads\/2022\/07\/adenarabie-juillet2021calexnollet-4022-2-768x768.jpg\" \/>\n<meta name=\"twitter:card\" content=\"summary_large_image\" \/>\n<meta name=\"twitter:label1\" content=\"Dur\u00e9e de lecture estim\u00e9e\" \/>\n\t<meta name=\"twitter:data1\" content=\"2 minutes\" \/>\n<script type=\"application\/ld+json\" class=\"yoast-schema-graph\">{\"@context\":\"https:\\\/\\\/schema.org\",\"@graph\":[{\"@type\":\"WebPage\",\"@id\":\"https:\\\/\\\/leogarnier.com\\\/index.php\\\/javais-20-ans\\\/\",\"url\":\"https:\\\/\\\/leogarnier.com\\\/index.php\\\/javais-20-ans\\\/\",\"name\":\"Laurent Sauvage - J'avais 20 ans - L\u00e9o Garnier\",\"isPartOf\":{\"@id\":\"https:\\\/\\\/leogarnier.com\\\/#website\"},\"primaryImageOfPage\":{\"@id\":\"https:\\\/\\\/leogarnier.com\\\/index.php\\\/javais-20-ans\\\/#primaryimage\"},\"image\":{\"@id\":\"https:\\\/\\\/leogarnier.com\\\/index.php\\\/javais-20-ans\\\/#primaryimage\"},\"thumbnailUrl\":\"https:\\\/\\\/leogarnier.com\\\/wp-content\\\/uploads\\\/2022\\\/07\\\/adenarabie-juillet2021calexnollet-4022-2-768x768.jpg\",\"datePublished\":\"2022-07-10T13:22:12+00:00\",\"dateModified\":\"2025-07-02T20:26:38+00:00\",\"description\":\"Laurent Sauvage met en sc\u00e8ne un extrait de Aden Arabie de Paul Nizan - Lumi\u00e8re L\u00e9o Garnier - MC93 \\\/ La Chartreuse de Villeneuve-lez-avignon\",\"breadcrumb\":{\"@id\":\"https:\\\/\\\/leogarnier.com\\\/index.php\\\/javais-20-ans\\\/#breadcrumb\"},\"inLanguage\":\"fr-FR\",\"potentialAction\":[{\"@type\":\"ReadAction\",\"target\":[\"https:\\\/\\\/leogarnier.com\\\/index.php\\\/javais-20-ans\\\/\"]}]},{\"@type\":\"ImageObject\",\"inLanguage\":\"fr-FR\",\"@id\":\"https:\\\/\\\/leogarnier.com\\\/index.php\\\/javais-20-ans\\\/#primaryimage\",\"url\":\"https:\\\/\\\/leogarnier.com\\\/wp-content\\\/uploads\\\/2022\\\/07\\\/adenarabie-juillet2021calexnollet-4022-2.jpg\",\"contentUrl\":\"https:\\\/\\\/leogarnier.com\\\/wp-content\\\/uploads\\\/2022\\\/07\\\/adenarabie-juillet2021calexnollet-4022-2.jpg\",\"width\":1500,\"height\":1500,\"caption\":\"Eclairage exterieur\"},{\"@type\":\"BreadcrumbList\",\"@id\":\"https:\\\/\\\/leogarnier.com\\\/index.php\\\/javais-20-ans\\\/#breadcrumb\",\"itemListElement\":[{\"@type\":\"ListItem\",\"position\":1,\"name\":\"Accueil\",\"item\":\"https:\\\/\\\/leogarnier.com\\\/\"},{\"@type\":\"ListItem\",\"position\":2,\"name\":\"J&rsquo;avais 20 ans\"}]},{\"@type\":\"WebSite\",\"@id\":\"https:\\\/\\\/leogarnier.com\\\/#website\",\"url\":\"https:\\\/\\\/leogarnier.com\\\/\",\"name\":\"L\u00e9o Garnier\",\"description\":\"\u00c9clairagiste\",\"publisher\":{\"@id\":\"https:\\\/\\\/leogarnier.com\\\/#\\\/schema\\\/person\\\/9caf54ec40390ce3fa693f0b1acd3190\"},\"potentialAction\":[{\"@type\":\"SearchAction\",\"target\":{\"@type\":\"EntryPoint\",\"urlTemplate\":\"https:\\\/\\\/leogarnier.com\\\/?s={search_term_string}\"},\"query-input\":{\"@type\":\"PropertyValueSpecification\",\"valueRequired\":true,\"valueName\":\"search_term_string\"}}],\"inLanguage\":\"fr-FR\"},{\"@type\":[\"Person\",\"Organization\"],\"@id\":\"https:\\\/\\\/leogarnier.com\\\/#\\\/schema\\\/person\\\/9caf54ec40390ce3fa693f0b1acd3190\",\"name\":\"L\u00e9o\",\"image\":{\"@type\":\"ImageObject\",\"inLanguage\":\"fr-FR\",\"@id\":\"https:\\\/\\\/leogarnier.com\\\/wp-content\\\/uploads\\\/2022\\\/09\\\/Leo9.png\",\"url\":\"https:\\\/\\\/leogarnier.com\\\/wp-content\\\/uploads\\\/2022\\\/09\\\/Leo9.png\",\"contentUrl\":\"https:\\\/\\\/leogarnier.com\\\/wp-content\\\/uploads\\\/2022\\\/09\\\/Leo9.png\",\"width\":1148,\"height\":825,\"caption\":\"L\u00e9o\"},\"logo\":{\"@id\":\"https:\\\/\\\/leogarnier.com\\\/wp-content\\\/uploads\\\/2022\\\/09\\\/Leo9.png\"},\"sameAs\":[\"http:\\\/\\\/leogarnier.com\",\"https:\\\/\\\/www.facebook.com\\\/leo.garnier.102\\\/\",\"https:\\\/\\\/www.instagram.com\\\/garnierleo\\\/\"]}]}<\/script>\n<!-- \/ Yoast SEO plugin. -->","yoast_head_json":{"title":"Laurent Sauvage - J'avais 20 ans - L\u00e9o Garnier","description":"Laurent Sauvage met en sc\u00e8ne un extrait de Aden Arabie de Paul Nizan - Lumi\u00e8re L\u00e9o Garnier - MC93 \/ La Chartreuse de Villeneuve-lez-avignon","robots":{"index":"index","follow":"follow","max-snippet":"max-snippet:-1","max-image-preview":"max-image-preview:large","max-video-preview":"max-video-preview:-1"},"canonical":"https:\/\/leogarnier.com\/index.php\/javais-20-ans\/","og_locale":"fr_FR","og_type":"article","og_title":"Laurent Sauvage - J'avais 20 ans - L\u00e9o Garnier","og_description":"Laurent Sauvage met en sc\u00e8ne un extrait de Aden Arabie de Paul Nizan - Lumi\u00e8re L\u00e9o Garnier - MC93 \/ La Chartreuse de Villeneuve-lez-avignon","og_url":"https:\/\/leogarnier.com\/index.php\/javais-20-ans\/","og_site_name":"L\u00e9o Garnier","article_publisher":"https:\/\/www.facebook.com\/leo.garnier.102\/","article_modified_time":"2025-07-02T20:26:38+00:00","og_image":[{"url":"https:\/\/leogarnier.com\/wp-content\/uploads\/2022\/07\/adenarabie-juillet2021calexnollet-4022-2-768x768.jpg","type":"","width":"","height":""}],"twitter_card":"summary_large_image","twitter_misc":{"Dur\u00e9e de lecture estim\u00e9e":"2 minutes"},"schema":{"@context":"https:\/\/schema.org","@graph":[{"@type":"WebPage","@id":"https:\/\/leogarnier.com\/index.php\/javais-20-ans\/","url":"https:\/\/leogarnier.com\/index.php\/javais-20-ans\/","name":"Laurent Sauvage - J'avais 20 ans - L\u00e9o Garnier","isPartOf":{"@id":"https:\/\/leogarnier.com\/#website"},"primaryImageOfPage":{"@id":"https:\/\/leogarnier.com\/index.php\/javais-20-ans\/#primaryimage"},"image":{"@id":"https:\/\/leogarnier.com\/index.php\/javais-20-ans\/#primaryimage"},"thumbnailUrl":"https:\/\/leogarnier.com\/wp-content\/uploads\/2022\/07\/adenarabie-juillet2021calexnollet-4022-2-768x768.jpg","datePublished":"2022-07-10T13:22:12+00:00","dateModified":"2025-07-02T20:26:38+00:00","description":"Laurent Sauvage met en sc\u00e8ne un extrait de Aden Arabie de Paul Nizan - Lumi\u00e8re L\u00e9o Garnier - MC93 \/ La Chartreuse de Villeneuve-lez-avignon","breadcrumb":{"@id":"https:\/\/leogarnier.com\/index.php\/javais-20-ans\/#breadcrumb"},"inLanguage":"fr-FR","potentialAction":[{"@type":"ReadAction","target":["https:\/\/leogarnier.com\/index.php\/javais-20-ans\/"]}]},{"@type":"ImageObject","inLanguage":"fr-FR","@id":"https:\/\/leogarnier.com\/index.php\/javais-20-ans\/#primaryimage","url":"https:\/\/leogarnier.com\/wp-content\/uploads\/2022\/07\/adenarabie-juillet2021calexnollet-4022-2.jpg","contentUrl":"https:\/\/leogarnier.com\/wp-content\/uploads\/2022\/07\/adenarabie-juillet2021calexnollet-4022-2.jpg","width":1500,"height":1500,"caption":"Eclairage exterieur"},{"@type":"BreadcrumbList","@id":"https:\/\/leogarnier.com\/index.php\/javais-20-ans\/#breadcrumb","itemListElement":[{"@type":"ListItem","position":1,"name":"Accueil","item":"https:\/\/leogarnier.com\/"},{"@type":"ListItem","position":2,"name":"J&rsquo;avais 20 ans"}]},{"@type":"WebSite","@id":"https:\/\/leogarnier.com\/#website","url":"https:\/\/leogarnier.com\/","name":"L\u00e9o Garnier","description":"\u00c9clairagiste","publisher":{"@id":"https:\/\/leogarnier.com\/#\/schema\/person\/9caf54ec40390ce3fa693f0b1acd3190"},"potentialAction":[{"@type":"SearchAction","target":{"@type":"EntryPoint","urlTemplate":"https:\/\/leogarnier.com\/?s={search_term_string}"},"query-input":{"@type":"PropertyValueSpecification","valueRequired":true,"valueName":"search_term_string"}}],"inLanguage":"fr-FR"},{"@type":["Person","Organization"],"@id":"https:\/\/leogarnier.com\/#\/schema\/person\/9caf54ec40390ce3fa693f0b1acd3190","name":"L\u00e9o","image":{"@type":"ImageObject","inLanguage":"fr-FR","@id":"https:\/\/leogarnier.com\/wp-content\/uploads\/2022\/09\/Leo9.png","url":"https:\/\/leogarnier.com\/wp-content\/uploads\/2022\/09\/Leo9.png","contentUrl":"https:\/\/leogarnier.com\/wp-content\/uploads\/2022\/09\/Leo9.png","width":1148,"height":825,"caption":"L\u00e9o"},"logo":{"@id":"https:\/\/leogarnier.com\/wp-content\/uploads\/2022\/09\/Leo9.png"},"sameAs":["http:\/\/leogarnier.com","https:\/\/www.facebook.com\/leo.garnier.102\/","https:\/\/www.instagram.com\/garnierleo\/"]}]}},"_links":{"self":[{"href":"https:\/\/leogarnier.com\/index.php\/wp-json\/wp\/v2\/pages\/144","targetHints":{"allow":["GET"]}}],"collection":[{"href":"https:\/\/leogarnier.com\/index.php\/wp-json\/wp\/v2\/pages"}],"about":[{"href":"https:\/\/leogarnier.com\/index.php\/wp-json\/wp\/v2\/types\/page"}],"author":[{"embeddable":true,"href":"https:\/\/leogarnier.com\/index.php\/wp-json\/wp\/v2\/users\/1"}],"replies":[{"embeddable":true,"href":"https:\/\/leogarnier.com\/index.php\/wp-json\/wp\/v2\/comments?post=144"}],"version-history":[{"count":76,"href":"https:\/\/leogarnier.com\/index.php\/wp-json\/wp\/v2\/pages\/144\/revisions"}],"predecessor-version":[{"id":2496,"href":"https:\/\/leogarnier.com\/index.php\/wp-json\/wp\/v2\/pages\/144\/revisions\/2496"}],"wp:attachment":[{"href":"https:\/\/leogarnier.com\/index.php\/wp-json\/wp\/v2\/media?parent=144"}],"curies":[{"name":"wp","href":"https:\/\/api.w.org\/{rel}","templated":true}]}}