{"id":152,"date":"2022-07-10T15:24:20","date_gmt":"2022-07-10T13:24:20","guid":{"rendered":"https:\/\/leogarnier.com\/?page_id=152"},"modified":"2025-07-02T22:21:14","modified_gmt":"2025-07-02T20:21:14","slug":"histoire-du-proche-orient","status":"publish","type":"page","link":"https:\/\/leogarnier.com\/index.php\/histoire-du-proche-orient\/","title":{"rendered":"Histoire subjective du proche Orient"},"content":{"rendered":"\t\t<div data-elementor-type=\"wp-page\" data-elementor-id=\"152\" class=\"elementor elementor-152\">\n\t\t\t\t\t\t<section class=\"elementor-section elementor-top-section elementor-element elementor-element-8d339be elementor-section-boxed elementor-section-height-default elementor-section-height-default\" data-id=\"8d339be\" data-element_type=\"section\">\n\t\t\t\t\t\t<div class=\"elementor-container elementor-column-gap-default\">\n\t\t\t\t\t<div class=\"elementor-column elementor-col-100 elementor-top-column elementor-element elementor-element-ae78e23\" data-id=\"ae78e23\" data-element_type=\"column\">\n\t\t\t<div class=\"elementor-widget-wrap elementor-element-populated\">\n\t\t\t\t\t\t<div class=\"elementor-element elementor-element-0e57fc4 elementor-widget elementor-widget-text-editor\" data-id=\"0e57fc4\" data-element_type=\"widget\" data-widget_type=\"text-editor.default\">\n\t\t\t\t<div class=\"elementor-widget-container\">\n\t\t\t\t\t\t\t\t\t<p>Beyrouth ou bon r\u00e9veil \u00e0 vous!<\/p>\t\t\t\t\t\t\t\t<\/div>\n\t\t\t\t<\/div>\n\t\t\t\t\t<\/div>\n\t\t<\/div>\n\t\t\t\t\t<\/div>\n\t\t<\/section>\n\t\t\t\t<section class=\"elementor-section elementor-top-section elementor-element elementor-element-4ff800e elementor-section-boxed elementor-section-height-default elementor-section-height-default\" data-id=\"4ff800e\" data-element_type=\"section\">\n\t\t\t\t\t\t<div class=\"elementor-container elementor-column-gap-default\">\n\t\t\t\t\t<div class=\"elementor-column elementor-col-100 elementor-top-column elementor-element elementor-element-450da74\" data-id=\"450da74\" data-element_type=\"column\">\n\t\t\t<div class=\"elementor-widget-wrap elementor-element-populated\">\n\t\t\t\t\t\t<div class=\"elementor-element elementor-element-fb0a61e elementor-widget elementor-widget-text-editor\" data-id=\"fb0a61e\" data-element_type=\"widget\" data-widget_type=\"text-editor.default\">\n\t\t\t\t<div class=\"elementor-widget-container\">\n\t\t\t\t\t\t\t\t\t<p>J\u00e9rusalem, premiers pas sur la lune<\/p>\t\t\t\t\t\t\t\t<\/div>\n\t\t\t\t<\/div>\n\t\t\t\t\t<\/div>\n\t\t<\/div>\n\t\t\t\t\t<\/div>\n\t\t<\/section>\n\t\t\t\t<section class=\"elementor-section elementor-top-section elementor-element elementor-element-0c0277b elementor-section-boxed elementor-section-height-default elementor-section-height-default\" data-id=\"0c0277b\" data-element_type=\"section\">\n\t\t\t\t\t\t<div class=\"elementor-container elementor-column-gap-default\">\n\t\t\t\t\t<div class=\"elementor-column elementor-col-100 elementor-top-column elementor-element elementor-element-65e1884\" data-id=\"65e1884\" data-element_type=\"column\">\n\t\t\t<div class=\"elementor-widget-wrap elementor-element-populated\">\n\t\t\t\t\t\t<div class=\"elementor-element elementor-element-f1482f3 elementor-widget elementor-widget-text-editor\" data-id=\"f1482f3\" data-element_type=\"widget\" data-widget_type=\"text-editor.default\">\n\t\t\t\t<div class=\"elementor-widget-container\">\n\t\t\t\t\t\t\t\t\t<p>Th\u00e9\u00e2tre Jean-Vilar de Vitry &#8211; avril 2022<\/p>\t\t\t\t\t\t\t\t<\/div>\n\t\t\t\t<\/div>\n\t\t\t\t\t<\/div>\n\t\t<\/div>\n\t\t\t\t\t<\/div>\n\t\t<\/section>\n\t\t\t\t<section class=\"elementor-section elementor-top-section elementor-element elementor-element-53331ed elementor-section-boxed elementor-section-height-default elementor-section-height-default\" data-id=\"53331ed\" data-element_type=\"section\">\n\t\t\t\t\t\t<div class=\"elementor-container elementor-column-gap-default\">\n\t\t\t\t\t<div class=\"elementor-column elementor-col-100 elementor-top-column elementor-element elementor-element-135f0c3\" data-id=\"135f0c3\" data-element_type=\"column\">\n\t\t\t<div class=\"elementor-widget-wrap elementor-element-populated\">\n\t\t\t\t\t\t<div class=\"elementor-element elementor-element-f470e34 elementor-widget elementor-widget-image\" data-id=\"f470e34\" data-element_type=\"widget\" data-widget_type=\"image.default\">\n\t\t\t\t<div class=\"elementor-widget-container\">\n\t\t\t\t\t\t\t\t\t\t\t\t\t\t\t\t<a href=\"https:\/\/leogarnier.com\/index.php\/histoire-du-proche-orient\/000-histoire-subjective-du-proche-orient\/\">\n\t\t\t\t\t\t\t<img fetchpriority=\"high\" decoding=\"async\" width=\"768\" height=\"432\" src=\"https:\/\/leogarnier.com\/wp-content\/uploads\/2022\/07\/Beyrouth-5-768x432.jpg\" class=\"attachment-medium_large size-medium_large wp-image-495\" alt=\"Lumi\u00e8re chaude\" srcset=\"https:\/\/leogarnier.com\/wp-content\/uploads\/2022\/07\/Beyrouth-5-768x432.jpg 768w, https:\/\/leogarnier.com\/wp-content\/uploads\/2022\/07\/Beyrouth-5-300x169.jpg 300w, https:\/\/leogarnier.com\/wp-content\/uploads\/2022\/07\/Beyrouth-5-1024x576.jpg 1024w, https:\/\/leogarnier.com\/wp-content\/uploads\/2022\/07\/Beyrouth-5-1536x864.jpg 1536w, https:\/\/leogarnier.com\/wp-content\/uploads\/2022\/07\/Beyrouth-5.jpg 1600w\" sizes=\"(max-width: 768px) 100vw, 768px\" \/>\t\t\t\t\t\t\t\t<\/a>\n\t\t\t\t\t\t\t\t\t\t\t\t\t\t\t<\/div>\n\t\t\t\t<\/div>\n\t\t\t\t\t<\/div>\n\t\t<\/div>\n\t\t\t\t\t<\/div>\n\t\t<\/section>\n\t\t\t\t<section class=\"elementor-section elementor-top-section elementor-element elementor-element-dffccd4 elementor-section-boxed elementor-section-height-default elementor-section-height-default\" data-id=\"dffccd4\" data-element_type=\"section\">\n\t\t\t\t\t\t<div class=\"elementor-container elementor-column-gap-default\">\n\t\t\t\t\t<div class=\"elementor-column elementor-col-100 elementor-top-column elementor-element elementor-element-22023af\" data-id=\"22023af\" data-element_type=\"column\">\n\t\t\t<div class=\"elementor-widget-wrap elementor-element-populated\">\n\t\t\t\t\t\t<div class=\"elementor-element elementor-element-bed0fc8 elementor-widget elementor-widget-image\" data-id=\"bed0fc8\" data-element_type=\"widget\" data-widget_type=\"image.default\">\n\t\t\t\t<div class=\"elementor-widget-container\">\n\t\t\t\t\t\t\t\t\t\t\t\t\t\t\t\t<a href=\"https:\/\/leogarnier.com\/index.php\/histoire-du-proche-orient\/003-histoire-subjective-du-proche-orient\/\">\n\t\t\t\t\t\t\t<img decoding=\"async\" width=\"768\" height=\"432\" src=\"https:\/\/leogarnier.com\/wp-content\/uploads\/2022\/07\/Jerusalem-14-768x432.jpg\" class=\"attachment-medium_large size-medium_large wp-image-510\" alt=\"Lat\u00e9raux et contre jour\" srcset=\"https:\/\/leogarnier.com\/wp-content\/uploads\/2022\/07\/Jerusalem-14-768x432.jpg 768w, https:\/\/leogarnier.com\/wp-content\/uploads\/2022\/07\/Jerusalem-14-300x169.jpg 300w, https:\/\/leogarnier.com\/wp-content\/uploads\/2022\/07\/Jerusalem-14-1024x576.jpg 1024w, https:\/\/leogarnier.com\/wp-content\/uploads\/2022\/07\/Jerusalem-14-1536x864.jpg 1536w, https:\/\/leogarnier.com\/wp-content\/uploads\/2022\/07\/Jerusalem-14.jpg 1600w\" sizes=\"(max-width: 768px) 100vw, 768px\" \/>\t\t\t\t\t\t\t\t<\/a>\n\t\t\t\t\t\t\t\t\t\t\t\t\t\t\t<\/div>\n\t\t\t\t<\/div>\n\t\t\t\t\t<\/div>\n\t\t<\/div>\n\t\t\t\t\t<\/div>\n\t\t<\/section>\n\t\t\t\t<section class=\"elementor-section elementor-top-section elementor-element elementor-element-22f8cea elementor-section-boxed elementor-section-height-default elementor-section-height-default\" data-id=\"22f8cea\" data-element_type=\"section\">\n\t\t\t\t\t\t<div class=\"elementor-container elementor-column-gap-default\">\n\t\t\t\t\t<div class=\"elementor-column elementor-col-100 elementor-top-column elementor-element elementor-element-347084d\" data-id=\"347084d\" data-element_type=\"column\">\n\t\t\t<div class=\"elementor-widget-wrap elementor-element-populated\">\n\t\t\t\t\t\t<div class=\"elementor-element elementor-element-6687d8e elementor-widget elementor-widget-image\" data-id=\"6687d8e\" data-element_type=\"widget\" data-widget_type=\"image.default\">\n\t\t\t\t<div class=\"elementor-widget-container\">\n\t\t\t\t\t\t\t\t\t\t\t\t\t\t\t\t<a href=\"https:\/\/leogarnier.com\/index.php\/histoire-du-proche-orient\/004-histoire-subjective-du-proche-orient\/\">\n\t\t\t\t\t\t\t<img decoding=\"async\" width=\"768\" height=\"432\" src=\"https:\/\/leogarnier.com\/wp-content\/uploads\/2022\/07\/Jerusalem-18-768x432.jpg\" class=\"attachment-medium_large size-medium_large wp-image-513\" alt=\"Contraste avec \u00e9clairage lat\u00e9ral\" srcset=\"https:\/\/leogarnier.com\/wp-content\/uploads\/2022\/07\/Jerusalem-18-768x432.jpg 768w, https:\/\/leogarnier.com\/wp-content\/uploads\/2022\/07\/Jerusalem-18-300x169.jpg 300w, https:\/\/leogarnier.com\/wp-content\/uploads\/2022\/07\/Jerusalem-18-1024x576.jpg 1024w, https:\/\/leogarnier.com\/wp-content\/uploads\/2022\/07\/Jerusalem-18-1536x864.jpg 1536w, https:\/\/leogarnier.com\/wp-content\/uploads\/2022\/07\/Jerusalem-18.jpg 1600w\" sizes=\"(max-width: 768px) 100vw, 768px\" \/>\t\t\t\t\t\t\t\t<\/a>\n\t\t\t\t\t\t\t\t\t\t\t\t\t\t\t<\/div>\n\t\t\t\t<\/div>\n\t\t\t\t\t<\/div>\n\t\t<\/div>\n\t\t\t\t\t<\/div>\n\t\t<\/section>\n\t\t\t\t<section class=\"elementor-section elementor-top-section elementor-element elementor-element-3e31df4 elementor-section-boxed elementor-section-height-default elementor-section-height-default\" data-id=\"3e31df4\" data-element_type=\"section\">\n\t\t\t\t\t\t<div class=\"elementor-container elementor-column-gap-default\">\n\t\t\t\t\t<div class=\"elementor-column elementor-col-100 elementor-top-column elementor-element elementor-element-57efd32\" data-id=\"57efd32\" data-element_type=\"column\">\n\t\t\t<div class=\"elementor-widget-wrap elementor-element-populated\">\n\t\t\t\t\t\t<div class=\"elementor-element elementor-element-4c814c4 elementor-widget elementor-widget-image\" data-id=\"4c814c4\" data-element_type=\"widget\" data-widget_type=\"image.default\">\n\t\t\t\t<div class=\"elementor-widget-container\">\n\t\t\t\t\t\t\t\t\t\t\t\t\t\t\t\t<a href=\"https:\/\/leogarnier.com\/index.php\/histoire-du-proche-orient\/005-histoire-subjective-du-proche-orient\/\">\n\t\t\t\t\t\t\t<img loading=\"lazy\" decoding=\"async\" width=\"768\" height=\"432\" src=\"https:\/\/leogarnier.com\/wp-content\/uploads\/2022\/07\/Beyrouth-3-768x432.jpg\" class=\"attachment-medium_large size-medium_large wp-image-494\" alt=\"Contre jour - lumi\u00e8re dramatique\" srcset=\"https:\/\/leogarnier.com\/wp-content\/uploads\/2022\/07\/Beyrouth-3-768x432.jpg 768w, https:\/\/leogarnier.com\/wp-content\/uploads\/2022\/07\/Beyrouth-3-300x169.jpg 300w, https:\/\/leogarnier.com\/wp-content\/uploads\/2022\/07\/Beyrouth-3-1024x576.jpg 1024w, https:\/\/leogarnier.com\/wp-content\/uploads\/2022\/07\/Beyrouth-3-1536x864.jpg 1536w, https:\/\/leogarnier.com\/wp-content\/uploads\/2022\/07\/Beyrouth-3.jpg 1600w\" sizes=\"(max-width: 768px) 100vw, 768px\" \/>\t\t\t\t\t\t\t\t<\/a>\n\t\t\t\t\t\t\t\t\t\t\t\t\t\t\t<\/div>\n\t\t\t\t<\/div>\n\t\t\t\t\t<\/div>\n\t\t<\/div>\n\t\t\t\t\t<\/div>\n\t\t<\/section>\n\t\t\t\t<section class=\"elementor-section elementor-top-section elementor-element elementor-element-9438e1d elementor-section-boxed elementor-section-height-default elementor-section-height-default\" data-id=\"9438e1d\" data-element_type=\"section\">\n\t\t\t\t\t\t<div class=\"elementor-container elementor-column-gap-default\">\n\t\t\t\t\t<div class=\"elementor-column elementor-col-100 elementor-top-column elementor-element elementor-element-c75dcc8 elementor-invisible\" data-id=\"c75dcc8\" data-element_type=\"column\" data-settings=\"{&quot;animation&quot;:&quot;lightSpeedIn&quot;}\">\n\t\t\t<div class=\"elementor-widget-wrap elementor-element-populated\">\n\t\t\t\t\t\t<div class=\"elementor-element elementor-element-ceffd53 elementor-button-info elementor-invisible elementor-widget elementor-widget-button\" data-id=\"ceffd53\" data-element_type=\"widget\" data-settings=\"{&quot;_animation&quot;:&quot;lightSpeedIn&quot;}\" data-widget_type=\"button.default\">\n\t\t\t\t<div class=\"elementor-widget-container\">\n\t\t\t\t\t\t\t\t\t<div class=\"elementor-button-wrapper\">\n\t\t\t\t\t<a class=\"elementor-button elementor-button-link elementor-size-xs elementor-animation-grow\" href=\"https:\/\/leogarnier.com\/index.php\/maquettes-3d\/maquettes-histoire-du-proche-orient\/\">\n\t\t\t\t\t\t<span class=\"elementor-button-content-wrapper\">\n\t\t\t\t\t\t<span class=\"elementor-button-icon\">\n\t\t\t\t<i aria-hidden=\"true\" class=\"fas fa-tv\"><\/i>\t\t\t<\/span>\n\t\t\t\t\t\t\t\t\t<span class=\"elementor-button-text\">Maquettes 3D<\/span>\n\t\t\t\t\t<\/span>\n\t\t\t\t\t<\/a>\n\t\t\t\t<\/div>\n\t\t\t\t\t\t\t\t<\/div>\n\t\t\t\t<\/div>\n\t\t\t\t\t<\/div>\n\t\t<\/div>\n\t\t\t\t\t<\/div>\n\t\t<\/section>\n\t\t\t\t<section class=\"elementor-section elementor-top-section elementor-element elementor-element-a112ea7 elementor-section-boxed elementor-section-height-default elementor-section-height-default\" data-id=\"a112ea7\" data-element_type=\"section\">\n\t\t\t\t\t\t<div class=\"elementor-container elementor-column-gap-default\">\n\t\t\t\t\t<div class=\"elementor-column elementor-col-100 elementor-top-column elementor-element elementor-element-8d4a0e4\" data-id=\"8d4a0e4\" data-element_type=\"column\">\n\t\t\t<div class=\"elementor-widget-wrap elementor-element-populated\">\n\t\t\t\t\t\t<div class=\"elementor-element elementor-element-73d784b elementor-widget elementor-widget-text-editor\" data-id=\"73d784b\" data-element_type=\"widget\" data-widget_type=\"text-editor.default\">\n\t\t\t\t<div class=\"elementor-widget-container\">\n\t\t\t\t\t\t\t\t\t<p>CR\u00c9ATION TH\u00c9\u00c2TRE JEAN-VILAR 2022<\/p><p><strong>Texte et interpr\u00e9tation<\/strong> Lauren Houda Hussein<br \/><strong>Mise en sc\u00e8ne<\/strong> Ido Shaked<br \/><strong>Musique<\/strong> Hussam Aliwat<br \/><strong>Lumi\u00e8re<\/strong> L\u00e9o Garnier<\/p>\t\t\t\t\t\t\t\t<\/div>\n\t\t\t\t<\/div>\n\t\t\t\t\t<\/div>\n\t\t<\/div>\n\t\t\t\t\t<\/div>\n\t\t<\/section>\n\t\t\t\t<section class=\"elementor-section elementor-top-section elementor-element elementor-element-5c787a4 elementor-section-boxed elementor-section-height-default elementor-section-height-default\" data-id=\"5c787a4\" data-element_type=\"section\">\n\t\t\t\t\t\t<div class=\"elementor-container elementor-column-gap-default\">\n\t\t\t\t\t<div class=\"elementor-column elementor-col-100 elementor-top-column elementor-element elementor-element-79b61d1\" data-id=\"79b61d1\" data-element_type=\"column\">\n\t\t\t<div class=\"elementor-widget-wrap elementor-element-populated\">\n\t\t\t\t\t\t<div class=\"elementor-element elementor-element-75e490a elementor-widget elementor-widget-text-editor\" data-id=\"75e490a\" data-element_type=\"widget\" data-widget_type=\"text-editor.default\">\n\t\t\t\t<div class=\"elementor-widget-container\">\n\t\t\t\t\t\t\t\t\t<p><span style=\"font-style: inherit; font-weight: inherit; color: var( --e-global-color-text ); background-color: var(--ast-global-color-8);\"><strong>Production<\/strong> Th\u00e9\u00e2tr<\/span><span style=\"background-color: var(--ast-global-color-8); color: var( --e-global-color-text ); font-style: inherit; font-weight: inherit;\">e\u00a0<\/span><span style=\"background-color: var(--ast-global-color-8); color: var( --e-global-color-text ); font-style: inherit; font-weight: inherit;\">M\u00e2jaz\u00a0<\/span><span style=\"background-color: var(--ast-global-color-8); color: var( --e-global-color-text ); font-style: inherit; font-weight: inherit;\">en <strong>coproduction<\/strong> avec le Th\u00e9\u00e2tre Jean Vilar\u00a0<br \/><\/span>et le soutien du Th\u00e9\u00e2tre des Quartiers d&rsquo;Ivry,\u00a0<span style=\"background-color: var(--ast-global-color-8); color: var( --e-global-color-text ); font-style: inherit; font-weight: inherit;\">C.D.N. du Val-de Marne<\/span><\/p>\t\t\t\t\t\t\t\t<\/div>\n\t\t\t\t<\/div>\n\t\t\t\t\t<\/div>\n\t\t<\/div>\n\t\t\t\t\t<\/div>\n\t\t<\/section>\n\t\t\t\t<\/div>\n\t\t","protected":false},"excerpt":{"rendered":"<p>Beyrouth ou bon r\u00e9veil \u00e0 vous! J\u00e9rusalem, premiers pas sur la lune Th\u00e9\u00e2tre Jean-Vilar de Vitry &#8211; avril 2022 Maquettes 3D CR\u00c9ATION TH\u00c9\u00c2TRE JEAN-VILAR 2022 Texte et interpr\u00e9tation Lauren Houda HusseinMise en sc\u00e8ne Ido ShakedMusique Hussam AliwatLumi\u00e8re L\u00e9o Garnier Production Th\u00e9\u00e2tre\u00a0M\u00e2jaz\u00a0en coproduction avec le Th\u00e9\u00e2tre Jean Vilar\u00a0et le soutien du Th\u00e9\u00e2tre des Quartiers d&rsquo;Ivry,\u00a0C.D.N. du [&hellip;]<\/p>\n","protected":false},"author":1,"featured_media":0,"parent":0,"menu_order":0,"comment_status":"closed","ping_status":"closed","template":"","meta":{"footnotes":""},"class_list":["post-152","page","type-page","status-publish","hentry"],"yoast_head":"<!-- This site is optimized with the Yoast SEO plugin v27.4 - https:\/\/yoast.com\/product\/yoast-seo-wordpress\/ -->\n<title>Th\u00e9\u00e2tre M\u00e2jaz - Histoire subjective du proche Orient - L\u00e9o Garnier<\/title>\n<meta name=\"description\" content=\"Th\u00e9\u00e2tre Majaz - Histoire Subjective du proche Orient - Texte Lauren Houda Hussein - Mise en sc\u00e8ne Ido Shaked - Lumi\u00e8re L\u00e9o Garnier\" \/>\n<meta name=\"robots\" content=\"index, follow, max-snippet:-1, max-image-preview:large, max-video-preview:-1\" \/>\n<link rel=\"canonical\" href=\"https:\/\/leogarnier.com\/index.php\/histoire-du-proche-orient\/\" \/>\n<meta property=\"og:locale\" content=\"fr_FR\" \/>\n<meta property=\"og:type\" content=\"article\" \/>\n<meta property=\"og:title\" content=\"Th\u00e9\u00e2tre M\u00e2jaz - Histoire subjective du proche Orient - L\u00e9o Garnier\" \/>\n<meta property=\"og:description\" content=\"Th\u00e9\u00e2tre Majaz - Histoire Subjective du proche Orient - Texte Lauren Houda Hussein - Mise en sc\u00e8ne Ido Shaked - Lumi\u00e8re L\u00e9o Garnier\" \/>\n<meta property=\"og:url\" content=\"https:\/\/leogarnier.com\/index.php\/histoire-du-proche-orient\/\" \/>\n<meta property=\"og:site_name\" content=\"L\u00e9o Garnier\" \/>\n<meta property=\"article:publisher\" content=\"https:\/\/www.facebook.com\/leo.garnier.102\/\" \/>\n<meta property=\"article:modified_time\" content=\"2025-07-02T20:21:14+00:00\" \/>\n<meta property=\"og:image\" content=\"https:\/\/leogarnier.com\/wp-content\/uploads\/2022\/07\/Beyrouth-5.jpg\" \/>\n\t<meta property=\"og:image:width\" content=\"1600\" \/>\n\t<meta property=\"og:image:height\" content=\"900\" \/>\n\t<meta property=\"og:image:type\" content=\"image\/jpeg\" \/>\n<meta name=\"twitter:card\" content=\"summary_large_image\" \/>\n<meta name=\"twitter:label1\" content=\"Dur\u00e9e de lecture estim\u00e9e\" \/>\n\t<meta name=\"twitter:data1\" content=\"2 minutes\" \/>\n<script type=\"application\/ld+json\" class=\"yoast-schema-graph\">{\"@context\":\"https:\\\/\\\/schema.org\",\"@graph\":[{\"@type\":\"WebPage\",\"@id\":\"https:\\\/\\\/leogarnier.com\\\/index.php\\\/histoire-du-proche-orient\\\/\",\"url\":\"https:\\\/\\\/leogarnier.com\\\/index.php\\\/histoire-du-proche-orient\\\/\",\"name\":\"Th\u00e9\u00e2tre M\u00e2jaz - Histoire subjective du proche Orient - L\u00e9o Garnier\",\"isPartOf\":{\"@id\":\"https:\\\/\\\/leogarnier.com\\\/#website\"},\"primaryImageOfPage\":{\"@id\":\"https:\\\/\\\/leogarnier.com\\\/index.php\\\/histoire-du-proche-orient\\\/#primaryimage\"},\"image\":{\"@id\":\"https:\\\/\\\/leogarnier.com\\\/index.php\\\/histoire-du-proche-orient\\\/#primaryimage\"},\"thumbnailUrl\":\"https:\\\/\\\/leogarnier.com\\\/wp-content\\\/uploads\\\/2022\\\/07\\\/Beyrouth-5-768x432.jpg\",\"datePublished\":\"2022-07-10T13:24:20+00:00\",\"dateModified\":\"2025-07-02T20:21:14+00:00\",\"description\":\"Th\u00e9\u00e2tre Majaz - Histoire Subjective du proche Orient - Texte Lauren Houda Hussein - Mise en sc\u00e8ne Ido Shaked - Lumi\u00e8re L\u00e9o Garnier\",\"breadcrumb\":{\"@id\":\"https:\\\/\\\/leogarnier.com\\\/index.php\\\/histoire-du-proche-orient\\\/#breadcrumb\"},\"inLanguage\":\"fr-FR\",\"potentialAction\":[{\"@type\":\"ReadAction\",\"target\":[\"https:\\\/\\\/leogarnier.com\\\/index.php\\\/histoire-du-proche-orient\\\/\"]}]},{\"@type\":\"ImageObject\",\"inLanguage\":\"fr-FR\",\"@id\":\"https:\\\/\\\/leogarnier.com\\\/index.php\\\/histoire-du-proche-orient\\\/#primaryimage\",\"url\":\"https:\\\/\\\/leogarnier.com\\\/wp-content\\\/uploads\\\/2022\\\/07\\\/Beyrouth-5.jpg\",\"contentUrl\":\"https:\\\/\\\/leogarnier.com\\\/wp-content\\\/uploads\\\/2022\\\/07\\\/Beyrouth-5.jpg\",\"width\":1600,\"height\":900,\"caption\":\"Lumi\u00e8re chaude\"},{\"@type\":\"BreadcrumbList\",\"@id\":\"https:\\\/\\\/leogarnier.com\\\/index.php\\\/histoire-du-proche-orient\\\/#breadcrumb\",\"itemListElement\":[{\"@type\":\"ListItem\",\"position\":1,\"name\":\"Accueil\",\"item\":\"https:\\\/\\\/leogarnier.com\\\/\"},{\"@type\":\"ListItem\",\"position\":2,\"name\":\"Histoire subjective du proche Orient\"}]},{\"@type\":\"WebSite\",\"@id\":\"https:\\\/\\\/leogarnier.com\\\/#website\",\"url\":\"https:\\\/\\\/leogarnier.com\\\/\",\"name\":\"L\u00e9o Garnier\",\"description\":\"\u00c9clairagiste\",\"publisher\":{\"@id\":\"https:\\\/\\\/leogarnier.com\\\/#\\\/schema\\\/person\\\/9caf54ec40390ce3fa693f0b1acd3190\"},\"potentialAction\":[{\"@type\":\"SearchAction\",\"target\":{\"@type\":\"EntryPoint\",\"urlTemplate\":\"https:\\\/\\\/leogarnier.com\\\/?s={search_term_string}\"},\"query-input\":{\"@type\":\"PropertyValueSpecification\",\"valueRequired\":true,\"valueName\":\"search_term_string\"}}],\"inLanguage\":\"fr-FR\"},{\"@type\":[\"Person\",\"Organization\"],\"@id\":\"https:\\\/\\\/leogarnier.com\\\/#\\\/schema\\\/person\\\/9caf54ec40390ce3fa693f0b1acd3190\",\"name\":\"L\u00e9o\",\"image\":{\"@type\":\"ImageObject\",\"inLanguage\":\"fr-FR\",\"@id\":\"https:\\\/\\\/leogarnier.com\\\/wp-content\\\/uploads\\\/2022\\\/09\\\/Leo9.png\",\"url\":\"https:\\\/\\\/leogarnier.com\\\/wp-content\\\/uploads\\\/2022\\\/09\\\/Leo9.png\",\"contentUrl\":\"https:\\\/\\\/leogarnier.com\\\/wp-content\\\/uploads\\\/2022\\\/09\\\/Leo9.png\",\"width\":1148,\"height\":825,\"caption\":\"L\u00e9o\"},\"logo\":{\"@id\":\"https:\\\/\\\/leogarnier.com\\\/wp-content\\\/uploads\\\/2022\\\/09\\\/Leo9.png\"},\"sameAs\":[\"http:\\\/\\\/leogarnier.com\",\"https:\\\/\\\/www.facebook.com\\\/leo.garnier.102\\\/\",\"https:\\\/\\\/www.instagram.com\\\/garnierleo\\\/\"]}]}<\/script>\n<!-- \/ Yoast SEO plugin. -->","yoast_head_json":{"title":"Th\u00e9\u00e2tre M\u00e2jaz - Histoire subjective du proche Orient - L\u00e9o Garnier","description":"Th\u00e9\u00e2tre Majaz - Histoire Subjective du proche Orient - Texte Lauren Houda Hussein - Mise en sc\u00e8ne Ido Shaked - Lumi\u00e8re L\u00e9o Garnier","robots":{"index":"index","follow":"follow","max-snippet":"max-snippet:-1","max-image-preview":"max-image-preview:large","max-video-preview":"max-video-preview:-1"},"canonical":"https:\/\/leogarnier.com\/index.php\/histoire-du-proche-orient\/","og_locale":"fr_FR","og_type":"article","og_title":"Th\u00e9\u00e2tre M\u00e2jaz - Histoire subjective du proche Orient - L\u00e9o Garnier","og_description":"Th\u00e9\u00e2tre Majaz - Histoire Subjective du proche Orient - Texte Lauren Houda Hussein - Mise en sc\u00e8ne Ido Shaked - Lumi\u00e8re L\u00e9o Garnier","og_url":"https:\/\/leogarnier.com\/index.php\/histoire-du-proche-orient\/","og_site_name":"L\u00e9o Garnier","article_publisher":"https:\/\/www.facebook.com\/leo.garnier.102\/","article_modified_time":"2025-07-02T20:21:14+00:00","og_image":[{"width":1600,"height":900,"url":"https:\/\/leogarnier.com\/wp-content\/uploads\/2022\/07\/Beyrouth-5.jpg","type":"image\/jpeg"}],"twitter_card":"summary_large_image","twitter_misc":{"Dur\u00e9e de lecture estim\u00e9e":"2 minutes"},"schema":{"@context":"https:\/\/schema.org","@graph":[{"@type":"WebPage","@id":"https:\/\/leogarnier.com\/index.php\/histoire-du-proche-orient\/","url":"https:\/\/leogarnier.com\/index.php\/histoire-du-proche-orient\/","name":"Th\u00e9\u00e2tre M\u00e2jaz - Histoire subjective du proche Orient - L\u00e9o Garnier","isPartOf":{"@id":"https:\/\/leogarnier.com\/#website"},"primaryImageOfPage":{"@id":"https:\/\/leogarnier.com\/index.php\/histoire-du-proche-orient\/#primaryimage"},"image":{"@id":"https:\/\/leogarnier.com\/index.php\/histoire-du-proche-orient\/#primaryimage"},"thumbnailUrl":"https:\/\/leogarnier.com\/wp-content\/uploads\/2022\/07\/Beyrouth-5-768x432.jpg","datePublished":"2022-07-10T13:24:20+00:00","dateModified":"2025-07-02T20:21:14+00:00","description":"Th\u00e9\u00e2tre Majaz - Histoire Subjective du proche Orient - Texte Lauren Houda Hussein - Mise en sc\u00e8ne Ido Shaked - Lumi\u00e8re L\u00e9o Garnier","breadcrumb":{"@id":"https:\/\/leogarnier.com\/index.php\/histoire-du-proche-orient\/#breadcrumb"},"inLanguage":"fr-FR","potentialAction":[{"@type":"ReadAction","target":["https:\/\/leogarnier.com\/index.php\/histoire-du-proche-orient\/"]}]},{"@type":"ImageObject","inLanguage":"fr-FR","@id":"https:\/\/leogarnier.com\/index.php\/histoire-du-proche-orient\/#primaryimage","url":"https:\/\/leogarnier.com\/wp-content\/uploads\/2022\/07\/Beyrouth-5.jpg","contentUrl":"https:\/\/leogarnier.com\/wp-content\/uploads\/2022\/07\/Beyrouth-5.jpg","width":1600,"height":900,"caption":"Lumi\u00e8re chaude"},{"@type":"BreadcrumbList","@id":"https:\/\/leogarnier.com\/index.php\/histoire-du-proche-orient\/#breadcrumb","itemListElement":[{"@type":"ListItem","position":1,"name":"Accueil","item":"https:\/\/leogarnier.com\/"},{"@type":"ListItem","position":2,"name":"Histoire subjective du proche Orient"}]},{"@type":"WebSite","@id":"https:\/\/leogarnier.com\/#website","url":"https:\/\/leogarnier.com\/","name":"L\u00e9o Garnier","description":"\u00c9clairagiste","publisher":{"@id":"https:\/\/leogarnier.com\/#\/schema\/person\/9caf54ec40390ce3fa693f0b1acd3190"},"potentialAction":[{"@type":"SearchAction","target":{"@type":"EntryPoint","urlTemplate":"https:\/\/leogarnier.com\/?s={search_term_string}"},"query-input":{"@type":"PropertyValueSpecification","valueRequired":true,"valueName":"search_term_string"}}],"inLanguage":"fr-FR"},{"@type":["Person","Organization"],"@id":"https:\/\/leogarnier.com\/#\/schema\/person\/9caf54ec40390ce3fa693f0b1acd3190","name":"L\u00e9o","image":{"@type":"ImageObject","inLanguage":"fr-FR","@id":"https:\/\/leogarnier.com\/wp-content\/uploads\/2022\/09\/Leo9.png","url":"https:\/\/leogarnier.com\/wp-content\/uploads\/2022\/09\/Leo9.png","contentUrl":"https:\/\/leogarnier.com\/wp-content\/uploads\/2022\/09\/Leo9.png","width":1148,"height":825,"caption":"L\u00e9o"},"logo":{"@id":"https:\/\/leogarnier.com\/wp-content\/uploads\/2022\/09\/Leo9.png"},"sameAs":["http:\/\/leogarnier.com","https:\/\/www.facebook.com\/leo.garnier.102\/","https:\/\/www.instagram.com\/garnierleo\/"]}]}},"_links":{"self":[{"href":"https:\/\/leogarnier.com\/index.php\/wp-json\/wp\/v2\/pages\/152","targetHints":{"allow":["GET"]}}],"collection":[{"href":"https:\/\/leogarnier.com\/index.php\/wp-json\/wp\/v2\/pages"}],"about":[{"href":"https:\/\/leogarnier.com\/index.php\/wp-json\/wp\/v2\/types\/page"}],"author":[{"embeddable":true,"href":"https:\/\/leogarnier.com\/index.php\/wp-json\/wp\/v2\/users\/1"}],"replies":[{"embeddable":true,"href":"https:\/\/leogarnier.com\/index.php\/wp-json\/wp\/v2\/comments?post=152"}],"version-history":[{"count":84,"href":"https:\/\/leogarnier.com\/index.php\/wp-json\/wp\/v2\/pages\/152\/revisions"}],"predecessor-version":[{"id":2481,"href":"https:\/\/leogarnier.com\/index.php\/wp-json\/wp\/v2\/pages\/152\/revisions\/2481"}],"wp:attachment":[{"href":"https:\/\/leogarnier.com\/index.php\/wp-json\/wp\/v2\/media?parent=152"}],"curies":[{"name":"wp","href":"https:\/\/api.w.org\/{rel}","templated":true}]}}