{"id":158,"date":"2022-07-10T15:27:04","date_gmt":"2022-07-10T13:27:04","guid":{"rendered":"https:\/\/leogarnier.com\/?page_id=158"},"modified":"2022-09-09T00:37:47","modified_gmt":"2022-09-08T22:37:47","slug":"afriquatuor","status":"publish","type":"page","link":"https:\/\/leogarnier.com\/index.php\/afriquatuor\/","title":{"rendered":"Afriquatuor"},"content":{"rendered":"\t\t<div data-elementor-type=\"wp-page\" data-elementor-id=\"158\" class=\"elementor elementor-158\">\n\t\t\t\t\t\t<section class=\"elementor-section elementor-top-section elementor-element elementor-element-b427b30 elementor-section-boxed elementor-section-height-default elementor-section-height-default\" data-id=\"b427b30\" data-element_type=\"section\">\n\t\t\t\t\t\t<div class=\"elementor-container elementor-column-gap-default\">\n\t\t\t\t\t<div class=\"elementor-column elementor-col-100 elementor-top-column elementor-element elementor-element-60fea1f\" data-id=\"60fea1f\" data-element_type=\"column\">\n\t\t\t<div class=\"elementor-widget-wrap elementor-element-populated\">\n\t\t\t\t\t\t<div class=\"elementor-element elementor-element-2930657 elementor-widget elementor-widget-heading\" data-id=\"2930657\" data-element_type=\"widget\" data-widget_type=\"heading.default\">\n\t\t\t\t<div class=\"elementor-widget-container\">\n\t\t\t\t\t<h2 class=\"elementor-heading-title elementor-size-default\">Afriquatuor<\/h2>\t\t\t\t<\/div>\n\t\t\t\t<\/div>\n\t\t\t\t\t<\/div>\n\t\t<\/div>\n\t\t\t\t\t<\/div>\n\t\t<\/section>\n\t\t\t\t<section class=\"elementor-section elementor-top-section elementor-element elementor-element-877f9e4 elementor-section-boxed elementor-section-height-default elementor-section-height-default\" data-id=\"877f9e4\" data-element_type=\"section\">\n\t\t\t\t\t\t<div class=\"elementor-container elementor-column-gap-default\">\n\t\t\t\t\t<div class=\"elementor-column elementor-col-100 elementor-top-column elementor-element elementor-element-89df51a\" data-id=\"89df51a\" data-element_type=\"column\">\n\t\t\t<div class=\"elementor-widget-wrap elementor-element-populated\">\n\t\t\t\t\t\t<div class=\"elementor-element elementor-element-c77f158 elementor-widget elementor-widget-text-editor\" data-id=\"c77f158\" data-element_type=\"widget\" data-widget_type=\"text-editor.default\">\n\t\t\t\t<div class=\"elementor-widget-container\">\n\t\t\t\t\t\t\t\t\t<p>Cr\u00e9ation Africolor 2019<\/p>\t\t\t\t\t\t\t\t<\/div>\n\t\t\t\t<\/div>\n\t\t\t\t\t<\/div>\n\t\t<\/div>\n\t\t\t\t\t<\/div>\n\t\t<\/section>\n\t\t\t\t<section class=\"elementor-section elementor-top-section elementor-element elementor-element-a7a543f elementor-section-boxed elementor-section-height-default elementor-section-height-default\" data-id=\"a7a543f\" data-element_type=\"section\">\n\t\t\t\t\t\t<div class=\"elementor-container elementor-column-gap-default\">\n\t\t\t\t\t<div class=\"elementor-column elementor-col-100 elementor-top-column elementor-element elementor-element-5bfe142\" data-id=\"5bfe142\" data-element_type=\"column\">\n\t\t\t<div class=\"elementor-widget-wrap elementor-element-populated\">\n\t\t\t\t\t\t<div class=\"elementor-element elementor-element-a71c311 elementor-widget elementor-widget-text-editor\" data-id=\"a71c311\" data-element_type=\"widget\" data-widget_type=\"text-editor.default\">\n\t\t\t\t<div class=\"elementor-widget-container\">\n\t\t\t\t\t\t\t\t\t<p>Photographie Christophe\u00a0<span style=\"font-style: inherit; font-weight: inherit; color: var( --e-global-color-text ); letter-spacing: 0.1px; background-color: var(--ast-global-color-8);\">Cagnolari<\/span><\/p>\t\t\t\t\t\t\t\t<\/div>\n\t\t\t\t<\/div>\n\t\t\t\t\t<\/div>\n\t\t<\/div>\n\t\t\t\t\t<\/div>\n\t\t<\/section>\n\t\t\t\t<section class=\"elementor-section elementor-top-section elementor-element elementor-element-5d8081e elementor-section-boxed elementor-section-height-default elementor-section-height-default\" data-id=\"5d8081e\" data-element_type=\"section\">\n\t\t\t\t\t\t<div class=\"elementor-container elementor-column-gap-default\">\n\t\t\t\t\t<div class=\"elementor-column elementor-col-100 elementor-top-column elementor-element elementor-element-c3058fc\" data-id=\"c3058fc\" data-element_type=\"column\">\n\t\t\t<div class=\"elementor-widget-wrap elementor-element-populated\">\n\t\t\t\t\t\t<div class=\"elementor-element elementor-element-f81f895 elementor-widget elementor-widget-image\" data-id=\"f81f895\" data-element_type=\"widget\" data-widget_type=\"image.default\">\n\t\t\t\t<div class=\"elementor-widget-container\">\n\t\t\t\t\t\t\t\t\t\t\t\t\t\t\t\t<a href=\"https:\/\/leogarnier.com\/index.php\/000-afriquatuor\/\">\n\t\t\t\t\t\t\t<img fetchpriority=\"high\" decoding=\"async\" width=\"768\" height=\"432\" src=\"https:\/\/leogarnier.com\/wp-content\/uploads\/2022\/07\/ballou-cordes-768x432.jpg\" class=\"attachment-medium_large size-medium_large wp-image-186\" alt=\"Lumi\u00e8re de concert\" srcset=\"https:\/\/leogarnier.com\/wp-content\/uploads\/2022\/07\/ballou-cordes-768x432.jpg 768w, https:\/\/leogarnier.com\/wp-content\/uploads\/2022\/07\/ballou-cordes-300x169.jpg 300w, https:\/\/leogarnier.com\/wp-content\/uploads\/2022\/07\/ballou-cordes-1024x576.jpg 1024w, https:\/\/leogarnier.com\/wp-content\/uploads\/2022\/07\/ballou-cordes-1536x864.jpg 1536w, https:\/\/leogarnier.com\/wp-content\/uploads\/2022\/07\/ballou-cordes-2048x1152.jpg 2048w\" sizes=\"(max-width: 768px) 100vw, 768px\" \/>\t\t\t\t\t\t\t\t<\/a>\n\t\t\t\t\t\t\t\t\t\t\t\t\t\t\t<\/div>\n\t\t\t\t<\/div>\n\t\t\t\t<div class=\"elementor-element elementor-element-ad94b77 elementor-widget elementor-widget-image\" data-id=\"ad94b77\" data-element_type=\"widget\" data-widget_type=\"image.default\">\n\t\t\t\t<div class=\"elementor-widget-container\">\n\t\t\t\t\t\t\t\t\t\t\t\t\t\t\t\t<a href=\"https:\/\/leogarnier.com\/index.php\/001-afriquatuor\/\">\n\t\t\t\t\t\t\t<img decoding=\"async\" width=\"768\" height=\"432\" src=\"https:\/\/leogarnier.com\/wp-content\/uploads\/2022\/07\/ballou-01-768x432.jpeg\" class=\"attachment-medium_large size-medium_large wp-image-187\" alt=\"Lumi\u00e8re de concert\" srcset=\"https:\/\/leogarnier.com\/wp-content\/uploads\/2022\/07\/ballou-01-768x432.jpeg 768w, https:\/\/leogarnier.com\/wp-content\/uploads\/2022\/07\/ballou-01-300x169.jpeg 300w, https:\/\/leogarnier.com\/wp-content\/uploads\/2022\/07\/ballou-01-1024x576.jpeg 1024w, https:\/\/leogarnier.com\/wp-content\/uploads\/2022\/07\/ballou-01-1536x864.jpeg 1536w, https:\/\/leogarnier.com\/wp-content\/uploads\/2022\/07\/ballou-01.jpeg 1920w\" sizes=\"(max-width: 768px) 100vw, 768px\" \/>\t\t\t\t\t\t\t\t<\/a>\n\t\t\t\t\t\t\t\t\t\t\t\t\t\t\t<\/div>\n\t\t\t\t<\/div>\n\t\t\t\t\t<\/div>\n\t\t<\/div>\n\t\t\t\t\t<\/div>\n\t\t<\/section>\n\t\t\t\t<section class=\"elementor-section elementor-top-section elementor-element elementor-element-7971ae2 elementor-section-boxed elementor-section-height-default elementor-section-height-default\" data-id=\"7971ae2\" data-element_type=\"section\">\n\t\t\t\t\t\t<div class=\"elementor-container elementor-column-gap-default\">\n\t\t\t\t\t<div class=\"elementor-column elementor-col-100 elementor-top-column elementor-element elementor-element-30e3785\" data-id=\"30e3785\" data-element_type=\"column\">\n\t\t\t<div class=\"elementor-widget-wrap elementor-element-populated\">\n\t\t\t\t\t\t<div class=\"elementor-element elementor-element-2be7693 elementor-widget elementor-widget-image\" data-id=\"2be7693\" data-element_type=\"widget\" data-widget_type=\"image.default\">\n\t\t\t\t<div class=\"elementor-widget-container\">\n\t\t\t\t\t\t\t\t\t\t\t\t\t\t\t\t<a href=\"https:\/\/leogarnier.com\/index.php\/002-afriquatuor\/\">\n\t\t\t\t\t\t\t<img decoding=\"async\" width=\"768\" height=\"432\" src=\"https:\/\/leogarnier.com\/wp-content\/uploads\/2022\/07\/ballou-colin-768x432.jpg\" class=\"attachment-medium_large size-medium_large wp-image-185\" alt=\"Lumi\u00e8re de concert\" srcset=\"https:\/\/leogarnier.com\/wp-content\/uploads\/2022\/07\/ballou-colin-768x432.jpg 768w, https:\/\/leogarnier.com\/wp-content\/uploads\/2022\/07\/ballou-colin-300x169.jpg 300w, https:\/\/leogarnier.com\/wp-content\/uploads\/2022\/07\/ballou-colin-1024x576.jpg 1024w, https:\/\/leogarnier.com\/wp-content\/uploads\/2022\/07\/ballou-colin-1536x864.jpg 1536w, https:\/\/leogarnier.com\/wp-content\/uploads\/2022\/07\/ballou-colin.jpg 1920w\" sizes=\"(max-width: 768px) 100vw, 768px\" \/>\t\t\t\t\t\t\t\t<\/a>\n\t\t\t\t\t\t\t\t\t\t\t\t\t\t\t<\/div>\n\t\t\t\t<\/div>\n\t\t\t\t\t<\/div>\n\t\t<\/div>\n\t\t\t\t\t<\/div>\n\t\t<\/section>\n\t\t\t\t<section class=\"elementor-section elementor-top-section elementor-element elementor-element-954bf74 elementor-section-boxed elementor-section-height-default elementor-section-height-default\" data-id=\"954bf74\" data-element_type=\"section\">\n\t\t\t\t\t\t<div class=\"elementor-container elementor-column-gap-default\">\n\t\t\t\t\t<div class=\"elementor-column elementor-col-100 elementor-top-column elementor-element elementor-element-39838ac\" data-id=\"39838ac\" data-element_type=\"column\">\n\t\t\t<div class=\"elementor-widget-wrap elementor-element-populated\">\n\t\t\t\t\t\t<div class=\"elementor-element elementor-element-f539e35 elementor-widget elementor-widget-image\" data-id=\"f539e35\" data-element_type=\"widget\" data-widget_type=\"image.default\">\n\t\t\t\t<div class=\"elementor-widget-container\">\n\t\t\t\t\t\t\t\t\t\t\t\t\t\t\t\t<a href=\"https:\/\/leogarnier.com\/index.php\/003-afriquatuor\/\">\n\t\t\t\t\t\t\t<img loading=\"lazy\" decoding=\"async\" width=\"768\" height=\"432\" src=\"https:\/\/leogarnier.com\/wp-content\/uploads\/2022\/07\/hands-up-768x432.jpg\" class=\"attachment-medium_large size-medium_large wp-image-188\" alt=\"Lumi\u00e8re de concert\" srcset=\"https:\/\/leogarnier.com\/wp-content\/uploads\/2022\/07\/hands-up-768x432.jpg 768w, https:\/\/leogarnier.com\/wp-content\/uploads\/2022\/07\/hands-up-300x169.jpg 300w, https:\/\/leogarnier.com\/wp-content\/uploads\/2022\/07\/hands-up-1024x576.jpg 1024w, https:\/\/leogarnier.com\/wp-content\/uploads\/2022\/07\/hands-up-1536x864.jpg 1536w, https:\/\/leogarnier.com\/wp-content\/uploads\/2022\/07\/hands-up-2048x1152.jpg 2048w\" sizes=\"(max-width: 768px) 100vw, 768px\" \/>\t\t\t\t\t\t\t\t<\/a>\n\t\t\t\t\t\t\t\t\t\t\t\t\t\t\t<\/div>\n\t\t\t\t<\/div>\n\t\t\t\t\t<\/div>\n\t\t<\/div>\n\t\t\t\t\t<\/div>\n\t\t<\/section>\n\t\t\t\t<section class=\"elementor-section elementor-top-section elementor-element elementor-element-8ef5536 elementor-section-boxed elementor-section-height-default elementor-section-height-default\" data-id=\"8ef5536\" data-element_type=\"section\">\n\t\t\t\t\t\t<div class=\"elementor-container elementor-column-gap-default\">\n\t\t\t\t\t<div class=\"elementor-column elementor-col-100 elementor-top-column elementor-element elementor-element-772298f\" data-id=\"772298f\" data-element_type=\"column\">\n\t\t\t<div class=\"elementor-widget-wrap elementor-element-populated\">\n\t\t\t\t\t\t<div class=\"elementor-element elementor-element-71c3a1f elementor-widget elementor-widget-text-editor\" data-id=\"71c3a1f\" data-element_type=\"widget\" data-widget_type=\"text-editor.default\">\n\t\t\t\t<div class=\"elementor-widget-container\">\n\t\t\t\t\t\t\t\t\t<p><span style=\"color: var( --e-global-color-text ); background-color: var(--ast-global-color-8); font-size: 1rem;\">\u00a0<\/span><\/p><p>CR\u00c9ATION AFRICOLOR 2019<\/p><p><strong>Sur une id\u00e9e originale de<\/strong> Julien REIBOZ<br \/><strong>Direction artistique et arrangements<\/strong> Christophe CAGNOLARI<br \/><strong>Chant<\/strong> S\u00e9kouba BAMBINO, Val\u00e9rie BELINGA, Ballou CANTA, Sam MANGWANA<br \/><strong>Basson<\/strong> Camille DONNAT-BART<br \/><strong>Contrebasse<\/strong> F\u00e9d\u00e9ric CHIFFOLEAU<br \/><strong>Clarinette<\/strong> Annelise CL\u00c9MENT<br \/><strong>Violon<\/strong> H\u00e9loise LEFEBRE<br \/><strong>Percussions<\/strong> Sylvain LEM\u00caTRE, William OMBE MONKAMA<br \/><strong>Cor<\/strong> Collin PEIGN\u00c9<br \/><strong>Clarinette<\/strong> Sylvain RIFFLET<br \/><strong>Violoncelle<\/strong> Ad\u00e8le VIRET<br \/><strong>Son<\/strong> Julien REIBOZ<br \/><strong>Lumi\u00e8re<\/strong> L\u00e9o GARNIER<br \/><strong>Production<\/strong> Festival Africolor 2019<\/p><p style=\"margin-bottom: 0px; line-height: 1.4em; font-size: 16px; color: #333333; font-family: 'ABCMaxiRound Regular', Arial, sans-serif; font-style: normal; font-weight: 400;\">\u00a0<\/p>\t\t\t\t\t\t\t\t<\/div>\n\t\t\t\t<\/div>\n\t\t\t\t\t<\/div>\n\t\t<\/div>\n\t\t\t\t\t<\/div>\n\t\t<\/section>\n\t\t\t\t<section class=\"elementor-section elementor-top-section elementor-element elementor-element-7393407 elementor-section-boxed elementor-section-height-default elementor-section-height-default\" data-id=\"7393407\" data-element_type=\"section\">\n\t\t\t\t\t\t<div class=\"elementor-container elementor-column-gap-default\">\n\t\t\t\t\t<div class=\"elementor-column elementor-col-100 elementor-top-column elementor-element elementor-element-5a5ce7d\" data-id=\"5a5ce7d\" data-element_type=\"column\">\n\t\t\t<div class=\"elementor-widget-wrap elementor-element-populated\">\n\t\t\t\t\t\t<div class=\"elementor-element elementor-element-8dbf2d4 elementor-widget elementor-widget-text-editor\" data-id=\"8dbf2d4\" data-element_type=\"widget\" data-widget_type=\"text-editor.default\">\n\t\t\t\t<div class=\"elementor-widget-container\">\n\t\t\t\t\t\t\t\t\t<p>En tourn\u00e9e 2019 &#8211; 2021<\/p><p>Th\u00e9\u00e2tre des Bergeries de Noisy-Le-Sec<\/p><p>Maison de la Musique de Nanterre<\/p><p>Th\u00e9\u00e2tre de Corbeil-Essones<\/p><p>Th\u00e9\u00e2tre G\u00e9rad Philipe, CDN de\u00a0 Saint-Denis<\/p>\t\t\t\t\t\t\t\t<\/div>\n\t\t\t\t<\/div>\n\t\t\t\t\t<\/div>\n\t\t<\/div>\n\t\t\t\t\t<\/div>\n\t\t<\/section>\n\t\t\t\t<\/div>\n\t\t","protected":false},"excerpt":{"rendered":"<p>Afriquatuor Cr\u00e9ation Africolor 2019 Photographie Christophe\u00a0Cagnolari \u00a0 CR\u00c9ATION AFRICOLOR 2019 Sur une id\u00e9e originale de Julien REIBOZDirection artistique et arrangements Christophe CAGNOLARIChant S\u00e9kouba BAMBINO, Val\u00e9rie BELINGA, Ballou CANTA, Sam MANGWANABasson Camille DONNAT-BARTContrebasse F\u00e9d\u00e9ric CHIFFOLEAUClarinette Annelise CL\u00c9MENTViolon H\u00e9loise LEFEBREPercussions Sylvain LEM\u00caTRE, William OMBE MONKAMACor Collin PEIGN\u00c9Clarinette Sylvain RIFFLETVioloncelle Ad\u00e8le VIRETSon Julien REIBOZLumi\u00e8re L\u00e9o GARNIERProduction Festival Africolor [&hellip;]<\/p>\n","protected":false},"author":1,"featured_media":0,"parent":0,"menu_order":0,"comment_status":"closed","ping_status":"closed","template":"","meta":{"footnotes":""},"class_list":["post-158","page","type-page","status-publish","hentry"],"yoast_head":"<!-- This site is optimized with the Yoast SEO plugin v27.4 - https:\/\/yoast.com\/product\/yoast-seo-wordpress\/ -->\n<title>Afriquatuor - L\u00e9o Garnier<\/title>\n<meta name=\"description\" content=\"Afriquatuor Bakolo music international premi\u00e8re oeuvre de musique de chambre Africaine juju music et rumba \u00e9lectrique\" \/>\n<meta name=\"robots\" content=\"index, follow, max-snippet:-1, max-image-preview:large, max-video-preview:-1\" \/>\n<link rel=\"canonical\" href=\"https:\/\/leogarnier.com\/index.php\/afriquatuor\/\" \/>\n<meta property=\"og:locale\" content=\"fr_FR\" \/>\n<meta property=\"og:type\" content=\"article\" \/>\n<meta property=\"og:title\" content=\"Afriquatuor - L\u00e9o Garnier\" \/>\n<meta property=\"og:description\" content=\"Afriquatuor Bakolo music international premi\u00e8re oeuvre de musique de chambre Africaine juju music et rumba \u00e9lectrique\" \/>\n<meta property=\"og:url\" content=\"https:\/\/leogarnier.com\/index.php\/afriquatuor\/\" \/>\n<meta property=\"og:site_name\" content=\"L\u00e9o Garnier\" \/>\n<meta property=\"article:publisher\" content=\"https:\/\/www.facebook.com\/leo.garnier.102\/\" \/>\n<meta property=\"article:modified_time\" content=\"2022-09-08T22:37:47+00:00\" \/>\n<meta property=\"og:image\" content=\"https:\/\/leogarnier.com\/wp-content\/uploads\/2022\/07\/ballou-cordes-768x432.jpg\" \/>\n<meta name=\"twitter:card\" content=\"summary_large_image\" \/>\n<meta name=\"twitter:label1\" content=\"Dur\u00e9e de lecture estim\u00e9e\" \/>\n\t<meta name=\"twitter:data1\" content=\"2 minutes\" \/>\n<script type=\"application\/ld+json\" class=\"yoast-schema-graph\">{\"@context\":\"https:\\\/\\\/schema.org\",\"@graph\":[{\"@type\":\"WebPage\",\"@id\":\"https:\\\/\\\/leogarnier.com\\\/index.php\\\/afriquatuor\\\/\",\"url\":\"https:\\\/\\\/leogarnier.com\\\/index.php\\\/afriquatuor\\\/\",\"name\":\"Afriquatuor - L\u00e9o Garnier\",\"isPartOf\":{\"@id\":\"https:\\\/\\\/leogarnier.com\\\/#website\"},\"primaryImageOfPage\":{\"@id\":\"https:\\\/\\\/leogarnier.com\\\/index.php\\\/afriquatuor\\\/#primaryimage\"},\"image\":{\"@id\":\"https:\\\/\\\/leogarnier.com\\\/index.php\\\/afriquatuor\\\/#primaryimage\"},\"thumbnailUrl\":\"https:\\\/\\\/leogarnier.com\\\/wp-content\\\/uploads\\\/2022\\\/07\\\/ballou-cordes-768x432.jpg\",\"datePublished\":\"2022-07-10T13:27:04+00:00\",\"dateModified\":\"2022-09-08T22:37:47+00:00\",\"description\":\"Afriquatuor Bakolo music international premi\u00e8re oeuvre de musique de chambre Africaine juju music et rumba \u00e9lectrique\",\"breadcrumb\":{\"@id\":\"https:\\\/\\\/leogarnier.com\\\/index.php\\\/afriquatuor\\\/#breadcrumb\"},\"inLanguage\":\"fr-FR\",\"potentialAction\":[{\"@type\":\"ReadAction\",\"target\":[\"https:\\\/\\\/leogarnier.com\\\/index.php\\\/afriquatuor\\\/\"]}]},{\"@type\":\"ImageObject\",\"inLanguage\":\"fr-FR\",\"@id\":\"https:\\\/\\\/leogarnier.com\\\/index.php\\\/afriquatuor\\\/#primaryimage\",\"url\":\"https:\\\/\\\/leogarnier.com\\\/wp-content\\\/uploads\\\/2022\\\/07\\\/ballou-cordes-768x432.jpg\",\"contentUrl\":\"https:\\\/\\\/leogarnier.com\\\/wp-content\\\/uploads\\\/2022\\\/07\\\/ballou-cordes-768x432.jpg\"},{\"@type\":\"BreadcrumbList\",\"@id\":\"https:\\\/\\\/leogarnier.com\\\/index.php\\\/afriquatuor\\\/#breadcrumb\",\"itemListElement\":[{\"@type\":\"ListItem\",\"position\":1,\"name\":\"Accueil\",\"item\":\"https:\\\/\\\/leogarnier.com\\\/\"},{\"@type\":\"ListItem\",\"position\":2,\"name\":\"Afriquatuor\"}]},{\"@type\":\"WebSite\",\"@id\":\"https:\\\/\\\/leogarnier.com\\\/#website\",\"url\":\"https:\\\/\\\/leogarnier.com\\\/\",\"name\":\"L\u00e9o Garnier\",\"description\":\"\u00c9clairagiste\",\"publisher\":{\"@id\":\"https:\\\/\\\/leogarnier.com\\\/#\\\/schema\\\/person\\\/9caf54ec40390ce3fa693f0b1acd3190\"},\"potentialAction\":[{\"@type\":\"SearchAction\",\"target\":{\"@type\":\"EntryPoint\",\"urlTemplate\":\"https:\\\/\\\/leogarnier.com\\\/?s={search_term_string}\"},\"query-input\":{\"@type\":\"PropertyValueSpecification\",\"valueRequired\":true,\"valueName\":\"search_term_string\"}}],\"inLanguage\":\"fr-FR\"},{\"@type\":[\"Person\",\"Organization\"],\"@id\":\"https:\\\/\\\/leogarnier.com\\\/#\\\/schema\\\/person\\\/9caf54ec40390ce3fa693f0b1acd3190\",\"name\":\"L\u00e9o\",\"image\":{\"@type\":\"ImageObject\",\"inLanguage\":\"fr-FR\",\"@id\":\"https:\\\/\\\/leogarnier.com\\\/wp-content\\\/uploads\\\/2022\\\/09\\\/Leo9.png\",\"url\":\"https:\\\/\\\/leogarnier.com\\\/wp-content\\\/uploads\\\/2022\\\/09\\\/Leo9.png\",\"contentUrl\":\"https:\\\/\\\/leogarnier.com\\\/wp-content\\\/uploads\\\/2022\\\/09\\\/Leo9.png\",\"width\":1148,\"height\":825,\"caption\":\"L\u00e9o\"},\"logo\":{\"@id\":\"https:\\\/\\\/leogarnier.com\\\/wp-content\\\/uploads\\\/2022\\\/09\\\/Leo9.png\"},\"sameAs\":[\"http:\\\/\\\/leogarnier.com\",\"https:\\\/\\\/www.facebook.com\\\/leo.garnier.102\\\/\",\"https:\\\/\\\/www.instagram.com\\\/garnierleo\\\/\"]}]}<\/script>\n<!-- \/ Yoast SEO plugin. -->","yoast_head_json":{"title":"Afriquatuor - L\u00e9o Garnier","description":"Afriquatuor Bakolo music international premi\u00e8re oeuvre de musique de chambre Africaine juju music et rumba \u00e9lectrique","robots":{"index":"index","follow":"follow","max-snippet":"max-snippet:-1","max-image-preview":"max-image-preview:large","max-video-preview":"max-video-preview:-1"},"canonical":"https:\/\/leogarnier.com\/index.php\/afriquatuor\/","og_locale":"fr_FR","og_type":"article","og_title":"Afriquatuor - L\u00e9o Garnier","og_description":"Afriquatuor Bakolo music international premi\u00e8re oeuvre de musique de chambre Africaine juju music et rumba \u00e9lectrique","og_url":"https:\/\/leogarnier.com\/index.php\/afriquatuor\/","og_site_name":"L\u00e9o Garnier","article_publisher":"https:\/\/www.facebook.com\/leo.garnier.102\/","article_modified_time":"2022-09-08T22:37:47+00:00","og_image":[{"url":"https:\/\/leogarnier.com\/wp-content\/uploads\/2022\/07\/ballou-cordes-768x432.jpg","type":"","width":"","height":""}],"twitter_card":"summary_large_image","twitter_misc":{"Dur\u00e9e de lecture estim\u00e9e":"2 minutes"},"schema":{"@context":"https:\/\/schema.org","@graph":[{"@type":"WebPage","@id":"https:\/\/leogarnier.com\/index.php\/afriquatuor\/","url":"https:\/\/leogarnier.com\/index.php\/afriquatuor\/","name":"Afriquatuor - L\u00e9o Garnier","isPartOf":{"@id":"https:\/\/leogarnier.com\/#website"},"primaryImageOfPage":{"@id":"https:\/\/leogarnier.com\/index.php\/afriquatuor\/#primaryimage"},"image":{"@id":"https:\/\/leogarnier.com\/index.php\/afriquatuor\/#primaryimage"},"thumbnailUrl":"https:\/\/leogarnier.com\/wp-content\/uploads\/2022\/07\/ballou-cordes-768x432.jpg","datePublished":"2022-07-10T13:27:04+00:00","dateModified":"2022-09-08T22:37:47+00:00","description":"Afriquatuor Bakolo music international premi\u00e8re oeuvre de musique de chambre Africaine juju music et rumba \u00e9lectrique","breadcrumb":{"@id":"https:\/\/leogarnier.com\/index.php\/afriquatuor\/#breadcrumb"},"inLanguage":"fr-FR","potentialAction":[{"@type":"ReadAction","target":["https:\/\/leogarnier.com\/index.php\/afriquatuor\/"]}]},{"@type":"ImageObject","inLanguage":"fr-FR","@id":"https:\/\/leogarnier.com\/index.php\/afriquatuor\/#primaryimage","url":"https:\/\/leogarnier.com\/wp-content\/uploads\/2022\/07\/ballou-cordes-768x432.jpg","contentUrl":"https:\/\/leogarnier.com\/wp-content\/uploads\/2022\/07\/ballou-cordes-768x432.jpg"},{"@type":"BreadcrumbList","@id":"https:\/\/leogarnier.com\/index.php\/afriquatuor\/#breadcrumb","itemListElement":[{"@type":"ListItem","position":1,"name":"Accueil","item":"https:\/\/leogarnier.com\/"},{"@type":"ListItem","position":2,"name":"Afriquatuor"}]},{"@type":"WebSite","@id":"https:\/\/leogarnier.com\/#website","url":"https:\/\/leogarnier.com\/","name":"L\u00e9o Garnier","description":"\u00c9clairagiste","publisher":{"@id":"https:\/\/leogarnier.com\/#\/schema\/person\/9caf54ec40390ce3fa693f0b1acd3190"},"potentialAction":[{"@type":"SearchAction","target":{"@type":"EntryPoint","urlTemplate":"https:\/\/leogarnier.com\/?s={search_term_string}"},"query-input":{"@type":"PropertyValueSpecification","valueRequired":true,"valueName":"search_term_string"}}],"inLanguage":"fr-FR"},{"@type":["Person","Organization"],"@id":"https:\/\/leogarnier.com\/#\/schema\/person\/9caf54ec40390ce3fa693f0b1acd3190","name":"L\u00e9o","image":{"@type":"ImageObject","inLanguage":"fr-FR","@id":"https:\/\/leogarnier.com\/wp-content\/uploads\/2022\/09\/Leo9.png","url":"https:\/\/leogarnier.com\/wp-content\/uploads\/2022\/09\/Leo9.png","contentUrl":"https:\/\/leogarnier.com\/wp-content\/uploads\/2022\/09\/Leo9.png","width":1148,"height":825,"caption":"L\u00e9o"},"logo":{"@id":"https:\/\/leogarnier.com\/wp-content\/uploads\/2022\/09\/Leo9.png"},"sameAs":["http:\/\/leogarnier.com","https:\/\/www.facebook.com\/leo.garnier.102\/","https:\/\/www.instagram.com\/garnierleo\/"]}]}},"_links":{"self":[{"href":"https:\/\/leogarnier.com\/index.php\/wp-json\/wp\/v2\/pages\/158","targetHints":{"allow":["GET"]}}],"collection":[{"href":"https:\/\/leogarnier.com\/index.php\/wp-json\/wp\/v2\/pages"}],"about":[{"href":"https:\/\/leogarnier.com\/index.php\/wp-json\/wp\/v2\/types\/page"}],"author":[{"embeddable":true,"href":"https:\/\/leogarnier.com\/index.php\/wp-json\/wp\/v2\/users\/1"}],"replies":[{"embeddable":true,"href":"https:\/\/leogarnier.com\/index.php\/wp-json\/wp\/v2\/comments?post=158"}],"version-history":[{"count":65,"href":"https:\/\/leogarnier.com\/index.php\/wp-json\/wp\/v2\/pages\/158\/revisions"}],"predecessor-version":[{"id":2038,"href":"https:\/\/leogarnier.com\/index.php\/wp-json\/wp\/v2\/pages\/158\/revisions\/2038"}],"wp:attachment":[{"href":"https:\/\/leogarnier.com\/index.php\/wp-json\/wp\/v2\/media?parent=158"}],"curies":[{"name":"wp","href":"https:\/\/api.w.org\/{rel}","templated":true}]}}