{"id":1620,"date":"2022-07-29T16:33:31","date_gmt":"2022-07-29T14:33:31","guid":{"rendered":"https:\/\/leogarnier.com\/?page_id=1620"},"modified":"2022-09-07T00:55:34","modified_gmt":"2022-09-06T22:55:34","slug":"six-personnages","status":"publish","type":"page","link":"https:\/\/leogarnier.com\/index.php\/six-personnages\/","title":{"rendered":"Six personnages"},"content":{"rendered":"\t\t<div data-elementor-type=\"wp-page\" data-elementor-id=\"1620\" class=\"elementor elementor-1620\">\n\t\t\t\t\t\t<section class=\"elementor-section elementor-top-section elementor-element elementor-element-3209523 elementor-section-boxed elementor-section-height-default elementor-section-height-default\" data-id=\"3209523\" data-element_type=\"section\">\n\t\t\t\t\t\t<div class=\"elementor-container elementor-column-gap-default\">\n\t\t\t\t\t<div class=\"elementor-column elementor-col-100 elementor-top-column elementor-element elementor-element-b9727ef\" data-id=\"b9727ef\" data-element_type=\"column\">\n\t\t\t<div class=\"elementor-widget-wrap elementor-element-populated\">\n\t\t\t\t\t\t<div class=\"elementor-element elementor-element-704929f elementor-widget elementor-widget-heading\" data-id=\"704929f\" data-element_type=\"widget\" data-widget_type=\"heading.default\">\n\t\t\t\t<div class=\"elementor-widget-container\">\n\t\t\t\t\t<h2 class=\"elementor-heading-title elementor-size-default\">Six personnages en qu\u00eate d'auteur<\/h2>\t\t\t\t<\/div>\n\t\t\t\t<\/div>\n\t\t\t\t\t<\/div>\n\t\t<\/div>\n\t\t\t\t\t<\/div>\n\t\t<\/section>\n\t\t\t\t<section class=\"elementor-section elementor-top-section elementor-element elementor-element-e91dfe2 elementor-section-boxed elementor-section-height-default elementor-section-height-default\" data-id=\"e91dfe2\" data-element_type=\"section\">\n\t\t\t\t\t\t<div class=\"elementor-container elementor-column-gap-default\">\n\t\t\t\t\t<div class=\"elementor-column elementor-col-100 elementor-top-column elementor-element elementor-element-978f7e7\" data-id=\"978f7e7\" data-element_type=\"column\">\n\t\t\t<div class=\"elementor-widget-wrap elementor-element-populated\">\n\t\t\t\t\t\t<div class=\"elementor-element elementor-element-c7fcc77 elementor-widget elementor-widget-text-editor\" data-id=\"c7fcc77\" data-element_type=\"widget\" data-widget_type=\"text-editor.default\">\n\t\t\t\t<div class=\"elementor-widget-container\">\n\t\t\t\t\t\t\t\t\t<p>Teatro della Pergola &#8211; avril 2022<\/p>\t\t\t\t\t\t\t\t<\/div>\n\t\t\t\t<\/div>\n\t\t\t\t\t<\/div>\n\t\t<\/div>\n\t\t\t\t\t<\/div>\n\t\t<\/section>\n\t\t\t\t<section class=\"elementor-section elementor-top-section elementor-element elementor-element-e783790 elementor-section-boxed elementor-section-height-default elementor-section-height-default\" data-id=\"e783790\" data-element_type=\"section\">\n\t\t\t\t\t\t<div class=\"elementor-container elementor-column-gap-default\">\n\t\t\t\t\t<div class=\"elementor-column elementor-col-100 elementor-top-column elementor-element elementor-element-ec0e448\" data-id=\"ec0e448\" data-element_type=\"column\">\n\t\t\t<div class=\"elementor-widget-wrap elementor-element-populated\">\n\t\t\t\t\t\t<div class=\"elementor-element elementor-element-d6e00db elementor-widget elementor-widget-text-editor\" data-id=\"d6e00db\" data-element_type=\"widget\" data-widget_type=\"text-editor.default\">\n\t\t\t\t<div class=\"elementor-widget-container\">\n\t\t\t\t\t\t\t\t\t<p>Th\u00e9\u00e2tre de La Ville &#8211; juin \/ novembre 2021\u00a0<\/p>\t\t\t\t\t\t\t\t<\/div>\n\t\t\t\t<\/div>\n\t\t\t\t\t<\/div>\n\t\t<\/div>\n\t\t\t\t\t<\/div>\n\t\t<\/section>\n\t\t\t\t<section class=\"elementor-section elementor-top-section elementor-element elementor-element-4ee6ec5 elementor-section-boxed elementor-section-height-default elementor-section-height-default\" data-id=\"4ee6ec5\" data-element_type=\"section\">\n\t\t\t\t\t\t<div class=\"elementor-container elementor-column-gap-default\">\n\t\t\t\t\t<div class=\"elementor-column elementor-col-100 elementor-top-column elementor-element elementor-element-2d562c7\" data-id=\"2d562c7\" data-element_type=\"column\">\n\t\t\t<div class=\"elementor-widget-wrap elementor-element-populated\">\n\t\t\t\t\t\t<div class=\"elementor-element elementor-element-baf519b elementor-widget elementor-widget-text-editor\" data-id=\"baf519b\" data-element_type=\"widget\" data-widget_type=\"text-editor.default\">\n\t\t\t\t<div class=\"elementor-widget-container\">\n\t\t\t\t\t\t\t\t\t<p>Photographie Jean-Louis Fernandez<\/p>\t\t\t\t\t\t\t\t<\/div>\n\t\t\t\t<\/div>\n\t\t\t\t\t<\/div>\n\t\t<\/div>\n\t\t\t\t\t<\/div>\n\t\t<\/section>\n\t\t\t\t<section class=\"elementor-section elementor-top-section elementor-element elementor-element-e852b87 elementor-section-boxed elementor-section-height-default elementor-section-height-default\" data-id=\"e852b87\" data-element_type=\"section\">\n\t\t\t\t\t\t<div class=\"elementor-container elementor-column-gap-default\">\n\t\t\t\t\t<div class=\"elementor-column elementor-col-100 elementor-top-column elementor-element elementor-element-fbb68e8\" data-id=\"fbb68e8\" data-element_type=\"column\">\n\t\t\t<div class=\"elementor-widget-wrap elementor-element-populated\">\n\t\t\t\t\t\t<div class=\"elementor-element elementor-element-4224b6a elementor-widget elementor-widget-image\" data-id=\"4224b6a\" data-element_type=\"widget\" data-widget_type=\"image.default\">\n\t\t\t\t<div class=\"elementor-widget-container\">\n\t\t\t\t\t\t\t\t\t\t\t\t\t\t\t<img fetchpriority=\"high\" decoding=\"async\" width=\"636\" height=\"331\" src=\"https:\/\/leogarnier.com\/wp-content\/uploads\/2022\/07\/photo_sixpersoenquetedauteur_08_jeanlouisfernandez_carrousel.jpg\" class=\"attachment-medium_large size-medium_large wp-image-1566\" alt=\"R\u00e9gie g\u00e9n\u00e9rale sc\u00e9nographie\" srcset=\"https:\/\/leogarnier.com\/wp-content\/uploads\/2022\/07\/photo_sixpersoenquetedauteur_08_jeanlouisfernandez_carrousel.jpg 636w, https:\/\/leogarnier.com\/wp-content\/uploads\/2022\/07\/photo_sixpersoenquetedauteur_08_jeanlouisfernandez_carrousel-300x156.jpg 300w\" sizes=\"(max-width: 636px) 100vw, 636px\" \/>\t\t\t\t\t\t\t\t\t\t\t\t\t\t\t<\/div>\n\t\t\t\t<\/div>\n\t\t\t\t\t<\/div>\n\t\t<\/div>\n\t\t\t\t\t<\/div>\n\t\t<\/section>\n\t\t\t\t<section class=\"elementor-section elementor-top-section elementor-element elementor-element-3938d60 elementor-section-boxed elementor-section-height-default elementor-section-height-default\" data-id=\"3938d60\" data-element_type=\"section\">\n\t\t\t\t\t\t<div class=\"elementor-container elementor-column-gap-default\">\n\t\t\t\t\t<div class=\"elementor-column elementor-col-100 elementor-top-column elementor-element elementor-element-9fda151\" data-id=\"9fda151\" data-element_type=\"column\">\n\t\t\t<div class=\"elementor-widget-wrap elementor-element-populated\">\n\t\t\t\t\t\t<div class=\"elementor-element elementor-element-ad4ad41 elementor-widget elementor-widget-image\" data-id=\"ad4ad41\" data-element_type=\"widget\" data-widget_type=\"image.default\">\n\t\t\t\t<div class=\"elementor-widget-container\">\n\t\t\t\t\t\t\t\t\t\t\t\t\t\t\t<img decoding=\"async\" width=\"768\" height=\"416\" src=\"https:\/\/leogarnier.com\/wp-content\/uploads\/2022\/07\/2021-06-741-six-personnages-en-quete-d-auteur-768x416.jpg\" class=\"attachment-medium_large size-medium_large wp-image-1705\" alt=\"Val\u00e9rie Dashwood contraste monochrome\" srcset=\"https:\/\/leogarnier.com\/wp-content\/uploads\/2022\/07\/2021-06-741-six-personnages-en-quete-d-auteur-768x416.jpg 768w, https:\/\/leogarnier.com\/wp-content\/uploads\/2022\/07\/2021-06-741-six-personnages-en-quete-d-auteur-300x163.jpg 300w, https:\/\/leogarnier.com\/wp-content\/uploads\/2022\/07\/2021-06-741-six-personnages-en-quete-d-auteur-1024x555.jpg 1024w, https:\/\/leogarnier.com\/wp-content\/uploads\/2022\/07\/2021-06-741-six-personnages-en-quete-d-auteur.jpg 1440w\" sizes=\"(max-width: 768px) 100vw, 768px\" \/>\t\t\t\t\t\t\t\t\t\t\t\t\t\t\t<\/div>\n\t\t\t\t<\/div>\n\t\t\t\t\t<\/div>\n\t\t<\/div>\n\t\t\t\t\t<\/div>\n\t\t<\/section>\n\t\t\t\t<section class=\"elementor-section elementor-top-section elementor-element elementor-element-eb8b820 elementor-section-boxed elementor-section-height-default elementor-section-height-default\" data-id=\"eb8b820\" data-element_type=\"section\">\n\t\t\t\t\t\t<div class=\"elementor-container elementor-column-gap-default\">\n\t\t\t\t\t<div class=\"elementor-column elementor-col-100 elementor-top-column elementor-element elementor-element-cbab431\" data-id=\"cbab431\" data-element_type=\"column\">\n\t\t\t<div class=\"elementor-widget-wrap elementor-element-populated\">\n\t\t\t\t\t\t<div class=\"elementor-element elementor-element-181a6c7 elementor-widget elementor-widget-text-editor\" data-id=\"181a6c7\" data-element_type=\"widget\" data-widget_type=\"text-editor.default\">\n\t\t\t\t<div class=\"elementor-widget-container\">\n\t\t\t\t\t\t\t\t\t<p class=\"roles\"><strong>Texte\u00a0<\/strong>Luigi Pirandello<strong><br \/>Mise en sc\u00e8ne <\/strong>Emmanuel Demarcy-Mota<\/p><p><strong>Avec<\/strong> la troupe du th\u00e9\u00e2tre de la ville\u00a0<br \/>Hugues Quester<br \/>Alain Libolt<br \/>Val\u00e9rie Dashwood<br \/>Sarah Karbasnikoff<br \/>St\u00e9phane Kr\u00e4henb\u00fchl<br \/>Chlo\u00e9 Chaz\u00e9<br \/>C\u00e9line Carr\u00e8re<br \/>Charles-Roger Bour<br \/>Philippe Demarle<br \/>Sandra Faure<br \/>Ga\u00eblle Guillou<br \/>G\u00e9rald Maillet<br \/>Pascal Vuillemot<br \/>Jauris Casanova<br \/>Aliz\u00e9e Demarle<\/p><p><strong>Assistant \u00e0 la mise en sc\u00e8ne <\/strong>Christophe Lemaire \/ Julie Peign\u00e9<strong><br \/>Traduction <\/strong>Fran\u00e7ois Regnault<strong><br \/>Sc\u00e9nographie et lumi\u00e8re <\/strong>Yves Collet<strong><br \/>Musique <\/strong>Jefferson Lembeye<strong><br \/>Costumes <\/strong>Corinne Baudelot<strong><br \/>Maquillages <\/strong>Catherine Nicolas<strong><br \/>Assistant lumi\u00e8res<\/strong>\u00a0Thomas Falinower<br \/><strong>R\u00e9gie g\u00e9n\u00e9rale<\/strong> L\u00e9o Garnier\u00a0<\/p>\t\t\t\t\t\t\t\t<\/div>\n\t\t\t\t<\/div>\n\t\t\t\t\t<\/div>\n\t\t<\/div>\n\t\t\t\t\t<\/div>\n\t\t<\/section>\n\t\t\t\t<section class=\"elementor-section elementor-top-section elementor-element elementor-element-2432e3e elementor-section-boxed elementor-section-height-default elementor-section-height-default\" data-id=\"2432e3e\" data-element_type=\"section\">\n\t\t\t\t\t\t<div class=\"elementor-container elementor-column-gap-default\">\n\t\t\t\t\t<div class=\"elementor-column elementor-col-100 elementor-top-column elementor-element elementor-element-952c9c4\" data-id=\"952c9c4\" data-element_type=\"column\">\n\t\t\t<div class=\"elementor-widget-wrap elementor-element-populated\">\n\t\t\t\t\t\t<div class=\"elementor-element elementor-element-a1eb2e2 elementor-widget elementor-widget-text-editor\" data-id=\"a1eb2e2\" data-element_type=\"widget\" data-widget_type=\"text-editor.default\">\n\t\t\t\t<div class=\"elementor-widget-container\">\n\t\t\t\t\t\t\t\t\t<p><strong>production<\/strong>\u00a0Th\u00e9\u00e2tre de la Ville-Paris, Les Th\u00e9\u00e2tres de la ville de Luxembourg, La Com\u00e9die de Gen\u00e8ve et la Compagnie des Millefontaines<br \/>Cr\u00e9\u00e9 \u00e0 Paris, au Th\u00e9\u00e2tre de la Ville le 4 octobre 2001.<\/p>\t\t\t\t\t\t\t\t<\/div>\n\t\t\t\t<\/div>\n\t\t\t\t\t<\/div>\n\t\t<\/div>\n\t\t\t\t\t<\/div>\n\t\t<\/section>\n\t\t\t\t<\/div>\n\t\t","protected":false},"excerpt":{"rendered":"<p>Six personnages en qu\u00eate d&rsquo;auteur Teatro della Pergola &#8211; avril 2022 Th\u00e9\u00e2tre de La Ville &#8211; juin \/ novembre 2021 Photographie Jean-Louis Fernandez Texte\u00a0Luigi Pirandello Mise en sc\u00e8ne Emmanuel Demarcy-Mota Avec la troupe du th\u00e9\u00e2tre de la ville Hugues Quester Alain Libolt Val\u00e9rie Dashwood Sarah Karbasnikoff St\u00e9phane Kr\u00e4henb\u00fchl Chlo\u00e9 Chaz\u00e9 C\u00e9line Carr\u00e8re Charles-Roger Bour Philippe [&hellip;]<\/p>\n","protected":false},"author":1,"featured_media":0,"parent":0,"menu_order":0,"comment_status":"closed","ping_status":"closed","template":"","meta":{"footnotes":""},"class_list":["post-1620","page","type-page","status-publish","hentry"],"yoast_head":"<!-- This site is optimized with the Yoast SEO plugin v27.4 - https:\/\/yoast.com\/product\/yoast-seo-wordpress\/ -->\n<title>Demarcy-Mota - Six personnages - R\u00e9gie g\u00e9n\u00e9rale L\u00e9o Garnier<\/title>\n<meta name=\"description\" content=\"Luigi Pirandello Six personnages en qu\u00eate d&#039;auteur mise en sc\u00e8ne par Emmanuel Demarcy-Mota au Th\u00e9\u00e2tre de La Ville - Paris\" \/>\n<meta name=\"robots\" content=\"index, follow, max-snippet:-1, max-image-preview:large, max-video-preview:-1\" \/>\n<link rel=\"canonical\" href=\"https:\/\/leogarnier.com\/index.php\/six-personnages\/\" \/>\n<meta property=\"og:locale\" content=\"fr_FR\" \/>\n<meta property=\"og:type\" content=\"article\" \/>\n<meta property=\"og:title\" content=\"Demarcy-Mota - Six personnages - R\u00e9gie g\u00e9n\u00e9rale L\u00e9o Garnier\" \/>\n<meta property=\"og:description\" content=\"Luigi Pirandello Six personnages en qu\u00eate d&#039;auteur mise en sc\u00e8ne par Emmanuel Demarcy-Mota au Th\u00e9\u00e2tre de La Ville - Paris\" \/>\n<meta property=\"og:url\" content=\"https:\/\/leogarnier.com\/index.php\/six-personnages\/\" \/>\n<meta property=\"og:site_name\" content=\"L\u00e9o Garnier\" \/>\n<meta property=\"article:publisher\" content=\"https:\/\/www.facebook.com\/leo.garnier.102\/\" \/>\n<meta property=\"article:modified_time\" content=\"2022-09-06T22:55:34+00:00\" \/>\n<meta property=\"og:image\" content=\"https:\/\/leogarnier.com\/wp-content\/uploads\/2022\/07\/photo_sixpersoenquetedauteur_08_jeanlouisfernandez_carrousel.jpg\" \/>\n<meta name=\"twitter:card\" content=\"summary_large_image\" \/>\n<meta name=\"twitter:label1\" content=\"Dur\u00e9e de lecture estim\u00e9e\" \/>\n\t<meta name=\"twitter:data1\" content=\"2 minutes\" \/>\n<script type=\"application\/ld+json\" class=\"yoast-schema-graph\">{\"@context\":\"https:\\\/\\\/schema.org\",\"@graph\":[{\"@type\":\"WebPage\",\"@id\":\"https:\\\/\\\/leogarnier.com\\\/index.php\\\/six-personnages\\\/\",\"url\":\"https:\\\/\\\/leogarnier.com\\\/index.php\\\/six-personnages\\\/\",\"name\":\"Demarcy-Mota - Six personnages - R\u00e9gie g\u00e9n\u00e9rale L\u00e9o Garnier\",\"isPartOf\":{\"@id\":\"https:\\\/\\\/leogarnier.com\\\/#website\"},\"primaryImageOfPage\":{\"@id\":\"https:\\\/\\\/leogarnier.com\\\/index.php\\\/six-personnages\\\/#primaryimage\"},\"image\":{\"@id\":\"https:\\\/\\\/leogarnier.com\\\/index.php\\\/six-personnages\\\/#primaryimage\"},\"thumbnailUrl\":\"https:\\\/\\\/leogarnier.com\\\/wp-content\\\/uploads\\\/2022\\\/07\\\/photo_sixpersoenquetedauteur_08_jeanlouisfernandez_carrousel.jpg\",\"datePublished\":\"2022-07-29T14:33:31+00:00\",\"dateModified\":\"2022-09-06T22:55:34+00:00\",\"description\":\"Luigi Pirandello Six personnages en qu\u00eate d'auteur mise en sc\u00e8ne par Emmanuel Demarcy-Mota au Th\u00e9\u00e2tre de La Ville - Paris\",\"breadcrumb\":{\"@id\":\"https:\\\/\\\/leogarnier.com\\\/index.php\\\/six-personnages\\\/#breadcrumb\"},\"inLanguage\":\"fr-FR\",\"potentialAction\":[{\"@type\":\"ReadAction\",\"target\":[\"https:\\\/\\\/leogarnier.com\\\/index.php\\\/six-personnages\\\/\"]}]},{\"@type\":\"ImageObject\",\"inLanguage\":\"fr-FR\",\"@id\":\"https:\\\/\\\/leogarnier.com\\\/index.php\\\/six-personnages\\\/#primaryimage\",\"url\":\"https:\\\/\\\/leogarnier.com\\\/wp-content\\\/uploads\\\/2022\\\/07\\\/photo_sixpersoenquetedauteur_08_jeanlouisfernandez_carrousel.jpg\",\"contentUrl\":\"https:\\\/\\\/leogarnier.com\\\/wp-content\\\/uploads\\\/2022\\\/07\\\/photo_sixpersoenquetedauteur_08_jeanlouisfernandez_carrousel.jpg\",\"width\":636,\"height\":331,\"caption\":\"R\u00e9gie g\u00e9n\u00e9rale sc\u00e9nographie\"},{\"@type\":\"BreadcrumbList\",\"@id\":\"https:\\\/\\\/leogarnier.com\\\/index.php\\\/six-personnages\\\/#breadcrumb\",\"itemListElement\":[{\"@type\":\"ListItem\",\"position\":1,\"name\":\"Accueil\",\"item\":\"https:\\\/\\\/leogarnier.com\\\/\"},{\"@type\":\"ListItem\",\"position\":2,\"name\":\"Six personnages\"}]},{\"@type\":\"WebSite\",\"@id\":\"https:\\\/\\\/leogarnier.com\\\/#website\",\"url\":\"https:\\\/\\\/leogarnier.com\\\/\",\"name\":\"L\u00e9o Garnier\",\"description\":\"\u00c9clairagiste\",\"publisher\":{\"@id\":\"https:\\\/\\\/leogarnier.com\\\/#\\\/schema\\\/person\\\/9caf54ec40390ce3fa693f0b1acd3190\"},\"potentialAction\":[{\"@type\":\"SearchAction\",\"target\":{\"@type\":\"EntryPoint\",\"urlTemplate\":\"https:\\\/\\\/leogarnier.com\\\/?s={search_term_string}\"},\"query-input\":{\"@type\":\"PropertyValueSpecification\",\"valueRequired\":true,\"valueName\":\"search_term_string\"}}],\"inLanguage\":\"fr-FR\"},{\"@type\":[\"Person\",\"Organization\"],\"@id\":\"https:\\\/\\\/leogarnier.com\\\/#\\\/schema\\\/person\\\/9caf54ec40390ce3fa693f0b1acd3190\",\"name\":\"L\u00e9o\",\"image\":{\"@type\":\"ImageObject\",\"inLanguage\":\"fr-FR\",\"@id\":\"https:\\\/\\\/leogarnier.com\\\/wp-content\\\/uploads\\\/2022\\\/09\\\/Leo9.png\",\"url\":\"https:\\\/\\\/leogarnier.com\\\/wp-content\\\/uploads\\\/2022\\\/09\\\/Leo9.png\",\"contentUrl\":\"https:\\\/\\\/leogarnier.com\\\/wp-content\\\/uploads\\\/2022\\\/09\\\/Leo9.png\",\"width\":1148,\"height\":825,\"caption\":\"L\u00e9o\"},\"logo\":{\"@id\":\"https:\\\/\\\/leogarnier.com\\\/wp-content\\\/uploads\\\/2022\\\/09\\\/Leo9.png\"},\"sameAs\":[\"http:\\\/\\\/leogarnier.com\",\"https:\\\/\\\/www.facebook.com\\\/leo.garnier.102\\\/\",\"https:\\\/\\\/www.instagram.com\\\/garnierleo\\\/\"]}]}<\/script>\n<!-- \/ Yoast SEO plugin. -->","yoast_head_json":{"title":"Demarcy-Mota - Six personnages - R\u00e9gie g\u00e9n\u00e9rale L\u00e9o Garnier","description":"Luigi Pirandello Six personnages en qu\u00eate d'auteur mise en sc\u00e8ne par Emmanuel Demarcy-Mota au Th\u00e9\u00e2tre de La Ville - Paris","robots":{"index":"index","follow":"follow","max-snippet":"max-snippet:-1","max-image-preview":"max-image-preview:large","max-video-preview":"max-video-preview:-1"},"canonical":"https:\/\/leogarnier.com\/index.php\/six-personnages\/","og_locale":"fr_FR","og_type":"article","og_title":"Demarcy-Mota - Six personnages - R\u00e9gie g\u00e9n\u00e9rale L\u00e9o Garnier","og_description":"Luigi Pirandello Six personnages en qu\u00eate d'auteur mise en sc\u00e8ne par Emmanuel Demarcy-Mota au Th\u00e9\u00e2tre de La Ville - Paris","og_url":"https:\/\/leogarnier.com\/index.php\/six-personnages\/","og_site_name":"L\u00e9o Garnier","article_publisher":"https:\/\/www.facebook.com\/leo.garnier.102\/","article_modified_time":"2022-09-06T22:55:34+00:00","og_image":[{"url":"https:\/\/leogarnier.com\/wp-content\/uploads\/2022\/07\/photo_sixpersoenquetedauteur_08_jeanlouisfernandez_carrousel.jpg","type":"","width":"","height":""}],"twitter_card":"summary_large_image","twitter_misc":{"Dur\u00e9e de lecture estim\u00e9e":"2 minutes"},"schema":{"@context":"https:\/\/schema.org","@graph":[{"@type":"WebPage","@id":"https:\/\/leogarnier.com\/index.php\/six-personnages\/","url":"https:\/\/leogarnier.com\/index.php\/six-personnages\/","name":"Demarcy-Mota - Six personnages - R\u00e9gie g\u00e9n\u00e9rale L\u00e9o Garnier","isPartOf":{"@id":"https:\/\/leogarnier.com\/#website"},"primaryImageOfPage":{"@id":"https:\/\/leogarnier.com\/index.php\/six-personnages\/#primaryimage"},"image":{"@id":"https:\/\/leogarnier.com\/index.php\/six-personnages\/#primaryimage"},"thumbnailUrl":"https:\/\/leogarnier.com\/wp-content\/uploads\/2022\/07\/photo_sixpersoenquetedauteur_08_jeanlouisfernandez_carrousel.jpg","datePublished":"2022-07-29T14:33:31+00:00","dateModified":"2022-09-06T22:55:34+00:00","description":"Luigi Pirandello Six personnages en qu\u00eate d'auteur mise en sc\u00e8ne par Emmanuel Demarcy-Mota au Th\u00e9\u00e2tre de La Ville - Paris","breadcrumb":{"@id":"https:\/\/leogarnier.com\/index.php\/six-personnages\/#breadcrumb"},"inLanguage":"fr-FR","potentialAction":[{"@type":"ReadAction","target":["https:\/\/leogarnier.com\/index.php\/six-personnages\/"]}]},{"@type":"ImageObject","inLanguage":"fr-FR","@id":"https:\/\/leogarnier.com\/index.php\/six-personnages\/#primaryimage","url":"https:\/\/leogarnier.com\/wp-content\/uploads\/2022\/07\/photo_sixpersoenquetedauteur_08_jeanlouisfernandez_carrousel.jpg","contentUrl":"https:\/\/leogarnier.com\/wp-content\/uploads\/2022\/07\/photo_sixpersoenquetedauteur_08_jeanlouisfernandez_carrousel.jpg","width":636,"height":331,"caption":"R\u00e9gie g\u00e9n\u00e9rale sc\u00e9nographie"},{"@type":"BreadcrumbList","@id":"https:\/\/leogarnier.com\/index.php\/six-personnages\/#breadcrumb","itemListElement":[{"@type":"ListItem","position":1,"name":"Accueil","item":"https:\/\/leogarnier.com\/"},{"@type":"ListItem","position":2,"name":"Six personnages"}]},{"@type":"WebSite","@id":"https:\/\/leogarnier.com\/#website","url":"https:\/\/leogarnier.com\/","name":"L\u00e9o Garnier","description":"\u00c9clairagiste","publisher":{"@id":"https:\/\/leogarnier.com\/#\/schema\/person\/9caf54ec40390ce3fa693f0b1acd3190"},"potentialAction":[{"@type":"SearchAction","target":{"@type":"EntryPoint","urlTemplate":"https:\/\/leogarnier.com\/?s={search_term_string}"},"query-input":{"@type":"PropertyValueSpecification","valueRequired":true,"valueName":"search_term_string"}}],"inLanguage":"fr-FR"},{"@type":["Person","Organization"],"@id":"https:\/\/leogarnier.com\/#\/schema\/person\/9caf54ec40390ce3fa693f0b1acd3190","name":"L\u00e9o","image":{"@type":"ImageObject","inLanguage":"fr-FR","@id":"https:\/\/leogarnier.com\/wp-content\/uploads\/2022\/09\/Leo9.png","url":"https:\/\/leogarnier.com\/wp-content\/uploads\/2022\/09\/Leo9.png","contentUrl":"https:\/\/leogarnier.com\/wp-content\/uploads\/2022\/09\/Leo9.png","width":1148,"height":825,"caption":"L\u00e9o"},"logo":{"@id":"https:\/\/leogarnier.com\/wp-content\/uploads\/2022\/09\/Leo9.png"},"sameAs":["http:\/\/leogarnier.com","https:\/\/www.facebook.com\/leo.garnier.102\/","https:\/\/www.instagram.com\/garnierleo\/"]}]}},"_links":{"self":[{"href":"https:\/\/leogarnier.com\/index.php\/wp-json\/wp\/v2\/pages\/1620","targetHints":{"allow":["GET"]}}],"collection":[{"href":"https:\/\/leogarnier.com\/index.php\/wp-json\/wp\/v2\/pages"}],"about":[{"href":"https:\/\/leogarnier.com\/index.php\/wp-json\/wp\/v2\/types\/page"}],"author":[{"embeddable":true,"href":"https:\/\/leogarnier.com\/index.php\/wp-json\/wp\/v2\/users\/1"}],"replies":[{"embeddable":true,"href":"https:\/\/leogarnier.com\/index.php\/wp-json\/wp\/v2\/comments?post=1620"}],"version-history":[{"count":10,"href":"https:\/\/leogarnier.com\/index.php\/wp-json\/wp\/v2\/pages\/1620\/revisions"}],"predecessor-version":[{"id":2204,"href":"https:\/\/leogarnier.com\/index.php\/wp-json\/wp\/v2\/pages\/1620\/revisions\/2204"}],"wp:attachment":[{"href":"https:\/\/leogarnier.com\/index.php\/wp-json\/wp\/v2\/media?parent=1620"}],"curies":[{"name":"wp","href":"https:\/\/api.w.org\/{rel}","templated":true}]}}