{"id":1624,"date":"2022-07-29T16:34:07","date_gmt":"2022-07-29T14:34:07","guid":{"rendered":"https:\/\/leogarnier.com\/?page_id=1624"},"modified":"2023-01-10T23:26:52","modified_gmt":"2023-01-10T22:26:52","slug":"la-grande-magie","status":"publish","type":"page","link":"https:\/\/leogarnier.com\/index.php\/la-grande-magie\/","title":{"rendered":"La Grande Magie"},"content":{"rendered":"\t\t<div data-elementor-type=\"wp-page\" data-elementor-id=\"1624\" class=\"elementor elementor-1624\">\n\t\t\t\t\t\t<section class=\"elementor-section elementor-top-section elementor-element elementor-element-0128a54 elementor-section-boxed elementor-section-height-default elementor-section-height-default\" data-id=\"0128a54\" data-element_type=\"section\">\n\t\t\t\t\t\t<div class=\"elementor-container elementor-column-gap-default\">\n\t\t\t\t\t<div class=\"elementor-column elementor-col-100 elementor-top-column elementor-element elementor-element-34539e6\" data-id=\"34539e6\" data-element_type=\"column\">\n\t\t\t<div class=\"elementor-widget-wrap elementor-element-populated\">\n\t\t\t\t\t\t<div class=\"elementor-element elementor-element-4f2aaaf elementor-widget elementor-widget-heading\" data-id=\"4f2aaaf\" data-element_type=\"widget\" data-widget_type=\"heading.default\">\n\t\t\t\t<div class=\"elementor-widget-container\">\n\t\t\t\t\t<h2 class=\"elementor-heading-title elementor-size-default\">La Grande Magie<\/h2>\t\t\t\t<\/div>\n\t\t\t\t<\/div>\n\t\t\t\t\t<\/div>\n\t\t<\/div>\n\t\t\t\t\t<\/div>\n\t\t<\/section>\n\t\t\t\t<section class=\"elementor-section elementor-top-section elementor-element elementor-element-bd50136 elementor-section-boxed elementor-section-height-default elementor-section-height-default\" data-id=\"bd50136\" data-element_type=\"section\">\n\t\t\t\t\t\t<div class=\"elementor-container elementor-column-gap-default\">\n\t\t\t\t\t<div class=\"elementor-column elementor-col-100 elementor-top-column elementor-element elementor-element-9b76f67\" data-id=\"9b76f67\" data-element_type=\"column\">\n\t\t\t<div class=\"elementor-widget-wrap elementor-element-populated\">\n\t\t\t\t\t\t<div class=\"elementor-element elementor-element-6faa969 elementor-widget elementor-widget-text-editor\" data-id=\"6faa969\" data-element_type=\"widget\" data-widget_type=\"text-editor.default\">\n\t\t\t\t<div class=\"elementor-widget-container\">\n\t\t\t\t\t\t\t\t\t<p>Th\u00e9\u00e2tre de La Ville &#8211; d\u00e9cembre 2022<\/p>\t\t\t\t\t\t\t\t<\/div>\n\t\t\t\t<\/div>\n\t\t\t\t\t<\/div>\n\t\t<\/div>\n\t\t\t\t\t<\/div>\n\t\t<\/section>\n\t\t\t\t<section class=\"elementor-section elementor-top-section elementor-element elementor-element-5913abb elementor-section-boxed elementor-section-height-default elementor-section-height-default\" data-id=\"5913abb\" data-element_type=\"section\">\n\t\t\t\t\t\t<div class=\"elementor-container elementor-column-gap-default\">\n\t\t\t\t\t<div class=\"elementor-column elementor-col-100 elementor-top-column elementor-element elementor-element-01ee88e\" data-id=\"01ee88e\" data-element_type=\"column\">\n\t\t\t<div class=\"elementor-widget-wrap elementor-element-populated\">\n\t\t\t\t\t\t<div class=\"elementor-element elementor-element-7cd644d elementor-widget elementor-widget-text-editor\" data-id=\"7cd644d\" data-element_type=\"widget\" data-widget_type=\"text-editor.default\">\n\t\t\t\t<div class=\"elementor-widget-container\">\n\t\t\t\t\t\t\t\t\t<p>Photographie Jean-Louis Fernandez<\/p>\t\t\t\t\t\t\t\t<\/div>\n\t\t\t\t<\/div>\n\t\t\t\t\t<\/div>\n\t\t<\/div>\n\t\t\t\t\t<\/div>\n\t\t<\/section>\n\t\t\t\t<section class=\"elementor-section elementor-top-section elementor-element elementor-element-0d24667 elementor-section-boxed elementor-section-height-default elementor-section-height-default\" data-id=\"0d24667\" data-element_type=\"section\">\n\t\t\t\t\t\t<div class=\"elementor-container elementor-column-gap-default\">\n\t\t\t\t\t<div class=\"elementor-column elementor-col-100 elementor-top-column elementor-element elementor-element-df67813\" data-id=\"df67813\" data-element_type=\"column\">\n\t\t\t<div class=\"elementor-widget-wrap elementor-element-populated\">\n\t\t\t\t\t\t<div class=\"elementor-element elementor-element-2ce0bbf elementor-widget elementor-widget-image\" data-id=\"2ce0bbf\" data-element_type=\"widget\" data-widget_type=\"image.default\">\n\t\t\t\t<div class=\"elementor-widget-container\">\n\t\t\t\t\t\t\t\t\t\t\t\t\t\t\t<img fetchpriority=\"high\" decoding=\"async\" width=\"768\" height=\"512\" src=\"https:\/\/leogarnier.com\/wp-content\/uploads\/2023\/01\/Scenographie-sombre-et-intriguante-768x512.jpg\" class=\"attachment-medium_large size-medium_large wp-image-2198\" alt=\"\" srcset=\"https:\/\/leogarnier.com\/wp-content\/uploads\/2023\/01\/Scenographie-sombre-et-intriguante-768x512.jpg 768w, https:\/\/leogarnier.com\/wp-content\/uploads\/2023\/01\/Scenographie-sombre-et-intriguante-300x200.jpg 300w, https:\/\/leogarnier.com\/wp-content\/uploads\/2023\/01\/Scenographie-sombre-et-intriguante.jpg 800w\" sizes=\"(max-width: 768px) 100vw, 768px\" \/>\t\t\t\t\t\t\t\t\t\t\t\t\t\t\t<\/div>\n\t\t\t\t<\/div>\n\t\t\t\t\t<\/div>\n\t\t<\/div>\n\t\t\t\t\t<\/div>\n\t\t<\/section>\n\t\t\t\t<section class=\"elementor-section elementor-top-section elementor-element elementor-element-04dedb1 elementor-section-boxed elementor-section-height-default elementor-section-height-default\" data-id=\"04dedb1\" data-element_type=\"section\">\n\t\t\t\t\t\t<div class=\"elementor-container elementor-column-gap-default\">\n\t\t\t\t\t<div class=\"elementor-column elementor-col-100 elementor-top-column elementor-element elementor-element-72e4310\" data-id=\"72e4310\" data-element_type=\"column\">\n\t\t\t<div class=\"elementor-widget-wrap elementor-element-populated\">\n\t\t\t\t\t\t<div class=\"elementor-element elementor-element-876f991 elementor-widget elementor-widget-image\" data-id=\"876f991\" data-element_type=\"widget\" data-widget_type=\"image.default\">\n\t\t\t\t<div class=\"elementor-widget-container\">\n\t\t\t\t\t\t\t\t\t\t\t\t\t\t\t<img decoding=\"async\" width=\"768\" height=\"512\" src=\"https:\/\/leogarnier.com\/wp-content\/uploads\/2023\/01\/Lumiere-etrange-768x512.jpg\" class=\"attachment-medium_large size-medium_large wp-image-2195\" alt=\"\" srcset=\"https:\/\/leogarnier.com\/wp-content\/uploads\/2023\/01\/Lumiere-etrange-768x512.jpg 768w, https:\/\/leogarnier.com\/wp-content\/uploads\/2023\/01\/Lumiere-etrange-300x200.jpg 300w, https:\/\/leogarnier.com\/wp-content\/uploads\/2023\/01\/Lumiere-etrange.jpg 800w\" sizes=\"(max-width: 768px) 100vw, 768px\" \/>\t\t\t\t\t\t\t\t\t\t\t\t\t\t\t<\/div>\n\t\t\t\t<\/div>\n\t\t\t\t\t<\/div>\n\t\t<\/div>\n\t\t\t\t\t<\/div>\n\t\t<\/section>\n\t\t\t\t<section class=\"elementor-section elementor-top-section elementor-element elementor-element-7920580 elementor-section-boxed elementor-section-height-default elementor-section-height-default\" data-id=\"7920580\" data-element_type=\"section\">\n\t\t\t\t\t\t<div class=\"elementor-container elementor-column-gap-default\">\n\t\t\t\t\t<div class=\"elementor-column elementor-col-100 elementor-top-column elementor-element elementor-element-90137ea\" data-id=\"90137ea\" data-element_type=\"column\">\n\t\t\t<div class=\"elementor-widget-wrap elementor-element-populated\">\n\t\t\t\t\t\t<div class=\"elementor-element elementor-element-b274995 elementor-widget elementor-widget-image\" data-id=\"b274995\" data-element_type=\"widget\" data-widget_type=\"image.default\">\n\t\t\t\t<div class=\"elementor-widget-container\">\n\t\t\t\t\t\t\t\t\t\t\t\t\t\t\t<img decoding=\"async\" width=\"768\" height=\"512\" src=\"https:\/\/leogarnier.com\/wp-content\/uploads\/2023\/01\/Projection-sur-rideaux-a-chaines-768x512.jpg\" class=\"attachment-medium_large size-medium_large wp-image-2196\" alt=\"\" srcset=\"https:\/\/leogarnier.com\/wp-content\/uploads\/2023\/01\/Projection-sur-rideaux-a-chaines-768x512.jpg 768w, https:\/\/leogarnier.com\/wp-content\/uploads\/2023\/01\/Projection-sur-rideaux-a-chaines-300x200.jpg 300w, https:\/\/leogarnier.com\/wp-content\/uploads\/2023\/01\/Projection-sur-rideaux-a-chaines.jpg 800w\" sizes=\"(max-width: 768px) 100vw, 768px\" \/>\t\t\t\t\t\t\t\t\t\t\t\t\t\t\t<\/div>\n\t\t\t\t<\/div>\n\t\t\t\t\t<\/div>\n\t\t<\/div>\n\t\t\t\t\t<\/div>\n\t\t<\/section>\n\t\t\t\t<section class=\"elementor-section elementor-top-section elementor-element elementor-element-e7b0ff3 elementor-section-boxed elementor-section-height-default elementor-section-height-default\" data-id=\"e7b0ff3\" data-element_type=\"section\">\n\t\t\t\t\t\t<div class=\"elementor-container elementor-column-gap-default\">\n\t\t\t\t\t<div class=\"elementor-column elementor-col-100 elementor-top-column elementor-element elementor-element-93841c6\" data-id=\"93841c6\" data-element_type=\"column\">\n\t\t\t<div class=\"elementor-widget-wrap elementor-element-populated\">\n\t\t\t\t\t\t<div class=\"elementor-element elementor-element-e0d0532 elementor-widget elementor-widget-text-editor\" data-id=\"e0d0532\" data-element_type=\"widget\" data-widget_type=\"text-editor.default\">\n\t\t\t\t<div class=\"elementor-widget-container\">\n\t\t\t\t\t\t\t\t\t<p>CR\u00c9ATION ESPACE PIERRE CARDIN &#8211; 2022<\/p><p class=\"roles\"><strong><span class=\"role-name\">Texte<\/span><\/strong> Eduardo de Felippo <br \/><strong><span class=\"role-name\">Mise en sc\u00e8ne<\/span><\/strong>\u00a0Emmanuel Demarcy-Mota<\/p><div class=\"roles additional-roles\"><p><strong>Traduction\u00a0<\/strong>Huguette Hatem<br \/><strong>Assistants \u00e0 la mise en sc\u00e8ne\u00a0<\/strong>Julie Peign\u00e9 \/ Christophe Lemaire<br \/><strong>Sc\u00e9nographie<\/strong> Yves Collet \/ Emmanuel Demarcy-Mota<br \/><strong>Lumi\u00e8res<\/strong> Christophe Lemaire \/ Yves Collet<br \/><b>Costumes\u00a0<\/b>Fanny Brouste<br \/><strong>Musique<\/strong> Armand M\u00e9li\u00e8s<br \/><strong>Vid\u00e9o<\/strong> Renaud Rubiano<br \/><strong>Conseiller magie<\/strong> Hugues Protat<br \/><b>Son <\/b>Flavien Gaudon<br \/><strong>Maquillages &amp; Coiffures<\/strong>\u00a0Catherine Nicolas<br \/><strong>Accessoires<\/strong> Erik Jourdil<br \/><strong>R\u00e9gie g\u00e9n\u00e9rale<\/strong> L\u00e9o Garnier<\/p><p><strong>Avec<br \/><\/strong>Serge Maggiani, Val\u00e9rie Dashwood, Marie-France Alvarez, C\u00e9line Carr\u00e8re, Jauris Casanova, Sandra Faure, Sarah Karbasnikoff, St\u00e9phane Kr\u00e4henb\u00fchl, G\u00e9rald Maillet, Isis Ravel, Pascal Vuillemot<strong><br \/><\/strong><\/p><\/div>\t\t\t\t\t\t\t\t<\/div>\n\t\t\t\t<\/div>\n\t\t\t\t\t<\/div>\n\t\t<\/div>\n\t\t\t\t\t<\/div>\n\t\t<\/section>\n\t\t\t\t<section class=\"elementor-section elementor-top-section elementor-element elementor-element-cc91736 elementor-section-boxed elementor-section-height-default elementor-section-height-default\" data-id=\"cc91736\" data-element_type=\"section\">\n\t\t\t\t\t\t<div class=\"elementor-container elementor-column-gap-default\">\n\t\t\t\t\t<div class=\"elementor-column elementor-col-100 elementor-top-column elementor-element elementor-element-88923aa\" data-id=\"88923aa\" data-element_type=\"column\">\n\t\t\t<div class=\"elementor-widget-wrap elementor-element-populated\">\n\t\t\t\t\t\t<div class=\"elementor-element elementor-element-c687296 elementor-widget elementor-widget-text-editor\" data-id=\"c687296\" data-element_type=\"widget\" data-widget_type=\"text-editor.default\">\n\t\t\t\t<div class=\"elementor-widget-container\">\n\t\t\t\t\t\t\t\t\t<p><strong>Production<\/strong> Th\u00e9\u00e2tre de La Ville Paris<\/p>\t\t\t\t\t\t\t\t<\/div>\n\t\t\t\t<\/div>\n\t\t\t\t\t<\/div>\n\t\t<\/div>\n\t\t\t\t\t<\/div>\n\t\t<\/section>\n\t\t\t\t<\/div>\n\t\t","protected":false},"excerpt":{"rendered":"<p>La Grande Magie Th\u00e9\u00e2tre de La Ville &#8211; d\u00e9cembre 2022 Photographie Jean-Louis Fernandez CR\u00c9ATION ESPACE PIERRE CARDIN &#8211; 2022 Texte Eduardo de Felippo Mise en sc\u00e8ne\u00a0Emmanuel Demarcy-Mota Traduction\u00a0Huguette HatemAssistants \u00e0 la mise en sc\u00e8ne\u00a0Julie Peign\u00e9 \/ Christophe LemaireSc\u00e9nographie Yves Collet \/ Emmanuel Demarcy-MotaLumi\u00e8res Christophe Lemaire \/ Yves ColletCostumes\u00a0Fanny BrousteMusique Armand M\u00e9li\u00e8sVid\u00e9o Renaud RubianoConseiller magie Hugues [&hellip;]<\/p>\n","protected":false},"author":1,"featured_media":0,"parent":0,"menu_order":0,"comment_status":"closed","ping_status":"closed","template":"","meta":{"footnotes":""},"class_list":["post-1624","page","type-page","status-publish","hentry"],"yoast_head":"<!-- This site is optimized with the Yoast SEO plugin v27.4 - https:\/\/yoast.com\/product\/yoast-seo-wordpress\/ -->\n<title>Emmanuel Demarcy-Mota - La Grande Magie - L\u00e9o Garnier<\/title>\n<meta name=\"description\" content=\"Emmanuel Demarcy-Mota met en sc\u00e8ne La Grande Magie - Un texte de Eduardo De Filippo - R\u00e9gie G\u00e9n\u00e9rale L\u00e9o Garnier\" \/>\n<meta name=\"robots\" content=\"index, follow, max-snippet:-1, max-image-preview:large, max-video-preview:-1\" \/>\n<link rel=\"canonical\" href=\"https:\/\/leogarnier.com\/index.php\/la-grande-magie\/\" \/>\n<meta property=\"og:locale\" content=\"fr_FR\" \/>\n<meta property=\"og:type\" content=\"article\" \/>\n<meta property=\"og:title\" content=\"Emmanuel Demarcy-Mota - La Grande Magie - L\u00e9o Garnier\" \/>\n<meta property=\"og:description\" content=\"Emmanuel Demarcy-Mota met en sc\u00e8ne La Grande Magie - Un texte de Eduardo De Filippo - R\u00e9gie G\u00e9n\u00e9rale L\u00e9o Garnier\" \/>\n<meta property=\"og:url\" content=\"https:\/\/leogarnier.com\/index.php\/la-grande-magie\/\" \/>\n<meta property=\"og:site_name\" content=\"L\u00e9o Garnier\" \/>\n<meta property=\"article:publisher\" content=\"https:\/\/www.facebook.com\/leo.garnier.102\/\" \/>\n<meta property=\"article:modified_time\" content=\"2023-01-10T22:26:52+00:00\" \/>\n<meta property=\"og:image\" content=\"https:\/\/leogarnier.com\/wp-content\/uploads\/2023\/01\/Scenographie-sombre-et-intriguante-768x512.jpg\" \/>\n<meta name=\"twitter:card\" content=\"summary_large_image\" \/>\n<meta name=\"twitter:label1\" content=\"Dur\u00e9e de lecture estim\u00e9e\" \/>\n\t<meta name=\"twitter:data1\" content=\"2 minutes\" \/>\n<script type=\"application\/ld+json\" class=\"yoast-schema-graph\">{\"@context\":\"https:\\\/\\\/schema.org\",\"@graph\":[{\"@type\":\"WebPage\",\"@id\":\"https:\\\/\\\/leogarnier.com\\\/index.php\\\/la-grande-magie\\\/\",\"url\":\"https:\\\/\\\/leogarnier.com\\\/index.php\\\/la-grande-magie\\\/\",\"name\":\"Emmanuel Demarcy-Mota - La Grande Magie - L\u00e9o Garnier\",\"isPartOf\":{\"@id\":\"https:\\\/\\\/leogarnier.com\\\/#website\"},\"primaryImageOfPage\":{\"@id\":\"https:\\\/\\\/leogarnier.com\\\/index.php\\\/la-grande-magie\\\/#primaryimage\"},\"image\":{\"@id\":\"https:\\\/\\\/leogarnier.com\\\/index.php\\\/la-grande-magie\\\/#primaryimage\"},\"thumbnailUrl\":\"https:\\\/\\\/leogarnier.com\\\/wp-content\\\/uploads\\\/2023\\\/01\\\/Scenographie-sombre-et-intriguante-768x512.jpg\",\"datePublished\":\"2022-07-29T14:34:07+00:00\",\"dateModified\":\"2023-01-10T22:26:52+00:00\",\"description\":\"Emmanuel Demarcy-Mota met en sc\u00e8ne La Grande Magie - Un texte de Eduardo De Filippo - R\u00e9gie G\u00e9n\u00e9rale L\u00e9o Garnier\",\"breadcrumb\":{\"@id\":\"https:\\\/\\\/leogarnier.com\\\/index.php\\\/la-grande-magie\\\/#breadcrumb\"},\"inLanguage\":\"fr-FR\",\"potentialAction\":[{\"@type\":\"ReadAction\",\"target\":[\"https:\\\/\\\/leogarnier.com\\\/index.php\\\/la-grande-magie\\\/\"]}]},{\"@type\":\"ImageObject\",\"inLanguage\":\"fr-FR\",\"@id\":\"https:\\\/\\\/leogarnier.com\\\/index.php\\\/la-grande-magie\\\/#primaryimage\",\"url\":\"https:\\\/\\\/leogarnier.com\\\/wp-content\\\/uploads\\\/2023\\\/01\\\/Scenographie-sombre-et-intriguante.jpg\",\"contentUrl\":\"https:\\\/\\\/leogarnier.com\\\/wp-content\\\/uploads\\\/2023\\\/01\\\/Scenographie-sombre-et-intriguante.jpg\",\"width\":800,\"height\":533},{\"@type\":\"BreadcrumbList\",\"@id\":\"https:\\\/\\\/leogarnier.com\\\/index.php\\\/la-grande-magie\\\/#breadcrumb\",\"itemListElement\":[{\"@type\":\"ListItem\",\"position\":1,\"name\":\"Accueil\",\"item\":\"https:\\\/\\\/leogarnier.com\\\/\"},{\"@type\":\"ListItem\",\"position\":2,\"name\":\"La Grande Magie\"}]},{\"@type\":\"WebSite\",\"@id\":\"https:\\\/\\\/leogarnier.com\\\/#website\",\"url\":\"https:\\\/\\\/leogarnier.com\\\/\",\"name\":\"L\u00e9o Garnier\",\"description\":\"\u00c9clairagiste\",\"publisher\":{\"@id\":\"https:\\\/\\\/leogarnier.com\\\/#\\\/schema\\\/person\\\/9caf54ec40390ce3fa693f0b1acd3190\"},\"potentialAction\":[{\"@type\":\"SearchAction\",\"target\":{\"@type\":\"EntryPoint\",\"urlTemplate\":\"https:\\\/\\\/leogarnier.com\\\/?s={search_term_string}\"},\"query-input\":{\"@type\":\"PropertyValueSpecification\",\"valueRequired\":true,\"valueName\":\"search_term_string\"}}],\"inLanguage\":\"fr-FR\"},{\"@type\":[\"Person\",\"Organization\"],\"@id\":\"https:\\\/\\\/leogarnier.com\\\/#\\\/schema\\\/person\\\/9caf54ec40390ce3fa693f0b1acd3190\",\"name\":\"L\u00e9o\",\"image\":{\"@type\":\"ImageObject\",\"inLanguage\":\"fr-FR\",\"@id\":\"https:\\\/\\\/leogarnier.com\\\/wp-content\\\/uploads\\\/2022\\\/09\\\/Leo9.png\",\"url\":\"https:\\\/\\\/leogarnier.com\\\/wp-content\\\/uploads\\\/2022\\\/09\\\/Leo9.png\",\"contentUrl\":\"https:\\\/\\\/leogarnier.com\\\/wp-content\\\/uploads\\\/2022\\\/09\\\/Leo9.png\",\"width\":1148,\"height\":825,\"caption\":\"L\u00e9o\"},\"logo\":{\"@id\":\"https:\\\/\\\/leogarnier.com\\\/wp-content\\\/uploads\\\/2022\\\/09\\\/Leo9.png\"},\"sameAs\":[\"http:\\\/\\\/leogarnier.com\",\"https:\\\/\\\/www.facebook.com\\\/leo.garnier.102\\\/\",\"https:\\\/\\\/www.instagram.com\\\/garnierleo\\\/\"]}]}<\/script>\n<!-- \/ Yoast SEO plugin. -->","yoast_head_json":{"title":"Emmanuel Demarcy-Mota - La Grande Magie - L\u00e9o Garnier","description":"Emmanuel Demarcy-Mota met en sc\u00e8ne La Grande Magie - Un texte de Eduardo De Filippo - R\u00e9gie G\u00e9n\u00e9rale L\u00e9o Garnier","robots":{"index":"index","follow":"follow","max-snippet":"max-snippet:-1","max-image-preview":"max-image-preview:large","max-video-preview":"max-video-preview:-1"},"canonical":"https:\/\/leogarnier.com\/index.php\/la-grande-magie\/","og_locale":"fr_FR","og_type":"article","og_title":"Emmanuel Demarcy-Mota - La Grande Magie - L\u00e9o Garnier","og_description":"Emmanuel Demarcy-Mota met en sc\u00e8ne La Grande Magie - Un texte de Eduardo De Filippo - R\u00e9gie G\u00e9n\u00e9rale L\u00e9o Garnier","og_url":"https:\/\/leogarnier.com\/index.php\/la-grande-magie\/","og_site_name":"L\u00e9o Garnier","article_publisher":"https:\/\/www.facebook.com\/leo.garnier.102\/","article_modified_time":"2023-01-10T22:26:52+00:00","og_image":[{"url":"https:\/\/leogarnier.com\/wp-content\/uploads\/2023\/01\/Scenographie-sombre-et-intriguante-768x512.jpg","type":"","width":"","height":""}],"twitter_card":"summary_large_image","twitter_misc":{"Dur\u00e9e de lecture estim\u00e9e":"2 minutes"},"schema":{"@context":"https:\/\/schema.org","@graph":[{"@type":"WebPage","@id":"https:\/\/leogarnier.com\/index.php\/la-grande-magie\/","url":"https:\/\/leogarnier.com\/index.php\/la-grande-magie\/","name":"Emmanuel Demarcy-Mota - La Grande Magie - L\u00e9o Garnier","isPartOf":{"@id":"https:\/\/leogarnier.com\/#website"},"primaryImageOfPage":{"@id":"https:\/\/leogarnier.com\/index.php\/la-grande-magie\/#primaryimage"},"image":{"@id":"https:\/\/leogarnier.com\/index.php\/la-grande-magie\/#primaryimage"},"thumbnailUrl":"https:\/\/leogarnier.com\/wp-content\/uploads\/2023\/01\/Scenographie-sombre-et-intriguante-768x512.jpg","datePublished":"2022-07-29T14:34:07+00:00","dateModified":"2023-01-10T22:26:52+00:00","description":"Emmanuel Demarcy-Mota met en sc\u00e8ne La Grande Magie - Un texte de Eduardo De Filippo - R\u00e9gie G\u00e9n\u00e9rale L\u00e9o Garnier","breadcrumb":{"@id":"https:\/\/leogarnier.com\/index.php\/la-grande-magie\/#breadcrumb"},"inLanguage":"fr-FR","potentialAction":[{"@type":"ReadAction","target":["https:\/\/leogarnier.com\/index.php\/la-grande-magie\/"]}]},{"@type":"ImageObject","inLanguage":"fr-FR","@id":"https:\/\/leogarnier.com\/index.php\/la-grande-magie\/#primaryimage","url":"https:\/\/leogarnier.com\/wp-content\/uploads\/2023\/01\/Scenographie-sombre-et-intriguante.jpg","contentUrl":"https:\/\/leogarnier.com\/wp-content\/uploads\/2023\/01\/Scenographie-sombre-et-intriguante.jpg","width":800,"height":533},{"@type":"BreadcrumbList","@id":"https:\/\/leogarnier.com\/index.php\/la-grande-magie\/#breadcrumb","itemListElement":[{"@type":"ListItem","position":1,"name":"Accueil","item":"https:\/\/leogarnier.com\/"},{"@type":"ListItem","position":2,"name":"La Grande Magie"}]},{"@type":"WebSite","@id":"https:\/\/leogarnier.com\/#website","url":"https:\/\/leogarnier.com\/","name":"L\u00e9o Garnier","description":"\u00c9clairagiste","publisher":{"@id":"https:\/\/leogarnier.com\/#\/schema\/person\/9caf54ec40390ce3fa693f0b1acd3190"},"potentialAction":[{"@type":"SearchAction","target":{"@type":"EntryPoint","urlTemplate":"https:\/\/leogarnier.com\/?s={search_term_string}"},"query-input":{"@type":"PropertyValueSpecification","valueRequired":true,"valueName":"search_term_string"}}],"inLanguage":"fr-FR"},{"@type":["Person","Organization"],"@id":"https:\/\/leogarnier.com\/#\/schema\/person\/9caf54ec40390ce3fa693f0b1acd3190","name":"L\u00e9o","image":{"@type":"ImageObject","inLanguage":"fr-FR","@id":"https:\/\/leogarnier.com\/wp-content\/uploads\/2022\/09\/Leo9.png","url":"https:\/\/leogarnier.com\/wp-content\/uploads\/2022\/09\/Leo9.png","contentUrl":"https:\/\/leogarnier.com\/wp-content\/uploads\/2022\/09\/Leo9.png","width":1148,"height":825,"caption":"L\u00e9o"},"logo":{"@id":"https:\/\/leogarnier.com\/wp-content\/uploads\/2022\/09\/Leo9.png"},"sameAs":["http:\/\/leogarnier.com","https:\/\/www.facebook.com\/leo.garnier.102\/","https:\/\/www.instagram.com\/garnierleo\/"]}]}},"_links":{"self":[{"href":"https:\/\/leogarnier.com\/index.php\/wp-json\/wp\/v2\/pages\/1624","targetHints":{"allow":["GET"]}}],"collection":[{"href":"https:\/\/leogarnier.com\/index.php\/wp-json\/wp\/v2\/pages"}],"about":[{"href":"https:\/\/leogarnier.com\/index.php\/wp-json\/wp\/v2\/types\/page"}],"author":[{"embeddable":true,"href":"https:\/\/leogarnier.com\/index.php\/wp-json\/wp\/v2\/users\/1"}],"replies":[{"embeddable":true,"href":"https:\/\/leogarnier.com\/index.php\/wp-json\/wp\/v2\/comments?post=1624"}],"version-history":[{"count":14,"href":"https:\/\/leogarnier.com\/index.php\/wp-json\/wp\/v2\/pages\/1624\/revisions"}],"predecessor-version":[{"id":2207,"href":"https:\/\/leogarnier.com\/index.php\/wp-json\/wp\/v2\/pages\/1624\/revisions\/2207"}],"wp:attachment":[{"href":"https:\/\/leogarnier.com\/index.php\/wp-json\/wp\/v2\/media?parent=1624"}],"curies":[{"name":"wp","href":"https:\/\/api.w.org\/{rel}","templated":true}]}}