{"id":1626,"date":"2022-07-29T16:34:24","date_gmt":"2022-07-29T14:34:24","guid":{"rendered":"https:\/\/leogarnier.com\/?page_id=1626"},"modified":"2022-09-07T00:00:32","modified_gmt":"2022-09-06T22:00:32","slug":"berliner-mauer","status":"publish","type":"page","link":"https:\/\/leogarnier.com\/index.php\/berliner-mauer\/","title":{"rendered":"Berliner mauer"},"content":{"rendered":"\t\t<div data-elementor-type=\"wp-page\" data-elementor-id=\"1626\" class=\"elementor elementor-1626\">\n\t\t\t\t\t\t<section class=\"elementor-section elementor-top-section elementor-element elementor-element-399b2c6 elementor-section-boxed elementor-section-height-default elementor-section-height-default\" data-id=\"399b2c6\" data-element_type=\"section\">\n\t\t\t\t\t\t<div class=\"elementor-container elementor-column-gap-default\">\n\t\t\t\t\t<div class=\"elementor-column elementor-col-100 elementor-top-column elementor-element elementor-element-43c6728\" data-id=\"43c6728\" data-element_type=\"column\">\n\t\t\t<div class=\"elementor-widget-wrap elementor-element-populated\">\n\t\t\t\t\t\t<div class=\"elementor-element elementor-element-0e16cce elementor-widget elementor-widget-heading\" data-id=\"0e16cce\" data-element_type=\"widget\" data-widget_type=\"heading.default\">\n\t\t\t\t<div class=\"elementor-widget-container\">\n\t\t\t\t\t<h2 class=\"elementor-heading-title elementor-size-default\">Berliner mauer : vestiges<\/h2>\t\t\t\t<\/div>\n\t\t\t\t<\/div>\n\t\t\t\t\t<\/div>\n\t\t<\/div>\n\t\t\t\t\t<\/div>\n\t\t<\/section>\n\t\t\t\t<section class=\"elementor-section elementor-top-section elementor-element elementor-element-196dbb8 elementor-section-boxed elementor-section-height-default elementor-section-height-default\" data-id=\"196dbb8\" data-element_type=\"section\">\n\t\t\t\t\t\t<div class=\"elementor-container elementor-column-gap-default\">\n\t\t\t\t\t<div class=\"elementor-column elementor-col-100 elementor-top-column elementor-element elementor-element-d318b41\" data-id=\"d318b41\" data-element_type=\"column\">\n\t\t\t<div class=\"elementor-widget-wrap elementor-element-populated\">\n\t\t\t\t\t\t<div class=\"elementor-element elementor-element-43f5191 elementor-widget elementor-widget-text-editor\" data-id=\"43f5191\" data-element_type=\"widget\" data-widget_type=\"text-editor.default\">\n\t\t\t\t<div class=\"elementor-widget-container\">\n\t\t\t\t\t\t\t\t\t<p>Tourn\u00e9e saison 19 &#8211; 20<\/p>\t\t\t\t\t\t\t\t<\/div>\n\t\t\t\t<\/div>\n\t\t\t\t\t<\/div>\n\t\t<\/div>\n\t\t\t\t\t<\/div>\n\t\t<\/section>\n\t\t\t\t<section class=\"elementor-section elementor-top-section elementor-element elementor-element-6f603c2 elementor-section-boxed elementor-section-height-default elementor-section-height-default\" data-id=\"6f603c2\" data-element_type=\"section\">\n\t\t\t\t\t\t<div class=\"elementor-container elementor-column-gap-default\">\n\t\t\t\t\t<div class=\"elementor-column elementor-col-100 elementor-top-column elementor-element elementor-element-e6758cd\" data-id=\"e6758cd\" data-element_type=\"column\">\n\t\t\t<div class=\"elementor-widget-wrap elementor-element-populated\">\n\t\t\t\t\t\t<div class=\"elementor-element elementor-element-76497df elementor-widget elementor-widget-image\" data-id=\"76497df\" data-element_type=\"widget\" data-widget_type=\"image.default\">\n\t\t\t\t<div class=\"elementor-widget-container\">\n\t\t\t\t\t\t\t\t\t\t\t\t\t\t\t<img fetchpriority=\"high\" decoding=\"async\" width=\"768\" height=\"512\" src=\"https:\/\/leogarnier.com\/wp-content\/uploads\/2022\/07\/BerlinerMauer\u00a9DenisManin6-768x512.jpg\" class=\"attachment-medium_large size-medium_large wp-image-1563\" alt=\"Cr\u00e9ation conservatoire art dramatique - Birgit Ensemble\" srcset=\"https:\/\/leogarnier.com\/wp-content\/uploads\/2022\/07\/BerlinerMauer\u00a9DenisManin6-768x512.jpg 768w, https:\/\/leogarnier.com\/wp-content\/uploads\/2022\/07\/BerlinerMauer\u00a9DenisManin6-300x200.jpg 300w, https:\/\/leogarnier.com\/wp-content\/uploads\/2022\/07\/BerlinerMauer\u00a9DenisManin6-1024x683.jpg 1024w, https:\/\/leogarnier.com\/wp-content\/uploads\/2022\/07\/BerlinerMauer\u00a9DenisManin6-1536x1024.jpg 1536w, https:\/\/leogarnier.com\/wp-content\/uploads\/2022\/07\/BerlinerMauer\u00a9DenisManin6-2048x1365.jpg 2048w\" sizes=\"(max-width: 768px) 100vw, 768px\" \/>\t\t\t\t\t\t\t\t\t\t\t\t\t\t\t<\/div>\n\t\t\t\t<\/div>\n\t\t\t\t\t<\/div>\n\t\t<\/div>\n\t\t\t\t\t<\/div>\n\t\t<\/section>\n\t\t\t\t<section class=\"elementor-section elementor-top-section elementor-element elementor-element-4f56022 elementor-section-boxed elementor-section-height-default elementor-section-height-default\" data-id=\"4f56022\" data-element_type=\"section\">\n\t\t\t\t\t\t<div class=\"elementor-container elementor-column-gap-default\">\n\t\t\t\t\t<div class=\"elementor-column elementor-col-100 elementor-top-column elementor-element elementor-element-e0620aa\" data-id=\"e0620aa\" data-element_type=\"column\">\n\t\t\t<div class=\"elementor-widget-wrap elementor-element-populated\">\n\t\t\t\t\t\t<div class=\"elementor-element elementor-element-651ee39 elementor-widget elementor-widget-text-editor\" data-id=\"651ee39\" data-element_type=\"widget\" data-widget_type=\"text-editor.default\">\n\t\t\t\t<div class=\"elementor-widget-container\">\n\t\t\t\t\t\t\t\t\t<p>Photographie Pierre Dolzani<\/p>\t\t\t\t\t\t\t\t<\/div>\n\t\t\t\t<\/div>\n\t\t\t\t\t<\/div>\n\t\t<\/div>\n\t\t\t\t\t<\/div>\n\t\t<\/section>\n\t\t\t\t<section class=\"elementor-section elementor-top-section elementor-element elementor-element-fc7f04b elementor-section-boxed elementor-section-height-default elementor-section-height-default\" data-id=\"fc7f04b\" data-element_type=\"section\">\n\t\t\t\t\t\t<div class=\"elementor-container elementor-column-gap-default\">\n\t\t\t\t\t<div class=\"elementor-column elementor-col-100 elementor-top-column elementor-element elementor-element-d117284\" data-id=\"d117284\" data-element_type=\"column\">\n\t\t\t<div class=\"elementor-widget-wrap elementor-element-populated\">\n\t\t\t\t\t\t<div class=\"elementor-element elementor-element-b02db13 elementor-widget elementor-widget-image\" data-id=\"b02db13\" data-element_type=\"widget\" data-widget_type=\"image.default\">\n\t\t\t\t<div class=\"elementor-widget-container\">\n\t\t\t\t\t\t\t\t\t\t\t\t\t\t\t<img decoding=\"async\" width=\"768\" height=\"512\" src=\"https:\/\/leogarnier.com\/wp-content\/uploads\/2022\/07\/Berliner_Mauer_c_PierreDolzani_2-768x512.jpg\" class=\"attachment-medium_large size-medium_large wp-image-1564\" alt=\"Contraste\" srcset=\"https:\/\/leogarnier.com\/wp-content\/uploads\/2022\/07\/Berliner_Mauer_c_PierreDolzani_2-768x512.jpg 768w, https:\/\/leogarnier.com\/wp-content\/uploads\/2022\/07\/Berliner_Mauer_c_PierreDolzani_2-300x200.jpg 300w, https:\/\/leogarnier.com\/wp-content\/uploads\/2022\/07\/Berliner_Mauer_c_PierreDolzani_2-1024x683.jpg 1024w, https:\/\/leogarnier.com\/wp-content\/uploads\/2022\/07\/Berliner_Mauer_c_PierreDolzani_2-1536x1024.jpg 1536w, https:\/\/leogarnier.com\/wp-content\/uploads\/2022\/07\/Berliner_Mauer_c_PierreDolzani_2-2048x1365.jpg 2048w\" sizes=\"(max-width: 768px) 100vw, 768px\" \/>\t\t\t\t\t\t\t\t\t\t\t\t\t\t\t<\/div>\n\t\t\t\t<\/div>\n\t\t\t\t\t<\/div>\n\t\t<\/div>\n\t\t\t\t\t<\/div>\n\t\t<\/section>\n\t\t\t\t<section class=\"elementor-section elementor-top-section elementor-element elementor-element-4b0b7be elementor-section-boxed elementor-section-height-default elementor-section-height-default\" data-id=\"4b0b7be\" data-element_type=\"section\">\n\t\t\t\t\t\t<div class=\"elementor-container elementor-column-gap-default\">\n\t\t\t\t\t<div class=\"elementor-column elementor-col-100 elementor-top-column elementor-element elementor-element-a002bf5\" data-id=\"a002bf5\" data-element_type=\"column\">\n\t\t\t<div class=\"elementor-widget-wrap elementor-element-populated\">\n\t\t\t\t\t\t<div class=\"elementor-element elementor-element-23e5399 elementor-widget elementor-widget-text-editor\" data-id=\"23e5399\" data-element_type=\"widget\" data-widget_type=\"text-editor.default\">\n\t\t\t\t<div class=\"elementor-widget-container\">\n\t\t\t\t\t\t\t\t\t<p><strong>Conception et Mise en sc\u00e8ne<\/strong> Julie Bertin &amp; Jade Herbulot<br \/>Avec Salom\u00e9 Ayache<br \/>Julie Bertin<br \/>Lou Chauvain<br \/>Louise Coldefy<br \/>\u00c9milien Diard-Det\u0153uf<br \/>Pierre Duprat<br \/>Anna Fournier<br \/>Kevin Garnichat<br \/>Jade Herbulot<br \/>Lazare Herson-Macarel<br \/>Timoth\u00e9e Lepeltier<br \/>H\u00e9l\u00e8ne Rencurel<br \/>Morgane Nairaud<br \/>Marie Sambourg<br \/>Lo\u00efc Riewer<br \/><strong>Violoncelle<\/strong> Rachel Colombe\/ Camille Mechain<br \/><strong>Sc\u00e9nographie<\/strong> Camille Duchemin<br \/><strong>Costumes<\/strong> Camille A\u00eft Allouache<br \/><strong>Habilleuse et r\u00e9gisseuse plateau<\/strong> Marine Bragard<br \/><strong>Lumi\u00e8re<\/strong> Simon Fritschi<br \/><strong>Son<\/strong> Marc Bretonni\u00e8re<br \/><strong>Vid\u00e9o<\/strong> Yann Philippe \/ Th\u00e9o Lavirotte<br \/><strong>R\u00e9gie plateau<\/strong> Fran\u00e7ois Rey<br \/><strong>R\u00e9gie g\u00e9n\u00e9rale<\/strong> Marco Benigno<br \/><strong>R\u00e9gie g\u00e9n\u00e9rale et lumi\u00e8re<\/strong> L\u00e9o Garnier<\/p>\t\t\t\t\t\t\t\t<\/div>\n\t\t\t\t<\/div>\n\t\t\t\t\t<\/div>\n\t\t<\/div>\n\t\t\t\t\t<\/div>\n\t\t<\/section>\n\t\t\t\t<section class=\"elementor-section elementor-top-section elementor-element elementor-element-92548df elementor-section-boxed elementor-section-height-default elementor-section-height-default\" data-id=\"92548df\" data-element_type=\"section\">\n\t\t\t\t\t\t<div class=\"elementor-container elementor-column-gap-default\">\n\t\t\t\t\t<div class=\"elementor-column elementor-col-100 elementor-top-column elementor-element elementor-element-2ae824d\" data-id=\"2ae824d\" data-element_type=\"column\">\n\t\t\t<div class=\"elementor-widget-wrap elementor-element-populated\">\n\t\t\t\t\t\t<div class=\"elementor-element elementor-element-a140583 elementor-widget elementor-widget-text-editor\" data-id=\"a140583\" data-element_type=\"widget\" data-widget_type=\"text-editor.default\">\n\t\t\t\t<div class=\"elementor-widget-container\">\n\t\t\t\t\t\t\t\t\t<p><strong>Production<\/strong> Le Birgit Ensemble \u2013 Th\u00e9\u00e2tre G\u00e9rard Philipe, centre dramatique national de Saint-Denis.<br \/>Avec le soutien du Conservatoire National Sup\u00e9rieur d\u2019Art Dramatique, d\u2019Arcadi \u2013 parcours d\u2019accompagnement.<br \/>Ce texte a re\u00e7u le soutien de la Commission nationale d\u00b4Aide \u00e0 la cr\u00e9ation de textes dramatiques (CnT)<br \/>Avec la participation artistique du Jeune Th\u00e9\u00e2tre National.<br \/>Reprise 2019 avec le soutien de la Sc\u00e8ne Nationale d\u2019Aubusson, Oxymore productions et VVD.<\/p>\t\t\t\t\t\t\t\t<\/div>\n\t\t\t\t<\/div>\n\t\t\t\t\t<\/div>\n\t\t<\/div>\n\t\t\t\t\t<\/div>\n\t\t<\/section>\n\t\t\t\t<\/div>\n\t\t","protected":false},"excerpt":{"rendered":"<p>Berliner mauer : vestiges Tourn\u00e9e saison 19 &#8211; 20 Photographie Pierre Dolzani Conception et Mise en sc\u00e8ne Julie Bertin &amp; Jade Herbulot Avec Salom\u00e9 Ayache Julie Bertin Lou Chauvain Louise Coldefy \u00c9milien Diard-Det\u0153uf Pierre Duprat Anna Fournier Kevin Garnichat Jade Herbulot Lazare Herson-Macarel Timoth\u00e9e Lepeltier H\u00e9l\u00e8ne Rencurel Morgane Nairaud Marie Sambourg Lo\u00efc Riewer Violoncelle Rachel [&hellip;]<\/p>\n","protected":false},"author":1,"featured_media":0,"parent":0,"menu_order":0,"comment_status":"closed","ping_status":"closed","template":"","meta":{"footnotes":""},"class_list":["post-1626","page","type-page","status-publish","hentry"],"yoast_head":"<!-- This site is optimized with the Yoast SEO plugin v27.4 - https:\/\/yoast.com\/product\/yoast-seo-wordpress\/ -->\n<title>Berliner mauer - L\u00e9o Garnier<\/title>\n<meta name=\"description\" content=\"Jade herbulot et Julie Bertin mettent en sc\u00e8ne l&#039;histoire du mur de Berlin avec la promotion du conservatoire national de Paris dans un spectacle inventif et d\u00e9tonant\" \/>\n<meta name=\"robots\" content=\"index, follow, max-snippet:-1, max-image-preview:large, max-video-preview:-1\" \/>\n<link rel=\"canonical\" href=\"https:\/\/leogarnier.com\/index.php\/berliner-mauer\/\" \/>\n<meta property=\"og:locale\" content=\"fr_FR\" \/>\n<meta property=\"og:type\" content=\"article\" \/>\n<meta property=\"og:title\" content=\"Berliner mauer - L\u00e9o Garnier\" \/>\n<meta property=\"og:description\" content=\"Jade herbulot et Julie Bertin mettent en sc\u00e8ne l&#039;histoire du mur de Berlin avec la promotion du conservatoire national de Paris dans un spectacle inventif et d\u00e9tonant\" \/>\n<meta property=\"og:url\" content=\"https:\/\/leogarnier.com\/index.php\/berliner-mauer\/\" \/>\n<meta property=\"og:site_name\" content=\"L\u00e9o Garnier\" \/>\n<meta property=\"article:publisher\" content=\"https:\/\/www.facebook.com\/leo.garnier.102\/\" \/>\n<meta property=\"article:modified_time\" content=\"2022-09-06T22:00:32+00:00\" \/>\n<meta property=\"og:image\" content=\"https:\/\/leogarnier.com\/wp-content\/uploads\/2022\/07\/Berliner_Mauer_c_PierreDolzani_2-768x512.jpg\" \/>\n<meta name=\"twitter:card\" content=\"summary_large_image\" \/>\n<meta name=\"twitter:label1\" content=\"Dur\u00e9e de lecture estim\u00e9e\" \/>\n\t<meta name=\"twitter:data1\" content=\"2 minutes\" \/>\n<script type=\"application\/ld+json\" class=\"yoast-schema-graph\">{\"@context\":\"https:\\\/\\\/schema.org\",\"@graph\":[{\"@type\":\"WebPage\",\"@id\":\"https:\\\/\\\/leogarnier.com\\\/index.php\\\/berliner-mauer\\\/\",\"url\":\"https:\\\/\\\/leogarnier.com\\\/index.php\\\/berliner-mauer\\\/\",\"name\":\"Berliner mauer - L\u00e9o Garnier\",\"isPartOf\":{\"@id\":\"https:\\\/\\\/leogarnier.com\\\/#website\"},\"primaryImageOfPage\":{\"@id\":\"https:\\\/\\\/leogarnier.com\\\/index.php\\\/berliner-mauer\\\/#primaryimage\"},\"image\":{\"@id\":\"https:\\\/\\\/leogarnier.com\\\/index.php\\\/berliner-mauer\\\/#primaryimage\"},\"thumbnailUrl\":\"https:\\\/\\\/leogarnier.com\\\/wp-content\\\/uploads\\\/2022\\\/07\\\/Berliner_Mauer_c_PierreDolzani_2-768x512.jpg\",\"datePublished\":\"2022-07-29T14:34:24+00:00\",\"dateModified\":\"2022-09-06T22:00:32+00:00\",\"description\":\"Jade herbulot et Julie Bertin mettent en sc\u00e8ne l'histoire du mur de Berlin avec la promotion du conservatoire national de Paris dans un spectacle inventif et d\u00e9tonant\",\"breadcrumb\":{\"@id\":\"https:\\\/\\\/leogarnier.com\\\/index.php\\\/berliner-mauer\\\/#breadcrumb\"},\"inLanguage\":\"fr-FR\",\"potentialAction\":[{\"@type\":\"ReadAction\",\"target\":[\"https:\\\/\\\/leogarnier.com\\\/index.php\\\/berliner-mauer\\\/\"]}]},{\"@type\":\"ImageObject\",\"inLanguage\":\"fr-FR\",\"@id\":\"https:\\\/\\\/leogarnier.com\\\/index.php\\\/berliner-mauer\\\/#primaryimage\",\"url\":\"https:\\\/\\\/leogarnier.com\\\/wp-content\\\/uploads\\\/2022\\\/07\\\/Berliner_Mauer_c_PierreDolzani_2-768x512.jpg\",\"contentUrl\":\"https:\\\/\\\/leogarnier.com\\\/wp-content\\\/uploads\\\/2022\\\/07\\\/Berliner_Mauer_c_PierreDolzani_2-768x512.jpg\"},{\"@type\":\"BreadcrumbList\",\"@id\":\"https:\\\/\\\/leogarnier.com\\\/index.php\\\/berliner-mauer\\\/#breadcrumb\",\"itemListElement\":[{\"@type\":\"ListItem\",\"position\":1,\"name\":\"Accueil\",\"item\":\"https:\\\/\\\/leogarnier.com\\\/\"},{\"@type\":\"ListItem\",\"position\":2,\"name\":\"Berliner mauer\"}]},{\"@type\":\"WebSite\",\"@id\":\"https:\\\/\\\/leogarnier.com\\\/#website\",\"url\":\"https:\\\/\\\/leogarnier.com\\\/\",\"name\":\"L\u00e9o Garnier\",\"description\":\"\u00c9clairagiste\",\"publisher\":{\"@id\":\"https:\\\/\\\/leogarnier.com\\\/#\\\/schema\\\/person\\\/9caf54ec40390ce3fa693f0b1acd3190\"},\"potentialAction\":[{\"@type\":\"SearchAction\",\"target\":{\"@type\":\"EntryPoint\",\"urlTemplate\":\"https:\\\/\\\/leogarnier.com\\\/?s={search_term_string}\"},\"query-input\":{\"@type\":\"PropertyValueSpecification\",\"valueRequired\":true,\"valueName\":\"search_term_string\"}}],\"inLanguage\":\"fr-FR\"},{\"@type\":[\"Person\",\"Organization\"],\"@id\":\"https:\\\/\\\/leogarnier.com\\\/#\\\/schema\\\/person\\\/9caf54ec40390ce3fa693f0b1acd3190\",\"name\":\"L\u00e9o\",\"image\":{\"@type\":\"ImageObject\",\"inLanguage\":\"fr-FR\",\"@id\":\"https:\\\/\\\/leogarnier.com\\\/wp-content\\\/uploads\\\/2022\\\/09\\\/Leo9.png\",\"url\":\"https:\\\/\\\/leogarnier.com\\\/wp-content\\\/uploads\\\/2022\\\/09\\\/Leo9.png\",\"contentUrl\":\"https:\\\/\\\/leogarnier.com\\\/wp-content\\\/uploads\\\/2022\\\/09\\\/Leo9.png\",\"width\":1148,\"height\":825,\"caption\":\"L\u00e9o\"},\"logo\":{\"@id\":\"https:\\\/\\\/leogarnier.com\\\/wp-content\\\/uploads\\\/2022\\\/09\\\/Leo9.png\"},\"sameAs\":[\"http:\\\/\\\/leogarnier.com\",\"https:\\\/\\\/www.facebook.com\\\/leo.garnier.102\\\/\",\"https:\\\/\\\/www.instagram.com\\\/garnierleo\\\/\"]}]}<\/script>\n<!-- \/ Yoast SEO plugin. -->","yoast_head_json":{"title":"Berliner mauer - L\u00e9o Garnier","description":"Jade herbulot et Julie Bertin mettent en sc\u00e8ne l'histoire du mur de Berlin avec la promotion du conservatoire national de Paris dans un spectacle inventif et d\u00e9tonant","robots":{"index":"index","follow":"follow","max-snippet":"max-snippet:-1","max-image-preview":"max-image-preview:large","max-video-preview":"max-video-preview:-1"},"canonical":"https:\/\/leogarnier.com\/index.php\/berliner-mauer\/","og_locale":"fr_FR","og_type":"article","og_title":"Berliner mauer - L\u00e9o Garnier","og_description":"Jade herbulot et Julie Bertin mettent en sc\u00e8ne l'histoire du mur de Berlin avec la promotion du conservatoire national de Paris dans un spectacle inventif et d\u00e9tonant","og_url":"https:\/\/leogarnier.com\/index.php\/berliner-mauer\/","og_site_name":"L\u00e9o Garnier","article_publisher":"https:\/\/www.facebook.com\/leo.garnier.102\/","article_modified_time":"2022-09-06T22:00:32+00:00","og_image":[{"url":"https:\/\/leogarnier.com\/wp-content\/uploads\/2022\/07\/Berliner_Mauer_c_PierreDolzani_2-768x512.jpg","type":"","width":"","height":""}],"twitter_card":"summary_large_image","twitter_misc":{"Dur\u00e9e de lecture estim\u00e9e":"2 minutes"},"schema":{"@context":"https:\/\/schema.org","@graph":[{"@type":"WebPage","@id":"https:\/\/leogarnier.com\/index.php\/berliner-mauer\/","url":"https:\/\/leogarnier.com\/index.php\/berliner-mauer\/","name":"Berliner mauer - L\u00e9o Garnier","isPartOf":{"@id":"https:\/\/leogarnier.com\/#website"},"primaryImageOfPage":{"@id":"https:\/\/leogarnier.com\/index.php\/berliner-mauer\/#primaryimage"},"image":{"@id":"https:\/\/leogarnier.com\/index.php\/berliner-mauer\/#primaryimage"},"thumbnailUrl":"https:\/\/leogarnier.com\/wp-content\/uploads\/2022\/07\/Berliner_Mauer_c_PierreDolzani_2-768x512.jpg","datePublished":"2022-07-29T14:34:24+00:00","dateModified":"2022-09-06T22:00:32+00:00","description":"Jade herbulot et Julie Bertin mettent en sc\u00e8ne l'histoire du mur de Berlin avec la promotion du conservatoire national de Paris dans un spectacle inventif et d\u00e9tonant","breadcrumb":{"@id":"https:\/\/leogarnier.com\/index.php\/berliner-mauer\/#breadcrumb"},"inLanguage":"fr-FR","potentialAction":[{"@type":"ReadAction","target":["https:\/\/leogarnier.com\/index.php\/berliner-mauer\/"]}]},{"@type":"ImageObject","inLanguage":"fr-FR","@id":"https:\/\/leogarnier.com\/index.php\/berliner-mauer\/#primaryimage","url":"https:\/\/leogarnier.com\/wp-content\/uploads\/2022\/07\/Berliner_Mauer_c_PierreDolzani_2-768x512.jpg","contentUrl":"https:\/\/leogarnier.com\/wp-content\/uploads\/2022\/07\/Berliner_Mauer_c_PierreDolzani_2-768x512.jpg"},{"@type":"BreadcrumbList","@id":"https:\/\/leogarnier.com\/index.php\/berliner-mauer\/#breadcrumb","itemListElement":[{"@type":"ListItem","position":1,"name":"Accueil","item":"https:\/\/leogarnier.com\/"},{"@type":"ListItem","position":2,"name":"Berliner mauer"}]},{"@type":"WebSite","@id":"https:\/\/leogarnier.com\/#website","url":"https:\/\/leogarnier.com\/","name":"L\u00e9o Garnier","description":"\u00c9clairagiste","publisher":{"@id":"https:\/\/leogarnier.com\/#\/schema\/person\/9caf54ec40390ce3fa693f0b1acd3190"},"potentialAction":[{"@type":"SearchAction","target":{"@type":"EntryPoint","urlTemplate":"https:\/\/leogarnier.com\/?s={search_term_string}"},"query-input":{"@type":"PropertyValueSpecification","valueRequired":true,"valueName":"search_term_string"}}],"inLanguage":"fr-FR"},{"@type":["Person","Organization"],"@id":"https:\/\/leogarnier.com\/#\/schema\/person\/9caf54ec40390ce3fa693f0b1acd3190","name":"L\u00e9o","image":{"@type":"ImageObject","inLanguage":"fr-FR","@id":"https:\/\/leogarnier.com\/wp-content\/uploads\/2022\/09\/Leo9.png","url":"https:\/\/leogarnier.com\/wp-content\/uploads\/2022\/09\/Leo9.png","contentUrl":"https:\/\/leogarnier.com\/wp-content\/uploads\/2022\/09\/Leo9.png","width":1148,"height":825,"caption":"L\u00e9o"},"logo":{"@id":"https:\/\/leogarnier.com\/wp-content\/uploads\/2022\/09\/Leo9.png"},"sameAs":["http:\/\/leogarnier.com","https:\/\/www.facebook.com\/leo.garnier.102\/","https:\/\/www.instagram.com\/garnierleo\/"]}]}},"_links":{"self":[{"href":"https:\/\/leogarnier.com\/index.php\/wp-json\/wp\/v2\/pages\/1626","targetHints":{"allow":["GET"]}}],"collection":[{"href":"https:\/\/leogarnier.com\/index.php\/wp-json\/wp\/v2\/pages"}],"about":[{"href":"https:\/\/leogarnier.com\/index.php\/wp-json\/wp\/v2\/types\/page"}],"author":[{"embeddable":true,"href":"https:\/\/leogarnier.com\/index.php\/wp-json\/wp\/v2\/users\/1"}],"replies":[{"embeddable":true,"href":"https:\/\/leogarnier.com\/index.php\/wp-json\/wp\/v2\/comments?post=1626"}],"version-history":[{"count":5,"href":"https:\/\/leogarnier.com\/index.php\/wp-json\/wp\/v2\/pages\/1626\/revisions"}],"predecessor-version":[{"id":1923,"href":"https:\/\/leogarnier.com\/index.php\/wp-json\/wp\/v2\/pages\/1626\/revisions\/1923"}],"wp:attachment":[{"href":"https:\/\/leogarnier.com\/index.php\/wp-json\/wp\/v2\/media?parent=1626"}],"curies":[{"name":"wp","href":"https:\/\/api.w.org\/{rel}","templated":true}]}}