{"id":1632,"date":"2022-07-29T16:34:59","date_gmt":"2022-07-29T14:34:59","guid":{"rendered":"https:\/\/leogarnier.com\/?page_id=1632"},"modified":"2022-09-07T00:58:57","modified_gmt":"2022-09-06T22:58:57","slug":"babarman","status":"publish","type":"page","link":"https:\/\/leogarnier.com\/index.php\/babarman\/","title":{"rendered":"Babarman"},"content":{"rendered":"\t\t<div data-elementor-type=\"wp-page\" data-elementor-id=\"1632\" class=\"elementor elementor-1632\">\n\t\t\t\t\t\t<section class=\"elementor-section elementor-top-section elementor-element elementor-element-ca7d17f elementor-section-boxed elementor-section-height-default elementor-section-height-default\" data-id=\"ca7d17f\" data-element_type=\"section\">\n\t\t\t\t\t\t<div class=\"elementor-container elementor-column-gap-default\">\n\t\t\t\t\t<div class=\"elementor-column elementor-col-100 elementor-top-column elementor-element elementor-element-6d66e54\" data-id=\"6d66e54\" data-element_type=\"column\">\n\t\t\t<div class=\"elementor-widget-wrap elementor-element-populated\">\n\t\t\t\t\t\t<div class=\"elementor-element elementor-element-0ddd3b5 elementor-widget elementor-widget-heading\" data-id=\"0ddd3b5\" data-element_type=\"widget\" data-widget_type=\"heading.default\">\n\t\t\t\t<div class=\"elementor-widget-container\">\n\t\t\t\t\t<h2 class=\"elementor-heading-title elementor-size-default\">Babarman, mon cirque pour un royaume<\/h2>\t\t\t\t<\/div>\n\t\t\t\t<\/div>\n\t\t\t\t\t<\/div>\n\t\t<\/div>\n\t\t\t\t\t<\/div>\n\t\t<\/section>\n\t\t\t\t<section class=\"elementor-section elementor-top-section elementor-element elementor-element-7633821 elementor-section-boxed elementor-section-height-default elementor-section-height-default\" data-id=\"7633821\" data-element_type=\"section\">\n\t\t\t\t\t\t<div class=\"elementor-container elementor-column-gap-default\">\n\t\t\t\t\t<div class=\"elementor-column elementor-col-100 elementor-top-column elementor-element elementor-element-decfd9f\" data-id=\"decfd9f\" data-element_type=\"column\">\n\t\t\t<div class=\"elementor-widget-wrap elementor-element-populated\">\n\t\t\t\t\t\t<div class=\"elementor-element elementor-element-5fddfbe elementor-widget elementor-widget-text-editor\" data-id=\"5fddfbe\" data-element_type=\"widget\" data-widget_type=\"text-editor.default\">\n\t\t\t\t<div class=\"elementor-widget-container\">\n\t\t\t\t\t\t\t\t\t<p>Th\u00e9\u00e2tre Nouvelle G\u00e9n\u00e9ration, Lyon &#8211; mars 2017<\/p>\t\t\t\t\t\t\t\t<\/div>\n\t\t\t\t<\/div>\n\t\t\t\t\t<\/div>\n\t\t<\/div>\n\t\t\t\t\t<\/div>\n\t\t<\/section>\n\t\t\t\t<section class=\"elementor-section elementor-top-section elementor-element elementor-element-d0b1618 elementor-section-boxed elementor-section-height-default elementor-section-height-default\" data-id=\"d0b1618\" data-element_type=\"section\">\n\t\t\t\t\t\t<div class=\"elementor-container elementor-column-gap-default\">\n\t\t\t\t\t<div class=\"elementor-column elementor-col-100 elementor-top-column elementor-element elementor-element-5bdafb6\" data-id=\"5bdafb6\" data-element_type=\"column\">\n\t\t\t<div class=\"elementor-widget-wrap elementor-element-populated\">\n\t\t\t\t\t\t<div class=\"elementor-element elementor-element-90598c3 elementor-widget elementor-widget-text-editor\" data-id=\"90598c3\" data-element_type=\"widget\" data-widget_type=\"text-editor.default\">\n\t\t\t\t<div class=\"elementor-widget-container\">\n\t\t\t\t\t\t\t\t\t<p>Photographie Philippe Lebruman<\/p>\t\t\t\t\t\t\t\t<\/div>\n\t\t\t\t<\/div>\n\t\t\t\t\t<\/div>\n\t\t<\/div>\n\t\t\t\t\t<\/div>\n\t\t<\/section>\n\t\t\t\t<section class=\"elementor-section elementor-top-section elementor-element elementor-element-f8877d2 elementor-section-boxed elementor-section-height-default elementor-section-height-default\" data-id=\"f8877d2\" data-element_type=\"section\">\n\t\t\t\t\t\t<div class=\"elementor-container elementor-column-gap-default\">\n\t\t\t\t\t<div class=\"elementor-column elementor-col-100 elementor-top-column elementor-element elementor-element-7e4d32a\" data-id=\"7e4d32a\" data-element_type=\"column\">\n\t\t\t<div class=\"elementor-widget-wrap elementor-element-populated\">\n\t\t\t\t\t\t<div class=\"elementor-element elementor-element-01abbf0 elementor-widget elementor-widget-image\" data-id=\"01abbf0\" data-element_type=\"widget\" data-widget_type=\"image.default\">\n\t\t\t\t<div class=\"elementor-widget-container\">\n\t\t\t\t\t\t\t\t\t\t\t\t\t\t\t<img fetchpriority=\"high\" decoding=\"async\" width=\"768\" height=\"512\" src=\"https:\/\/leogarnier.com\/wp-content\/uploads\/2022\/07\/DSC3826-768x512.jpg\" class=\"attachment-medium_large size-medium_large wp-image-1587\" alt=\"Sc\u00e9nographie Babrman Nanterre Amandiers 2016\" srcset=\"https:\/\/leogarnier.com\/wp-content\/uploads\/2022\/07\/DSC3826-768x512.jpg 768w, https:\/\/leogarnier.com\/wp-content\/uploads\/2022\/07\/DSC3826-300x200.jpg 300w, https:\/\/leogarnier.com\/wp-content\/uploads\/2022\/07\/DSC3826-1024x683.jpg 1024w, https:\/\/leogarnier.com\/wp-content\/uploads\/2022\/07\/DSC3826-1536x1025.jpg 1536w, https:\/\/leogarnier.com\/wp-content\/uploads\/2022\/07\/DSC3826-2048x1366.jpg 2048w\" sizes=\"(max-width: 768px) 100vw, 768px\" \/>\t\t\t\t\t\t\t\t\t\t\t\t\t\t\t<\/div>\n\t\t\t\t<\/div>\n\t\t\t\t\t<\/div>\n\t\t<\/div>\n\t\t\t\t\t<\/div>\n\t\t<\/section>\n\t\t\t\t<section class=\"elementor-section elementor-top-section elementor-element elementor-element-21410cf elementor-section-boxed elementor-section-height-default elementor-section-height-default\" data-id=\"21410cf\" data-element_type=\"section\">\n\t\t\t\t\t\t<div class=\"elementor-container elementor-column-gap-default\">\n\t\t\t\t\t<div class=\"elementor-column elementor-col-100 elementor-top-column elementor-element elementor-element-77c6a49\" data-id=\"77c6a49\" data-element_type=\"column\">\n\t\t\t<div class=\"elementor-widget-wrap elementor-element-populated\">\n\t\t\t\t\t\t<div class=\"elementor-element elementor-element-4e0dd23 elementor-widget elementor-widget-image\" data-id=\"4e0dd23\" data-element_type=\"widget\" data-widget_type=\"image.default\">\n\t\t\t\t<div class=\"elementor-widget-container\">\n\t\t\t\t\t\t\t\t\t\t\t\t\t\t\t<img decoding=\"async\" width=\"768\" height=\"512\" src=\"https:\/\/leogarnier.com\/wp-content\/uploads\/2022\/07\/DSC3906-768x512.jpg\" class=\"attachment-medium_large size-medium_large wp-image-1584\" alt=\"Babarman - Nanterre Amandiers 2016\" srcset=\"https:\/\/leogarnier.com\/wp-content\/uploads\/2022\/07\/DSC3906-768x512.jpg 768w, https:\/\/leogarnier.com\/wp-content\/uploads\/2022\/07\/DSC3906-300x200.jpg 300w, https:\/\/leogarnier.com\/wp-content\/uploads\/2022\/07\/DSC3906-1024x683.jpg 1024w, https:\/\/leogarnier.com\/wp-content\/uploads\/2022\/07\/DSC3906-1536x1025.jpg 1536w, https:\/\/leogarnier.com\/wp-content\/uploads\/2022\/07\/DSC3906-2048x1366.jpg 2048w\" sizes=\"(max-width: 768px) 100vw, 768px\" \/>\t\t\t\t\t\t\t\t\t\t\t\t\t\t\t<\/div>\n\t\t\t\t<\/div>\n\t\t\t\t\t<\/div>\n\t\t<\/div>\n\t\t\t\t\t<\/div>\n\t\t<\/section>\n\t\t\t\t<section class=\"elementor-section elementor-top-section elementor-element elementor-element-9cecfaf elementor-section-boxed elementor-section-height-default elementor-section-height-default\" data-id=\"9cecfaf\" data-element_type=\"section\">\n\t\t\t\t\t\t<div class=\"elementor-container elementor-column-gap-default\">\n\t\t\t\t\t<div class=\"elementor-column elementor-col-100 elementor-top-column elementor-element elementor-element-992e4c4\" data-id=\"992e4c4\" data-element_type=\"column\">\n\t\t\t<div class=\"elementor-widget-wrap elementor-element-populated\">\n\t\t\t\t\t\t<div class=\"elementor-element elementor-element-8b10971 elementor-widget elementor-widget-text-editor\" data-id=\"8b10971\" data-element_type=\"widget\" data-widget_type=\"text-editor.default\">\n\t\t\t\t<div class=\"elementor-widget-container\">\n\t\t\t\t\t\t\t\t\t<p>CR\u00c9ATION \/ TH\u00c9\u00c2TRE NOUVELLE G\u00c9N\u00c9RATION, LYON &#8211; 2017<\/p><p class=\"p1\"><strong>Conception<\/strong> Sophie Perez et Xavier Boussiron<\/p><p class=\"p1\"><strong>Avec<\/strong><br \/>Gilles Gaston-Dreyfus<br \/>Dani\u00e8le Hugues<br \/>Fran\u00e7oise Klein<br \/>Sophie Lenoir<br \/>Marl\u00e8ne Saldana<br \/>St\u00e9phane Roger<\/p><p class=\"p1\"><strong>Textes<\/strong> Sophie Perez et Xavier Boussiron<br \/><strong>Sc\u00e9nographie<\/strong> Sophie Perez et Xavier Boussiron<br \/><strong>Costumes<\/strong> Sophie Perez et Corine Petitpierre<br \/><strong>Musique<\/strong> Xavier Boussiron<br \/><strong>R\u00e9gie g\u00e9n\u00e9rale<\/strong> L\u00e9o Garnier<br \/><strong>Cr\u00e9ation lumi\u00e8re<\/strong> Fabrice Combier<br \/><strong>Cr\u00e9ation son<\/strong> F\u00e9lix Perdreau<br \/><strong>R\u00e9gie lumi\u00e8re<\/strong> Gildas Roudaut<br \/><strong>R\u00e9gie plateau<\/strong> Adrien Castillo<br \/><strong>R\u00e9alisation d\u00e9cor<\/strong> Les ateliers de Nanterre \u2013 Amandiers centre dramatique national<br \/><strong>R\u00e9alisation sculptures<\/strong> Dan Mestanza<br \/><strong>R\u00e9alisation costumes<\/strong> Corine Petitpierre et Anne Tesson<br \/><strong>Administration<\/strong> Julie Pagnier<\/p>\t\t\t\t\t\t\t\t<\/div>\n\t\t\t\t<\/div>\n\t\t\t\t\t<\/div>\n\t\t<\/div>\n\t\t\t\t\t<\/div>\n\t\t<\/section>\n\t\t\t\t<section class=\"elementor-section elementor-top-section elementor-element elementor-element-04cabd2 elementor-section-boxed elementor-section-height-default elementor-section-height-default\" data-id=\"04cabd2\" data-element_type=\"section\">\n\t\t\t\t\t\t<div class=\"elementor-container elementor-column-gap-default\">\n\t\t\t\t\t<div class=\"elementor-column elementor-col-100 elementor-top-column elementor-element elementor-element-6a92183\" data-id=\"6a92183\" data-element_type=\"column\">\n\t\t\t<div class=\"elementor-widget-wrap elementor-element-populated\">\n\t\t\t\t\t\t<div class=\"elementor-element elementor-element-e8844a4 elementor-widget elementor-widget-text-editor\" data-id=\"e8844a4\" data-element_type=\"widget\" data-widget_type=\"text-editor.default\">\n\t\t\t\t<div class=\"elementor-widget-container\">\n\t\t\t\t\t\t\t\t\t<p><a href=\"https:\/\/compagnieduzerep.fr\/spectacles\/babarman-mon-cirque-pour-un-royaume\/\">https:\/\/compagnieduzerep.fr\/spectacles\/babarman-mon-cirque-pour-un-royaume\/<\/a><\/p>\t\t\t\t\t\t\t\t<\/div>\n\t\t\t\t<\/div>\n\t\t\t\t\t<\/div>\n\t\t<\/div>\n\t\t\t\t\t<\/div>\n\t\t<\/section>\n\t\t\t\t<section class=\"elementor-section elementor-top-section elementor-element elementor-element-38a6566 elementor-section-boxed elementor-section-height-default elementor-section-height-default\" data-id=\"38a6566\" data-element_type=\"section\">\n\t\t\t\t\t\t<div class=\"elementor-container elementor-column-gap-default\">\n\t\t\t\t\t<div class=\"elementor-column elementor-col-100 elementor-top-column elementor-element elementor-element-4ca93a2\" data-id=\"4ca93a2\" data-element_type=\"column\">\n\t\t\t<div class=\"elementor-widget-wrap elementor-element-populated\">\n\t\t\t\t\t\t<div class=\"elementor-element elementor-element-d42f754 elementor-widget elementor-widget-text-editor\" data-id=\"d42f754\" data-element_type=\"widget\" data-widget_type=\"text-editor.default\">\n\t\t\t\t<div class=\"elementor-widget-container\">\n\t\t\t\t\t\t\t\t\t<p class=\"p1\"><strong>Production<\/strong> Compagnie du Zerep <strong>coproduction<\/strong> Th\u00e9\u00e2tre Nouvelle G\u00e9n\u00e9ration Lyon, Th\u00e9\u00e2tre Nanterre \u2013 Amandiers centre dramatique national, Centre de D\u00e9veloppement Chor\u00e9graphique Toulouse\/Midi-Pyr\u00e9n\u00e9es, Centre National de Cr\u00e9ation et de Diffusion Culturelles Ch\u00e2teauvallon, Th\u00e9\u00e2tre Anne de Bretagne \u2013 Vannes<\/p><p class=\"p1\">Avec le soutien du Fonds SACD Th\u00e9\u00e2tre<\/p><p class=\"p1\">La Compagnie du Zerep re\u00e7oit le soutien de la Direction r\u00e9gionale des affaires culturelles d\u2019Ile-de-France, Minist\u00e8re de la Culture et de la Communication.<\/p><p class=\"p1\">Action financ\u00e9e par la R\u00e9gion Ile-de-France<\/p><p class=\"p1\"><i>Babarman mon cirque pour un royaume<\/i>\u00a0a \u00e9t\u00e9 cr\u00e9\u00e9 en mars 2017 au Th\u00e9\u00e2tre Nouvelle G\u00e9n\u00e9ration Lyon<\/p>\t\t\t\t\t\t\t\t<\/div>\n\t\t\t\t<\/div>\n\t\t\t\t\t<\/div>\n\t\t<\/div>\n\t\t\t\t\t<\/div>\n\t\t<\/section>\n\t\t\t\t<\/div>\n\t\t","protected":false},"excerpt":{"rendered":"<p>Babarman, mon cirque pour un royaume Th\u00e9\u00e2tre Nouvelle G\u00e9n\u00e9ration, Lyon &#8211; mars 2017 Photographie Philippe Lebruman CR\u00c9ATION \/ TH\u00c9\u00c2TRE NOUVELLE G\u00c9N\u00c9RATION, LYON &#8211; 2017 Conception Sophie Perez et Xavier Boussiron AvecGilles Gaston-DreyfusDani\u00e8le HuguesFran\u00e7oise KleinSophie LenoirMarl\u00e8ne SaldanaSt\u00e9phane Roger Textes Sophie Perez et Xavier BoussironSc\u00e9nographie Sophie Perez et Xavier BoussironCostumes Sophie Perez et Corine PetitpierreMusique Xavier BoussironR\u00e9gie [&hellip;]<\/p>\n","protected":false},"author":1,"featured_media":0,"parent":0,"menu_order":0,"comment_status":"closed","ping_status":"closed","template":"","meta":{"footnotes":""},"class_list":["post-1632","page","type-page","status-publish","hentry"],"yoast_head":"<!-- This site is optimized with the Yoast SEO plugin v27.4 - https:\/\/yoast.com\/product\/yoast-seo-wordpress\/ -->\n<title>Le Zerep Babarman - R\u00e9gie g\u00e9n\u00e9rale L\u00e9o Garnier<\/title>\n<meta name=\"description\" content=\"La compagnie du zerep deux spectacles sur la m\u00eame sc\u00e8ne l&#039;histoire de babar revisit\u00e9e par sophie perez et xavier boussiron mise en sc\u00e8ne jeune public\" \/>\n<meta name=\"robots\" content=\"index, follow, max-snippet:-1, max-image-preview:large, max-video-preview:-1\" \/>\n<link rel=\"canonical\" href=\"https:\/\/leogarnier.com\/index.php\/babarman\/\" \/>\n<meta property=\"og:locale\" content=\"fr_FR\" \/>\n<meta property=\"og:type\" content=\"article\" \/>\n<meta property=\"og:title\" content=\"Le Zerep Babarman - R\u00e9gie g\u00e9n\u00e9rale L\u00e9o Garnier\" \/>\n<meta property=\"og:description\" content=\"La compagnie du zerep deux spectacles sur la m\u00eame sc\u00e8ne l&#039;histoire de babar revisit\u00e9e par sophie perez et xavier boussiron mise en sc\u00e8ne jeune public\" \/>\n<meta property=\"og:url\" content=\"https:\/\/leogarnier.com\/index.php\/babarman\/\" \/>\n<meta property=\"og:site_name\" content=\"L\u00e9o Garnier\" \/>\n<meta property=\"article:publisher\" content=\"https:\/\/www.facebook.com\/leo.garnier.102\/\" \/>\n<meta property=\"article:modified_time\" content=\"2022-09-06T22:58:57+00:00\" \/>\n<meta property=\"og:image\" content=\"https:\/\/leogarnier.com\/wp-content\/uploads\/2022\/07\/DSC3826-768x512.jpg\" \/>\n<meta name=\"twitter:card\" content=\"summary_large_image\" \/>\n<meta name=\"twitter:label1\" content=\"Dur\u00e9e de lecture estim\u00e9e\" \/>\n\t<meta name=\"twitter:data1\" content=\"2 minutes\" \/>\n<script type=\"application\/ld+json\" class=\"yoast-schema-graph\">{\"@context\":\"https:\\\/\\\/schema.org\",\"@graph\":[{\"@type\":\"WebPage\",\"@id\":\"https:\\\/\\\/leogarnier.com\\\/index.php\\\/babarman\\\/\",\"url\":\"https:\\\/\\\/leogarnier.com\\\/index.php\\\/babarman\\\/\",\"name\":\"Le Zerep Babarman - R\u00e9gie g\u00e9n\u00e9rale L\u00e9o Garnier\",\"isPartOf\":{\"@id\":\"https:\\\/\\\/leogarnier.com\\\/#website\"},\"primaryImageOfPage\":{\"@id\":\"https:\\\/\\\/leogarnier.com\\\/index.php\\\/babarman\\\/#primaryimage\"},\"image\":{\"@id\":\"https:\\\/\\\/leogarnier.com\\\/index.php\\\/babarman\\\/#primaryimage\"},\"thumbnailUrl\":\"https:\\\/\\\/leogarnier.com\\\/wp-content\\\/uploads\\\/2022\\\/07\\\/DSC3826-768x512.jpg\",\"datePublished\":\"2022-07-29T14:34:59+00:00\",\"dateModified\":\"2022-09-06T22:58:57+00:00\",\"description\":\"La compagnie du zerep deux spectacles sur la m\u00eame sc\u00e8ne l'histoire de babar revisit\u00e9e par sophie perez et xavier boussiron mise en sc\u00e8ne jeune public\",\"breadcrumb\":{\"@id\":\"https:\\\/\\\/leogarnier.com\\\/index.php\\\/babarman\\\/#breadcrumb\"},\"inLanguage\":\"fr-FR\",\"potentialAction\":[{\"@type\":\"ReadAction\",\"target\":[\"https:\\\/\\\/leogarnier.com\\\/index.php\\\/babarman\\\/\"]}]},{\"@type\":\"ImageObject\",\"inLanguage\":\"fr-FR\",\"@id\":\"https:\\\/\\\/leogarnier.com\\\/index.php\\\/babarman\\\/#primaryimage\",\"url\":\"https:\\\/\\\/leogarnier.com\\\/wp-content\\\/uploads\\\/2022\\\/07\\\/DSC3826-768x512.jpg\",\"contentUrl\":\"https:\\\/\\\/leogarnier.com\\\/wp-content\\\/uploads\\\/2022\\\/07\\\/DSC3826-768x512.jpg\"},{\"@type\":\"BreadcrumbList\",\"@id\":\"https:\\\/\\\/leogarnier.com\\\/index.php\\\/babarman\\\/#breadcrumb\",\"itemListElement\":[{\"@type\":\"ListItem\",\"position\":1,\"name\":\"Accueil\",\"item\":\"https:\\\/\\\/leogarnier.com\\\/\"},{\"@type\":\"ListItem\",\"position\":2,\"name\":\"Babarman\"}]},{\"@type\":\"WebSite\",\"@id\":\"https:\\\/\\\/leogarnier.com\\\/#website\",\"url\":\"https:\\\/\\\/leogarnier.com\\\/\",\"name\":\"L\u00e9o Garnier\",\"description\":\"\u00c9clairagiste\",\"publisher\":{\"@id\":\"https:\\\/\\\/leogarnier.com\\\/#\\\/schema\\\/person\\\/9caf54ec40390ce3fa693f0b1acd3190\"},\"potentialAction\":[{\"@type\":\"SearchAction\",\"target\":{\"@type\":\"EntryPoint\",\"urlTemplate\":\"https:\\\/\\\/leogarnier.com\\\/?s={search_term_string}\"},\"query-input\":{\"@type\":\"PropertyValueSpecification\",\"valueRequired\":true,\"valueName\":\"search_term_string\"}}],\"inLanguage\":\"fr-FR\"},{\"@type\":[\"Person\",\"Organization\"],\"@id\":\"https:\\\/\\\/leogarnier.com\\\/#\\\/schema\\\/person\\\/9caf54ec40390ce3fa693f0b1acd3190\",\"name\":\"L\u00e9o\",\"image\":{\"@type\":\"ImageObject\",\"inLanguage\":\"fr-FR\",\"@id\":\"https:\\\/\\\/leogarnier.com\\\/wp-content\\\/uploads\\\/2022\\\/09\\\/Leo9.png\",\"url\":\"https:\\\/\\\/leogarnier.com\\\/wp-content\\\/uploads\\\/2022\\\/09\\\/Leo9.png\",\"contentUrl\":\"https:\\\/\\\/leogarnier.com\\\/wp-content\\\/uploads\\\/2022\\\/09\\\/Leo9.png\",\"width\":1148,\"height\":825,\"caption\":\"L\u00e9o\"},\"logo\":{\"@id\":\"https:\\\/\\\/leogarnier.com\\\/wp-content\\\/uploads\\\/2022\\\/09\\\/Leo9.png\"},\"sameAs\":[\"http:\\\/\\\/leogarnier.com\",\"https:\\\/\\\/www.facebook.com\\\/leo.garnier.102\\\/\",\"https:\\\/\\\/www.instagram.com\\\/garnierleo\\\/\"]}]}<\/script>\n<!-- \/ Yoast SEO plugin. -->","yoast_head_json":{"title":"Le Zerep Babarman - R\u00e9gie g\u00e9n\u00e9rale L\u00e9o Garnier","description":"La compagnie du zerep deux spectacles sur la m\u00eame sc\u00e8ne l'histoire de babar revisit\u00e9e par sophie perez et xavier boussiron mise en sc\u00e8ne jeune public","robots":{"index":"index","follow":"follow","max-snippet":"max-snippet:-1","max-image-preview":"max-image-preview:large","max-video-preview":"max-video-preview:-1"},"canonical":"https:\/\/leogarnier.com\/index.php\/babarman\/","og_locale":"fr_FR","og_type":"article","og_title":"Le Zerep Babarman - R\u00e9gie g\u00e9n\u00e9rale L\u00e9o Garnier","og_description":"La compagnie du zerep deux spectacles sur la m\u00eame sc\u00e8ne l'histoire de babar revisit\u00e9e par sophie perez et xavier boussiron mise en sc\u00e8ne jeune public","og_url":"https:\/\/leogarnier.com\/index.php\/babarman\/","og_site_name":"L\u00e9o Garnier","article_publisher":"https:\/\/www.facebook.com\/leo.garnier.102\/","article_modified_time":"2022-09-06T22:58:57+00:00","og_image":[{"url":"https:\/\/leogarnier.com\/wp-content\/uploads\/2022\/07\/DSC3826-768x512.jpg","type":"","width":"","height":""}],"twitter_card":"summary_large_image","twitter_misc":{"Dur\u00e9e de lecture estim\u00e9e":"2 minutes"},"schema":{"@context":"https:\/\/schema.org","@graph":[{"@type":"WebPage","@id":"https:\/\/leogarnier.com\/index.php\/babarman\/","url":"https:\/\/leogarnier.com\/index.php\/babarman\/","name":"Le Zerep Babarman - R\u00e9gie g\u00e9n\u00e9rale L\u00e9o Garnier","isPartOf":{"@id":"https:\/\/leogarnier.com\/#website"},"primaryImageOfPage":{"@id":"https:\/\/leogarnier.com\/index.php\/babarman\/#primaryimage"},"image":{"@id":"https:\/\/leogarnier.com\/index.php\/babarman\/#primaryimage"},"thumbnailUrl":"https:\/\/leogarnier.com\/wp-content\/uploads\/2022\/07\/DSC3826-768x512.jpg","datePublished":"2022-07-29T14:34:59+00:00","dateModified":"2022-09-06T22:58:57+00:00","description":"La compagnie du zerep deux spectacles sur la m\u00eame sc\u00e8ne l'histoire de babar revisit\u00e9e par sophie perez et xavier boussiron mise en sc\u00e8ne jeune public","breadcrumb":{"@id":"https:\/\/leogarnier.com\/index.php\/babarman\/#breadcrumb"},"inLanguage":"fr-FR","potentialAction":[{"@type":"ReadAction","target":["https:\/\/leogarnier.com\/index.php\/babarman\/"]}]},{"@type":"ImageObject","inLanguage":"fr-FR","@id":"https:\/\/leogarnier.com\/index.php\/babarman\/#primaryimage","url":"https:\/\/leogarnier.com\/wp-content\/uploads\/2022\/07\/DSC3826-768x512.jpg","contentUrl":"https:\/\/leogarnier.com\/wp-content\/uploads\/2022\/07\/DSC3826-768x512.jpg"},{"@type":"BreadcrumbList","@id":"https:\/\/leogarnier.com\/index.php\/babarman\/#breadcrumb","itemListElement":[{"@type":"ListItem","position":1,"name":"Accueil","item":"https:\/\/leogarnier.com\/"},{"@type":"ListItem","position":2,"name":"Babarman"}]},{"@type":"WebSite","@id":"https:\/\/leogarnier.com\/#website","url":"https:\/\/leogarnier.com\/","name":"L\u00e9o Garnier","description":"\u00c9clairagiste","publisher":{"@id":"https:\/\/leogarnier.com\/#\/schema\/person\/9caf54ec40390ce3fa693f0b1acd3190"},"potentialAction":[{"@type":"SearchAction","target":{"@type":"EntryPoint","urlTemplate":"https:\/\/leogarnier.com\/?s={search_term_string}"},"query-input":{"@type":"PropertyValueSpecification","valueRequired":true,"valueName":"search_term_string"}}],"inLanguage":"fr-FR"},{"@type":["Person","Organization"],"@id":"https:\/\/leogarnier.com\/#\/schema\/person\/9caf54ec40390ce3fa693f0b1acd3190","name":"L\u00e9o","image":{"@type":"ImageObject","inLanguage":"fr-FR","@id":"https:\/\/leogarnier.com\/wp-content\/uploads\/2022\/09\/Leo9.png","url":"https:\/\/leogarnier.com\/wp-content\/uploads\/2022\/09\/Leo9.png","contentUrl":"https:\/\/leogarnier.com\/wp-content\/uploads\/2022\/09\/Leo9.png","width":1148,"height":825,"caption":"L\u00e9o"},"logo":{"@id":"https:\/\/leogarnier.com\/wp-content\/uploads\/2022\/09\/Leo9.png"},"sameAs":["http:\/\/leogarnier.com","https:\/\/www.facebook.com\/leo.garnier.102\/","https:\/\/www.instagram.com\/garnierleo\/"]}]}},"_links":{"self":[{"href":"https:\/\/leogarnier.com\/index.php\/wp-json\/wp\/v2\/pages\/1632","targetHints":{"allow":["GET"]}}],"collection":[{"href":"https:\/\/leogarnier.com\/index.php\/wp-json\/wp\/v2\/pages"}],"about":[{"href":"https:\/\/leogarnier.com\/index.php\/wp-json\/wp\/v2\/types\/page"}],"author":[{"embeddable":true,"href":"https:\/\/leogarnier.com\/index.php\/wp-json\/wp\/v2\/users\/1"}],"replies":[{"embeddable":true,"href":"https:\/\/leogarnier.com\/index.php\/wp-json\/wp\/v2\/comments?post=1632"}],"version-history":[{"count":11,"href":"https:\/\/leogarnier.com\/index.php\/wp-json\/wp\/v2\/pages\/1632\/revisions"}],"predecessor-version":[{"id":1986,"href":"https:\/\/leogarnier.com\/index.php\/wp-json\/wp\/v2\/pages\/1632\/revisions\/1986"}],"wp:attachment":[{"href":"https:\/\/leogarnier.com\/index.php\/wp-json\/wp\/v2\/media?parent=1632"}],"curies":[{"name":"wp","href":"https:\/\/api.w.org\/{rel}","templated":true}]}}