{"id":1634,"date":"2022-07-29T16:35:12","date_gmt":"2022-07-29T14:35:12","guid":{"rendered":"https:\/\/leogarnier.com\/?page_id=1634"},"modified":"2022-09-28T21:23:05","modified_gmt":"2022-09-28T19:23:05","slug":"purge-baby-purge","status":"publish","type":"page","link":"https:\/\/leogarnier.com\/index.php\/purge-baby-purge\/","title":{"rendered":"Purge baby purge"},"content":{"rendered":"\t\t<div data-elementor-type=\"wp-page\" data-elementor-id=\"1634\" class=\"elementor elementor-1634\">\n\t\t\t\t\t\t<section class=\"elementor-section elementor-top-section elementor-element elementor-element-9a184e4 elementor-section-boxed elementor-section-height-default elementor-section-height-default\" data-id=\"9a184e4\" data-element_type=\"section\">\n\t\t\t\t\t\t<div class=\"elementor-container elementor-column-gap-default\">\n\t\t\t\t\t<div class=\"elementor-column elementor-col-100 elementor-top-column elementor-element elementor-element-afc607c\" data-id=\"afc607c\" data-element_type=\"column\">\n\t\t\t<div class=\"elementor-widget-wrap elementor-element-populated\">\n\t\t\t\t\t\t<div class=\"elementor-element elementor-element-bb80591 elementor-widget elementor-widget-heading\" data-id=\"bb80591\" data-element_type=\"widget\" data-widget_type=\"heading.default\">\n\t\t\t\t<div class=\"elementor-widget-container\">\n\t\t\t\t\t<h2 class=\"elementor-heading-title elementor-size-default\">Purge, baby, purge<\/h2>\t\t\t\t<\/div>\n\t\t\t\t<\/div>\n\t\t\t\t\t<\/div>\n\t\t<\/div>\n\t\t\t\t\t<\/div>\n\t\t<\/section>\n\t\t\t\t<section class=\"elementor-section elementor-top-section elementor-element elementor-element-9eb9762 elementor-section-boxed elementor-section-height-default elementor-section-height-default\" data-id=\"9eb9762\" data-element_type=\"section\">\n\t\t\t\t\t\t<div class=\"elementor-container elementor-column-gap-default\">\n\t\t\t\t\t<div class=\"elementor-column elementor-col-100 elementor-top-column elementor-element elementor-element-d903dee\" data-id=\"d903dee\" data-element_type=\"column\">\n\t\t\t<div class=\"elementor-widget-wrap elementor-element-populated\">\n\t\t\t\t\t\t<div class=\"elementor-element elementor-element-5df22e3 elementor-widget elementor-widget-text-editor\" data-id=\"5df22e3\" data-element_type=\"widget\" data-widget_type=\"text-editor.default\">\n\t\t\t\t<div class=\"elementor-widget-container\">\n\t\t\t\t\t\t\t\t\t<p>Les Subsistances &#8211; octobre 2018<\/p>\t\t\t\t\t\t\t\t<\/div>\n\t\t\t\t<\/div>\n\t\t\t\t\t<\/div>\n\t\t<\/div>\n\t\t\t\t\t<\/div>\n\t\t<\/section>\n\t\t\t\t<section class=\"elementor-section elementor-top-section elementor-element elementor-element-c8ebe0c elementor-section-boxed elementor-section-height-default elementor-section-height-default\" data-id=\"c8ebe0c\" data-element_type=\"section\">\n\t\t\t\t\t\t<div class=\"elementor-container elementor-column-gap-default\">\n\t\t\t\t\t<div class=\"elementor-column elementor-col-100 elementor-top-column elementor-element elementor-element-d68447c\" data-id=\"d68447c\" data-element_type=\"column\">\n\t\t\t<div class=\"elementor-widget-wrap elementor-element-populated\">\n\t\t\t\t\t\t<div class=\"elementor-element elementor-element-45f042b elementor-widget elementor-widget-text-editor\" data-id=\"45f042b\" data-element_type=\"widget\" data-widget_type=\"text-editor.default\">\n\t\t\t\t<div class=\"elementor-widget-container\">\n\t\t\t\t\t\t\t\t\t<p>Photographie Philippe Lebruman<\/p>\t\t\t\t\t\t\t\t<\/div>\n\t\t\t\t<\/div>\n\t\t\t\t\t<\/div>\n\t\t<\/div>\n\t\t\t\t\t<\/div>\n\t\t<\/section>\n\t\t\t\t<section class=\"elementor-section elementor-top-section elementor-element elementor-element-42ab4d8 elementor-section-boxed elementor-section-height-default elementor-section-height-default\" data-id=\"42ab4d8\" data-element_type=\"section\">\n\t\t\t\t\t\t<div class=\"elementor-container elementor-column-gap-default\">\n\t\t\t\t\t<div class=\"elementor-column elementor-col-100 elementor-top-column elementor-element elementor-element-96512bb\" data-id=\"96512bb\" data-element_type=\"column\">\n\t\t\t<div class=\"elementor-widget-wrap elementor-element-populated\">\n\t\t\t\t\t\t<div class=\"elementor-element elementor-element-f36f5e4 elementor-widget elementor-widget-image\" data-id=\"f36f5e4\" data-element_type=\"widget\" data-widget_type=\"image.default\">\n\t\t\t\t<div class=\"elementor-widget-container\">\n\t\t\t\t\t\t\t\t\t\t\t\t\t\t\t<img fetchpriority=\"high\" decoding=\"async\" width=\"768\" height=\"513\" src=\"https:\/\/leogarnier.com\/wp-content\/uploads\/2022\/07\/zerep-purge-baby-purge-15-1-768x513.jpg\" class=\"attachment-medium_large size-medium_large wp-image-1570\" alt=\"Vid\u00e9o projection - sc\u00e9nographie\" srcset=\"https:\/\/leogarnier.com\/wp-content\/uploads\/2022\/07\/zerep-purge-baby-purge-15-1-768x513.jpg 768w, https:\/\/leogarnier.com\/wp-content\/uploads\/2022\/07\/zerep-purge-baby-purge-15-1-300x200.jpg 300w, https:\/\/leogarnier.com\/wp-content\/uploads\/2022\/07\/zerep-purge-baby-purge-15-1.jpg 800w\" sizes=\"(max-width: 768px) 100vw, 768px\" \/>\t\t\t\t\t\t\t\t\t\t\t\t\t\t\t<\/div>\n\t\t\t\t<\/div>\n\t\t\t\t\t<\/div>\n\t\t<\/div>\n\t\t\t\t\t<\/div>\n\t\t<\/section>\n\t\t\t\t<section class=\"elementor-section elementor-top-section elementor-element elementor-element-626f76c elementor-section-boxed elementor-section-height-default elementor-section-height-default\" data-id=\"626f76c\" data-element_type=\"section\">\n\t\t\t\t\t\t<div class=\"elementor-container elementor-column-gap-default\">\n\t\t\t\t\t<div class=\"elementor-column elementor-col-100 elementor-top-column elementor-element elementor-element-81f12f8\" data-id=\"81f12f8\" data-element_type=\"column\">\n\t\t\t<div class=\"elementor-widget-wrap elementor-element-populated\">\n\t\t\t\t\t\t<div class=\"elementor-element elementor-element-22c8b78 elementor-widget elementor-widget-image\" data-id=\"22c8b78\" data-element_type=\"widget\" data-widget_type=\"image.default\">\n\t\t\t\t<div class=\"elementor-widget-container\">\n\t\t\t\t\t\t\t\t\t\t\t\t\t\t\t<img decoding=\"async\" width=\"768\" height=\"457\" src=\"https:\/\/leogarnier.com\/wp-content\/uploads\/2022\/07\/cr840500-b0f581-768x457.jpg\" class=\"attachment-medium_large size-medium_large wp-image-1571\" alt=\"Sc\u00e9nographie\" srcset=\"https:\/\/leogarnier.com\/wp-content\/uploads\/2022\/07\/cr840500-b0f581-768x457.jpg 768w, https:\/\/leogarnier.com\/wp-content\/uploads\/2022\/07\/cr840500-b0f581-300x179.jpg 300w, https:\/\/leogarnier.com\/wp-content\/uploads\/2022\/07\/cr840500-b0f581.jpg 840w\" sizes=\"(max-width: 768px) 100vw, 768px\" \/>\t\t\t\t\t\t\t\t\t\t\t\t\t\t\t<\/div>\n\t\t\t\t<\/div>\n\t\t\t\t\t<\/div>\n\t\t<\/div>\n\t\t\t\t\t<\/div>\n\t\t<\/section>\n\t\t\t\t<section class=\"elementor-section elementor-top-section elementor-element elementor-element-767ff60 elementor-section-boxed elementor-section-height-default elementor-section-height-default\" data-id=\"767ff60\" data-element_type=\"section\">\n\t\t\t\t\t\t<div class=\"elementor-container elementor-column-gap-default\">\n\t\t\t\t\t<div class=\"elementor-column elementor-col-100 elementor-top-column elementor-element elementor-element-50a55f7\" data-id=\"50a55f7\" data-element_type=\"column\">\n\t\t\t<div class=\"elementor-widget-wrap elementor-element-populated\">\n\t\t\t\t\t\t<div class=\"elementor-element elementor-element-30af3a2 elementor-widget elementor-widget-image\" data-id=\"30af3a2\" data-element_type=\"widget\" data-widget_type=\"image.default\">\n\t\t\t\t<div class=\"elementor-widget-container\">\n\t\t\t\t\t\t\t\t\t\t\t\t\t\t\t<img decoding=\"async\" width=\"768\" height=\"512\" src=\"https:\/\/leogarnier.com\/wp-content\/uploads\/2022\/07\/zerep-purge-baby-purge-8-768x512.jpg\" class=\"attachment-medium_large size-medium_large wp-image-1569\" alt=\"Contre plong\u00e9e\" srcset=\"https:\/\/leogarnier.com\/wp-content\/uploads\/2022\/07\/zerep-purge-baby-purge-8-768x512.jpg 768w, https:\/\/leogarnier.com\/wp-content\/uploads\/2022\/07\/zerep-purge-baby-purge-8-300x200.jpg 300w, https:\/\/leogarnier.com\/wp-content\/uploads\/2022\/07\/zerep-purge-baby-purge-8.jpg 800w\" sizes=\"(max-width: 768px) 100vw, 768px\" \/>\t\t\t\t\t\t\t\t\t\t\t\t\t\t\t<\/div>\n\t\t\t\t<\/div>\n\t\t\t\t\t<\/div>\n\t\t<\/div>\n\t\t\t\t\t<\/div>\n\t\t<\/section>\n\t\t\t\t<section class=\"elementor-section elementor-top-section elementor-element elementor-element-6895adc elementor-section-boxed elementor-section-height-default elementor-section-height-default\" data-id=\"6895adc\" data-element_type=\"section\">\n\t\t\t\t\t\t<div class=\"elementor-container elementor-column-gap-default\">\n\t\t\t\t\t<div class=\"elementor-column elementor-col-100 elementor-top-column elementor-element elementor-element-7fee4d9\" data-id=\"7fee4d9\" data-element_type=\"column\">\n\t\t\t<div class=\"elementor-widget-wrap elementor-element-populated\">\n\t\t\t\t\t\t<div class=\"elementor-element elementor-element-0750802 elementor-widget elementor-widget-text-editor\" data-id=\"0750802\" data-element_type=\"widget\" data-widget_type=\"text-editor.default\">\n\t\t\t\t<div class=\"elementor-widget-container\">\n\t\t\t\t\t\t\t\t\t<p>CR\u00c9ATION \/ LES SUBSISTANCES &#8211; 2018<\/p><p><strong>Conception<\/strong> Sophie Perez et Xavier Boussiron<\/p><p><strong>Avec<\/strong><br \/>Gilles Gaston-Dreyfus<br \/>Sophie Lenoir<br \/>Tom P\u00e9zier<br \/>Marl\u00e8ne Saldana<br \/>St\u00e9phane Roger<\/p><p><strong>Textes<\/strong> Georges Feydeau, Sophie Perez et Xavier Boussiron<br \/><strong>Sc\u00e9nographie<\/strong> Sophie Perez et Xavier Boussiron<br \/><strong>Costumes<\/strong> Sophie Perez et Corine Petitpierre<br \/><strong>Musique<\/strong> Xavier Boussiron<br \/><strong>R\u00e9gie g\u00e9n\u00e9rale<\/strong> L\u00e9o Garnier<br \/><strong>Cr\u00e9ation lumi\u00e8re<\/strong> Fabrice Combier<br \/><strong>Cr\u00e9ation son<\/strong> F\u00e9lix Perdreau<br \/><strong>R\u00e9gie Lumi\u00e8re<\/strong> Gildas Roudaut<br \/><strong>R\u00e9gie plateau<\/strong> Adrien Castillo<br \/><strong>R\u00e9alisation d\u00e9cor<\/strong> les Ateliers de Nanterre-Amandiers<br \/><strong>R\u00e9alisation costumes<\/strong> Corine Petitpierre et Anne Tesson<br \/><strong>Administration<\/strong> Julie Pagnier<\/p>\t\t\t\t\t\t\t\t<\/div>\n\t\t\t\t<\/div>\n\t\t\t\t\t<\/div>\n\t\t<\/div>\n\t\t\t\t\t<\/div>\n\t\t<\/section>\n\t\t\t\t<section class=\"elementor-section elementor-top-section elementor-element elementor-element-618a874 elementor-section-boxed elementor-section-height-default elementor-section-height-default\" data-id=\"618a874\" data-element_type=\"section\">\n\t\t\t\t\t\t<div class=\"elementor-container elementor-column-gap-default\">\n\t\t\t\t\t<div class=\"elementor-column elementor-col-100 elementor-top-column elementor-element elementor-element-9b6f847\" data-id=\"9b6f847\" data-element_type=\"column\">\n\t\t\t<div class=\"elementor-widget-wrap elementor-element-populated\">\n\t\t\t\t\t\t<div class=\"elementor-element elementor-element-820922f elementor-widget elementor-widget-text-editor\" data-id=\"820922f\" data-element_type=\"widget\" data-widget_type=\"text-editor.default\">\n\t\t\t\t<div class=\"elementor-widget-container\">\n\t\t\t\t\t\t\t\t\t<p><strong>Production<\/strong> Compagnie du Zerep <strong>coproduction<\/strong> Nanterre-Amandiers, centre dramatique national, Les Nouvelles Subsistances Lyon, La Cri\u00e9e Th\u00e9\u00e2tre national de Marseille, Th\u00e9\u00e2tre Saint-Gervais Gen\u00e8ve, Malraux sc\u00e8ne nationale Chamb\u00e9ry Savoie, Le Quai CDN Angers Pays de la Loire.<\/p><p>La Compagnie du Zerep re\u00e7oit le soutien de la Direction r\u00e9gionale des affaires culturelles d\u2019Ile-de-France, Minist\u00e8re de la Culture et de la Communication.<\/p><p>Action financ\u00e9e par la R\u00e9gion Ile-de-France<\/p><p><em>Purge, Baby, Purge<\/em>\u00a0a \u00e9t\u00e9 cr\u00e9\u00e9 en octobre 2018 aux Subsistances, Lyon<\/p>\t\t\t\t\t\t\t\t<\/div>\n\t\t\t\t<\/div>\n\t\t\t\t\t<\/div>\n\t\t<\/div>\n\t\t\t\t\t<\/div>\n\t\t<\/section>\n\t\t\t\t<\/div>\n\t\t","protected":false},"excerpt":{"rendered":"<p>Purge, baby, purge Les Subsistances &#8211; octobre 2018 Photographie Philippe Lebruman CR\u00c9ATION \/ LES SUBSISTANCES &#8211; 2018 Conception Sophie Perez et Xavier Boussiron Avec Gilles Gaston-Dreyfus Sophie Lenoir Tom P\u00e9zier Marl\u00e8ne Saldana St\u00e9phane Roger Textes Georges Feydeau, Sophie Perez et Xavier Boussiron Sc\u00e9nographie Sophie Perez et Xavier Boussiron Costumes Sophie Perez et Corine Petitpierre Musique [&hellip;]<\/p>\n","protected":false},"author":1,"featured_media":0,"parent":0,"menu_order":0,"comment_status":"closed","ping_status":"closed","template":"","meta":{"footnotes":""},"class_list":["post-1634","page","type-page","status-publish","hentry"],"yoast_head":"<!-- This site is optimized with the Yoast SEO plugin v27.4 - https:\/\/yoast.com\/product\/yoast-seo-wordpress\/ -->\n<title>Georges Feydeau - Purge baby purge - L\u00e9o Garnier<\/title>\n<meta name=\"description\" content=\"Georges Feydeau \/ On purge b\u00e9b\u00e9 revisit\u00e9 par La Compagnie du Zerep - Conception Sophie Perez et Xavier Boussiron\" \/>\n<meta name=\"robots\" content=\"index, follow, max-snippet:-1, max-image-preview:large, max-video-preview:-1\" \/>\n<link rel=\"canonical\" href=\"https:\/\/leogarnier.com\/index.php\/purge-baby-purge\/\" \/>\n<meta property=\"og:locale\" content=\"fr_FR\" \/>\n<meta property=\"og:type\" content=\"article\" \/>\n<meta property=\"og:title\" content=\"Georges Feydeau - Purge baby purge - L\u00e9o Garnier\" \/>\n<meta property=\"og:description\" content=\"Georges Feydeau \/ On purge b\u00e9b\u00e9 revisit\u00e9 par La Compagnie du Zerep - Conception Sophie Perez et Xavier Boussiron\" \/>\n<meta property=\"og:url\" content=\"https:\/\/leogarnier.com\/index.php\/purge-baby-purge\/\" \/>\n<meta property=\"og:site_name\" content=\"L\u00e9o Garnier\" \/>\n<meta property=\"article:publisher\" content=\"https:\/\/www.facebook.com\/leo.garnier.102\/\" \/>\n<meta property=\"article:modified_time\" content=\"2022-09-28T19:23:05+00:00\" \/>\n<meta property=\"og:image\" content=\"https:\/\/leogarnier.com\/wp-content\/uploads\/2022\/07\/zerep-purge-baby-purge-15-1-768x513.jpg\" \/>\n<meta name=\"twitter:card\" content=\"summary_large_image\" \/>\n<meta name=\"twitter:label1\" content=\"Dur\u00e9e de lecture estim\u00e9e\" \/>\n\t<meta name=\"twitter:data1\" content=\"2 minutes\" \/>\n<script type=\"application\/ld+json\" class=\"yoast-schema-graph\">{\"@context\":\"https:\\\/\\\/schema.org\",\"@graph\":[{\"@type\":\"WebPage\",\"@id\":\"https:\\\/\\\/leogarnier.com\\\/index.php\\\/purge-baby-purge\\\/\",\"url\":\"https:\\\/\\\/leogarnier.com\\\/index.php\\\/purge-baby-purge\\\/\",\"name\":\"Georges Feydeau - Purge baby purge - L\u00e9o Garnier\",\"isPartOf\":{\"@id\":\"https:\\\/\\\/leogarnier.com\\\/#website\"},\"primaryImageOfPage\":{\"@id\":\"https:\\\/\\\/leogarnier.com\\\/index.php\\\/purge-baby-purge\\\/#primaryimage\"},\"image\":{\"@id\":\"https:\\\/\\\/leogarnier.com\\\/index.php\\\/purge-baby-purge\\\/#primaryimage\"},\"thumbnailUrl\":\"https:\\\/\\\/leogarnier.com\\\/wp-content\\\/uploads\\\/2022\\\/07\\\/zerep-purge-baby-purge-15-1-768x513.jpg\",\"datePublished\":\"2022-07-29T14:35:12+00:00\",\"dateModified\":\"2022-09-28T19:23:05+00:00\",\"description\":\"Georges Feydeau \\\/ On purge b\u00e9b\u00e9 revisit\u00e9 par La Compagnie du Zerep - Conception Sophie Perez et Xavier Boussiron\",\"breadcrumb\":{\"@id\":\"https:\\\/\\\/leogarnier.com\\\/index.php\\\/purge-baby-purge\\\/#breadcrumb\"},\"inLanguage\":\"fr-FR\",\"potentialAction\":[{\"@type\":\"ReadAction\",\"target\":[\"https:\\\/\\\/leogarnier.com\\\/index.php\\\/purge-baby-purge\\\/\"]}]},{\"@type\":\"ImageObject\",\"inLanguage\":\"fr-FR\",\"@id\":\"https:\\\/\\\/leogarnier.com\\\/index.php\\\/purge-baby-purge\\\/#primaryimage\",\"url\":\"https:\\\/\\\/leogarnier.com\\\/wp-content\\\/uploads\\\/2022\\\/07\\\/zerep-purge-baby-purge-15-1.jpg\",\"contentUrl\":\"https:\\\/\\\/leogarnier.com\\\/wp-content\\\/uploads\\\/2022\\\/07\\\/zerep-purge-baby-purge-15-1.jpg\",\"width\":800,\"height\":534,\"caption\":\"Vid\u00e9o projection - sc\u00e9nographie\"},{\"@type\":\"BreadcrumbList\",\"@id\":\"https:\\\/\\\/leogarnier.com\\\/index.php\\\/purge-baby-purge\\\/#breadcrumb\",\"itemListElement\":[{\"@type\":\"ListItem\",\"position\":1,\"name\":\"Accueil\",\"item\":\"https:\\\/\\\/leogarnier.com\\\/\"},{\"@type\":\"ListItem\",\"position\":2,\"name\":\"Purge baby purge\"}]},{\"@type\":\"WebSite\",\"@id\":\"https:\\\/\\\/leogarnier.com\\\/#website\",\"url\":\"https:\\\/\\\/leogarnier.com\\\/\",\"name\":\"L\u00e9o Garnier\",\"description\":\"\u00c9clairagiste\",\"publisher\":{\"@id\":\"https:\\\/\\\/leogarnier.com\\\/#\\\/schema\\\/person\\\/9caf54ec40390ce3fa693f0b1acd3190\"},\"potentialAction\":[{\"@type\":\"SearchAction\",\"target\":{\"@type\":\"EntryPoint\",\"urlTemplate\":\"https:\\\/\\\/leogarnier.com\\\/?s={search_term_string}\"},\"query-input\":{\"@type\":\"PropertyValueSpecification\",\"valueRequired\":true,\"valueName\":\"search_term_string\"}}],\"inLanguage\":\"fr-FR\"},{\"@type\":[\"Person\",\"Organization\"],\"@id\":\"https:\\\/\\\/leogarnier.com\\\/#\\\/schema\\\/person\\\/9caf54ec40390ce3fa693f0b1acd3190\",\"name\":\"L\u00e9o\",\"image\":{\"@type\":\"ImageObject\",\"inLanguage\":\"fr-FR\",\"@id\":\"https:\\\/\\\/leogarnier.com\\\/wp-content\\\/uploads\\\/2022\\\/09\\\/Leo9.png\",\"url\":\"https:\\\/\\\/leogarnier.com\\\/wp-content\\\/uploads\\\/2022\\\/09\\\/Leo9.png\",\"contentUrl\":\"https:\\\/\\\/leogarnier.com\\\/wp-content\\\/uploads\\\/2022\\\/09\\\/Leo9.png\",\"width\":1148,\"height\":825,\"caption\":\"L\u00e9o\"},\"logo\":{\"@id\":\"https:\\\/\\\/leogarnier.com\\\/wp-content\\\/uploads\\\/2022\\\/09\\\/Leo9.png\"},\"sameAs\":[\"http:\\\/\\\/leogarnier.com\",\"https:\\\/\\\/www.facebook.com\\\/leo.garnier.102\\\/\",\"https:\\\/\\\/www.instagram.com\\\/garnierleo\\\/\"]}]}<\/script>\n<!-- \/ Yoast SEO plugin. -->","yoast_head_json":{"title":"Georges Feydeau - Purge baby purge - L\u00e9o Garnier","description":"Georges Feydeau \/ On purge b\u00e9b\u00e9 revisit\u00e9 par La Compagnie du Zerep - Conception Sophie Perez et Xavier Boussiron","robots":{"index":"index","follow":"follow","max-snippet":"max-snippet:-1","max-image-preview":"max-image-preview:large","max-video-preview":"max-video-preview:-1"},"canonical":"https:\/\/leogarnier.com\/index.php\/purge-baby-purge\/","og_locale":"fr_FR","og_type":"article","og_title":"Georges Feydeau - Purge baby purge - L\u00e9o Garnier","og_description":"Georges Feydeau \/ On purge b\u00e9b\u00e9 revisit\u00e9 par La Compagnie du Zerep - Conception Sophie Perez et Xavier Boussiron","og_url":"https:\/\/leogarnier.com\/index.php\/purge-baby-purge\/","og_site_name":"L\u00e9o Garnier","article_publisher":"https:\/\/www.facebook.com\/leo.garnier.102\/","article_modified_time":"2022-09-28T19:23:05+00:00","og_image":[{"url":"https:\/\/leogarnier.com\/wp-content\/uploads\/2022\/07\/zerep-purge-baby-purge-15-1-768x513.jpg","type":"","width":"","height":""}],"twitter_card":"summary_large_image","twitter_misc":{"Dur\u00e9e de lecture estim\u00e9e":"2 minutes"},"schema":{"@context":"https:\/\/schema.org","@graph":[{"@type":"WebPage","@id":"https:\/\/leogarnier.com\/index.php\/purge-baby-purge\/","url":"https:\/\/leogarnier.com\/index.php\/purge-baby-purge\/","name":"Georges Feydeau - Purge baby purge - L\u00e9o Garnier","isPartOf":{"@id":"https:\/\/leogarnier.com\/#website"},"primaryImageOfPage":{"@id":"https:\/\/leogarnier.com\/index.php\/purge-baby-purge\/#primaryimage"},"image":{"@id":"https:\/\/leogarnier.com\/index.php\/purge-baby-purge\/#primaryimage"},"thumbnailUrl":"https:\/\/leogarnier.com\/wp-content\/uploads\/2022\/07\/zerep-purge-baby-purge-15-1-768x513.jpg","datePublished":"2022-07-29T14:35:12+00:00","dateModified":"2022-09-28T19:23:05+00:00","description":"Georges Feydeau \/ On purge b\u00e9b\u00e9 revisit\u00e9 par La Compagnie du Zerep - Conception Sophie Perez et Xavier Boussiron","breadcrumb":{"@id":"https:\/\/leogarnier.com\/index.php\/purge-baby-purge\/#breadcrumb"},"inLanguage":"fr-FR","potentialAction":[{"@type":"ReadAction","target":["https:\/\/leogarnier.com\/index.php\/purge-baby-purge\/"]}]},{"@type":"ImageObject","inLanguage":"fr-FR","@id":"https:\/\/leogarnier.com\/index.php\/purge-baby-purge\/#primaryimage","url":"https:\/\/leogarnier.com\/wp-content\/uploads\/2022\/07\/zerep-purge-baby-purge-15-1.jpg","contentUrl":"https:\/\/leogarnier.com\/wp-content\/uploads\/2022\/07\/zerep-purge-baby-purge-15-1.jpg","width":800,"height":534,"caption":"Vid\u00e9o projection - sc\u00e9nographie"},{"@type":"BreadcrumbList","@id":"https:\/\/leogarnier.com\/index.php\/purge-baby-purge\/#breadcrumb","itemListElement":[{"@type":"ListItem","position":1,"name":"Accueil","item":"https:\/\/leogarnier.com\/"},{"@type":"ListItem","position":2,"name":"Purge baby purge"}]},{"@type":"WebSite","@id":"https:\/\/leogarnier.com\/#website","url":"https:\/\/leogarnier.com\/","name":"L\u00e9o Garnier","description":"\u00c9clairagiste","publisher":{"@id":"https:\/\/leogarnier.com\/#\/schema\/person\/9caf54ec40390ce3fa693f0b1acd3190"},"potentialAction":[{"@type":"SearchAction","target":{"@type":"EntryPoint","urlTemplate":"https:\/\/leogarnier.com\/?s={search_term_string}"},"query-input":{"@type":"PropertyValueSpecification","valueRequired":true,"valueName":"search_term_string"}}],"inLanguage":"fr-FR"},{"@type":["Person","Organization"],"@id":"https:\/\/leogarnier.com\/#\/schema\/person\/9caf54ec40390ce3fa693f0b1acd3190","name":"L\u00e9o","image":{"@type":"ImageObject","inLanguage":"fr-FR","@id":"https:\/\/leogarnier.com\/wp-content\/uploads\/2022\/09\/Leo9.png","url":"https:\/\/leogarnier.com\/wp-content\/uploads\/2022\/09\/Leo9.png","contentUrl":"https:\/\/leogarnier.com\/wp-content\/uploads\/2022\/09\/Leo9.png","width":1148,"height":825,"caption":"L\u00e9o"},"logo":{"@id":"https:\/\/leogarnier.com\/wp-content\/uploads\/2022\/09\/Leo9.png"},"sameAs":["http:\/\/leogarnier.com","https:\/\/www.facebook.com\/leo.garnier.102\/","https:\/\/www.instagram.com\/garnierleo\/"]}]}},"_links":{"self":[{"href":"https:\/\/leogarnier.com\/index.php\/wp-json\/wp\/v2\/pages\/1634","targetHints":{"allow":["GET"]}}],"collection":[{"href":"https:\/\/leogarnier.com\/index.php\/wp-json\/wp\/v2\/pages"}],"about":[{"href":"https:\/\/leogarnier.com\/index.php\/wp-json\/wp\/v2\/types\/page"}],"author":[{"embeddable":true,"href":"https:\/\/leogarnier.com\/index.php\/wp-json\/wp\/v2\/users\/1"}],"replies":[{"embeddable":true,"href":"https:\/\/leogarnier.com\/index.php\/wp-json\/wp\/v2\/comments?post=1634"}],"version-history":[{"count":5,"href":"https:\/\/leogarnier.com\/index.php\/wp-json\/wp\/v2\/pages\/1634\/revisions"}],"predecessor-version":[{"id":2168,"href":"https:\/\/leogarnier.com\/index.php\/wp-json\/wp\/v2\/pages\/1634\/revisions\/2168"}],"wp:attachment":[{"href":"https:\/\/leogarnier.com\/index.php\/wp-json\/wp\/v2\/media?parent=1634"}],"curies":[{"name":"wp","href":"https:\/\/api.w.org\/{rel}","templated":true}]}}