{"id":1636,"date":"2022-07-29T16:35:23","date_gmt":"2022-07-29T14:35:23","guid":{"rendered":"https:\/\/leogarnier.com\/?page_id=1636"},"modified":"2022-09-28T21:03:32","modified_gmt":"2022-09-28T19:03:32","slug":"les-chauves-souris","status":"publish","type":"page","link":"https:\/\/leogarnier.com\/index.php\/les-chauves-souris\/","title":{"rendered":"Les chauves souris"},"content":{"rendered":"\t\t<div data-elementor-type=\"wp-page\" data-elementor-id=\"1636\" class=\"elementor elementor-1636\">\n\t\t\t\t\t\t<section class=\"elementor-section elementor-top-section elementor-element elementor-element-3e2bb5d elementor-section-boxed elementor-section-height-default elementor-section-height-default\" data-id=\"3e2bb5d\" data-element_type=\"section\">\n\t\t\t\t\t\t<div class=\"elementor-container elementor-column-gap-default\">\n\t\t\t\t\t<div class=\"elementor-column elementor-col-100 elementor-top-column elementor-element elementor-element-3225b52\" data-id=\"3225b52\" data-element_type=\"column\">\n\t\t\t<div class=\"elementor-widget-wrap elementor-element-populated\">\n\t\t\t\t\t\t<div class=\"elementor-element elementor-element-eba175c elementor-widget elementor-widget-heading\" data-id=\"eba175c\" data-element_type=\"widget\" data-widget_type=\"heading.default\">\n\t\t\t\t<div class=\"elementor-widget-container\">\n\t\t\t\t\t<h2 class=\"elementor-heading-title elementor-size-default\">Les chauves-souris du volcan<\/h2>\t\t\t\t<\/div>\n\t\t\t\t<\/div>\n\t\t\t\t\t<\/div>\n\t\t<\/div>\n\t\t\t\t\t<\/div>\n\t\t<\/section>\n\t\t\t\t<section class=\"elementor-section elementor-top-section elementor-element elementor-element-758bf67 elementor-section-boxed elementor-section-height-default elementor-section-height-default\" data-id=\"758bf67\" data-element_type=\"section\">\n\t\t\t\t\t\t<div class=\"elementor-container elementor-column-gap-default\">\n\t\t\t\t\t<div class=\"elementor-column elementor-col-100 elementor-top-column elementor-element elementor-element-cd01481\" data-id=\"cd01481\" data-element_type=\"column\">\n\t\t\t<div class=\"elementor-widget-wrap elementor-element-populated\">\n\t\t\t\t\t\t<div class=\"elementor-element elementor-element-9cf4fe4 elementor-widget elementor-widget-text-editor\" data-id=\"9cf4fe4\" data-element_type=\"widget\" data-widget_type=\"text-editor.default\">\n\t\t\t\t<div class=\"elementor-widget-container\">\n\t\t\t\t\t\t\t\t\t<p>Charleroi Danse &#8211; novembre 2018<\/p>\t\t\t\t\t\t\t\t<\/div>\n\t\t\t\t<\/div>\n\t\t\t\t\t<\/div>\n\t\t<\/div>\n\t\t\t\t\t<\/div>\n\t\t<\/section>\n\t\t\t\t<section class=\"elementor-section elementor-top-section elementor-element elementor-element-c1aa3f0 elementor-section-boxed elementor-section-height-default elementor-section-height-default\" data-id=\"c1aa3f0\" data-element_type=\"section\">\n\t\t\t\t\t\t<div class=\"elementor-container elementor-column-gap-default\">\n\t\t\t\t\t<div class=\"elementor-column elementor-col-100 elementor-top-column elementor-element elementor-element-3889021\" data-id=\"3889021\" data-element_type=\"column\">\n\t\t\t<div class=\"elementor-widget-wrap elementor-element-populated\">\n\t\t\t\t\t\t<div class=\"elementor-element elementor-element-14ee09d elementor-widget elementor-widget-text-editor\" data-id=\"14ee09d\" data-element_type=\"widget\" data-widget_type=\"text-editor.default\">\n\t\t\t\t<div class=\"elementor-widget-container\">\n\t\t\t\t\t\t\t\t\t<p>Photographie Philippe Lebruman<\/p>\t\t\t\t\t\t\t\t<\/div>\n\t\t\t\t<\/div>\n\t\t\t\t\t<\/div>\n\t\t<\/div>\n\t\t\t\t\t<\/div>\n\t\t<\/section>\n\t\t\t\t<section class=\"elementor-section elementor-top-section elementor-element elementor-element-00ecc8d elementor-section-boxed elementor-section-height-default elementor-section-height-default\" data-id=\"00ecc8d\" data-element_type=\"section\">\n\t\t\t\t\t\t<div class=\"elementor-container elementor-column-gap-default\">\n\t\t\t\t\t<div class=\"elementor-column elementor-col-100 elementor-top-column elementor-element elementor-element-de0a450\" data-id=\"de0a450\" data-element_type=\"column\">\n\t\t\t<div class=\"elementor-widget-wrap elementor-element-populated\">\n\t\t\t\t\t\t<div class=\"elementor-element elementor-element-3f5888c elementor-widget elementor-widget-image\" data-id=\"3f5888c\" data-element_type=\"widget\" data-widget_type=\"image.default\">\n\t\t\t\t<div class=\"elementor-widget-container\">\n\t\t\t\t\t\t\t\t\t\t\t\t\t\t\t<img fetchpriority=\"high\" decoding=\"async\" width=\"768\" height=\"513\" src=\"https:\/\/leogarnier.com\/wp-content\/uploads\/2022\/07\/zerep-les-chauves-souris-du-volcan-11-1-768x513.jpg\" class=\"attachment-medium_large size-medium_large wp-image-1731\" alt=\"Sc\u00e9nographie et lumi\u00e8re Les Chauves Souris du Volcan\" srcset=\"https:\/\/leogarnier.com\/wp-content\/uploads\/2022\/07\/zerep-les-chauves-souris-du-volcan-11-1-768x513.jpg 768w, https:\/\/leogarnier.com\/wp-content\/uploads\/2022\/07\/zerep-les-chauves-souris-du-volcan-11-1-300x200.jpg 300w, https:\/\/leogarnier.com\/wp-content\/uploads\/2022\/07\/zerep-les-chauves-souris-du-volcan-11-1-1024x684.jpg 1024w, https:\/\/leogarnier.com\/wp-content\/uploads\/2022\/07\/zerep-les-chauves-souris-du-volcan-11-1.jpg 1252w\" sizes=\"(max-width: 768px) 100vw, 768px\" \/>\t\t\t\t\t\t\t\t\t\t\t\t\t\t\t<\/div>\n\t\t\t\t<\/div>\n\t\t\t\t\t<\/div>\n\t\t<\/div>\n\t\t\t\t\t<\/div>\n\t\t<\/section>\n\t\t\t\t<section class=\"elementor-section elementor-top-section elementor-element elementor-element-e708258 elementor-section-boxed elementor-section-height-default elementor-section-height-default\" data-id=\"e708258\" data-element_type=\"section\">\n\t\t\t\t\t\t<div class=\"elementor-container elementor-column-gap-default\">\n\t\t\t\t\t<div class=\"elementor-column elementor-col-100 elementor-top-column elementor-element elementor-element-a43cdf7\" data-id=\"a43cdf7\" data-element_type=\"column\">\n\t\t\t<div class=\"elementor-widget-wrap elementor-element-populated\">\n\t\t\t\t\t\t<div class=\"elementor-element elementor-element-650e3e4 elementor-widget elementor-widget-image\" data-id=\"650e3e4\" data-element_type=\"widget\" data-widget_type=\"image.default\">\n\t\t\t\t<div class=\"elementor-widget-container\">\n\t\t\t\t\t\t\t\t\t\t\t\t\t\t\t<img decoding=\"async\" width=\"768\" height=\"513\" src=\"https:\/\/leogarnier.com\/wp-content\/uploads\/2022\/07\/zerep-les-chauves-souris-du-volcan-9-1-768x513.jpg\" class=\"attachment-medium_large size-medium_large wp-image-1730\" alt=\"Lumi\u00e8re portrait\" srcset=\"https:\/\/leogarnier.com\/wp-content\/uploads\/2022\/07\/zerep-les-chauves-souris-du-volcan-9-1-768x513.jpg 768w, https:\/\/leogarnier.com\/wp-content\/uploads\/2022\/07\/zerep-les-chauves-souris-du-volcan-9-1-300x200.jpg 300w, https:\/\/leogarnier.com\/wp-content\/uploads\/2022\/07\/zerep-les-chauves-souris-du-volcan-9-1-1024x683.jpg 1024w, https:\/\/leogarnier.com\/wp-content\/uploads\/2022\/07\/zerep-les-chauves-souris-du-volcan-9-1.jpg 1278w\" sizes=\"(max-width: 768px) 100vw, 768px\" \/>\t\t\t\t\t\t\t\t\t\t\t\t\t\t\t<\/div>\n\t\t\t\t<\/div>\n\t\t\t\t\t<\/div>\n\t\t<\/div>\n\t\t\t\t\t<\/div>\n\t\t<\/section>\n\t\t\t\t<section class=\"elementor-section elementor-top-section elementor-element elementor-element-24af574 elementor-section-boxed elementor-section-height-default elementor-section-height-default\" data-id=\"24af574\" data-element_type=\"section\">\n\t\t\t\t\t\t<div class=\"elementor-container elementor-column-gap-default\">\n\t\t\t\t\t<div class=\"elementor-column elementor-col-100 elementor-top-column elementor-element elementor-element-bfe995e\" data-id=\"bfe995e\" data-element_type=\"column\">\n\t\t\t<div class=\"elementor-widget-wrap elementor-element-populated\">\n\t\t\t\t\t\t<div class=\"elementor-element elementor-element-8e1f2a2 elementor-widget elementor-widget-image\" data-id=\"8e1f2a2\" data-element_type=\"widget\" data-widget_type=\"image.default\">\n\t\t\t\t<div class=\"elementor-widget-container\">\n\t\t\t\t\t\t\t\t\t\t\t\t\t\t\t<img decoding=\"async\" width=\"768\" height=\"513\" src=\"https:\/\/leogarnier.com\/wp-content\/uploads\/2022\/07\/zerep-les-chauves-souris-du-volcan-13-768x513.jpg\" class=\"attachment-medium_large size-medium_large wp-image-1559\" alt=\"Sc\u00e9nographie - mat\u00e9riaux - brillance\" srcset=\"https:\/\/leogarnier.com\/wp-content\/uploads\/2022\/07\/zerep-les-chauves-souris-du-volcan-13-768x513.jpg 768w, https:\/\/leogarnier.com\/wp-content\/uploads\/2022\/07\/zerep-les-chauves-souris-du-volcan-13-300x200.jpg 300w, https:\/\/leogarnier.com\/wp-content\/uploads\/2022\/07\/zerep-les-chauves-souris-du-volcan-13-1024x683.jpg 1024w, https:\/\/leogarnier.com\/wp-content\/uploads\/2022\/07\/zerep-les-chauves-souris-du-volcan-13.jpg 1278w\" sizes=\"(max-width: 768px) 100vw, 768px\" \/>\t\t\t\t\t\t\t\t\t\t\t\t\t\t\t<\/div>\n\t\t\t\t<\/div>\n\t\t\t\t\t<\/div>\n\t\t<\/div>\n\t\t\t\t\t<\/div>\n\t\t<\/section>\n\t\t\t\t<section class=\"elementor-section elementor-top-section elementor-element elementor-element-aef0976 elementor-section-boxed elementor-section-height-default elementor-section-height-default\" data-id=\"aef0976\" data-element_type=\"section\">\n\t\t\t\t\t\t<div class=\"elementor-container elementor-column-gap-default\">\n\t\t\t\t\t<div class=\"elementor-column elementor-col-100 elementor-top-column elementor-element elementor-element-50a1623\" data-id=\"50a1623\" data-element_type=\"column\">\n\t\t\t<div class=\"elementor-widget-wrap elementor-element-populated\">\n\t\t\t\t\t\t<div class=\"elementor-element elementor-element-52dc4f5 elementor-widget elementor-widget-text-editor\" data-id=\"52dc4f5\" data-element_type=\"widget\" data-widget_type=\"text-editor.default\">\n\t\t\t\t<div class=\"elementor-widget-container\">\n\t\t\t\t\t\t\t\t\t<p><strong>Conception<\/strong> Sophie Perez\u00a0<\/p><p><strong>Avec<\/strong><br \/>Sophie Lenoir<br \/>Marco Berrettini<br \/>Marl\u00e8ne Saldana<br \/>St\u00e9phane Roger<br \/>Er Ge Yu<\/p><p><strong>Et les musiciens<\/strong> Xavier Boussiron, Julien Tiberi<\/p><p><strong>Textes<\/strong> Sophie Perez et Xavier Boussiron<br \/><strong>Textes chansons<\/strong> Sophie Perez<br \/><strong>Sc\u00e9nographie<\/strong> Sophie Perez assist\u00e9 d\u2019Adrien Castillo<br \/><strong>Costumes<\/strong> Sophie Perez et Corine Petitpierre<br \/><strong>Musique<\/strong> Xavier Boussiron<br \/><strong>R\u00e9gie g\u00e9n\u00e9rale<\/strong> L\u00e9o Garnier<br \/><strong>Cr\u00e9ation lumi\u00e8re<\/strong> Fabrice Combier<br \/><strong>Cr\u00e9ation son<\/strong> F\u00e9lix Perdreau<br \/><strong>R\u00e9gie Lumi\u00e8re<\/strong> Gildas Roudaut<br \/><strong>R\u00e9gie plateau<\/strong> Adrien Castillo<br \/><strong>R\u00e9alisation d\u00e9cor et costumes<\/strong> Corine Petitpierre et Anne Tesson<br \/><strong>Administration<\/strong> Julie Pagnier<\/p>\t\t\t\t\t\t\t\t<\/div>\n\t\t\t\t<\/div>\n\t\t\t\t\t<\/div>\n\t\t<\/div>\n\t\t\t\t\t<\/div>\n\t\t<\/section>\n\t\t\t\t<section class=\"elementor-section elementor-top-section elementor-element elementor-element-773c1d6 elementor-section-boxed elementor-section-height-default elementor-section-height-default\" data-id=\"773c1d6\" data-element_type=\"section\">\n\t\t\t\t\t\t<div class=\"elementor-container elementor-column-gap-default\">\n\t\t\t\t\t<div class=\"elementor-column elementor-col-100 elementor-top-column elementor-element elementor-element-0ed5b16\" data-id=\"0ed5b16\" data-element_type=\"column\">\n\t\t\t<div class=\"elementor-widget-wrap elementor-element-populated\">\n\t\t\t\t\t\t<div class=\"elementor-element elementor-element-2f06b4a elementor-widget elementor-widget-text-editor\" data-id=\"2f06b4a\" data-element_type=\"widget\" data-widget_type=\"text-editor.default\">\n\t\t\t\t<div class=\"elementor-widget-container\">\n\t\t\t\t\t\t\t\t\t<p><strong>Production<\/strong> Compagnie du Zerep <strong>coproduction<\/strong> le Man\u00e8ge sc\u00e8ne nationale Reims, CND Centre national de la danse Pantin, Charleroi danse centre chor\u00e9graphique de Wallonie \u2013 Bruxelles, Sc\u00e8ne nationale d\u2019Orl\u00e9ans, Les Spectacles vivants \u2013 Centre Pompidou, Th\u00e9\u00e2tre Nouvelle G\u00e9n\u00e9ration \u2013 Centre Dramatique National de Lyon<\/p><p>La Compagnie du Zerep re\u00e7oit le soutien de la Direction r\u00e9gionale des affaires culturelles d\u2019Ile-de-France, Minist\u00e8re de la Culture et de la Communication.<\/p><p>Action financ\u00e9e par la R\u00e9gion Ile-de-France.<\/p><p><em>Les Chauves-Souris du Volcan<\/em>\u00a0a \u00e9t\u00e9 cr\u00e9\u00e9 en novembre 2018 \u00e0 Charleroi Danse en partenariat avec le th\u00e9\u00e2tre de l\u2019Ancre, Charleroi<\/p>\t\t\t\t\t\t\t\t<\/div>\n\t\t\t\t<\/div>\n\t\t\t\t\t<\/div>\n\t\t<\/div>\n\t\t\t\t\t<\/div>\n\t\t<\/section>\n\t\t\t\t<\/div>\n\t\t","protected":false},"excerpt":{"rendered":"<p>Les chauves-souris du volcan Charleroi Danse &#8211; novembre 2018 Photographie Philippe Lebruman Conception Sophie Perez&nbsp; Avec Sophie Lenoir Marco Berrettini Marl\u00e8ne Saldana St\u00e9phane Roger Er Ge Yu Et les musiciens Xavier Boussiron, Julien Tiberi Textes Sophie Perez et Xavier Boussiron Textes chansons Sophie Perez Sc\u00e9nographie Sophie Perez assist\u00e9 d\u2019Adrien Castillo Costumes Sophie Perez et Corine [&hellip;]<\/p>\n","protected":false},"author":1,"featured_media":0,"parent":0,"menu_order":0,"comment_status":"closed","ping_status":"closed","template":"","meta":{"footnotes":""},"class_list":["post-1636","page","type-page","status-publish","hentry"],"yoast_head":"<!-- This site is optimized with the Yoast SEO plugin v27.4 - https:\/\/yoast.com\/product\/yoast-seo-wordpress\/ -->\n<title>Le Zerep - Les chauves souris - L\u00e9o Garnier<\/title>\n<meta name=\"description\" content=\"Le Zerep - Les Chauves Souris du Volcan - Conception Sophie Perez - Musique Xavier Boussiron - R\u00e9gie g\u00e9n\u00e9rale L\u00e9o Garnier\" \/>\n<meta name=\"robots\" content=\"index, follow, max-snippet:-1, max-image-preview:large, max-video-preview:-1\" \/>\n<link rel=\"canonical\" href=\"https:\/\/leogarnier.com\/index.php\/les-chauves-souris\/\" \/>\n<meta property=\"og:locale\" content=\"fr_FR\" \/>\n<meta property=\"og:type\" content=\"article\" \/>\n<meta property=\"og:title\" content=\"Le Zerep - Les chauves souris - L\u00e9o Garnier\" \/>\n<meta property=\"og:description\" content=\"Le Zerep - Les Chauves Souris du Volcan - Conception Sophie Perez - Musique Xavier Boussiron - R\u00e9gie g\u00e9n\u00e9rale L\u00e9o Garnier\" \/>\n<meta property=\"og:url\" content=\"https:\/\/leogarnier.com\/index.php\/les-chauves-souris\/\" \/>\n<meta property=\"og:site_name\" content=\"L\u00e9o Garnier\" \/>\n<meta property=\"article:publisher\" content=\"https:\/\/www.facebook.com\/leo.garnier.102\/\" \/>\n<meta property=\"article:modified_time\" content=\"2022-09-28T19:03:32+00:00\" \/>\n<meta property=\"og:image\" content=\"https:\/\/leogarnier.com\/wp-content\/uploads\/2022\/07\/zerep-les-chauves-souris-du-volcan-11-1-768x513.jpg\" \/>\n<meta name=\"twitter:card\" content=\"summary_large_image\" \/>\n<meta name=\"twitter:label1\" content=\"Dur\u00e9e de lecture estim\u00e9e\" \/>\n\t<meta name=\"twitter:data1\" content=\"2 minutes\" \/>\n<script type=\"application\/ld+json\" class=\"yoast-schema-graph\">{\"@context\":\"https:\\\/\\\/schema.org\",\"@graph\":[{\"@type\":\"WebPage\",\"@id\":\"https:\\\/\\\/leogarnier.com\\\/index.php\\\/les-chauves-souris\\\/\",\"url\":\"https:\\\/\\\/leogarnier.com\\\/index.php\\\/les-chauves-souris\\\/\",\"name\":\"Le Zerep - Les chauves souris - L\u00e9o Garnier\",\"isPartOf\":{\"@id\":\"https:\\\/\\\/leogarnier.com\\\/#website\"},\"primaryImageOfPage\":{\"@id\":\"https:\\\/\\\/leogarnier.com\\\/index.php\\\/les-chauves-souris\\\/#primaryimage\"},\"image\":{\"@id\":\"https:\\\/\\\/leogarnier.com\\\/index.php\\\/les-chauves-souris\\\/#primaryimage\"},\"thumbnailUrl\":\"https:\\\/\\\/leogarnier.com\\\/wp-content\\\/uploads\\\/2022\\\/07\\\/zerep-les-chauves-souris-du-volcan-11-1-768x513.jpg\",\"datePublished\":\"2022-07-29T14:35:23+00:00\",\"dateModified\":\"2022-09-28T19:03:32+00:00\",\"description\":\"Le Zerep - Les Chauves Souris du Volcan - Conception Sophie Perez - Musique Xavier Boussiron - R\u00e9gie g\u00e9n\u00e9rale L\u00e9o Garnier\",\"breadcrumb\":{\"@id\":\"https:\\\/\\\/leogarnier.com\\\/index.php\\\/les-chauves-souris\\\/#breadcrumb\"},\"inLanguage\":\"fr-FR\",\"potentialAction\":[{\"@type\":\"ReadAction\",\"target\":[\"https:\\\/\\\/leogarnier.com\\\/index.php\\\/les-chauves-souris\\\/\"]}]},{\"@type\":\"ImageObject\",\"inLanguage\":\"fr-FR\",\"@id\":\"https:\\\/\\\/leogarnier.com\\\/index.php\\\/les-chauves-souris\\\/#primaryimage\",\"url\":\"https:\\\/\\\/leogarnier.com\\\/wp-content\\\/uploads\\\/2022\\\/07\\\/zerep-les-chauves-souris-du-volcan-11-1.jpg\",\"contentUrl\":\"https:\\\/\\\/leogarnier.com\\\/wp-content\\\/uploads\\\/2022\\\/07\\\/zerep-les-chauves-souris-du-volcan-11-1.jpg\",\"width\":1252,\"height\":836,\"caption\":\"Sc\u00e9nographie et lumi\u00e8re Les Chauves Souris du Volcan\"},{\"@type\":\"BreadcrumbList\",\"@id\":\"https:\\\/\\\/leogarnier.com\\\/index.php\\\/les-chauves-souris\\\/#breadcrumb\",\"itemListElement\":[{\"@type\":\"ListItem\",\"position\":1,\"name\":\"Accueil\",\"item\":\"https:\\\/\\\/leogarnier.com\\\/\"},{\"@type\":\"ListItem\",\"position\":2,\"name\":\"Les chauves souris\"}]},{\"@type\":\"WebSite\",\"@id\":\"https:\\\/\\\/leogarnier.com\\\/#website\",\"url\":\"https:\\\/\\\/leogarnier.com\\\/\",\"name\":\"L\u00e9o Garnier\",\"description\":\"\u00c9clairagiste\",\"publisher\":{\"@id\":\"https:\\\/\\\/leogarnier.com\\\/#\\\/schema\\\/person\\\/9caf54ec40390ce3fa693f0b1acd3190\"},\"potentialAction\":[{\"@type\":\"SearchAction\",\"target\":{\"@type\":\"EntryPoint\",\"urlTemplate\":\"https:\\\/\\\/leogarnier.com\\\/?s={search_term_string}\"},\"query-input\":{\"@type\":\"PropertyValueSpecification\",\"valueRequired\":true,\"valueName\":\"search_term_string\"}}],\"inLanguage\":\"fr-FR\"},{\"@type\":[\"Person\",\"Organization\"],\"@id\":\"https:\\\/\\\/leogarnier.com\\\/#\\\/schema\\\/person\\\/9caf54ec40390ce3fa693f0b1acd3190\",\"name\":\"L\u00e9o\",\"image\":{\"@type\":\"ImageObject\",\"inLanguage\":\"fr-FR\",\"@id\":\"https:\\\/\\\/leogarnier.com\\\/wp-content\\\/uploads\\\/2022\\\/09\\\/Leo9.png\",\"url\":\"https:\\\/\\\/leogarnier.com\\\/wp-content\\\/uploads\\\/2022\\\/09\\\/Leo9.png\",\"contentUrl\":\"https:\\\/\\\/leogarnier.com\\\/wp-content\\\/uploads\\\/2022\\\/09\\\/Leo9.png\",\"width\":1148,\"height\":825,\"caption\":\"L\u00e9o\"},\"logo\":{\"@id\":\"https:\\\/\\\/leogarnier.com\\\/wp-content\\\/uploads\\\/2022\\\/09\\\/Leo9.png\"},\"sameAs\":[\"http:\\\/\\\/leogarnier.com\",\"https:\\\/\\\/www.facebook.com\\\/leo.garnier.102\\\/\",\"https:\\\/\\\/www.instagram.com\\\/garnierleo\\\/\"]}]}<\/script>\n<!-- \/ Yoast SEO plugin. -->","yoast_head_json":{"title":"Le Zerep - Les chauves souris - L\u00e9o Garnier","description":"Le Zerep - Les Chauves Souris du Volcan - Conception Sophie Perez - Musique Xavier Boussiron - R\u00e9gie g\u00e9n\u00e9rale L\u00e9o Garnier","robots":{"index":"index","follow":"follow","max-snippet":"max-snippet:-1","max-image-preview":"max-image-preview:large","max-video-preview":"max-video-preview:-1"},"canonical":"https:\/\/leogarnier.com\/index.php\/les-chauves-souris\/","og_locale":"fr_FR","og_type":"article","og_title":"Le Zerep - Les chauves souris - L\u00e9o Garnier","og_description":"Le Zerep - Les Chauves Souris du Volcan - Conception Sophie Perez - Musique Xavier Boussiron - R\u00e9gie g\u00e9n\u00e9rale L\u00e9o Garnier","og_url":"https:\/\/leogarnier.com\/index.php\/les-chauves-souris\/","og_site_name":"L\u00e9o Garnier","article_publisher":"https:\/\/www.facebook.com\/leo.garnier.102\/","article_modified_time":"2022-09-28T19:03:32+00:00","og_image":[{"url":"https:\/\/leogarnier.com\/wp-content\/uploads\/2022\/07\/zerep-les-chauves-souris-du-volcan-11-1-768x513.jpg","type":"","width":"","height":""}],"twitter_card":"summary_large_image","twitter_misc":{"Dur\u00e9e de lecture estim\u00e9e":"2 minutes"},"schema":{"@context":"https:\/\/schema.org","@graph":[{"@type":"WebPage","@id":"https:\/\/leogarnier.com\/index.php\/les-chauves-souris\/","url":"https:\/\/leogarnier.com\/index.php\/les-chauves-souris\/","name":"Le Zerep - Les chauves souris - L\u00e9o Garnier","isPartOf":{"@id":"https:\/\/leogarnier.com\/#website"},"primaryImageOfPage":{"@id":"https:\/\/leogarnier.com\/index.php\/les-chauves-souris\/#primaryimage"},"image":{"@id":"https:\/\/leogarnier.com\/index.php\/les-chauves-souris\/#primaryimage"},"thumbnailUrl":"https:\/\/leogarnier.com\/wp-content\/uploads\/2022\/07\/zerep-les-chauves-souris-du-volcan-11-1-768x513.jpg","datePublished":"2022-07-29T14:35:23+00:00","dateModified":"2022-09-28T19:03:32+00:00","description":"Le Zerep - Les Chauves Souris du Volcan - Conception Sophie Perez - Musique Xavier Boussiron - R\u00e9gie g\u00e9n\u00e9rale L\u00e9o Garnier","breadcrumb":{"@id":"https:\/\/leogarnier.com\/index.php\/les-chauves-souris\/#breadcrumb"},"inLanguage":"fr-FR","potentialAction":[{"@type":"ReadAction","target":["https:\/\/leogarnier.com\/index.php\/les-chauves-souris\/"]}]},{"@type":"ImageObject","inLanguage":"fr-FR","@id":"https:\/\/leogarnier.com\/index.php\/les-chauves-souris\/#primaryimage","url":"https:\/\/leogarnier.com\/wp-content\/uploads\/2022\/07\/zerep-les-chauves-souris-du-volcan-11-1.jpg","contentUrl":"https:\/\/leogarnier.com\/wp-content\/uploads\/2022\/07\/zerep-les-chauves-souris-du-volcan-11-1.jpg","width":1252,"height":836,"caption":"Sc\u00e9nographie et lumi\u00e8re Les Chauves Souris du Volcan"},{"@type":"BreadcrumbList","@id":"https:\/\/leogarnier.com\/index.php\/les-chauves-souris\/#breadcrumb","itemListElement":[{"@type":"ListItem","position":1,"name":"Accueil","item":"https:\/\/leogarnier.com\/"},{"@type":"ListItem","position":2,"name":"Les chauves souris"}]},{"@type":"WebSite","@id":"https:\/\/leogarnier.com\/#website","url":"https:\/\/leogarnier.com\/","name":"L\u00e9o Garnier","description":"\u00c9clairagiste","publisher":{"@id":"https:\/\/leogarnier.com\/#\/schema\/person\/9caf54ec40390ce3fa693f0b1acd3190"},"potentialAction":[{"@type":"SearchAction","target":{"@type":"EntryPoint","urlTemplate":"https:\/\/leogarnier.com\/?s={search_term_string}"},"query-input":{"@type":"PropertyValueSpecification","valueRequired":true,"valueName":"search_term_string"}}],"inLanguage":"fr-FR"},{"@type":["Person","Organization"],"@id":"https:\/\/leogarnier.com\/#\/schema\/person\/9caf54ec40390ce3fa693f0b1acd3190","name":"L\u00e9o","image":{"@type":"ImageObject","inLanguage":"fr-FR","@id":"https:\/\/leogarnier.com\/wp-content\/uploads\/2022\/09\/Leo9.png","url":"https:\/\/leogarnier.com\/wp-content\/uploads\/2022\/09\/Leo9.png","contentUrl":"https:\/\/leogarnier.com\/wp-content\/uploads\/2022\/09\/Leo9.png","width":1148,"height":825,"caption":"L\u00e9o"},"logo":{"@id":"https:\/\/leogarnier.com\/wp-content\/uploads\/2022\/09\/Leo9.png"},"sameAs":["http:\/\/leogarnier.com","https:\/\/www.facebook.com\/leo.garnier.102\/","https:\/\/www.instagram.com\/garnierleo\/"]}]}},"_links":{"self":[{"href":"https:\/\/leogarnier.com\/index.php\/wp-json\/wp\/v2\/pages\/1636","targetHints":{"allow":["GET"]}}],"collection":[{"href":"https:\/\/leogarnier.com\/index.php\/wp-json\/wp\/v2\/pages"}],"about":[{"href":"https:\/\/leogarnier.com\/index.php\/wp-json\/wp\/v2\/types\/page"}],"author":[{"embeddable":true,"href":"https:\/\/leogarnier.com\/index.php\/wp-json\/wp\/v2\/users\/1"}],"replies":[{"embeddable":true,"href":"https:\/\/leogarnier.com\/index.php\/wp-json\/wp\/v2\/comments?post=1636"}],"version-history":[{"count":5,"href":"https:\/\/leogarnier.com\/index.php\/wp-json\/wp\/v2\/pages\/1636\/revisions"}],"predecessor-version":[{"id":2161,"href":"https:\/\/leogarnier.com\/index.php\/wp-json\/wp\/v2\/pages\/1636\/revisions\/2161"}],"wp:attachment":[{"href":"https:\/\/leogarnier.com\/index.php\/wp-json\/wp\/v2\/media?parent=1636"}],"curies":[{"name":"wp","href":"https:\/\/api.w.org\/{rel}","templated":true}]}}