{"id":1638,"date":"2022-07-29T16:35:34","date_gmt":"2022-07-29T14:35:34","guid":{"rendered":"https:\/\/leogarnier.com\/?page_id=1638"},"modified":"2022-09-28T20:54:34","modified_gmt":"2022-09-28T18:54:34","slug":"la-meringue","status":"publish","type":"page","link":"https:\/\/leogarnier.com\/index.php\/la-meringue\/","title":{"rendered":"La Meringue"},"content":{"rendered":"\t\t<div data-elementor-type=\"wp-page\" data-elementor-id=\"1638\" class=\"elementor elementor-1638\">\n\t\t\t\t\t\t<section class=\"elementor-section elementor-top-section elementor-element elementor-element-0a0b732 elementor-section-boxed elementor-section-height-default elementor-section-height-default\" data-id=\"0a0b732\" data-element_type=\"section\">\n\t\t\t\t\t\t<div class=\"elementor-container elementor-column-gap-default\">\n\t\t\t\t\t<div class=\"elementor-column elementor-col-100 elementor-top-column elementor-element elementor-element-6d46a90\" data-id=\"6d46a90\" data-element_type=\"column\">\n\t\t\t<div class=\"elementor-widget-wrap elementor-element-populated\">\n\t\t\t\t\t\t<div class=\"elementor-element elementor-element-504c966 elementor-widget elementor-widget-heading\" data-id=\"504c966\" data-element_type=\"widget\" data-widget_type=\"heading.default\">\n\t\t\t\t<div class=\"elementor-widget-container\">\n\t\t\t\t\t<h2 class=\"elementor-heading-title elementor-size-default\">La Meringue du Souterrain<\/h2>\t\t\t\t<\/div>\n\t\t\t\t<\/div>\n\t\t\t\t\t<\/div>\n\t\t<\/div>\n\t\t\t\t\t<\/div>\n\t\t<\/section>\n\t\t\t\t<section class=\"elementor-section elementor-top-section elementor-element elementor-element-5e37549 elementor-section-boxed elementor-section-height-default elementor-section-height-default\" data-id=\"5e37549\" data-element_type=\"section\">\n\t\t\t\t\t\t<div class=\"elementor-container elementor-column-gap-default\">\n\t\t\t\t\t<div class=\"elementor-column elementor-col-100 elementor-top-column elementor-element elementor-element-b0d5d8b\" data-id=\"b0d5d8b\" data-element_type=\"column\">\n\t\t\t<div class=\"elementor-widget-wrap elementor-element-populated\">\n\t\t\t\t\t\t<div class=\"elementor-element elementor-element-f508ce3 elementor-widget elementor-widget-text-editor\" data-id=\"f508ce3\" data-element_type=\"widget\" data-widget_type=\"text-editor.default\">\n\t\t\t\t<div class=\"elementor-widget-container\">\n\t\t\t\t\t\t\t\t\t<p>Salle Boris Vian &#8211; La Villette &#8211; juin 2022<\/p>\t\t\t\t\t\t\t\t<\/div>\n\t\t\t\t<\/div>\n\t\t\t\t\t<\/div>\n\t\t<\/div>\n\t\t\t\t\t<\/div>\n\t\t<\/section>\n\t\t\t\t<section class=\"elementor-section elementor-top-section elementor-element elementor-element-f723131 elementor-section-boxed elementor-section-height-default elementor-section-height-default\" data-id=\"f723131\" data-element_type=\"section\">\n\t\t\t\t\t\t<div class=\"elementor-container elementor-column-gap-default\">\n\t\t\t\t\t<div class=\"elementor-column elementor-col-100 elementor-top-column elementor-element elementor-element-cc35ab4\" data-id=\"cc35ab4\" data-element_type=\"column\">\n\t\t\t<div class=\"elementor-widget-wrap elementor-element-populated\">\n\t\t\t\t\t\t<div class=\"elementor-element elementor-element-798218a elementor-widget elementor-widget-image\" data-id=\"798218a\" data-element_type=\"widget\" data-widget_type=\"image.default\">\n\t\t\t\t<div class=\"elementor-widget-container\">\n\t\t\t\t\t\t\t\t\t\t\t\t\t\t\t<img fetchpriority=\"high\" decoding=\"async\" width=\"768\" height=\"513\" src=\"https:\/\/leogarnier.com\/wp-content\/uploads\/2022\/07\/zerep-la-meringue-du-souterrain-3-768x513.jpg\" class=\"attachment-medium_large size-medium_large wp-image-1682\" alt=\"Cyclorama et lumi\u00e8re Led\" srcset=\"https:\/\/leogarnier.com\/wp-content\/uploads\/2022\/07\/zerep-la-meringue-du-souterrain-3-768x513.jpg 768w, https:\/\/leogarnier.com\/wp-content\/uploads\/2022\/07\/zerep-la-meringue-du-souterrain-3-300x200.jpg 300w, https:\/\/leogarnier.com\/wp-content\/uploads\/2022\/07\/zerep-la-meringue-du-souterrain-3.jpg 800w\" sizes=\"(max-width: 768px) 100vw, 768px\" \/>\t\t\t\t\t\t\t\t\t\t\t\t\t\t\t<\/div>\n\t\t\t\t<\/div>\n\t\t\t\t\t<\/div>\n\t\t<\/div>\n\t\t\t\t\t<\/div>\n\t\t<\/section>\n\t\t\t\t<section class=\"elementor-section elementor-top-section elementor-element elementor-element-99cdcad elementor-section-boxed elementor-section-height-default elementor-section-height-default\" data-id=\"99cdcad\" data-element_type=\"section\">\n\t\t\t\t\t\t<div class=\"elementor-container elementor-column-gap-default\">\n\t\t\t\t\t<div class=\"elementor-column elementor-col-100 elementor-top-column elementor-element elementor-element-e73e6a2\" data-id=\"e73e6a2\" data-element_type=\"column\">\n\t\t\t<div class=\"elementor-widget-wrap elementor-element-populated\">\n\t\t\t\t\t\t<div class=\"elementor-element elementor-element-682d3e2 elementor-widget elementor-widget-image\" data-id=\"682d3e2\" data-element_type=\"widget\" data-widget_type=\"image.default\">\n\t\t\t\t<div class=\"elementor-widget-container\">\n\t\t\t\t\t\t\t\t\t\t\t\t\t\t\t<img decoding=\"async\" width=\"768\" height=\"513\" src=\"https:\/\/leogarnier.com\/wp-content\/uploads\/2022\/07\/zerep-la-meringue-du-souterrain-4-768x513.jpg\" class=\"attachment-medium_large size-medium_large wp-image-1683\" alt=\"Ombre projet\u00e9e sur sc\u00e9nographie\" srcset=\"https:\/\/leogarnier.com\/wp-content\/uploads\/2022\/07\/zerep-la-meringue-du-souterrain-4-768x513.jpg 768w, https:\/\/leogarnier.com\/wp-content\/uploads\/2022\/07\/zerep-la-meringue-du-souterrain-4-300x200.jpg 300w, https:\/\/leogarnier.com\/wp-content\/uploads\/2022\/07\/zerep-la-meringue-du-souterrain-4.jpg 800w\" sizes=\"(max-width: 768px) 100vw, 768px\" \/>\t\t\t\t\t\t\t\t\t\t\t\t\t\t\t<\/div>\n\t\t\t\t<\/div>\n\t\t\t\t\t<\/div>\n\t\t<\/div>\n\t\t\t\t\t<\/div>\n\t\t<\/section>\n\t\t\t\t<section class=\"elementor-section elementor-top-section elementor-element elementor-element-03cd7e0 elementor-section-boxed elementor-section-height-default elementor-section-height-default\" data-id=\"03cd7e0\" data-element_type=\"section\">\n\t\t\t\t\t\t<div class=\"elementor-container elementor-column-gap-default\">\n\t\t\t\t\t<div class=\"elementor-column elementor-col-100 elementor-top-column elementor-element elementor-element-008d044\" data-id=\"008d044\" data-element_type=\"column\">\n\t\t\t<div class=\"elementor-widget-wrap elementor-element-populated\">\n\t\t\t\t\t\t<div class=\"elementor-element elementor-element-7e89426 elementor-widget elementor-widget-image\" data-id=\"7e89426\" data-element_type=\"widget\" data-widget_type=\"image.default\">\n\t\t\t\t<div class=\"elementor-widget-container\">\n\t\t\t\t\t\t\t\t\t\t\t\t\t\t\t<img decoding=\"async\" width=\"768\" height=\"513\" src=\"https:\/\/leogarnier.com\/wp-content\/uploads\/2022\/07\/zerep-la-meringue-du-souterrain-2-1-768x513.jpg\" class=\"attachment-medium_large size-medium_large wp-image-1681\" alt=\"Sc\u00e9nographie La Villette 2022\" srcset=\"https:\/\/leogarnier.com\/wp-content\/uploads\/2022\/07\/zerep-la-meringue-du-souterrain-2-1-768x513.jpg 768w, https:\/\/leogarnier.com\/wp-content\/uploads\/2022\/07\/zerep-la-meringue-du-souterrain-2-1-300x200.jpg 300w, https:\/\/leogarnier.com\/wp-content\/uploads\/2022\/07\/zerep-la-meringue-du-souterrain-2-1.jpg 800w\" sizes=\"(max-width: 768px) 100vw, 768px\" \/>\t\t\t\t\t\t\t\t\t\t\t\t\t\t\t<\/div>\n\t\t\t\t<\/div>\n\t\t\t\t\t<\/div>\n\t\t<\/div>\n\t\t\t\t\t<\/div>\n\t\t<\/section>\n\t\t\t\t<section class=\"elementor-section elementor-top-section elementor-element elementor-element-02f4833 elementor-section-boxed elementor-section-height-default elementor-section-height-default\" data-id=\"02f4833\" data-element_type=\"section\">\n\t\t\t\t\t\t<div class=\"elementor-container elementor-column-gap-default\">\n\t\t\t\t\t<div class=\"elementor-column elementor-col-100 elementor-top-column elementor-element elementor-element-d10031f\" data-id=\"d10031f\" data-element_type=\"column\">\n\t\t\t<div class=\"elementor-widget-wrap elementor-element-populated\">\n\t\t\t\t\t\t<div class=\"elementor-element elementor-element-0c221db elementor-widget elementor-widget-text-editor\" data-id=\"0c221db\" data-element_type=\"widget\" data-widget_type=\"text-editor.default\">\n\t\t\t\t<div class=\"elementor-widget-container\">\n\t\t\t\t\t\t\t\t\t<p><strong>Conception, sc\u00e9nographie<\/strong>\u00a0 Sophie Perez<\/p><p><strong>Avec<\/strong>\u00a0<br \/>Sophie Lenoir<br \/>St\u00e9phane Roger<br \/>et les apparitions de Adrien Castillo et Baptiste De Laubier<\/p><p><strong>Textes<\/strong> Sophie Perez inspir\u00e9e par Sophie Lenoir, St\u00e9phane Roger et Pac\u00f4me Thiellement\u00a0<br \/><strong>Costumes<\/strong> Sophie Perez et Corine Petitpierre\u00a0<br \/><strong>Musique originale<\/strong> Les DJ Bugiardo<br \/><strong>R\u00e9gie g\u00e9n\u00e9rale<\/strong> L\u00e9o Garnier<br \/><strong>Cr\u00e9ation lumi\u00e8re<\/strong> Fabrice Combier et Gildas Roudaut<br \/><strong>Cr\u00e9ation son<\/strong> F\u00e9lix Perdreau<br \/><strong>R\u00e9gie plateau et assistant sc\u00e9nographie<\/strong>\u00a0Adrien Castillo<br \/><strong>Assistant<\/strong> Baptiste De Laubier<br \/><strong>Sculptures<\/strong> Daniel Mestanza\u00a0\u00a0<br \/><strong>Accessoires et sculptures<\/strong> Adrien Castillo, Anne Tesson, Baptiste De Laubier<br \/><strong>Administration, production<\/strong> Julie Pagnier, Ana\u00ebl Lallouette-Zylbersztain<br \/><strong>Diffusion<\/strong> Nicolas Roux \u2013 oTTo Productions<\/p>\t\t\t\t\t\t\t\t<\/div>\n\t\t\t\t<\/div>\n\t\t\t\t\t<\/div>\n\t\t<\/div>\n\t\t\t\t\t<\/div>\n\t\t<\/section>\n\t\t\t\t<section class=\"elementor-section elementor-top-section elementor-element elementor-element-b1a927d elementor-section-boxed elementor-section-height-default elementor-section-height-default\" data-id=\"b1a927d\" data-element_type=\"section\">\n\t\t\t\t\t\t<div class=\"elementor-container elementor-column-gap-default\">\n\t\t\t\t\t<div class=\"elementor-column elementor-col-100 elementor-top-column elementor-element elementor-element-3386de2\" data-id=\"3386de2\" data-element_type=\"column\">\n\t\t\t<div class=\"elementor-widget-wrap elementor-element-populated\">\n\t\t\t\t\t\t<div class=\"elementor-element elementor-element-f902a2f elementor-widget elementor-widget-text-editor\" data-id=\"f902a2f\" data-element_type=\"widget\" data-widget_type=\"text-editor.default\">\n\t\t\t\t<div class=\"elementor-widget-container\">\n\t\t\t\t\t\t\t\t\t<p><strong>Production<\/strong> Compagnie du Zerep <strong>coproduction<\/strong> La Villette Paris \u2013 Initiatives d\u2019Artistes, Centre Chor\u00e9graphique National de Caen en Normandie, Les Ateliers M\u00e9dicis Clichy-sous-Bois, Charleroi Danse \u2013 centre chor\u00e9graphique de Wallonie-Bruxelles, Gigafus Production, Arsenic \u2013 centre d\u2019art sc\u00e9nique contemporain Lausanne. Avec le soutien du Centre National de la Danse, Pantin, le Carreau du Temple Paris, Th\u00e9\u00e2tre des Quartiers d\u2019Ivry CDN val-de-Marne.<\/p><p>La Compagnie du Zerep re\u00e7oit le soutien de la Direction r\u00e9gionale des affaires culturelles d\u2019Ile-de-France, Minist\u00e8re de la Culture et de la Communication. Action financ\u00e9e par la R\u00e9gion Ile-de-France.<\/p><p><em>La Meringue du souterrain est<\/em>\u00a0cr\u00e9\u00e9e en juin 2022 \u00e0 la Grande Halle de la Villette Paris<\/p>\t\t\t\t\t\t\t\t<\/div>\n\t\t\t\t<\/div>\n\t\t\t\t\t<\/div>\n\t\t<\/div>\n\t\t\t\t\t<\/div>\n\t\t<\/section>\n\t\t\t\t<\/div>\n\t\t","protected":false},"excerpt":{"rendered":"<p>La Meringue du Souterrain Salle Boris Vian &#8211; La Villette &#8211; juin 2022 Conception, sc\u00e9nographie&nbsp; Sophie Perez Avec&nbsp; Sophie Lenoir St\u00e9phane Roger et les apparitions de Adrien Castillo et Baptiste De Laubier Textes Sophie Perez inspir\u00e9e par Sophie Lenoir, St\u00e9phane Roger et Pac\u00f4me Thiellement&nbsp; Costumes Sophie Perez et Corine Petitpierre&nbsp; Musique originale Les DJ Bugiardo [&hellip;]<\/p>\n","protected":false},"author":1,"featured_media":0,"parent":0,"menu_order":0,"comment_status":"closed","ping_status":"closed","template":"","meta":{"footnotes":""},"class_list":["post-1638","page","type-page","status-publish","hentry"],"yoast_head":"<!-- This site is optimized with the Yoast SEO plugin v27.4 - https:\/\/yoast.com\/product\/yoast-seo-wordpress\/ -->\n<title>Sophie Perez - La Meringue - L\u00e9o Garnier<\/title>\n<meta name=\"description\" content=\"Sophie Perez pr\u00e9sente : La meringue du Souterrain - La Compagnie du Zerep - Cr\u00e9ation Grande Halle de La Villette\" \/>\n<meta name=\"robots\" content=\"index, follow, max-snippet:-1, max-image-preview:large, max-video-preview:-1\" \/>\n<link rel=\"canonical\" href=\"https:\/\/leogarnier.com\/index.php\/la-meringue\/\" \/>\n<meta property=\"og:locale\" content=\"fr_FR\" \/>\n<meta property=\"og:type\" content=\"article\" \/>\n<meta property=\"og:title\" content=\"Sophie Perez - La Meringue - L\u00e9o Garnier\" \/>\n<meta property=\"og:description\" content=\"Sophie Perez pr\u00e9sente : La meringue du Souterrain - La Compagnie du Zerep - Cr\u00e9ation Grande Halle de La Villette\" \/>\n<meta property=\"og:url\" content=\"https:\/\/leogarnier.com\/index.php\/la-meringue\/\" \/>\n<meta property=\"og:site_name\" content=\"L\u00e9o Garnier\" \/>\n<meta property=\"article:publisher\" content=\"https:\/\/www.facebook.com\/leo.garnier.102\/\" \/>\n<meta property=\"article:modified_time\" content=\"2022-09-28T18:54:34+00:00\" \/>\n<meta property=\"og:image\" content=\"https:\/\/leogarnier.com\/wp-content\/uploads\/2022\/07\/zerep-la-meringue-du-souterrain-3-768x513.jpg\" \/>\n<meta name=\"twitter:card\" content=\"summary_large_image\" \/>\n<meta name=\"twitter:label1\" content=\"Dur\u00e9e de lecture estim\u00e9e\" \/>\n\t<meta name=\"twitter:data1\" content=\"2 minutes\" \/>\n<script type=\"application\/ld+json\" class=\"yoast-schema-graph\">{\"@context\":\"https:\\\/\\\/schema.org\",\"@graph\":[{\"@type\":\"WebPage\",\"@id\":\"https:\\\/\\\/leogarnier.com\\\/index.php\\\/la-meringue\\\/\",\"url\":\"https:\\\/\\\/leogarnier.com\\\/index.php\\\/la-meringue\\\/\",\"name\":\"Sophie Perez - La Meringue - L\u00e9o Garnier\",\"isPartOf\":{\"@id\":\"https:\\\/\\\/leogarnier.com\\\/#website\"},\"primaryImageOfPage\":{\"@id\":\"https:\\\/\\\/leogarnier.com\\\/index.php\\\/la-meringue\\\/#primaryimage\"},\"image\":{\"@id\":\"https:\\\/\\\/leogarnier.com\\\/index.php\\\/la-meringue\\\/#primaryimage\"},\"thumbnailUrl\":\"https:\\\/\\\/leogarnier.com\\\/wp-content\\\/uploads\\\/2022\\\/07\\\/zerep-la-meringue-du-souterrain-3-768x513.jpg\",\"datePublished\":\"2022-07-29T14:35:34+00:00\",\"dateModified\":\"2022-09-28T18:54:34+00:00\",\"description\":\"Sophie Perez pr\u00e9sente : La meringue du Souterrain - La Compagnie du Zerep - Cr\u00e9ation Grande Halle de La Villette\",\"breadcrumb\":{\"@id\":\"https:\\\/\\\/leogarnier.com\\\/index.php\\\/la-meringue\\\/#breadcrumb\"},\"inLanguage\":\"fr-FR\",\"potentialAction\":[{\"@type\":\"ReadAction\",\"target\":[\"https:\\\/\\\/leogarnier.com\\\/index.php\\\/la-meringue\\\/\"]}]},{\"@type\":\"ImageObject\",\"inLanguage\":\"fr-FR\",\"@id\":\"https:\\\/\\\/leogarnier.com\\\/index.php\\\/la-meringue\\\/#primaryimage\",\"url\":\"https:\\\/\\\/leogarnier.com\\\/wp-content\\\/uploads\\\/2022\\\/07\\\/zerep-la-meringue-du-souterrain-3.jpg\",\"contentUrl\":\"https:\\\/\\\/leogarnier.com\\\/wp-content\\\/uploads\\\/2022\\\/07\\\/zerep-la-meringue-du-souterrain-3.jpg\",\"width\":800,\"height\":534,\"caption\":\"Cyclorama et lumi\u00e8re Led\"},{\"@type\":\"BreadcrumbList\",\"@id\":\"https:\\\/\\\/leogarnier.com\\\/index.php\\\/la-meringue\\\/#breadcrumb\",\"itemListElement\":[{\"@type\":\"ListItem\",\"position\":1,\"name\":\"Accueil\",\"item\":\"https:\\\/\\\/leogarnier.com\\\/\"},{\"@type\":\"ListItem\",\"position\":2,\"name\":\"La Meringue\"}]},{\"@type\":\"WebSite\",\"@id\":\"https:\\\/\\\/leogarnier.com\\\/#website\",\"url\":\"https:\\\/\\\/leogarnier.com\\\/\",\"name\":\"L\u00e9o Garnier\",\"description\":\"\u00c9clairagiste\",\"publisher\":{\"@id\":\"https:\\\/\\\/leogarnier.com\\\/#\\\/schema\\\/person\\\/9caf54ec40390ce3fa693f0b1acd3190\"},\"potentialAction\":[{\"@type\":\"SearchAction\",\"target\":{\"@type\":\"EntryPoint\",\"urlTemplate\":\"https:\\\/\\\/leogarnier.com\\\/?s={search_term_string}\"},\"query-input\":{\"@type\":\"PropertyValueSpecification\",\"valueRequired\":true,\"valueName\":\"search_term_string\"}}],\"inLanguage\":\"fr-FR\"},{\"@type\":[\"Person\",\"Organization\"],\"@id\":\"https:\\\/\\\/leogarnier.com\\\/#\\\/schema\\\/person\\\/9caf54ec40390ce3fa693f0b1acd3190\",\"name\":\"L\u00e9o\",\"image\":{\"@type\":\"ImageObject\",\"inLanguage\":\"fr-FR\",\"@id\":\"https:\\\/\\\/leogarnier.com\\\/wp-content\\\/uploads\\\/2022\\\/09\\\/Leo9.png\",\"url\":\"https:\\\/\\\/leogarnier.com\\\/wp-content\\\/uploads\\\/2022\\\/09\\\/Leo9.png\",\"contentUrl\":\"https:\\\/\\\/leogarnier.com\\\/wp-content\\\/uploads\\\/2022\\\/09\\\/Leo9.png\",\"width\":1148,\"height\":825,\"caption\":\"L\u00e9o\"},\"logo\":{\"@id\":\"https:\\\/\\\/leogarnier.com\\\/wp-content\\\/uploads\\\/2022\\\/09\\\/Leo9.png\"},\"sameAs\":[\"http:\\\/\\\/leogarnier.com\",\"https:\\\/\\\/www.facebook.com\\\/leo.garnier.102\\\/\",\"https:\\\/\\\/www.instagram.com\\\/garnierleo\\\/\"]}]}<\/script>\n<!-- \/ Yoast SEO plugin. -->","yoast_head_json":{"title":"Sophie Perez - La Meringue - L\u00e9o Garnier","description":"Sophie Perez pr\u00e9sente : La meringue du Souterrain - La Compagnie du Zerep - Cr\u00e9ation Grande Halle de La Villette","robots":{"index":"index","follow":"follow","max-snippet":"max-snippet:-1","max-image-preview":"max-image-preview:large","max-video-preview":"max-video-preview:-1"},"canonical":"https:\/\/leogarnier.com\/index.php\/la-meringue\/","og_locale":"fr_FR","og_type":"article","og_title":"Sophie Perez - La Meringue - L\u00e9o Garnier","og_description":"Sophie Perez pr\u00e9sente : La meringue du Souterrain - La Compagnie du Zerep - Cr\u00e9ation Grande Halle de La Villette","og_url":"https:\/\/leogarnier.com\/index.php\/la-meringue\/","og_site_name":"L\u00e9o Garnier","article_publisher":"https:\/\/www.facebook.com\/leo.garnier.102\/","article_modified_time":"2022-09-28T18:54:34+00:00","og_image":[{"url":"https:\/\/leogarnier.com\/wp-content\/uploads\/2022\/07\/zerep-la-meringue-du-souterrain-3-768x513.jpg","type":"","width":"","height":""}],"twitter_card":"summary_large_image","twitter_misc":{"Dur\u00e9e de lecture estim\u00e9e":"2 minutes"},"schema":{"@context":"https:\/\/schema.org","@graph":[{"@type":"WebPage","@id":"https:\/\/leogarnier.com\/index.php\/la-meringue\/","url":"https:\/\/leogarnier.com\/index.php\/la-meringue\/","name":"Sophie Perez - La Meringue - L\u00e9o Garnier","isPartOf":{"@id":"https:\/\/leogarnier.com\/#website"},"primaryImageOfPage":{"@id":"https:\/\/leogarnier.com\/index.php\/la-meringue\/#primaryimage"},"image":{"@id":"https:\/\/leogarnier.com\/index.php\/la-meringue\/#primaryimage"},"thumbnailUrl":"https:\/\/leogarnier.com\/wp-content\/uploads\/2022\/07\/zerep-la-meringue-du-souterrain-3-768x513.jpg","datePublished":"2022-07-29T14:35:34+00:00","dateModified":"2022-09-28T18:54:34+00:00","description":"Sophie Perez pr\u00e9sente : La meringue du Souterrain - La Compagnie du Zerep - Cr\u00e9ation Grande Halle de La Villette","breadcrumb":{"@id":"https:\/\/leogarnier.com\/index.php\/la-meringue\/#breadcrumb"},"inLanguage":"fr-FR","potentialAction":[{"@type":"ReadAction","target":["https:\/\/leogarnier.com\/index.php\/la-meringue\/"]}]},{"@type":"ImageObject","inLanguage":"fr-FR","@id":"https:\/\/leogarnier.com\/index.php\/la-meringue\/#primaryimage","url":"https:\/\/leogarnier.com\/wp-content\/uploads\/2022\/07\/zerep-la-meringue-du-souterrain-3.jpg","contentUrl":"https:\/\/leogarnier.com\/wp-content\/uploads\/2022\/07\/zerep-la-meringue-du-souterrain-3.jpg","width":800,"height":534,"caption":"Cyclorama et lumi\u00e8re Led"},{"@type":"BreadcrumbList","@id":"https:\/\/leogarnier.com\/index.php\/la-meringue\/#breadcrumb","itemListElement":[{"@type":"ListItem","position":1,"name":"Accueil","item":"https:\/\/leogarnier.com\/"},{"@type":"ListItem","position":2,"name":"La Meringue"}]},{"@type":"WebSite","@id":"https:\/\/leogarnier.com\/#website","url":"https:\/\/leogarnier.com\/","name":"L\u00e9o Garnier","description":"\u00c9clairagiste","publisher":{"@id":"https:\/\/leogarnier.com\/#\/schema\/person\/9caf54ec40390ce3fa693f0b1acd3190"},"potentialAction":[{"@type":"SearchAction","target":{"@type":"EntryPoint","urlTemplate":"https:\/\/leogarnier.com\/?s={search_term_string}"},"query-input":{"@type":"PropertyValueSpecification","valueRequired":true,"valueName":"search_term_string"}}],"inLanguage":"fr-FR"},{"@type":["Person","Organization"],"@id":"https:\/\/leogarnier.com\/#\/schema\/person\/9caf54ec40390ce3fa693f0b1acd3190","name":"L\u00e9o","image":{"@type":"ImageObject","inLanguage":"fr-FR","@id":"https:\/\/leogarnier.com\/wp-content\/uploads\/2022\/09\/Leo9.png","url":"https:\/\/leogarnier.com\/wp-content\/uploads\/2022\/09\/Leo9.png","contentUrl":"https:\/\/leogarnier.com\/wp-content\/uploads\/2022\/09\/Leo9.png","width":1148,"height":825,"caption":"L\u00e9o"},"logo":{"@id":"https:\/\/leogarnier.com\/wp-content\/uploads\/2022\/09\/Leo9.png"},"sameAs":["http:\/\/leogarnier.com","https:\/\/www.facebook.com\/leo.garnier.102\/","https:\/\/www.instagram.com\/garnierleo\/"]}]}},"_links":{"self":[{"href":"https:\/\/leogarnier.com\/index.php\/wp-json\/wp\/v2\/pages\/1638","targetHints":{"allow":["GET"]}}],"collection":[{"href":"https:\/\/leogarnier.com\/index.php\/wp-json\/wp\/v2\/pages"}],"about":[{"href":"https:\/\/leogarnier.com\/index.php\/wp-json\/wp\/v2\/types\/page"}],"author":[{"embeddable":true,"href":"https:\/\/leogarnier.com\/index.php\/wp-json\/wp\/v2\/users\/1"}],"replies":[{"embeddable":true,"href":"https:\/\/leogarnier.com\/index.php\/wp-json\/wp\/v2\/comments?post=1638"}],"version-history":[{"count":9,"href":"https:\/\/leogarnier.com\/index.php\/wp-json\/wp\/v2\/pages\/1638\/revisions"}],"predecessor-version":[{"id":2203,"href":"https:\/\/leogarnier.com\/index.php\/wp-json\/wp\/v2\/pages\/1638\/revisions\/2203"}],"wp:attachment":[{"href":"https:\/\/leogarnier.com\/index.php\/wp-json\/wp\/v2\/media?parent=1638"}],"curies":[{"name":"wp","href":"https:\/\/api.w.org\/{rel}","templated":true}]}}