{"id":1640,"date":"2022-07-29T16:35:45","date_gmt":"2022-07-29T14:35:45","guid":{"rendered":"https:\/\/leogarnier.com\/?page_id=1640"},"modified":"2022-09-07T12:01:58","modified_gmt":"2022-09-07T10:01:58","slug":"40-ans-de-beaubourg","status":"publish","type":"page","link":"https:\/\/leogarnier.com\/index.php\/40-ans-de-beaubourg\/","title":{"rendered":"40 ans de Beaubourg"},"content":{"rendered":"\t\t<div data-elementor-type=\"wp-page\" data-elementor-id=\"1640\" class=\"elementor elementor-1640\">\n\t\t\t\t\t\t<section class=\"elementor-section elementor-top-section elementor-element elementor-element-a46bf98 elementor-section-boxed elementor-section-height-default elementor-section-height-default\" data-id=\"a46bf98\" data-element_type=\"section\">\n\t\t\t\t\t\t<div class=\"elementor-container elementor-column-gap-default\">\n\t\t\t\t\t<div class=\"elementor-column elementor-col-100 elementor-top-column elementor-element elementor-element-8c00c21\" data-id=\"8c00c21\" data-element_type=\"column\">\n\t\t\t<div class=\"elementor-widget-wrap elementor-element-populated\">\n\t\t\t\t\t\t<div class=\"elementor-element elementor-element-517d6af elementor-widget elementor-widget-heading\" data-id=\"517d6af\" data-element_type=\"widget\" data-widget_type=\"heading.default\">\n\t\t\t\t<div class=\"elementor-widget-container\">\n\t\t\t\t\t<h2 class=\"elementor-heading-title elementor-size-default\">40 ans de Beaubourg<\/h2>\t\t\t\t<\/div>\n\t\t\t\t<\/div>\n\t\t\t\t\t<\/div>\n\t\t<\/div>\n\t\t\t\t\t<\/div>\n\t\t<\/section>\n\t\t\t\t<section class=\"elementor-section elementor-top-section elementor-element elementor-element-b1be3ed elementor-section-boxed elementor-section-height-default elementor-section-height-default\" data-id=\"b1be3ed\" data-element_type=\"section\">\n\t\t\t\t\t\t<div class=\"elementor-container elementor-column-gap-default\">\n\t\t\t\t\t<div class=\"elementor-column elementor-col-100 elementor-top-column elementor-element elementor-element-55d2ead\" data-id=\"55d2ead\" data-element_type=\"column\">\n\t\t\t<div class=\"elementor-widget-wrap elementor-element-populated\">\n\t\t\t\t\t\t<div class=\"elementor-element elementor-element-36ab01a elementor-widget elementor-widget-text-editor\" data-id=\"36ab01a\" data-element_type=\"widget\" data-widget_type=\"text-editor.default\">\n\t\t\t\t<div class=\"elementor-widget-container\">\n\t\t\t\t\t\t\t\t\t<p>Centre Pompidou Paris &#8211; f\u00e9vrier 2017<\/p>\t\t\t\t\t\t\t\t<\/div>\n\t\t\t\t<\/div>\n\t\t\t\t\t<\/div>\n\t\t<\/div>\n\t\t\t\t\t<\/div>\n\t\t<\/section>\n\t\t\t\t<section class=\"elementor-section elementor-top-section elementor-element elementor-element-51ba923 elementor-section-boxed elementor-section-height-default elementor-section-height-default\" data-id=\"51ba923\" data-element_type=\"section\">\n\t\t\t\t\t\t<div class=\"elementor-container elementor-column-gap-default\">\n\t\t\t\t\t<div class=\"elementor-column elementor-col-100 elementor-top-column elementor-element elementor-element-d372b8c\" data-id=\"d372b8c\" data-element_type=\"column\">\n\t\t\t<div class=\"elementor-widget-wrap elementor-element-populated\">\n\t\t\t\t\t\t<div class=\"elementor-element elementor-element-1c467f3 elementor-widget elementor-widget-text-editor\" data-id=\"1c467f3\" data-element_type=\"widget\" data-widget_type=\"text-editor.default\">\n\t\t\t\t<div class=\"elementor-widget-container\">\n\t\t\t\t\t\t\t\t\t<p>photographie Philippe lebruman<\/p>\t\t\t\t\t\t\t\t<\/div>\n\t\t\t\t<\/div>\n\t\t\t\t\t<\/div>\n\t\t<\/div>\n\t\t\t\t\t<\/div>\n\t\t<\/section>\n\t\t\t\t<section class=\"elementor-section elementor-top-section elementor-element elementor-element-cc1ff4b elementor-section-boxed elementor-section-height-default elementor-section-height-default\" data-id=\"cc1ff4b\" data-element_type=\"section\">\n\t\t\t\t\t\t<div class=\"elementor-container elementor-column-gap-default\">\n\t\t\t\t\t<div class=\"elementor-column elementor-col-100 elementor-top-column elementor-element elementor-element-f6e01f4\" data-id=\"f6e01f4\" data-element_type=\"column\">\n\t\t\t<div class=\"elementor-widget-wrap elementor-element-populated\">\n\t\t\t\t\t\t<div class=\"elementor-element elementor-element-bfd7590 elementor-widget elementor-widget-image\" data-id=\"bfd7590\" data-element_type=\"widget\" data-widget_type=\"image.default\">\n\t\t\t\t<div class=\"elementor-widget-container\">\n\t\t\t\t\t\t\t\t\t\t\t\t\t\t\t<img fetchpriority=\"high\" decoding=\"async\" width=\"768\" height=\"513\" src=\"https:\/\/leogarnier.com\/wp-content\/uploads\/2022\/07\/beaubourg-40-ans-zerep-19-768x513.jpg\" class=\"attachment-medium_large size-medium_large wp-image-1591\" alt=\"Romans photos Centre Pompidou\" srcset=\"https:\/\/leogarnier.com\/wp-content\/uploads\/2022\/07\/beaubourg-40-ans-zerep-19-768x513.jpg 768w, https:\/\/leogarnier.com\/wp-content\/uploads\/2022\/07\/beaubourg-40-ans-zerep-19-300x200.jpg 300w, https:\/\/leogarnier.com\/wp-content\/uploads\/2022\/07\/beaubourg-40-ans-zerep-19-1024x683.jpg 1024w, https:\/\/leogarnier.com\/wp-content\/uploads\/2022\/07\/beaubourg-40-ans-zerep-19.jpg 1278w\" sizes=\"(max-width: 768px) 100vw, 768px\" \/>\t\t\t\t\t\t\t\t\t\t\t\t\t\t\t<\/div>\n\t\t\t\t<\/div>\n\t\t\t\t\t<\/div>\n\t\t<\/div>\n\t\t\t\t\t<\/div>\n\t\t<\/section>\n\t\t\t\t<section class=\"elementor-section elementor-top-section elementor-element elementor-element-26a8b44 elementor-section-boxed elementor-section-height-default elementor-section-height-default\" data-id=\"26a8b44\" data-element_type=\"section\">\n\t\t\t\t\t\t<div class=\"elementor-container elementor-column-gap-default\">\n\t\t\t\t\t<div class=\"elementor-column elementor-col-100 elementor-top-column elementor-element elementor-element-810e021\" data-id=\"810e021\" data-element_type=\"column\">\n\t\t\t<div class=\"elementor-widget-wrap elementor-element-populated\">\n\t\t\t\t\t\t<div class=\"elementor-element elementor-element-d7850ee elementor-widget elementor-widget-image\" data-id=\"d7850ee\" data-element_type=\"widget\" data-widget_type=\"image.default\">\n\t\t\t\t<div class=\"elementor-widget-container\">\n\t\t\t\t\t\t\t\t\t\t\t\t\t\t\t<img decoding=\"async\" width=\"768\" height=\"512\" src=\"https:\/\/leogarnier.com\/wp-content\/uploads\/2022\/07\/ZEREP-BEAUBOURG-40-ans-\u00a9-Ph.-Lebruman-2017-DSC_5690-768x512.jpg\" class=\"attachment-medium_large size-medium_large wp-image-1592\" alt=\"\" srcset=\"https:\/\/leogarnier.com\/wp-content\/uploads\/2022\/07\/ZEREP-BEAUBOURG-40-ans-\u00a9-Ph.-Lebruman-2017-DSC_5690-768x512.jpg 768w, https:\/\/leogarnier.com\/wp-content\/uploads\/2022\/07\/ZEREP-BEAUBOURG-40-ans-\u00a9-Ph.-Lebruman-2017-DSC_5690-300x200.jpg 300w, https:\/\/leogarnier.com\/wp-content\/uploads\/2022\/07\/ZEREP-BEAUBOURG-40-ans-\u00a9-Ph.-Lebruman-2017-DSC_5690-1024x683.jpg 1024w, https:\/\/leogarnier.com\/wp-content\/uploads\/2022\/07\/ZEREP-BEAUBOURG-40-ans-\u00a9-Ph.-Lebruman-2017-DSC_5690-1536x1024.jpg 1536w, https:\/\/leogarnier.com\/wp-content\/uploads\/2022\/07\/ZEREP-BEAUBOURG-40-ans-\u00a9-Ph.-Lebruman-2017-DSC_5690-2048x1365.jpg 2048w\" sizes=\"(max-width: 768px) 100vw, 768px\" \/>\t\t\t\t\t\t\t\t\t\t\t\t\t\t\t<\/div>\n\t\t\t\t<\/div>\n\t\t\t\t\t<\/div>\n\t\t<\/div>\n\t\t\t\t\t<\/div>\n\t\t<\/section>\n\t\t\t\t<section class=\"elementor-section elementor-top-section elementor-element elementor-element-a08575e elementor-section-boxed elementor-section-height-default elementor-section-height-default\" data-id=\"a08575e\" data-element_type=\"section\">\n\t\t\t\t\t\t<div class=\"elementor-container elementor-column-gap-default\">\n\t\t\t\t\t<div class=\"elementor-column elementor-col-100 elementor-top-column elementor-element elementor-element-e022d70\" data-id=\"e022d70\" data-element_type=\"column\">\n\t\t\t<div class=\"elementor-widget-wrap elementor-element-populated\">\n\t\t\t\t\t\t<div class=\"elementor-element elementor-element-7779526 elementor-widget elementor-widget-image\" data-id=\"7779526\" data-element_type=\"widget\" data-widget_type=\"image.default\">\n\t\t\t\t<div class=\"elementor-widget-container\">\n\t\t\t\t\t\t\t\t\t\t\t\t\t\t\t<img decoding=\"async\" width=\"768\" height=\"512\" src=\"https:\/\/leogarnier.com\/wp-content\/uploads\/2022\/07\/ZEREP-BEAUBOURG-40-ans-\u00a9-Ph.-Lebruman-2017-DSC_6667-768x512.jpg\" class=\"attachment-medium_large size-medium_large wp-image-1589\" alt=\"\" srcset=\"https:\/\/leogarnier.com\/wp-content\/uploads\/2022\/07\/ZEREP-BEAUBOURG-40-ans-\u00a9-Ph.-Lebruman-2017-DSC_6667-768x512.jpg 768w, https:\/\/leogarnier.com\/wp-content\/uploads\/2022\/07\/ZEREP-BEAUBOURG-40-ans-\u00a9-Ph.-Lebruman-2017-DSC_6667-300x200.jpg 300w, https:\/\/leogarnier.com\/wp-content\/uploads\/2022\/07\/ZEREP-BEAUBOURG-40-ans-\u00a9-Ph.-Lebruman-2017-DSC_6667-1024x683.jpg 1024w, https:\/\/leogarnier.com\/wp-content\/uploads\/2022\/07\/ZEREP-BEAUBOURG-40-ans-\u00a9-Ph.-Lebruman-2017-DSC_6667-1536x1024.jpg 1536w, https:\/\/leogarnier.com\/wp-content\/uploads\/2022\/07\/ZEREP-BEAUBOURG-40-ans-\u00a9-Ph.-Lebruman-2017-DSC_6667-2048x1366.jpg 2048w\" sizes=\"(max-width: 768px) 100vw, 768px\" \/>\t\t\t\t\t\t\t\t\t\t\t\t\t\t\t<\/div>\n\t\t\t\t<\/div>\n\t\t\t\t\t<\/div>\n\t\t<\/div>\n\t\t\t\t\t<\/div>\n\t\t<\/section>\n\t\t\t\t<section class=\"elementor-section elementor-top-section elementor-element elementor-element-8127506 elementor-section-boxed elementor-section-height-default elementor-section-height-default\" data-id=\"8127506\" data-element_type=\"section\">\n\t\t\t\t\t\t<div class=\"elementor-container elementor-column-gap-default\">\n\t\t\t\t\t<div class=\"elementor-column elementor-col-100 elementor-top-column elementor-element elementor-element-3f7ce6d\" data-id=\"3f7ce6d\" data-element_type=\"column\">\n\t\t\t<div class=\"elementor-widget-wrap elementor-element-populated\">\n\t\t\t\t\t\t<div class=\"elementor-element elementor-element-c29872f elementor-widget elementor-widget-text-editor\" data-id=\"c29872f\" data-element_type=\"widget\" data-widget_type=\"text-editor.default\">\n\t\t\t\t<div class=\"elementor-widget-container\">\n\t\t\t\t\t\t\t\t\t<p><strong>Conception<\/strong> Sophie Perez et Xavier Boussiron<\/p><p><strong>Avec<\/strong><br \/>Sophie Lenoir<br \/>St\u00e9phane Roger<br \/>Marl\u00e8ne Saldana<br \/>Gilles Gaston-Dreyfus<br \/>Fran\u00e7oise Klein<br \/>Xavier Boussiron<br \/>Marie-Pierre Br\u00e9bant<br \/>Erge Yu<br \/>Dani\u00e8le Hugues<br \/>Chiara Gallierani<br \/>Gianfranco Poddighe<br \/>Jonathan Drillet<br \/>Victor Assi\u00e9<br \/>Agathe Thevenot<br \/>Charlotte Clamens<\/p><p><strong>Et<\/strong> les Mariachis<br \/>Hugo Hinojosa<br \/>Ana Campos<br \/>Kervi Bravo<br \/>Gael Roger<br \/>Raul Lubo<br \/>Gilardi Mejla<br \/>Angel Romero<br \/>Fr\u00e9d\u00e9ric Douib<\/p><p><strong>Costumes<\/strong> Sophie Perez et Corine Petitpierre\u00a0<br \/><strong>Sculptures<\/strong> Dan Mestanza<br \/><strong>R\u00e9gie g\u00e9n\u00e9rale<\/strong> L\u00e9o Garnier<br \/><strong>R\u00e9gie<\/strong> Mathieu Gervaise<br \/><strong>R\u00e9gie plateau<\/strong> Adrien Castillo, Camillo Rosa<br \/><strong>Assistants<\/strong> Aram Abbas, Cl\u00e9ment Vinette<br \/><strong>Habilleuse<\/strong> Marine Bragard<br \/><strong>Administration<\/strong> Julie Pagnier<\/p>\t\t\t\t\t\t\t\t<\/div>\n\t\t\t\t<\/div>\n\t\t\t\t\t<\/div>\n\t\t<\/div>\n\t\t\t\t\t<\/div>\n\t\t<\/section>\n\t\t\t\t<section class=\"elementor-section elementor-top-section elementor-element elementor-element-8ad7875 elementor-section-boxed elementor-section-height-default elementor-section-height-default\" data-id=\"8ad7875\" data-element_type=\"section\">\n\t\t\t\t\t\t<div class=\"elementor-container elementor-column-gap-default\">\n\t\t\t\t\t<div class=\"elementor-column elementor-col-100 elementor-top-column elementor-element elementor-element-1a97f6d\" data-id=\"1a97f6d\" data-element_type=\"column\">\n\t\t\t<div class=\"elementor-widget-wrap elementor-element-populated\">\n\t\t\t\t\t\t<div class=\"elementor-element elementor-element-c38caeb elementor-widget elementor-widget-text-editor\" data-id=\"c38caeb\" data-element_type=\"widget\" data-widget_type=\"text-editor.default\">\n\t\t\t\t<div class=\"elementor-widget-container\">\n\t\t\t\t\t\t\t\t\t<p><a href=\"https:\/\/compagnieduzerep.fr\/side-projects-et-performances\/40-ans-beaubourg-centre-pompidou\/\" target=\"_blank\" rel=\"noopener\"><b>Lien vers le site de la compagnie<\/b><\/a><\/p>\t\t\t\t\t\t\t\t<\/div>\n\t\t\t\t<\/div>\n\t\t\t\t\t<\/div>\n\t\t<\/div>\n\t\t\t\t\t<\/div>\n\t\t<\/section>\n\t\t\t\t<section class=\"elementor-section elementor-top-section elementor-element elementor-element-c9ff0b8 elementor-section-boxed elementor-section-height-default elementor-section-height-default\" data-id=\"c9ff0b8\" data-element_type=\"section\">\n\t\t\t\t\t\t<div class=\"elementor-container elementor-column-gap-default\">\n\t\t\t\t\t<div class=\"elementor-column elementor-col-100 elementor-top-column elementor-element elementor-element-4380cf5\" data-id=\"4380cf5\" data-element_type=\"column\">\n\t\t\t<div class=\"elementor-widget-wrap elementor-element-populated\">\n\t\t\t\t\t\t<div class=\"elementor-element elementor-element-f908a2e elementor-widget elementor-widget-text-editor\" data-id=\"f908a2e\" data-element_type=\"widget\" data-widget_type=\"text-editor.default\">\n\t\t\t\t<div class=\"elementor-widget-container\">\n\t\t\t\t\t\t\t\t\t<p><strong>Production<\/strong> Compagnie du Zerep\u00a0coproduction Les Spectacles vivants \u2013 Centre Pompidou.<br \/>Avec l\u2019aide de la FNAGP<\/p><p>La Compagnie du Zerep re\u00e7oit le soutien de la Direction r\u00e9gionale des affaires culturelles d\u2019Ile-de-France, Minist\u00e8re de la Culture et de la Communication.<\/p><p>Action financ\u00e9e par la R\u00e9gion Ile-de-France<\/p><p>Cr\u00e9ation 4 et 5 f\u00e9vrier 2017 Centre Pompidou Paris<\/p>\t\t\t\t\t\t\t\t<\/div>\n\t\t\t\t<\/div>\n\t\t\t\t\t<\/div>\n\t\t<\/div>\n\t\t\t\t\t<\/div>\n\t\t<\/section>\n\t\t\t\t<\/div>\n\t\t","protected":false},"excerpt":{"rendered":"<p>40 ans de Beaubourg Centre Pompidou Paris &#8211; f\u00e9vrier 2017 photographie Philippe lebruman Conception Sophie Perez et Xavier Boussiron Avec Sophie Lenoir St\u00e9phane Roger Marl\u00e8ne Saldana Gilles Gaston-Dreyfus Fran\u00e7oise Klein Xavier Boussiron Marie-Pierre Br\u00e9bant Erge Yu Dani\u00e8le Hugues Chiara Gallierani Gianfranco Poddighe Jonathan Drillet Victor Assi\u00e9 Agathe Thevenot Charlotte Clamens Et les Mariachis Hugo Hinojosa [&hellip;]<\/p>\n","protected":false},"author":1,"featured_media":0,"parent":0,"menu_order":0,"comment_status":"closed","ping_status":"closed","template":"","meta":{"footnotes":""},"class_list":["post-1640","page","type-page","status-publish","hentry"],"yoast_head":"<!-- This site is optimized with the Yoast SEO plugin v27.4 - https:\/\/yoast.com\/product\/yoast-seo-wordpress\/ -->\n<title>40 ans de Beaubourg - L\u00e9o Garnier<\/title>\n<meta name=\"description\" content=\"40 ans de Beaubourg 2017 La compagnie du Zerep quaranti\u00e8me anniversaire du centre Pompidou r\u00e9gie g\u00e9n\u00e9rale L\u00e9o Garnier\" \/>\n<meta name=\"robots\" content=\"index, follow, max-snippet:-1, max-image-preview:large, max-video-preview:-1\" \/>\n<link rel=\"canonical\" href=\"https:\/\/leogarnier.com\/index.php\/40-ans-de-beaubourg\/\" \/>\n<meta property=\"og:locale\" content=\"fr_FR\" \/>\n<meta property=\"og:type\" content=\"article\" \/>\n<meta property=\"og:title\" content=\"40 ans de Beaubourg - L\u00e9o Garnier\" \/>\n<meta property=\"og:description\" content=\"40 ans de Beaubourg 2017 La compagnie du Zerep quaranti\u00e8me anniversaire du centre Pompidou r\u00e9gie g\u00e9n\u00e9rale L\u00e9o Garnier\" \/>\n<meta property=\"og:url\" content=\"https:\/\/leogarnier.com\/index.php\/40-ans-de-beaubourg\/\" \/>\n<meta property=\"og:site_name\" content=\"L\u00e9o Garnier\" \/>\n<meta property=\"article:publisher\" content=\"https:\/\/www.facebook.com\/leo.garnier.102\/\" \/>\n<meta property=\"article:modified_time\" content=\"2022-09-07T10:01:58+00:00\" \/>\n<meta property=\"og:image\" content=\"https:\/\/leogarnier.com\/wp-content\/uploads\/2022\/07\/beaubourg-40-ans-zerep-19-768x513.jpg\" \/>\n<meta name=\"twitter:card\" content=\"summary_large_image\" \/>\n<meta name=\"twitter:label1\" content=\"Dur\u00e9e de lecture estim\u00e9e\" \/>\n\t<meta name=\"twitter:data1\" content=\"2 minutes\" \/>\n<script type=\"application\/ld+json\" class=\"yoast-schema-graph\">{\"@context\":\"https:\\\/\\\/schema.org\",\"@graph\":[{\"@type\":\"WebPage\",\"@id\":\"https:\\\/\\\/leogarnier.com\\\/index.php\\\/40-ans-de-beaubourg\\\/\",\"url\":\"https:\\\/\\\/leogarnier.com\\\/index.php\\\/40-ans-de-beaubourg\\\/\",\"name\":\"40 ans de Beaubourg - L\u00e9o Garnier\",\"isPartOf\":{\"@id\":\"https:\\\/\\\/leogarnier.com\\\/#website\"},\"primaryImageOfPage\":{\"@id\":\"https:\\\/\\\/leogarnier.com\\\/index.php\\\/40-ans-de-beaubourg\\\/#primaryimage\"},\"image\":{\"@id\":\"https:\\\/\\\/leogarnier.com\\\/index.php\\\/40-ans-de-beaubourg\\\/#primaryimage\"},\"thumbnailUrl\":\"https:\\\/\\\/leogarnier.com\\\/wp-content\\\/uploads\\\/2022\\\/07\\\/beaubourg-40-ans-zerep-19-768x513.jpg\",\"datePublished\":\"2022-07-29T14:35:45+00:00\",\"dateModified\":\"2022-09-07T10:01:58+00:00\",\"description\":\"40 ans de Beaubourg 2017 La compagnie du Zerep quaranti\u00e8me anniversaire du centre Pompidou r\u00e9gie g\u00e9n\u00e9rale L\u00e9o Garnier\",\"breadcrumb\":{\"@id\":\"https:\\\/\\\/leogarnier.com\\\/index.php\\\/40-ans-de-beaubourg\\\/#breadcrumb\"},\"inLanguage\":\"fr-FR\",\"potentialAction\":[{\"@type\":\"ReadAction\",\"target\":[\"https:\\\/\\\/leogarnier.com\\\/index.php\\\/40-ans-de-beaubourg\\\/\"]}]},{\"@type\":\"ImageObject\",\"inLanguage\":\"fr-FR\",\"@id\":\"https:\\\/\\\/leogarnier.com\\\/index.php\\\/40-ans-de-beaubourg\\\/#primaryimage\",\"url\":\"https:\\\/\\\/leogarnier.com\\\/wp-content\\\/uploads\\\/2022\\\/07\\\/beaubourg-40-ans-zerep-19.jpg\",\"contentUrl\":\"https:\\\/\\\/leogarnier.com\\\/wp-content\\\/uploads\\\/2022\\\/07\\\/beaubourg-40-ans-zerep-19.jpg\",\"width\":1278,\"height\":853,\"caption\":\"Romans photos Centre Pompidou\"},{\"@type\":\"BreadcrumbList\",\"@id\":\"https:\\\/\\\/leogarnier.com\\\/index.php\\\/40-ans-de-beaubourg\\\/#breadcrumb\",\"itemListElement\":[{\"@type\":\"ListItem\",\"position\":1,\"name\":\"Accueil\",\"item\":\"https:\\\/\\\/leogarnier.com\\\/\"},{\"@type\":\"ListItem\",\"position\":2,\"name\":\"40 ans de Beaubourg\"}]},{\"@type\":\"WebSite\",\"@id\":\"https:\\\/\\\/leogarnier.com\\\/#website\",\"url\":\"https:\\\/\\\/leogarnier.com\\\/\",\"name\":\"L\u00e9o Garnier\",\"description\":\"\u00c9clairagiste\",\"publisher\":{\"@id\":\"https:\\\/\\\/leogarnier.com\\\/#\\\/schema\\\/person\\\/9caf54ec40390ce3fa693f0b1acd3190\"},\"potentialAction\":[{\"@type\":\"SearchAction\",\"target\":{\"@type\":\"EntryPoint\",\"urlTemplate\":\"https:\\\/\\\/leogarnier.com\\\/?s={search_term_string}\"},\"query-input\":{\"@type\":\"PropertyValueSpecification\",\"valueRequired\":true,\"valueName\":\"search_term_string\"}}],\"inLanguage\":\"fr-FR\"},{\"@type\":[\"Person\",\"Organization\"],\"@id\":\"https:\\\/\\\/leogarnier.com\\\/#\\\/schema\\\/person\\\/9caf54ec40390ce3fa693f0b1acd3190\",\"name\":\"L\u00e9o\",\"image\":{\"@type\":\"ImageObject\",\"inLanguage\":\"fr-FR\",\"@id\":\"https:\\\/\\\/leogarnier.com\\\/wp-content\\\/uploads\\\/2022\\\/09\\\/Leo9.png\",\"url\":\"https:\\\/\\\/leogarnier.com\\\/wp-content\\\/uploads\\\/2022\\\/09\\\/Leo9.png\",\"contentUrl\":\"https:\\\/\\\/leogarnier.com\\\/wp-content\\\/uploads\\\/2022\\\/09\\\/Leo9.png\",\"width\":1148,\"height\":825,\"caption\":\"L\u00e9o\"},\"logo\":{\"@id\":\"https:\\\/\\\/leogarnier.com\\\/wp-content\\\/uploads\\\/2022\\\/09\\\/Leo9.png\"},\"sameAs\":[\"http:\\\/\\\/leogarnier.com\",\"https:\\\/\\\/www.facebook.com\\\/leo.garnier.102\\\/\",\"https:\\\/\\\/www.instagram.com\\\/garnierleo\\\/\"]}]}<\/script>\n<!-- \/ Yoast SEO plugin. -->","yoast_head_json":{"title":"40 ans de Beaubourg - L\u00e9o Garnier","description":"40 ans de Beaubourg 2017 La compagnie du Zerep quaranti\u00e8me anniversaire du centre Pompidou r\u00e9gie g\u00e9n\u00e9rale L\u00e9o Garnier","robots":{"index":"index","follow":"follow","max-snippet":"max-snippet:-1","max-image-preview":"max-image-preview:large","max-video-preview":"max-video-preview:-1"},"canonical":"https:\/\/leogarnier.com\/index.php\/40-ans-de-beaubourg\/","og_locale":"fr_FR","og_type":"article","og_title":"40 ans de Beaubourg - L\u00e9o Garnier","og_description":"40 ans de Beaubourg 2017 La compagnie du Zerep quaranti\u00e8me anniversaire du centre Pompidou r\u00e9gie g\u00e9n\u00e9rale L\u00e9o Garnier","og_url":"https:\/\/leogarnier.com\/index.php\/40-ans-de-beaubourg\/","og_site_name":"L\u00e9o Garnier","article_publisher":"https:\/\/www.facebook.com\/leo.garnier.102\/","article_modified_time":"2022-09-07T10:01:58+00:00","og_image":[{"url":"https:\/\/leogarnier.com\/wp-content\/uploads\/2022\/07\/beaubourg-40-ans-zerep-19-768x513.jpg","type":"","width":"","height":""}],"twitter_card":"summary_large_image","twitter_misc":{"Dur\u00e9e de lecture estim\u00e9e":"2 minutes"},"schema":{"@context":"https:\/\/schema.org","@graph":[{"@type":"WebPage","@id":"https:\/\/leogarnier.com\/index.php\/40-ans-de-beaubourg\/","url":"https:\/\/leogarnier.com\/index.php\/40-ans-de-beaubourg\/","name":"40 ans de Beaubourg - L\u00e9o Garnier","isPartOf":{"@id":"https:\/\/leogarnier.com\/#website"},"primaryImageOfPage":{"@id":"https:\/\/leogarnier.com\/index.php\/40-ans-de-beaubourg\/#primaryimage"},"image":{"@id":"https:\/\/leogarnier.com\/index.php\/40-ans-de-beaubourg\/#primaryimage"},"thumbnailUrl":"https:\/\/leogarnier.com\/wp-content\/uploads\/2022\/07\/beaubourg-40-ans-zerep-19-768x513.jpg","datePublished":"2022-07-29T14:35:45+00:00","dateModified":"2022-09-07T10:01:58+00:00","description":"40 ans de Beaubourg 2017 La compagnie du Zerep quaranti\u00e8me anniversaire du centre Pompidou r\u00e9gie g\u00e9n\u00e9rale L\u00e9o Garnier","breadcrumb":{"@id":"https:\/\/leogarnier.com\/index.php\/40-ans-de-beaubourg\/#breadcrumb"},"inLanguage":"fr-FR","potentialAction":[{"@type":"ReadAction","target":["https:\/\/leogarnier.com\/index.php\/40-ans-de-beaubourg\/"]}]},{"@type":"ImageObject","inLanguage":"fr-FR","@id":"https:\/\/leogarnier.com\/index.php\/40-ans-de-beaubourg\/#primaryimage","url":"https:\/\/leogarnier.com\/wp-content\/uploads\/2022\/07\/beaubourg-40-ans-zerep-19.jpg","contentUrl":"https:\/\/leogarnier.com\/wp-content\/uploads\/2022\/07\/beaubourg-40-ans-zerep-19.jpg","width":1278,"height":853,"caption":"Romans photos Centre Pompidou"},{"@type":"BreadcrumbList","@id":"https:\/\/leogarnier.com\/index.php\/40-ans-de-beaubourg\/#breadcrumb","itemListElement":[{"@type":"ListItem","position":1,"name":"Accueil","item":"https:\/\/leogarnier.com\/"},{"@type":"ListItem","position":2,"name":"40 ans de Beaubourg"}]},{"@type":"WebSite","@id":"https:\/\/leogarnier.com\/#website","url":"https:\/\/leogarnier.com\/","name":"L\u00e9o Garnier","description":"\u00c9clairagiste","publisher":{"@id":"https:\/\/leogarnier.com\/#\/schema\/person\/9caf54ec40390ce3fa693f0b1acd3190"},"potentialAction":[{"@type":"SearchAction","target":{"@type":"EntryPoint","urlTemplate":"https:\/\/leogarnier.com\/?s={search_term_string}"},"query-input":{"@type":"PropertyValueSpecification","valueRequired":true,"valueName":"search_term_string"}}],"inLanguage":"fr-FR"},{"@type":["Person","Organization"],"@id":"https:\/\/leogarnier.com\/#\/schema\/person\/9caf54ec40390ce3fa693f0b1acd3190","name":"L\u00e9o","image":{"@type":"ImageObject","inLanguage":"fr-FR","@id":"https:\/\/leogarnier.com\/wp-content\/uploads\/2022\/09\/Leo9.png","url":"https:\/\/leogarnier.com\/wp-content\/uploads\/2022\/09\/Leo9.png","contentUrl":"https:\/\/leogarnier.com\/wp-content\/uploads\/2022\/09\/Leo9.png","width":1148,"height":825,"caption":"L\u00e9o"},"logo":{"@id":"https:\/\/leogarnier.com\/wp-content\/uploads\/2022\/09\/Leo9.png"},"sameAs":["http:\/\/leogarnier.com","https:\/\/www.facebook.com\/leo.garnier.102\/","https:\/\/www.instagram.com\/garnierleo\/"]}]}},"_links":{"self":[{"href":"https:\/\/leogarnier.com\/index.php\/wp-json\/wp\/v2\/pages\/1640","targetHints":{"allow":["GET"]}}],"collection":[{"href":"https:\/\/leogarnier.com\/index.php\/wp-json\/wp\/v2\/pages"}],"about":[{"href":"https:\/\/leogarnier.com\/index.php\/wp-json\/wp\/v2\/types\/page"}],"author":[{"embeddable":true,"href":"https:\/\/leogarnier.com\/index.php\/wp-json\/wp\/v2\/users\/1"}],"replies":[{"embeddable":true,"href":"https:\/\/leogarnier.com\/index.php\/wp-json\/wp\/v2\/comments?post=1640"}],"version-history":[{"count":13,"href":"https:\/\/leogarnier.com\/index.php\/wp-json\/wp\/v2\/pages\/1640\/revisions"}],"predecessor-version":[{"id":2010,"href":"https:\/\/leogarnier.com\/index.php\/wp-json\/wp\/v2\/pages\/1640\/revisions\/2010"}],"wp:attachment":[{"href":"https:\/\/leogarnier.com\/index.php\/wp-json\/wp\/v2\/media?parent=1640"}],"curies":[{"name":"wp","href":"https:\/\/api.w.org\/{rel}","templated":true}]}}