{"id":1642,"date":"2022-07-29T16:36:01","date_gmt":"2022-07-29T14:36:01","guid":{"rendered":"https:\/\/leogarnier.com\/?page_id=1642"},"modified":"2022-09-07T12:11:38","modified_gmt":"2022-09-07T10:11:38","slug":"centre-pompidou-boboourg-la-reine","status":"publish","type":"page","link":"https:\/\/leogarnier.com\/index.php\/centre-pompidou-boboourg-la-reine\/","title":{"rendered":"Boboourg la reine"},"content":{"rendered":"\t\t<div data-elementor-type=\"wp-page\" data-elementor-id=\"1642\" class=\"elementor elementor-1642\">\n\t\t\t\t\t\t<section class=\"elementor-section elementor-top-section elementor-element elementor-element-a17cd01 elementor-section-boxed elementor-section-height-default elementor-section-height-default\" data-id=\"a17cd01\" data-element_type=\"section\">\n\t\t\t\t\t\t<div class=\"elementor-container elementor-column-gap-default\">\n\t\t\t\t\t<div class=\"elementor-column elementor-col-100 elementor-top-column elementor-element elementor-element-a945223\" data-id=\"a945223\" data-element_type=\"column\">\n\t\t\t<div class=\"elementor-widget-wrap elementor-element-populated\">\n\t\t\t\t\t\t<div class=\"elementor-element elementor-element-87fa471 elementor-widget elementor-widget-heading\" data-id=\"87fa471\" data-element_type=\"widget\" data-widget_type=\"heading.default\">\n\t\t\t\t<div class=\"elementor-widget-container\">\n\t\t\t\t\t<h2 class=\"elementor-heading-title elementor-size-default\">Boboourg-la-Reine<\/h2>\t\t\t\t<\/div>\n\t\t\t\t<\/div>\n\t\t\t\t\t<\/div>\n\t\t<\/div>\n\t\t\t\t\t<\/div>\n\t\t<\/section>\n\t\t\t\t<section class=\"elementor-section elementor-top-section elementor-element elementor-element-bce7443 elementor-section-boxed elementor-section-height-default elementor-section-height-default\" data-id=\"bce7443\" data-element_type=\"section\">\n\t\t\t\t\t\t<div class=\"elementor-container elementor-column-gap-default\">\n\t\t\t\t\t<div class=\"elementor-column elementor-col-100 elementor-top-column elementor-element elementor-element-9b2eac0\" data-id=\"9b2eac0\" data-element_type=\"column\">\n\t\t\t<div class=\"elementor-widget-wrap elementor-element-populated\">\n\t\t\t\t\t\t<div class=\"elementor-element elementor-element-32b5262 elementor-widget elementor-widget-text-editor\" data-id=\"32b5262\" data-element_type=\"widget\" data-widget_type=\"text-editor.default\">\n\t\t\t\t<div class=\"elementor-widget-container\">\n\t\t\t\t\t\t\t\t\t<p>Kanal Centre Pompidou Bruxelles &#8211; mai 2018<\/p>\t\t\t\t\t\t\t\t<\/div>\n\t\t\t\t<\/div>\n\t\t\t\t\t<\/div>\n\t\t<\/div>\n\t\t\t\t\t<\/div>\n\t\t<\/section>\n\t\t\t\t<section class=\"elementor-section elementor-top-section elementor-element elementor-element-c6f571b elementor-section-boxed elementor-section-height-default elementor-section-height-default\" data-id=\"c6f571b\" data-element_type=\"section\">\n\t\t\t\t\t\t<div class=\"elementor-container elementor-column-gap-default\">\n\t\t\t\t\t<div class=\"elementor-column elementor-col-100 elementor-top-column elementor-element elementor-element-65958f5\" data-id=\"65958f5\" data-element_type=\"column\">\n\t\t\t<div class=\"elementor-widget-wrap elementor-element-populated\">\n\t\t\t\t\t\t<div class=\"elementor-element elementor-element-600f3b8 elementor-widget elementor-widget-text-editor\" data-id=\"600f3b8\" data-element_type=\"widget\" data-widget_type=\"text-editor.default\">\n\t\t\t\t<div class=\"elementor-widget-container\">\n\t\t\t\t\t\t\t\t\t<p>Photographie Philippe Lebruman<\/p>\t\t\t\t\t\t\t\t<\/div>\n\t\t\t\t<\/div>\n\t\t\t\t\t<\/div>\n\t\t<\/div>\n\t\t\t\t\t<\/div>\n\t\t<\/section>\n\t\t\t\t<section class=\"elementor-section elementor-top-section elementor-element elementor-element-4a21173 elementor-section-boxed elementor-section-height-default elementor-section-height-default\" data-id=\"4a21173\" data-element_type=\"section\">\n\t\t\t\t\t\t<div class=\"elementor-container elementor-column-gap-default\">\n\t\t\t\t\t<div class=\"elementor-column elementor-col-100 elementor-top-column elementor-element elementor-element-811ec99\" data-id=\"811ec99\" data-element_type=\"column\">\n\t\t\t<div class=\"elementor-widget-wrap elementor-element-populated\">\n\t\t\t\t\t\t<div class=\"elementor-element elementor-element-14b211b elementor-widget elementor-widget-image\" data-id=\"14b211b\" data-element_type=\"widget\" data-widget_type=\"image.default\">\n\t\t\t\t<div class=\"elementor-widget-container\">\n\t\t\t\t\t\t\t\t\t\t\t\t\t\t\t<img fetchpriority=\"high\" decoding=\"async\" width=\"768\" height=\"513\" src=\"https:\/\/leogarnier.com\/wp-content\/uploads\/2022\/07\/boboourg-la-reine-zerep-1-768x513.jpg\" class=\"attachment-medium_large size-medium_large wp-image-1577\" alt=\"Sc\u00e9nographie - garage\" srcset=\"https:\/\/leogarnier.com\/wp-content\/uploads\/2022\/07\/boboourg-la-reine-zerep-1-768x513.jpg 768w, https:\/\/leogarnier.com\/wp-content\/uploads\/2022\/07\/boboourg-la-reine-zerep-1-300x200.jpg 300w, https:\/\/leogarnier.com\/wp-content\/uploads\/2022\/07\/boboourg-la-reine-zerep-1.jpg 800w\" sizes=\"(max-width: 768px) 100vw, 768px\" \/>\t\t\t\t\t\t\t\t\t\t\t\t\t\t\t<\/div>\n\t\t\t\t<\/div>\n\t\t\t\t\t<\/div>\n\t\t<\/div>\n\t\t\t\t\t<\/div>\n\t\t<\/section>\n\t\t\t\t<section class=\"elementor-section elementor-top-section elementor-element elementor-element-c9a78fc elementor-section-boxed elementor-section-height-default elementor-section-height-default\" data-id=\"c9a78fc\" data-element_type=\"section\">\n\t\t\t\t\t\t<div class=\"elementor-container elementor-column-gap-default\">\n\t\t\t\t\t<div class=\"elementor-column elementor-col-100 elementor-top-column elementor-element elementor-element-0578d1d\" data-id=\"0578d1d\" data-element_type=\"column\">\n\t\t\t<div class=\"elementor-widget-wrap elementor-element-populated\">\n\t\t\t\t\t\t<div class=\"elementor-element elementor-element-4496171 elementor-widget elementor-widget-image\" data-id=\"4496171\" data-element_type=\"widget\" data-widget_type=\"image.default\">\n\t\t\t\t<div class=\"elementor-widget-container\">\n\t\t\t\t\t\t\t\t\t\t\t\t\t\t\t<img decoding=\"async\" width=\"768\" height=\"513\" src=\"https:\/\/leogarnier.com\/wp-content\/uploads\/2022\/07\/zerep-nu-nature-humaine-3-768x513.jpg\" class=\"attachment-medium_large size-medium_large wp-image-1572\" alt=\"S\u00e9ance de nu - Kanal centre Pompidou\" srcset=\"https:\/\/leogarnier.com\/wp-content\/uploads\/2022\/07\/zerep-nu-nature-humaine-3-768x513.jpg 768w, https:\/\/leogarnier.com\/wp-content\/uploads\/2022\/07\/zerep-nu-nature-humaine-3-300x200.jpg 300w, https:\/\/leogarnier.com\/wp-content\/uploads\/2022\/07\/zerep-nu-nature-humaine-3.jpg 800w\" sizes=\"(max-width: 768px) 100vw, 768px\" \/>\t\t\t\t\t\t\t\t\t\t\t\t\t\t\t<\/div>\n\t\t\t\t<\/div>\n\t\t\t\t\t<\/div>\n\t\t<\/div>\n\t\t\t\t\t<\/div>\n\t\t<\/section>\n\t\t\t\t<section class=\"elementor-section elementor-top-section elementor-element elementor-element-56920e2 elementor-section-boxed elementor-section-height-default elementor-section-height-default\" data-id=\"56920e2\" data-element_type=\"section\">\n\t\t\t\t\t\t<div class=\"elementor-container elementor-column-gap-default\">\n\t\t\t\t\t<div class=\"elementor-column elementor-col-100 elementor-top-column elementor-element elementor-element-3a5d431\" data-id=\"3a5d431\" data-element_type=\"column\">\n\t\t\t<div class=\"elementor-widget-wrap elementor-element-populated\">\n\t\t\t\t\t\t<div class=\"elementor-element elementor-element-4e01b84 elementor-widget elementor-widget-image\" data-id=\"4e01b84\" data-element_type=\"widget\" data-widget_type=\"image.default\">\n\t\t\t\t<div class=\"elementor-widget-container\">\n\t\t\t\t\t\t\t\t\t\t\t\t\t\t\t<img decoding=\"async\" width=\"768\" height=\"508\" src=\"https:\/\/leogarnier.com\/wp-content\/uploads\/2022\/07\/Boboourg-La-Reine-Kanal-Bruxelles-\u00a9-Ph.-Lebruman-2018_DSC2954-768x508.jpg\" class=\"attachment-medium_large size-medium_large wp-image-1576\" alt=\"Xavier Boussiron solo - lumi\u00e8re\" srcset=\"https:\/\/leogarnier.com\/wp-content\/uploads\/2022\/07\/Boboourg-La-Reine-Kanal-Bruxelles-\u00a9-Ph.-Lebruman-2018_DSC2954-768x508.jpg 768w, https:\/\/leogarnier.com\/wp-content\/uploads\/2022\/07\/Boboourg-La-Reine-Kanal-Bruxelles-\u00a9-Ph.-Lebruman-2018_DSC2954-300x198.jpg 300w, https:\/\/leogarnier.com\/wp-content\/uploads\/2022\/07\/Boboourg-La-Reine-Kanal-Bruxelles-\u00a9-Ph.-Lebruman-2018_DSC2954-1024x677.jpg 1024w, https:\/\/leogarnier.com\/wp-content\/uploads\/2022\/07\/Boboourg-La-Reine-Kanal-Bruxelles-\u00a9-Ph.-Lebruman-2018_DSC2954-1536x1016.jpg 1536w, https:\/\/leogarnier.com\/wp-content\/uploads\/2022\/07\/Boboourg-La-Reine-Kanal-Bruxelles-\u00a9-Ph.-Lebruman-2018_DSC2954-2048x1355.jpg 2048w\" sizes=\"(max-width: 768px) 100vw, 768px\" \/>\t\t\t\t\t\t\t\t\t\t\t\t\t\t\t<\/div>\n\t\t\t\t<\/div>\n\t\t\t\t\t<\/div>\n\t\t<\/div>\n\t\t\t\t\t<\/div>\n\t\t<\/section>\n\t\t\t\t<section class=\"elementor-section elementor-top-section elementor-element elementor-element-e38003e elementor-section-boxed elementor-section-height-default elementor-section-height-default\" data-id=\"e38003e\" data-element_type=\"section\">\n\t\t\t\t\t\t<div class=\"elementor-container elementor-column-gap-default\">\n\t\t\t\t\t<div class=\"elementor-column elementor-col-100 elementor-top-column elementor-element elementor-element-5dae103\" data-id=\"5dae103\" data-element_type=\"column\">\n\t\t\t<div class=\"elementor-widget-wrap elementor-element-populated\">\n\t\t\t\t\t\t<div class=\"elementor-element elementor-element-dbf716c elementor-widget elementor-widget-text-editor\" data-id=\"dbf716c\" data-element_type=\"widget\" data-widget_type=\"text-editor.default\">\n\t\t\t\t<div class=\"elementor-widget-container\">\n\t\t\t\t\t\t\t\t\t<p>OUVERTURE KANAL CENTRE POMPIDOU \/ BRUXELLES &#8211; 2018\/2019<\/p><p><strong>Conception \/ programmation<\/strong> Sophie Perez et Xavier Boussiron<\/p><p><strong>Avec<\/strong><br \/>La Compagnie du Zerep\u00a0<br \/>Sophie Lenoir<br \/>St\u00e9phane Roger<br \/>Marl\u00e8ne Saldana<br \/>Gilles Gaston-Dreyfus<br \/>Erge Yu<br \/>Fran\u00e7oise Klein<\/p><p><strong>Pour<\/strong>\u00a0<em>Y\u2019manque plus que l\u2019orchestre<\/em><br \/>Swan Gauthier<br \/>Baptiste Conte<br \/>Marine Prunier<br \/>Matthieu Sinault<br \/>Aur\u00e9lien Leforestier<br \/>Leen Van Dommelen<br \/>Titiane Barthel<br \/>Jonathan Schatz<br \/>Lara Barsacq<br \/>Irene Recio<br \/>G\u00e9raldine Amiel<br \/>Cestelie Yalombo<br \/>Camille\u00a0Dejuan<\/p><p><strong>Et les invit\u00e9s<\/strong><br \/>Blessed Diana (Marl\u00e8ne Saldana, Jonathan Drillet, Jean Biche)<br \/>I Apologize (Jean-Luc Verna, Gauthier Tassart, Julien Tiberi, Xavier Boussiron)<br \/>Kreemer (Cameron Jamie &amp; Dennis Tifus)<br \/>Jules Beckman<br \/>Maarten Seghers &amp; the Horrible Facts (Jan Lauwers, Elke Janssens, Nicolas Field, Simon Lenski)<br \/>Adrien Castillo<br \/>Marie-Pierre Br\u00e9bant &amp; Xavier Boussiron<br \/>Cesar Fernandez et les mariachis Viva Mexico<\/p><p><strong>Costumes<\/strong> Sophie Perez et Corine Petitpierre<br \/><strong>Sculptures<\/strong> Dan Mestanza<br \/><strong>R\u00e9gie g\u00e9n\u00e9rale<\/strong> L\u00e9o Garnier<br \/><strong>R\u00e9gie<\/strong> Michel Gueldry, Mathieu Gervaise<br \/><strong>R\u00e9gie plateau<\/strong> Adrien Castillo, Adrien Degioanni<br \/><strong>Administration<\/strong> Julie Pagnier<\/p>\t\t\t\t\t\t\t\t<\/div>\n\t\t\t\t<\/div>\n\t\t\t\t\t<\/div>\n\t\t<\/div>\n\t\t\t\t\t<\/div>\n\t\t<\/section>\n\t\t\t\t<section class=\"elementor-section elementor-top-section elementor-element elementor-element-72b65f8 elementor-section-boxed elementor-section-height-default elementor-section-height-default\" data-id=\"72b65f8\" data-element_type=\"section\">\n\t\t\t\t\t\t<div class=\"elementor-container elementor-column-gap-default\">\n\t\t\t\t\t<div class=\"elementor-column elementor-col-100 elementor-top-column elementor-element elementor-element-2f0dbad\" data-id=\"2f0dbad\" data-element_type=\"column\">\n\t\t\t<div class=\"elementor-widget-wrap elementor-element-populated\">\n\t\t\t\t\t\t<div class=\"elementor-element elementor-element-44ba3d4 elementor-widget elementor-widget-text-editor\" data-id=\"44ba3d4\" data-element_type=\"widget\" data-widget_type=\"text-editor.default\">\n\t\t\t\t<div class=\"elementor-widget-container\">\n\t\t\t\t\t\t\t\t\t<p><strong><a href=\"https:\/\/compagnieduzerep.fr\/side-projects-et-performances\/boboourg-la-reine\/\" target=\"_blank\" rel=\"noopener\">Lien vers le site de la compagnie<\/a><\/strong><\/p>\t\t\t\t\t\t\t\t<\/div>\n\t\t\t\t<\/div>\n\t\t\t\t\t<\/div>\n\t\t<\/div>\n\t\t\t\t\t<\/div>\n\t\t<\/section>\n\t\t\t\t<section class=\"elementor-section elementor-top-section elementor-element elementor-element-fc6a4a7 elementor-section-boxed elementor-section-height-default elementor-section-height-default\" data-id=\"fc6a4a7\" data-element_type=\"section\">\n\t\t\t\t\t\t<div class=\"elementor-container elementor-column-gap-default\">\n\t\t\t\t\t<div class=\"elementor-column elementor-col-100 elementor-top-column elementor-element elementor-element-dd5e9c7\" data-id=\"dd5e9c7\" data-element_type=\"column\">\n\t\t\t<div class=\"elementor-widget-wrap elementor-element-populated\">\n\t\t\t\t\t\t<div class=\"elementor-element elementor-element-1d7fe47 elementor-widget elementor-widget-text-editor\" data-id=\"1d7fe47\" data-element_type=\"widget\" data-widget_type=\"text-editor.default\">\n\t\t\t\t<div class=\"elementor-widget-container\">\n\t\t\t\t\t\t\t\t\t<p><strong>Production<\/strong> Compagnie du Zerep\u00a0coproduction Spectacles vivants \/ Kanal \u2013 Centre Pompidou<br \/>Avec le soutien de Charleroi Danse centre chor\u00e9graphique de Wallonie \u2013 Bruxelles<br \/>La Compagnie du Zerep re\u00e7oit le soutien de la Direction r\u00e9gionale des affaires culturelles d\u2019Ile-de-France, Minist\u00e8re de la Culture et de la Communication.<\/p><p>Action financ\u00e9e par la R\u00e9gion Ile-de-France<\/p><p>Cr\u00e9ation mai 2018\/ juin 2019 \u00e0 Kanal Centre Pompidou Bruxelles\u00a0<\/p>\t\t\t\t\t\t\t\t<\/div>\n\t\t\t\t<\/div>\n\t\t\t\t\t<\/div>\n\t\t<\/div>\n\t\t\t\t\t<\/div>\n\t\t<\/section>\n\t\t\t\t<\/div>\n\t\t","protected":false},"excerpt":{"rendered":"<p>Boboourg-la-Reine Kanal Centre Pompidou Bruxelles &#8211; mai 2018 Photographie Philippe Lebruman OUVERTURE KANAL CENTRE POMPIDOU \/ BRUXELLES &#8211; 2018\/2019 Conception \/ programmation Sophie Perez et Xavier Boussiron Avec La Compagnie du Zerep&nbsp; Sophie Lenoir St\u00e9phane Roger Marl\u00e8ne Saldana Gilles Gaston-Dreyfus Erge Yu Fran\u00e7oise Klein Pour&nbsp;Y\u2019manque plus que l\u2019orchestre Swan Gauthier Baptiste Conte Marine Prunier Matthieu [&hellip;]<\/p>\n","protected":false},"author":1,"featured_media":0,"parent":0,"menu_order":0,"comment_status":"closed","ping_status":"closed","template":"","meta":{"footnotes":""},"class_list":["post-1642","page","type-page","status-publish","hentry"],"yoast_head":"<!-- This site is optimized with the Yoast SEO plugin v27.4 - https:\/\/yoast.com\/product\/yoast-seo-wordpress\/ -->\n<title>Centre Pompidou Bruxelles - Boboourg la reine - L\u00e9o Garnier<\/title>\n<meta name=\"description\" content=\"Centre Pompidou Bruxelles inauguration de Kanal en 2018 mus\u00e9e d&#039;art contemporain en compagnie du Zerep pour une s\u00e9ries de performances\" \/>\n<meta name=\"robots\" content=\"index, follow, max-snippet:-1, max-image-preview:large, max-video-preview:-1\" \/>\n<link rel=\"canonical\" href=\"https:\/\/leogarnier.com\/index.php\/centre-pompidou-boboourg-la-reine\/\" \/>\n<meta property=\"og:locale\" content=\"fr_FR\" \/>\n<meta property=\"og:type\" content=\"article\" \/>\n<meta property=\"og:title\" content=\"Centre Pompidou Bruxelles - Boboourg la reine - L\u00e9o Garnier\" \/>\n<meta property=\"og:description\" content=\"Centre Pompidou Bruxelles inauguration de Kanal en 2018 mus\u00e9e d&#039;art contemporain en compagnie du Zerep pour une s\u00e9ries de performances\" \/>\n<meta property=\"og:url\" content=\"https:\/\/leogarnier.com\/index.php\/centre-pompidou-boboourg-la-reine\/\" \/>\n<meta property=\"og:site_name\" content=\"L\u00e9o Garnier\" \/>\n<meta property=\"article:publisher\" content=\"https:\/\/www.facebook.com\/leo.garnier.102\/\" \/>\n<meta property=\"article:modified_time\" content=\"2022-09-07T10:11:38+00:00\" \/>\n<meta property=\"og:image\" content=\"https:\/\/leogarnier.com\/wp-content\/uploads\/2022\/07\/boboourg-la-reine-zerep-1-768x513.jpg\" \/>\n<meta name=\"twitter:card\" content=\"summary_large_image\" \/>\n<meta name=\"twitter:label1\" content=\"Dur\u00e9e de lecture estim\u00e9e\" \/>\n\t<meta name=\"twitter:data1\" content=\"2 minutes\" \/>\n<script type=\"application\/ld+json\" class=\"yoast-schema-graph\">{\"@context\":\"https:\\\/\\\/schema.org\",\"@graph\":[{\"@type\":\"WebPage\",\"@id\":\"https:\\\/\\\/leogarnier.com\\\/index.php\\\/centre-pompidou-boboourg-la-reine\\\/\",\"url\":\"https:\\\/\\\/leogarnier.com\\\/index.php\\\/centre-pompidou-boboourg-la-reine\\\/\",\"name\":\"Centre Pompidou Bruxelles - Boboourg la reine - L\u00e9o Garnier\",\"isPartOf\":{\"@id\":\"https:\\\/\\\/leogarnier.com\\\/#website\"},\"primaryImageOfPage\":{\"@id\":\"https:\\\/\\\/leogarnier.com\\\/index.php\\\/centre-pompidou-boboourg-la-reine\\\/#primaryimage\"},\"image\":{\"@id\":\"https:\\\/\\\/leogarnier.com\\\/index.php\\\/centre-pompidou-boboourg-la-reine\\\/#primaryimage\"},\"thumbnailUrl\":\"https:\\\/\\\/leogarnier.com\\\/wp-content\\\/uploads\\\/2022\\\/07\\\/boboourg-la-reine-zerep-1-768x513.jpg\",\"datePublished\":\"2022-07-29T14:36:01+00:00\",\"dateModified\":\"2022-09-07T10:11:38+00:00\",\"description\":\"Centre Pompidou Bruxelles inauguration de Kanal en 2018 mus\u00e9e d'art contemporain en compagnie du Zerep pour une s\u00e9ries de performances\",\"breadcrumb\":{\"@id\":\"https:\\\/\\\/leogarnier.com\\\/index.php\\\/centre-pompidou-boboourg-la-reine\\\/#breadcrumb\"},\"inLanguage\":\"fr-FR\",\"potentialAction\":[{\"@type\":\"ReadAction\",\"target\":[\"https:\\\/\\\/leogarnier.com\\\/index.php\\\/centre-pompidou-boboourg-la-reine\\\/\"]}]},{\"@type\":\"ImageObject\",\"inLanguage\":\"fr-FR\",\"@id\":\"https:\\\/\\\/leogarnier.com\\\/index.php\\\/centre-pompidou-boboourg-la-reine\\\/#primaryimage\",\"url\":\"https:\\\/\\\/leogarnier.com\\\/wp-content\\\/uploads\\\/2022\\\/07\\\/boboourg-la-reine-zerep-1.jpg\",\"contentUrl\":\"https:\\\/\\\/leogarnier.com\\\/wp-content\\\/uploads\\\/2022\\\/07\\\/boboourg-la-reine-zerep-1.jpg\",\"width\":800,\"height\":534,\"caption\":\"Sc\u00e9nographie - garage\"},{\"@type\":\"BreadcrumbList\",\"@id\":\"https:\\\/\\\/leogarnier.com\\\/index.php\\\/centre-pompidou-boboourg-la-reine\\\/#breadcrumb\",\"itemListElement\":[{\"@type\":\"ListItem\",\"position\":1,\"name\":\"Accueil\",\"item\":\"https:\\\/\\\/leogarnier.com\\\/\"},{\"@type\":\"ListItem\",\"position\":2,\"name\":\"Boboourg la reine\"}]},{\"@type\":\"WebSite\",\"@id\":\"https:\\\/\\\/leogarnier.com\\\/#website\",\"url\":\"https:\\\/\\\/leogarnier.com\\\/\",\"name\":\"L\u00e9o Garnier\",\"description\":\"\u00c9clairagiste\",\"publisher\":{\"@id\":\"https:\\\/\\\/leogarnier.com\\\/#\\\/schema\\\/person\\\/9caf54ec40390ce3fa693f0b1acd3190\"},\"potentialAction\":[{\"@type\":\"SearchAction\",\"target\":{\"@type\":\"EntryPoint\",\"urlTemplate\":\"https:\\\/\\\/leogarnier.com\\\/?s={search_term_string}\"},\"query-input\":{\"@type\":\"PropertyValueSpecification\",\"valueRequired\":true,\"valueName\":\"search_term_string\"}}],\"inLanguage\":\"fr-FR\"},{\"@type\":[\"Person\",\"Organization\"],\"@id\":\"https:\\\/\\\/leogarnier.com\\\/#\\\/schema\\\/person\\\/9caf54ec40390ce3fa693f0b1acd3190\",\"name\":\"L\u00e9o\",\"image\":{\"@type\":\"ImageObject\",\"inLanguage\":\"fr-FR\",\"@id\":\"https:\\\/\\\/leogarnier.com\\\/wp-content\\\/uploads\\\/2022\\\/09\\\/Leo9.png\",\"url\":\"https:\\\/\\\/leogarnier.com\\\/wp-content\\\/uploads\\\/2022\\\/09\\\/Leo9.png\",\"contentUrl\":\"https:\\\/\\\/leogarnier.com\\\/wp-content\\\/uploads\\\/2022\\\/09\\\/Leo9.png\",\"width\":1148,\"height\":825,\"caption\":\"L\u00e9o\"},\"logo\":{\"@id\":\"https:\\\/\\\/leogarnier.com\\\/wp-content\\\/uploads\\\/2022\\\/09\\\/Leo9.png\"},\"sameAs\":[\"http:\\\/\\\/leogarnier.com\",\"https:\\\/\\\/www.facebook.com\\\/leo.garnier.102\\\/\",\"https:\\\/\\\/www.instagram.com\\\/garnierleo\\\/\"]}]}<\/script>\n<!-- \/ Yoast SEO plugin. -->","yoast_head_json":{"title":"Centre Pompidou Bruxelles - Boboourg la reine - L\u00e9o Garnier","description":"Centre Pompidou Bruxelles inauguration de Kanal en 2018 mus\u00e9e d'art contemporain en compagnie du Zerep pour une s\u00e9ries de performances","robots":{"index":"index","follow":"follow","max-snippet":"max-snippet:-1","max-image-preview":"max-image-preview:large","max-video-preview":"max-video-preview:-1"},"canonical":"https:\/\/leogarnier.com\/index.php\/centre-pompidou-boboourg-la-reine\/","og_locale":"fr_FR","og_type":"article","og_title":"Centre Pompidou Bruxelles - Boboourg la reine - L\u00e9o Garnier","og_description":"Centre Pompidou Bruxelles inauguration de Kanal en 2018 mus\u00e9e d'art contemporain en compagnie du Zerep pour une s\u00e9ries de performances","og_url":"https:\/\/leogarnier.com\/index.php\/centre-pompidou-boboourg-la-reine\/","og_site_name":"L\u00e9o Garnier","article_publisher":"https:\/\/www.facebook.com\/leo.garnier.102\/","article_modified_time":"2022-09-07T10:11:38+00:00","og_image":[{"url":"https:\/\/leogarnier.com\/wp-content\/uploads\/2022\/07\/boboourg-la-reine-zerep-1-768x513.jpg","type":"","width":"","height":""}],"twitter_card":"summary_large_image","twitter_misc":{"Dur\u00e9e de lecture estim\u00e9e":"2 minutes"},"schema":{"@context":"https:\/\/schema.org","@graph":[{"@type":"WebPage","@id":"https:\/\/leogarnier.com\/index.php\/centre-pompidou-boboourg-la-reine\/","url":"https:\/\/leogarnier.com\/index.php\/centre-pompidou-boboourg-la-reine\/","name":"Centre Pompidou Bruxelles - Boboourg la reine - L\u00e9o Garnier","isPartOf":{"@id":"https:\/\/leogarnier.com\/#website"},"primaryImageOfPage":{"@id":"https:\/\/leogarnier.com\/index.php\/centre-pompidou-boboourg-la-reine\/#primaryimage"},"image":{"@id":"https:\/\/leogarnier.com\/index.php\/centre-pompidou-boboourg-la-reine\/#primaryimage"},"thumbnailUrl":"https:\/\/leogarnier.com\/wp-content\/uploads\/2022\/07\/boboourg-la-reine-zerep-1-768x513.jpg","datePublished":"2022-07-29T14:36:01+00:00","dateModified":"2022-09-07T10:11:38+00:00","description":"Centre Pompidou Bruxelles inauguration de Kanal en 2018 mus\u00e9e d'art contemporain en compagnie du Zerep pour une s\u00e9ries de performances","breadcrumb":{"@id":"https:\/\/leogarnier.com\/index.php\/centre-pompidou-boboourg-la-reine\/#breadcrumb"},"inLanguage":"fr-FR","potentialAction":[{"@type":"ReadAction","target":["https:\/\/leogarnier.com\/index.php\/centre-pompidou-boboourg-la-reine\/"]}]},{"@type":"ImageObject","inLanguage":"fr-FR","@id":"https:\/\/leogarnier.com\/index.php\/centre-pompidou-boboourg-la-reine\/#primaryimage","url":"https:\/\/leogarnier.com\/wp-content\/uploads\/2022\/07\/boboourg-la-reine-zerep-1.jpg","contentUrl":"https:\/\/leogarnier.com\/wp-content\/uploads\/2022\/07\/boboourg-la-reine-zerep-1.jpg","width":800,"height":534,"caption":"Sc\u00e9nographie - garage"},{"@type":"BreadcrumbList","@id":"https:\/\/leogarnier.com\/index.php\/centre-pompidou-boboourg-la-reine\/#breadcrumb","itemListElement":[{"@type":"ListItem","position":1,"name":"Accueil","item":"https:\/\/leogarnier.com\/"},{"@type":"ListItem","position":2,"name":"Boboourg la reine"}]},{"@type":"WebSite","@id":"https:\/\/leogarnier.com\/#website","url":"https:\/\/leogarnier.com\/","name":"L\u00e9o Garnier","description":"\u00c9clairagiste","publisher":{"@id":"https:\/\/leogarnier.com\/#\/schema\/person\/9caf54ec40390ce3fa693f0b1acd3190"},"potentialAction":[{"@type":"SearchAction","target":{"@type":"EntryPoint","urlTemplate":"https:\/\/leogarnier.com\/?s={search_term_string}"},"query-input":{"@type":"PropertyValueSpecification","valueRequired":true,"valueName":"search_term_string"}}],"inLanguage":"fr-FR"},{"@type":["Person","Organization"],"@id":"https:\/\/leogarnier.com\/#\/schema\/person\/9caf54ec40390ce3fa693f0b1acd3190","name":"L\u00e9o","image":{"@type":"ImageObject","inLanguage":"fr-FR","@id":"https:\/\/leogarnier.com\/wp-content\/uploads\/2022\/09\/Leo9.png","url":"https:\/\/leogarnier.com\/wp-content\/uploads\/2022\/09\/Leo9.png","contentUrl":"https:\/\/leogarnier.com\/wp-content\/uploads\/2022\/09\/Leo9.png","width":1148,"height":825,"caption":"L\u00e9o"},"logo":{"@id":"https:\/\/leogarnier.com\/wp-content\/uploads\/2022\/09\/Leo9.png"},"sameAs":["http:\/\/leogarnier.com","https:\/\/www.facebook.com\/leo.garnier.102\/","https:\/\/www.instagram.com\/garnierleo\/"]}]}},"_links":{"self":[{"href":"https:\/\/leogarnier.com\/index.php\/wp-json\/wp\/v2\/pages\/1642","targetHints":{"allow":["GET"]}}],"collection":[{"href":"https:\/\/leogarnier.com\/index.php\/wp-json\/wp\/v2\/pages"}],"about":[{"href":"https:\/\/leogarnier.com\/index.php\/wp-json\/wp\/v2\/types\/page"}],"author":[{"embeddable":true,"href":"https:\/\/leogarnier.com\/index.php\/wp-json\/wp\/v2\/users\/1"}],"replies":[{"embeddable":true,"href":"https:\/\/leogarnier.com\/index.php\/wp-json\/wp\/v2\/comments?post=1642"}],"version-history":[{"count":8,"href":"https:\/\/leogarnier.com\/index.php\/wp-json\/wp\/v2\/pages\/1642\/revisions"}],"predecessor-version":[{"id":2015,"href":"https:\/\/leogarnier.com\/index.php\/wp-json\/wp\/v2\/pages\/1642\/revisions\/2015"}],"wp:attachment":[{"href":"https:\/\/leogarnier.com\/index.php\/wp-json\/wp\/v2\/media?parent=1642"}],"curies":[{"name":"wp","href":"https:\/\/api.w.org\/{rel}","templated":true}]}}