{"id":1644,"date":"2022-07-29T16:36:14","date_gmt":"2022-07-29T14:36:14","guid":{"rendered":"https:\/\/leogarnier.com\/?page_id=1644"},"modified":"2022-09-28T21:20:49","modified_gmt":"2022-09-28T19:20:49","slug":"muchos-kilometros","status":"publish","type":"page","link":"https:\/\/leogarnier.com\/index.php\/muchos-kilometros\/","title":{"rendered":"Muchos kilometros"},"content":{"rendered":"\t\t<div data-elementor-type=\"wp-page\" data-elementor-id=\"1644\" class=\"elementor elementor-1644\">\n\t\t\t\t\t\t<section class=\"elementor-section elementor-top-section elementor-element elementor-element-1521048 elementor-section-boxed elementor-section-height-default elementor-section-height-default\" data-id=\"1521048\" data-element_type=\"section\">\n\t\t\t\t\t\t<div class=\"elementor-container elementor-column-gap-default\">\n\t\t\t\t\t<div class=\"elementor-column elementor-col-100 elementor-top-column elementor-element elementor-element-53af9c8\" data-id=\"53af9c8\" data-element_type=\"column\">\n\t\t\t<div class=\"elementor-widget-wrap elementor-element-populated\">\n\t\t\t\t\t\t<div class=\"elementor-element elementor-element-dd1ded3 elementor-widget elementor-widget-heading\" data-id=\"dd1ded3\" data-element_type=\"widget\" data-widget_type=\"heading.default\">\n\t\t\t\t<div class=\"elementor-widget-container\">\n\t\t\t\t\t<h2 class=\"elementor-heading-title elementor-size-default\">Muchos Kilometros<\/h2>\t\t\t\t<\/div>\n\t\t\t\t<\/div>\n\t\t\t\t\t<\/div>\n\t\t<\/div>\n\t\t\t\t\t<\/div>\n\t\t<\/section>\n\t\t\t\t<section class=\"elementor-section elementor-top-section elementor-element elementor-element-796abb3 elementor-section-boxed elementor-section-height-default elementor-section-height-default\" data-id=\"796abb3\" data-element_type=\"section\">\n\t\t\t\t\t\t<div class=\"elementor-container elementor-column-gap-default\">\n\t\t\t\t\t<div class=\"elementor-column elementor-col-100 elementor-top-column elementor-element elementor-element-80a7842\" data-id=\"80a7842\" data-element_type=\"column\">\n\t\t\t<div class=\"elementor-widget-wrap elementor-element-populated\">\n\t\t\t\t\t\t<div class=\"elementor-element elementor-element-59e3cf4 elementor-widget elementor-widget-text-editor\" data-id=\"59e3cf4\" data-element_type=\"widget\" data-widget_type=\"text-editor.default\">\n\t\t\t\t<div class=\"elementor-widget-container\">\n\t\t\t\t\t\t\t\t\t<p>Nuit Blanche 2019 &#8211; Paris<\/p>\t\t\t\t\t\t\t\t<\/div>\n\t\t\t\t<\/div>\n\t\t\t\t\t<\/div>\n\t\t<\/div>\n\t\t\t\t\t<\/div>\n\t\t<\/section>\n\t\t\t\t<section class=\"elementor-section elementor-top-section elementor-element elementor-element-ed1fa12 elementor-section-boxed elementor-section-height-default elementor-section-height-default\" data-id=\"ed1fa12\" data-element_type=\"section\">\n\t\t\t\t\t\t<div class=\"elementor-container elementor-column-gap-default\">\n\t\t\t\t\t<div class=\"elementor-column elementor-col-100 elementor-top-column elementor-element elementor-element-085c8f4\" data-id=\"085c8f4\" data-element_type=\"column\">\n\t\t\t<div class=\"elementor-widget-wrap elementor-element-populated\">\n\t\t\t\t\t\t<div class=\"elementor-element elementor-element-d65a626 elementor-widget elementor-widget-text-editor\" data-id=\"d65a626\" data-element_type=\"widget\" data-widget_type=\"text-editor.default\">\n\t\t\t\t<div class=\"elementor-widget-container\">\n\t\t\t\t\t\t\t\t\t<p>Photographie Philippe Lebruman<\/p>\t\t\t\t\t\t\t\t<\/div>\n\t\t\t\t<\/div>\n\t\t\t\t\t<\/div>\n\t\t<\/div>\n\t\t\t\t\t<\/div>\n\t\t<\/section>\n\t\t\t\t<section class=\"elementor-section elementor-top-section elementor-element elementor-element-48d1cb5 elementor-section-boxed elementor-section-height-default elementor-section-height-default\" data-id=\"48d1cb5\" data-element_type=\"section\">\n\t\t\t\t\t\t<div class=\"elementor-container elementor-column-gap-default\">\n\t\t\t\t\t<div class=\"elementor-column elementor-col-100 elementor-top-column elementor-element elementor-element-64403de\" data-id=\"64403de\" data-element_type=\"column\">\n\t\t\t<div class=\"elementor-widget-wrap elementor-element-populated\">\n\t\t\t\t\t\t<div class=\"elementor-element elementor-element-3536c83 elementor-widget elementor-widget-image\" data-id=\"3536c83\" data-element_type=\"widget\" data-widget_type=\"image.default\">\n\t\t\t\t<div class=\"elementor-widget-container\">\n\t\t\t\t\t\t\t\t\t\t\t\t\t\t\t<img fetchpriority=\"high\" decoding=\"async\" width=\"768\" height=\"512\" src=\"https:\/\/leogarnier.com\/wp-content\/uploads\/2022\/07\/nuit-blanche-2019-zerep-3-768x512.jpg\" class=\"attachment-medium_large size-medium_large wp-image-1718\" alt=\"Lumi\u00e8re artificielle et lumi\u00e8re du jour Nuit Blanche 2019\" srcset=\"https:\/\/leogarnier.com\/wp-content\/uploads\/2022\/07\/nuit-blanche-2019-zerep-3-768x512.jpg 768w, https:\/\/leogarnier.com\/wp-content\/uploads\/2022\/07\/nuit-blanche-2019-zerep-3-300x200.jpg 300w, https:\/\/leogarnier.com\/wp-content\/uploads\/2022\/07\/nuit-blanche-2019-zerep-3.jpg 800w\" sizes=\"(max-width: 768px) 100vw, 768px\" \/>\t\t\t\t\t\t\t\t\t\t\t\t\t\t\t<\/div>\n\t\t\t\t<\/div>\n\t\t\t\t\t<\/div>\n\t\t<\/div>\n\t\t\t\t\t<\/div>\n\t\t<\/section>\n\t\t\t\t<section class=\"elementor-section elementor-top-section elementor-element elementor-element-caab94e elementor-section-boxed elementor-section-height-default elementor-section-height-default\" data-id=\"caab94e\" data-element_type=\"section\">\n\t\t\t\t\t\t<div class=\"elementor-container elementor-column-gap-default\">\n\t\t\t\t\t<div class=\"elementor-column elementor-col-100 elementor-top-column elementor-element elementor-element-8241743\" data-id=\"8241743\" data-element_type=\"column\">\n\t\t\t<div class=\"elementor-widget-wrap elementor-element-populated\">\n\t\t\t\t\t\t<div class=\"elementor-element elementor-element-93a3a3b elementor-widget elementor-widget-image\" data-id=\"93a3a3b\" data-element_type=\"widget\" data-widget_type=\"image.default\">\n\t\t\t\t<div class=\"elementor-widget-container\">\n\t\t\t\t\t\t\t\t\t\t\t\t\t\t\t<img decoding=\"async\" width=\"768\" height=\"513\" src=\"https:\/\/leogarnier.com\/wp-content\/uploads\/2022\/07\/nuit-blanche-2019-zerep-4-768x513.jpg\" class=\"attachment-medium_large size-medium_large wp-image-1719\" alt=\"\" srcset=\"https:\/\/leogarnier.com\/wp-content\/uploads\/2022\/07\/nuit-blanche-2019-zerep-4-768x513.jpg 768w, https:\/\/leogarnier.com\/wp-content\/uploads\/2022\/07\/nuit-blanche-2019-zerep-4-300x200.jpg 300w, https:\/\/leogarnier.com\/wp-content\/uploads\/2022\/07\/nuit-blanche-2019-zerep-4.jpg 800w\" sizes=\"(max-width: 768px) 100vw, 768px\" \/>\t\t\t\t\t\t\t\t\t\t\t\t\t\t\t<\/div>\n\t\t\t\t<\/div>\n\t\t\t\t\t<\/div>\n\t\t<\/div>\n\t\t\t\t\t<\/div>\n\t\t<\/section>\n\t\t\t\t<section class=\"elementor-section elementor-top-section elementor-element elementor-element-fccbe43 elementor-section-boxed elementor-section-height-default elementor-section-height-default\" data-id=\"fccbe43\" data-element_type=\"section\">\n\t\t\t\t\t\t<div class=\"elementor-container elementor-column-gap-default\">\n\t\t\t\t\t<div class=\"elementor-column elementor-col-100 elementor-top-column elementor-element elementor-element-674e005\" data-id=\"674e005\" data-element_type=\"column\">\n\t\t\t<div class=\"elementor-widget-wrap elementor-element-populated\">\n\t\t\t\t\t\t<div class=\"elementor-element elementor-element-6d956de elementor-widget elementor-widget-image\" data-id=\"6d956de\" data-element_type=\"widget\" data-widget_type=\"image.default\">\n\t\t\t\t<div class=\"elementor-widget-container\">\n\t\t\t\t\t\t\t\t\t\t\t\t\t\t\t<img decoding=\"async\" width=\"768\" height=\"512\" src=\"https:\/\/leogarnier.com\/wp-content\/uploads\/2022\/07\/nuit-blanche-2019-zerep-2-768x512.jpg\" class=\"attachment-medium_large size-medium_large wp-image-1717\" alt=\"Cadillac et masque Nuit Blanche 2019\" srcset=\"https:\/\/leogarnier.com\/wp-content\/uploads\/2022\/07\/nuit-blanche-2019-zerep-2-768x512.jpg 768w, https:\/\/leogarnier.com\/wp-content\/uploads\/2022\/07\/nuit-blanche-2019-zerep-2-300x200.jpg 300w, https:\/\/leogarnier.com\/wp-content\/uploads\/2022\/07\/nuit-blanche-2019-zerep-2.jpg 800w\" sizes=\"(max-width: 768px) 100vw, 768px\" \/>\t\t\t\t\t\t\t\t\t\t\t\t\t\t\t<\/div>\n\t\t\t\t<\/div>\n\t\t\t\t\t<\/div>\n\t\t<\/div>\n\t\t\t\t\t<\/div>\n\t\t<\/section>\n\t\t\t\t<section class=\"elementor-section elementor-top-section elementor-element elementor-element-0eb73c6 elementor-section-boxed elementor-section-height-default elementor-section-height-default\" data-id=\"0eb73c6\" data-element_type=\"section\">\n\t\t\t\t\t\t<div class=\"elementor-container elementor-column-gap-default\">\n\t\t\t\t\t<div class=\"elementor-column elementor-col-100 elementor-top-column elementor-element elementor-element-9d3b28f\" data-id=\"9d3b28f\" data-element_type=\"column\">\n\t\t\t<div class=\"elementor-widget-wrap elementor-element-populated\">\n\t\t\t\t\t\t<div class=\"elementor-element elementor-element-85aafe2 elementor-widget elementor-widget-text-editor\" data-id=\"85aafe2\" data-element_type=\"widget\" data-widget_type=\"text-editor.default\">\n\t\t\t\t<div class=\"elementor-widget-container\">\n\t\t\t\t\t\t\t\t\t<p><strong>Conception<\/strong> Sophie Perez et Xavier Boussiron<\/p><p><strong>Avec<\/strong><br \/>Sophie Perez<br \/>Sophie Lenoir<br \/>St\u00e9phane Roger<br \/>Marl\u00e8ne Saldana<br \/>Gilles Gaston-Dreyfus<br \/>Fran\u00e7oise Klein\u00a0\u00a0<br \/>Xavier Boussiron<br \/>Erge Yu<br \/>Dani\u00e8le Hugues<br \/>Tom Pezier<br \/>Julie Pagnier<br \/>Alexandre Michel<br \/>Claire Aimard<br \/>Chlo\u00e9 Vivares\u00a0\u00a0\u00a0\u00a0<br \/>Titiane Barthel<br \/>Mathilde Gentil<br \/>Marta Capaccioli<br \/>Louise Loubi\u00e8re<br \/>Nicole Mersey Ortega<br \/>Manu Laskar<br \/>Aur\u00e9lien Leforestier<br \/>Matthias Herrmann<br \/>Leen Van Dommelen\u00a0\u00a0\u00a0\u00a0\u00a0\u00a0<br \/>Anna Deloge<br \/>Marine Prunier<br \/>Camille Dejean<br \/>Perrine Derouan\u00e9\u00a0<br \/>Le groupe \u00ab Mariachi El Sol \u00bb<br \/>L\u2019atelier Mustang<\/p><p><strong>et la participation de<\/strong><br \/>Pierre Estorges<br \/>Baptiste De Laubier<br \/>Lucas Durendeau<br \/>Th\u00e9o Gabet<br \/>Matt\u00e9o Louisy<br \/>Louise Terradot\u00a0<br \/>Gauthier Tassart<\/p><p><strong>Costumes<\/strong> Sophie Perez et Corine Petitpierre<br \/><strong>Sculptures<\/strong> Dan Mestanza<br \/><strong>R\u00e9gie g\u00e9n\u00e9rale<\/strong> L\u00e9o Garnier<br \/><strong>R\u00e9gie<\/strong> Fr\u00e9d\u00e9ric Pierre, L\u00e9a Archimbaut<br \/><strong>R\u00e9gie plateau<\/strong> Adrien Castillo<br \/><strong>R\u00e9gie son<\/strong> L\u00e9o Chantreuil<br \/><strong>R\u00e9alisation costumes<\/strong> Marion Duvinage et L\u00e9a Assous<br \/><strong>Administration<\/strong> Julie Pagnier<br \/><strong>Assistante<\/strong> Tiphaine Lozupone<\/p>\t\t\t\t\t\t\t\t<\/div>\n\t\t\t\t<\/div>\n\t\t\t\t\t<\/div>\n\t\t<\/div>\n\t\t\t\t\t<\/div>\n\t\t<\/section>\n\t\t\t\t<section class=\"elementor-section elementor-top-section elementor-element elementor-element-c511b7e elementor-section-boxed elementor-section-height-default elementor-section-height-default\" data-id=\"c511b7e\" data-element_type=\"section\">\n\t\t\t\t\t\t<div class=\"elementor-container elementor-column-gap-default\">\n\t\t\t\t\t<div class=\"elementor-column elementor-col-100 elementor-top-column elementor-element elementor-element-092de71\" data-id=\"092de71\" data-element_type=\"column\">\n\t\t\t<div class=\"elementor-widget-wrap elementor-element-populated\">\n\t\t\t\t\t\t<div class=\"elementor-element elementor-element-7908116 elementor-widget elementor-widget-text-editor\" data-id=\"7908116\" data-element_type=\"widget\" data-widget_type=\"text-editor.default\">\n\t\t\t\t<div class=\"elementor-widget-container\">\n\t\t\t\t\t\t\t\t\t<p><strong>Production<\/strong> Compagnie du Zerep\u00a0coproduction Nuit Blanche 2019, Ville de Paris<\/p><p>La Compagnie du Zerep re\u00e7oit le soutien de la Direction r\u00e9gionale des affaires culturelles d\u2019Ile-de-France, Minist\u00e8re de la Culture et de la Communication.<\/p><p>Action financ\u00e9e par la R\u00e9gion Ile-de-France<\/p><p>Cr\u00e9ation le 5 octobre 2019 Nuit Blanche Paris<\/p>\t\t\t\t\t\t\t\t<\/div>\n\t\t\t\t<\/div>\n\t\t\t\t\t<\/div>\n\t\t<\/div>\n\t\t\t\t\t<\/div>\n\t\t<\/section>\n\t\t\t\t<\/div>\n\t\t","protected":false},"excerpt":{"rendered":"<p>Muchos Kilometros Nuit Blanche 2019 &#8211; Paris Photographie Philippe Lebruman Conception Sophie Perez et Xavier Boussiron Avec Sophie Perez Sophie Lenoir St\u00e9phane Roger Marl\u00e8ne Saldana Gilles Gaston-Dreyfus Fran\u00e7oise Klein&nbsp;&nbsp; Xavier Boussiron Erge Yu Dani\u00e8le Hugues Tom Pezier Julie Pagnier Alexandre Michel Claire Aimard Chlo\u00e9 Vivares&nbsp;&nbsp;&nbsp;&nbsp; Titiane Barthel Mathilde Gentil Marta Capaccioli Louise Loubi\u00e8re Nicole Mersey [&hellip;]<\/p>\n","protected":false},"author":1,"featured_media":0,"parent":0,"menu_order":0,"comment_status":"closed","ping_status":"closed","template":"","meta":{"footnotes":""},"class_list":["post-1644","page","type-page","status-publish","hentry"],"yoast_head":"<!-- This site is optimized with the Yoast SEO plugin v27.4 - https:\/\/yoast.com\/product\/yoast-seo-wordpress\/ -->\n<title>Nuit Blanche - Muchos kilometros - L\u00e9o Garnier<\/title>\n<meta name=\"description\" content=\"Nuit Blanche 2019 - Conception Sophie Perez et Xavier Boussiron - Chars et cadillac de la place de La Concorde \u00e0 la place de La bastille\" \/>\n<meta name=\"robots\" content=\"index, follow, max-snippet:-1, max-image-preview:large, max-video-preview:-1\" \/>\n<link rel=\"canonical\" href=\"https:\/\/leogarnier.com\/index.php\/muchos-kilometros\/\" \/>\n<meta property=\"og:locale\" content=\"fr_FR\" \/>\n<meta property=\"og:type\" content=\"article\" \/>\n<meta property=\"og:title\" content=\"Nuit Blanche - Muchos kilometros - L\u00e9o Garnier\" \/>\n<meta property=\"og:description\" content=\"Nuit Blanche 2019 - Conception Sophie Perez et Xavier Boussiron - Chars et cadillac de la place de La Concorde \u00e0 la place de La bastille\" \/>\n<meta property=\"og:url\" content=\"https:\/\/leogarnier.com\/index.php\/muchos-kilometros\/\" \/>\n<meta property=\"og:site_name\" content=\"L\u00e9o Garnier\" \/>\n<meta property=\"article:publisher\" content=\"https:\/\/www.facebook.com\/leo.garnier.102\/\" \/>\n<meta property=\"article:modified_time\" content=\"2022-09-28T19:20:49+00:00\" \/>\n<meta property=\"og:image\" content=\"https:\/\/leogarnier.com\/wp-content\/uploads\/2022\/07\/nuit-blanche-2019-zerep-3-768x512.jpg\" \/>\n<meta name=\"twitter:card\" content=\"summary_large_image\" \/>\n<meta name=\"twitter:label1\" content=\"Dur\u00e9e de lecture estim\u00e9e\" \/>\n\t<meta name=\"twitter:data1\" content=\"2 minutes\" \/>\n<script type=\"application\/ld+json\" class=\"yoast-schema-graph\">{\"@context\":\"https:\\\/\\\/schema.org\",\"@graph\":[{\"@type\":\"WebPage\",\"@id\":\"https:\\\/\\\/leogarnier.com\\\/index.php\\\/muchos-kilometros\\\/\",\"url\":\"https:\\\/\\\/leogarnier.com\\\/index.php\\\/muchos-kilometros\\\/\",\"name\":\"Nuit Blanche - Muchos kilometros - L\u00e9o Garnier\",\"isPartOf\":{\"@id\":\"https:\\\/\\\/leogarnier.com\\\/#website\"},\"primaryImageOfPage\":{\"@id\":\"https:\\\/\\\/leogarnier.com\\\/index.php\\\/muchos-kilometros\\\/#primaryimage\"},\"image\":{\"@id\":\"https:\\\/\\\/leogarnier.com\\\/index.php\\\/muchos-kilometros\\\/#primaryimage\"},\"thumbnailUrl\":\"https:\\\/\\\/leogarnier.com\\\/wp-content\\\/uploads\\\/2022\\\/07\\\/nuit-blanche-2019-zerep-3-768x512.jpg\",\"datePublished\":\"2022-07-29T14:36:14+00:00\",\"dateModified\":\"2022-09-28T19:20:49+00:00\",\"description\":\"Nuit Blanche 2019 - Conception Sophie Perez et Xavier Boussiron - Chars et cadillac de la place de La Concorde \u00e0 la place de La bastille\",\"breadcrumb\":{\"@id\":\"https:\\\/\\\/leogarnier.com\\\/index.php\\\/muchos-kilometros\\\/#breadcrumb\"},\"inLanguage\":\"fr-FR\",\"potentialAction\":[{\"@type\":\"ReadAction\",\"target\":[\"https:\\\/\\\/leogarnier.com\\\/index.php\\\/muchos-kilometros\\\/\"]}]},{\"@type\":\"ImageObject\",\"inLanguage\":\"fr-FR\",\"@id\":\"https:\\\/\\\/leogarnier.com\\\/index.php\\\/muchos-kilometros\\\/#primaryimage\",\"url\":\"https:\\\/\\\/leogarnier.com\\\/wp-content\\\/uploads\\\/2022\\\/07\\\/nuit-blanche-2019-zerep-3.jpg\",\"contentUrl\":\"https:\\\/\\\/leogarnier.com\\\/wp-content\\\/uploads\\\/2022\\\/07\\\/nuit-blanche-2019-zerep-3.jpg\",\"width\":800,\"height\":533,\"caption\":\"Lumi\u00e8re artificielle et lumi\u00e8re du jour Nuit Blanche 2019\"},{\"@type\":\"BreadcrumbList\",\"@id\":\"https:\\\/\\\/leogarnier.com\\\/index.php\\\/muchos-kilometros\\\/#breadcrumb\",\"itemListElement\":[{\"@type\":\"ListItem\",\"position\":1,\"name\":\"Accueil\",\"item\":\"https:\\\/\\\/leogarnier.com\\\/\"},{\"@type\":\"ListItem\",\"position\":2,\"name\":\"Muchos kilometros\"}]},{\"@type\":\"WebSite\",\"@id\":\"https:\\\/\\\/leogarnier.com\\\/#website\",\"url\":\"https:\\\/\\\/leogarnier.com\\\/\",\"name\":\"L\u00e9o Garnier\",\"description\":\"\u00c9clairagiste\",\"publisher\":{\"@id\":\"https:\\\/\\\/leogarnier.com\\\/#\\\/schema\\\/person\\\/9caf54ec40390ce3fa693f0b1acd3190\"},\"potentialAction\":[{\"@type\":\"SearchAction\",\"target\":{\"@type\":\"EntryPoint\",\"urlTemplate\":\"https:\\\/\\\/leogarnier.com\\\/?s={search_term_string}\"},\"query-input\":{\"@type\":\"PropertyValueSpecification\",\"valueRequired\":true,\"valueName\":\"search_term_string\"}}],\"inLanguage\":\"fr-FR\"},{\"@type\":[\"Person\",\"Organization\"],\"@id\":\"https:\\\/\\\/leogarnier.com\\\/#\\\/schema\\\/person\\\/9caf54ec40390ce3fa693f0b1acd3190\",\"name\":\"L\u00e9o\",\"image\":{\"@type\":\"ImageObject\",\"inLanguage\":\"fr-FR\",\"@id\":\"https:\\\/\\\/leogarnier.com\\\/wp-content\\\/uploads\\\/2022\\\/09\\\/Leo9.png\",\"url\":\"https:\\\/\\\/leogarnier.com\\\/wp-content\\\/uploads\\\/2022\\\/09\\\/Leo9.png\",\"contentUrl\":\"https:\\\/\\\/leogarnier.com\\\/wp-content\\\/uploads\\\/2022\\\/09\\\/Leo9.png\",\"width\":1148,\"height\":825,\"caption\":\"L\u00e9o\"},\"logo\":{\"@id\":\"https:\\\/\\\/leogarnier.com\\\/wp-content\\\/uploads\\\/2022\\\/09\\\/Leo9.png\"},\"sameAs\":[\"http:\\\/\\\/leogarnier.com\",\"https:\\\/\\\/www.facebook.com\\\/leo.garnier.102\\\/\",\"https:\\\/\\\/www.instagram.com\\\/garnierleo\\\/\"]}]}<\/script>\n<!-- \/ Yoast SEO plugin. -->","yoast_head_json":{"title":"Nuit Blanche - Muchos kilometros - L\u00e9o Garnier","description":"Nuit Blanche 2019 - Conception Sophie Perez et Xavier Boussiron - Chars et cadillac de la place de La Concorde \u00e0 la place de La bastille","robots":{"index":"index","follow":"follow","max-snippet":"max-snippet:-1","max-image-preview":"max-image-preview:large","max-video-preview":"max-video-preview:-1"},"canonical":"https:\/\/leogarnier.com\/index.php\/muchos-kilometros\/","og_locale":"fr_FR","og_type":"article","og_title":"Nuit Blanche - Muchos kilometros - L\u00e9o Garnier","og_description":"Nuit Blanche 2019 - Conception Sophie Perez et Xavier Boussiron - Chars et cadillac de la place de La Concorde \u00e0 la place de La bastille","og_url":"https:\/\/leogarnier.com\/index.php\/muchos-kilometros\/","og_site_name":"L\u00e9o Garnier","article_publisher":"https:\/\/www.facebook.com\/leo.garnier.102\/","article_modified_time":"2022-09-28T19:20:49+00:00","og_image":[{"url":"https:\/\/leogarnier.com\/wp-content\/uploads\/2022\/07\/nuit-blanche-2019-zerep-3-768x512.jpg","type":"","width":"","height":""}],"twitter_card":"summary_large_image","twitter_misc":{"Dur\u00e9e de lecture estim\u00e9e":"2 minutes"},"schema":{"@context":"https:\/\/schema.org","@graph":[{"@type":"WebPage","@id":"https:\/\/leogarnier.com\/index.php\/muchos-kilometros\/","url":"https:\/\/leogarnier.com\/index.php\/muchos-kilometros\/","name":"Nuit Blanche - Muchos kilometros - L\u00e9o Garnier","isPartOf":{"@id":"https:\/\/leogarnier.com\/#website"},"primaryImageOfPage":{"@id":"https:\/\/leogarnier.com\/index.php\/muchos-kilometros\/#primaryimage"},"image":{"@id":"https:\/\/leogarnier.com\/index.php\/muchos-kilometros\/#primaryimage"},"thumbnailUrl":"https:\/\/leogarnier.com\/wp-content\/uploads\/2022\/07\/nuit-blanche-2019-zerep-3-768x512.jpg","datePublished":"2022-07-29T14:36:14+00:00","dateModified":"2022-09-28T19:20:49+00:00","description":"Nuit Blanche 2019 - Conception Sophie Perez et Xavier Boussiron - Chars et cadillac de la place de La Concorde \u00e0 la place de La bastille","breadcrumb":{"@id":"https:\/\/leogarnier.com\/index.php\/muchos-kilometros\/#breadcrumb"},"inLanguage":"fr-FR","potentialAction":[{"@type":"ReadAction","target":["https:\/\/leogarnier.com\/index.php\/muchos-kilometros\/"]}]},{"@type":"ImageObject","inLanguage":"fr-FR","@id":"https:\/\/leogarnier.com\/index.php\/muchos-kilometros\/#primaryimage","url":"https:\/\/leogarnier.com\/wp-content\/uploads\/2022\/07\/nuit-blanche-2019-zerep-3.jpg","contentUrl":"https:\/\/leogarnier.com\/wp-content\/uploads\/2022\/07\/nuit-blanche-2019-zerep-3.jpg","width":800,"height":533,"caption":"Lumi\u00e8re artificielle et lumi\u00e8re du jour Nuit Blanche 2019"},{"@type":"BreadcrumbList","@id":"https:\/\/leogarnier.com\/index.php\/muchos-kilometros\/#breadcrumb","itemListElement":[{"@type":"ListItem","position":1,"name":"Accueil","item":"https:\/\/leogarnier.com\/"},{"@type":"ListItem","position":2,"name":"Muchos kilometros"}]},{"@type":"WebSite","@id":"https:\/\/leogarnier.com\/#website","url":"https:\/\/leogarnier.com\/","name":"L\u00e9o Garnier","description":"\u00c9clairagiste","publisher":{"@id":"https:\/\/leogarnier.com\/#\/schema\/person\/9caf54ec40390ce3fa693f0b1acd3190"},"potentialAction":[{"@type":"SearchAction","target":{"@type":"EntryPoint","urlTemplate":"https:\/\/leogarnier.com\/?s={search_term_string}"},"query-input":{"@type":"PropertyValueSpecification","valueRequired":true,"valueName":"search_term_string"}}],"inLanguage":"fr-FR"},{"@type":["Person","Organization"],"@id":"https:\/\/leogarnier.com\/#\/schema\/person\/9caf54ec40390ce3fa693f0b1acd3190","name":"L\u00e9o","image":{"@type":"ImageObject","inLanguage":"fr-FR","@id":"https:\/\/leogarnier.com\/wp-content\/uploads\/2022\/09\/Leo9.png","url":"https:\/\/leogarnier.com\/wp-content\/uploads\/2022\/09\/Leo9.png","contentUrl":"https:\/\/leogarnier.com\/wp-content\/uploads\/2022\/09\/Leo9.png","width":1148,"height":825,"caption":"L\u00e9o"},"logo":{"@id":"https:\/\/leogarnier.com\/wp-content\/uploads\/2022\/09\/Leo9.png"},"sameAs":["http:\/\/leogarnier.com","https:\/\/www.facebook.com\/leo.garnier.102\/","https:\/\/www.instagram.com\/garnierleo\/"]}]}},"_links":{"self":[{"href":"https:\/\/leogarnier.com\/index.php\/wp-json\/wp\/v2\/pages\/1644","targetHints":{"allow":["GET"]}}],"collection":[{"href":"https:\/\/leogarnier.com\/index.php\/wp-json\/wp\/v2\/pages"}],"about":[{"href":"https:\/\/leogarnier.com\/index.php\/wp-json\/wp\/v2\/types\/page"}],"author":[{"embeddable":true,"href":"https:\/\/leogarnier.com\/index.php\/wp-json\/wp\/v2\/users\/1"}],"replies":[{"embeddable":true,"href":"https:\/\/leogarnier.com\/index.php\/wp-json\/wp\/v2\/comments?post=1644"}],"version-history":[{"count":5,"href":"https:\/\/leogarnier.com\/index.php\/wp-json\/wp\/v2\/pages\/1644\/revisions"}],"predecessor-version":[{"id":2167,"href":"https:\/\/leogarnier.com\/index.php\/wp-json\/wp\/v2\/pages\/1644\/revisions\/2167"}],"wp:attachment":[{"href":"https:\/\/leogarnier.com\/index.php\/wp-json\/wp\/v2\/media?parent=1644"}],"curies":[{"name":"wp","href":"https:\/\/api.w.org\/{rel}","templated":true}]}}