{"id":166,"date":"2022-07-10T15:28:19","date_gmt":"2022-07-10T13:28:19","guid":{"rendered":"https:\/\/leogarnier.com\/?page_id=166"},"modified":"2022-09-28T21:18:46","modified_gmt":"2022-09-28T19:18:46","slug":"moriarty","status":"publish","type":"page","link":"https:\/\/leogarnier.com\/index.php\/moriarty\/","title":{"rendered":"Moriarty"},"content":{"rendered":"\t\t<div data-elementor-type=\"wp-page\" data-elementor-id=\"166\" class=\"elementor elementor-166\">\n\t\t\t\t\t\t<section class=\"elementor-section elementor-top-section elementor-element elementor-element-e0becfe elementor-section-boxed elementor-section-height-default elementor-section-height-default\" data-id=\"e0becfe\" data-element_type=\"section\">\n\t\t\t\t\t\t<div class=\"elementor-container elementor-column-gap-default\">\n\t\t\t\t\t<div class=\"elementor-column elementor-col-100 elementor-top-column elementor-element elementor-element-76e2dc7\" data-id=\"76e2dc7\" data-element_type=\"column\">\n\t\t\t<div class=\"elementor-widget-wrap elementor-element-populated\">\n\t\t\t\t\t\t<div class=\"elementor-element elementor-element-265ee76 elementor-widget elementor-widget-heading\" data-id=\"265ee76\" data-element_type=\"widget\" data-widget_type=\"heading.default\">\n\t\t\t\t<div class=\"elementor-widget-container\">\n\t\t\t\t\t<h2 class=\"elementor-heading-title elementor-size-default\">MORIARTY - \"Echoes from the borderline\"<\/h2>\t\t\t\t<\/div>\n\t\t\t\t<\/div>\n\t\t\t\t\t<\/div>\n\t\t<\/div>\n\t\t\t\t\t<\/div>\n\t\t<\/section>\n\t\t\t\t<section class=\"elementor-section elementor-top-section elementor-element elementor-element-973f37e elementor-section-boxed elementor-section-height-default elementor-section-height-default\" data-id=\"973f37e\" data-element_type=\"section\">\n\t\t\t\t\t\t<div class=\"elementor-container elementor-column-gap-default\">\n\t\t\t\t\t<div class=\"elementor-column elementor-col-100 elementor-top-column elementor-element elementor-element-73e9255\" data-id=\"73e9255\" data-element_type=\"column\">\n\t\t\t<div class=\"elementor-widget-wrap elementor-element-populated\">\n\t\t\t\t\t\t<div class=\"elementor-element elementor-element-58cac37 elementor-widget elementor-widget-text-editor\" data-id=\"58cac37\" data-element_type=\"widget\" data-widget_type=\"text-editor.default\">\n\t\t\t\t<div class=\"elementor-widget-container\">\n\t\t\t\t\t\t\t\t\t<p>Salle Pleyel &#8211; oct 2017<\/p>\t\t\t\t\t\t\t\t<\/div>\n\t\t\t\t<\/div>\n\t\t\t\t\t<\/div>\n\t\t<\/div>\n\t\t\t\t\t<\/div>\n\t\t<\/section>\n\t\t\t\t<section class=\"elementor-section elementor-top-section elementor-element elementor-element-939b661 elementor-section-boxed elementor-section-height-default elementor-section-height-default\" data-id=\"939b661\" data-element_type=\"section\">\n\t\t\t\t\t\t<div class=\"elementor-container elementor-column-gap-default\">\n\t\t\t\t\t<div class=\"elementor-column elementor-col-100 elementor-top-column elementor-element elementor-element-c677c9e\" data-id=\"c677c9e\" data-element_type=\"column\">\n\t\t\t<div class=\"elementor-widget-wrap elementor-element-populated\">\n\t\t\t\t\t\t<div class=\"elementor-element elementor-element-30341cc elementor-widget elementor-widget-image\" data-id=\"30341cc\" data-element_type=\"widget\" data-widget_type=\"image.default\">\n\t\t\t\t<div class=\"elementor-widget-container\">\n\t\t\t\t\t\t\t\t\t\t\t\t\t\t\t<img fetchpriority=\"high\" decoding=\"async\" width=\"768\" height=\"456\" src=\"https:\/\/leogarnier.com\/wp-content\/uploads\/2022\/07\/Moriarty-768x456.jpg\" class=\"attachment-medium_large size-medium_large wp-image-246\" alt=\"Lumi\u00e8re de concert\" srcset=\"https:\/\/leogarnier.com\/wp-content\/uploads\/2022\/07\/Moriarty-768x456.jpg 768w, https:\/\/leogarnier.com\/wp-content\/uploads\/2022\/07\/Moriarty-300x178.jpg 300w, https:\/\/leogarnier.com\/wp-content\/uploads\/2022\/07\/Moriarty-1024x609.jpg 1024w, https:\/\/leogarnier.com\/wp-content\/uploads\/2022\/07\/Moriarty-1536x913.jpg 1536w, https:\/\/leogarnier.com\/wp-content\/uploads\/2022\/07\/Moriarty.jpg 1600w\" sizes=\"(max-width: 768px) 100vw, 768px\" \/>\t\t\t\t\t\t\t\t\t\t\t\t\t\t\t<\/div>\n\t\t\t\t<\/div>\n\t\t\t\t\t<\/div>\n\t\t<\/div>\n\t\t\t\t\t<\/div>\n\t\t<\/section>\n\t\t\t\t<section class=\"elementor-section elementor-top-section elementor-element elementor-element-7ca3db0 elementor-section-boxed elementor-section-height-default elementor-section-height-default\" data-id=\"7ca3db0\" data-element_type=\"section\">\n\t\t\t\t\t\t<div class=\"elementor-container elementor-column-gap-default\">\n\t\t\t\t\t<div class=\"elementor-column elementor-col-100 elementor-top-column elementor-element elementor-element-1ef7260\" data-id=\"1ef7260\" data-element_type=\"column\">\n\t\t\t<div class=\"elementor-widget-wrap elementor-element-populated\">\n\t\t\t\t\t\t<div class=\"elementor-element elementor-element-d5cb7f6 elementor-widget elementor-widget-image\" data-id=\"d5cb7f6\" data-element_type=\"widget\" data-widget_type=\"image.default\">\n\t\t\t\t<div class=\"elementor-widget-container\">\n\t\t\t\t\t\t\t\t\t\t\t\t\t\t\t<img decoding=\"async\" width=\"768\" height=\"712\" src=\"https:\/\/leogarnier.com\/wp-content\/uploads\/2022\/07\/Moriarty-01-768x712.jpg\" class=\"attachment-medium_large size-medium_large wp-image-247\" alt=\"Lumi\u00e8re de concert\" srcset=\"https:\/\/leogarnier.com\/wp-content\/uploads\/2022\/07\/Moriarty-01-768x712.jpg 768w, https:\/\/leogarnier.com\/wp-content\/uploads\/2022\/07\/Moriarty-01-300x278.jpg 300w, https:\/\/leogarnier.com\/wp-content\/uploads\/2022\/07\/Moriarty-01-1024x950.jpg 1024w, https:\/\/leogarnier.com\/wp-content\/uploads\/2022\/07\/Moriarty-01.jpg 1300w\" sizes=\"(max-width: 768px) 100vw, 768px\" \/>\t\t\t\t\t\t\t\t\t\t\t\t\t\t\t<\/div>\n\t\t\t\t<\/div>\n\t\t\t\t\t<\/div>\n\t\t<\/div>\n\t\t\t\t\t<\/div>\n\t\t<\/section>\n\t\t\t\t<section class=\"elementor-section elementor-top-section elementor-element elementor-element-8155b96 elementor-section-boxed elementor-section-height-default elementor-section-height-default\" data-id=\"8155b96\" data-element_type=\"section\">\n\t\t\t\t\t\t<div class=\"elementor-container elementor-column-gap-default\">\n\t\t\t\t\t<div class=\"elementor-column elementor-col-100 elementor-top-column elementor-element elementor-element-8cdf76f\" data-id=\"8cdf76f\" data-element_type=\"column\">\n\t\t\t<div class=\"elementor-widget-wrap elementor-element-populated\">\n\t\t\t\t\t\t<div class=\"elementor-element elementor-element-8167cb1 elementor-widget elementor-widget-image\" data-id=\"8167cb1\" data-element_type=\"widget\" data-widget_type=\"image.default\">\n\t\t\t\t<div class=\"elementor-widget-container\">\n\t\t\t\t\t\t\t\t\t\t\t\t\t\t\t<img decoding=\"async\" width=\"768\" height=\"1024\" src=\"https:\/\/leogarnier.com\/wp-content\/uploads\/2022\/07\/Moriarty07-768x1024.jpg\" class=\"attachment-medium_large size-medium_large wp-image-249\" alt=\"Lumi\u00e8re de concert\" srcset=\"https:\/\/leogarnier.com\/wp-content\/uploads\/2022\/07\/Moriarty07-768x1024.jpg 768w, https:\/\/leogarnier.com\/wp-content\/uploads\/2022\/07\/Moriarty07-225x300.jpg 225w, https:\/\/leogarnier.com\/wp-content\/uploads\/2022\/07\/Moriarty07.jpg 975w\" sizes=\"(max-width: 768px) 100vw, 768px\" \/>\t\t\t\t\t\t\t\t\t\t\t\t\t\t\t<\/div>\n\t\t\t\t<\/div>\n\t\t\t\t\t<\/div>\n\t\t<\/div>\n\t\t\t\t\t<\/div>\n\t\t<\/section>\n\t\t\t\t<section class=\"elementor-section elementor-top-section elementor-element elementor-element-b2f6aa8 elementor-section-boxed elementor-section-height-default elementor-section-height-default\" data-id=\"b2f6aa8\" data-element_type=\"section\">\n\t\t\t\t\t\t<div class=\"elementor-container elementor-column-gap-default\">\n\t\t\t\t\t<div class=\"elementor-column elementor-col-100 elementor-top-column elementor-element elementor-element-db62173\" data-id=\"db62173\" data-element_type=\"column\">\n\t\t\t<div class=\"elementor-widget-wrap elementor-element-populated\">\n\t\t\t\t\t\t<div class=\"elementor-element elementor-element-469f625 elementor-widget elementor-widget-image\" data-id=\"469f625\" data-element_type=\"widget\" data-widget_type=\"image.default\">\n\t\t\t\t<div class=\"elementor-widget-container\">\n\t\t\t\t\t\t\t\t\t\t\t\t\t\t\t<img loading=\"lazy\" decoding=\"async\" width=\"768\" height=\"424\" src=\"https:\/\/leogarnier.com\/wp-content\/uploads\/2022\/07\/Moriarty04-768x424-1.jpg\" class=\"attachment-medium_large size-medium_large wp-image-248\" alt=\"Lumi\u00e8re de concert\" srcset=\"https:\/\/leogarnier.com\/wp-content\/uploads\/2022\/07\/Moriarty04-768x424-1.jpg 768w, https:\/\/leogarnier.com\/wp-content\/uploads\/2022\/07\/Moriarty04-768x424-1-300x166.jpg 300w\" sizes=\"(max-width: 768px) 100vw, 768px\" \/>\t\t\t\t\t\t\t\t\t\t\t\t\t\t\t<\/div>\n\t\t\t\t<\/div>\n\t\t\t\t\t<\/div>\n\t\t<\/div>\n\t\t\t\t\t<\/div>\n\t\t<\/section>\n\t\t\t\t<section class=\"elementor-section elementor-top-section elementor-element elementor-element-31bf266 elementor-section-boxed elementor-section-height-default elementor-section-height-default\" data-id=\"31bf266\" data-element_type=\"section\">\n\t\t\t\t\t\t<div class=\"elementor-container elementor-column-gap-default\">\n\t\t\t\t\t<div class=\"elementor-column elementor-col-100 elementor-top-column elementor-element elementor-element-49c0d8a\" data-id=\"49c0d8a\" data-element_type=\"column\">\n\t\t\t<div class=\"elementor-widget-wrap elementor-element-populated\">\n\t\t\t\t\t\t<div class=\"elementor-element elementor-element-40eeb07 elementor-widget elementor-widget-text-editor\" data-id=\"40eeb07\" data-element_type=\"widget\" data-widget_type=\"text-editor.default\">\n\t\t\t\t<div class=\"elementor-widget-container\">\n\t\t\t\t\t\t\t\t\t<p>Moriarty<\/p><p><strong>Avec\u00a0<br \/><\/strong>Rosemary Standley (chant)<br \/>Thomas Pu\u00e9chavy (harmonica &#8211; guimbarde)\u00a0<br \/>Arthur B. Gillette\u00a0 (guitare &#8211; percussions)<br \/>Stephan Zimmerli\u00a0 (contrebasse &#8211; guitare)<br \/>Charles Carmignac\u00a0 (dobro &#8211; guitare)<br \/>Vincent Talpaert (batterie &#8211; percussions)<br \/>\u00c9ric Tafani (batterie &#8211; percussions)<\/p><p><br \/><strong>Lumi\u00e8re\u00a0<\/strong> L\u00e9o Garnier<\/p><p>Salle Pleyel Paris<\/p>\t\t\t\t\t\t\t\t<\/div>\n\t\t\t\t<\/div>\n\t\t\t\t\t<\/div>\n\t\t<\/div>\n\t\t\t\t\t<\/div>\n\t\t<\/section>\n\t\t\t\t<\/div>\n\t\t","protected":false},"excerpt":{"rendered":"<p>MORIARTY &#8211; \u00ab\u00a0Echoes from the borderline\u00a0\u00bb Salle Pleyel &#8211; oct 2017 Moriarty Avec&nbsp; Rosemary Standley (chant) Thomas Pu\u00e9chavy (harmonica &#8211; guimbarde)&nbsp; Arthur B. Gillette&nbsp; (guitare &#8211; percussions) Stephan Zimmerli&nbsp; (contrebasse &#8211; guitare) Charles Carmignac&nbsp; (dobro &#8211; guitare) Vincent Talpaert (batterie &#8211; percussions) \u00c9ric Tafani (batterie &#8211; percussions) Lumi\u00e8re&nbsp; L\u00e9o Garnier Salle Pleyel Paris<\/p>\n","protected":false},"author":1,"featured_media":0,"parent":0,"menu_order":0,"comment_status":"closed","ping_status":"closed","template":"","meta":{"footnotes":""},"class_list":["post-166","page","type-page","status-publish","hentry"],"yoast_head":"<!-- This site is optimized with the Yoast SEO plugin v27.4 - https:\/\/yoast.com\/product\/yoast-seo-wordpress\/ -->\n<title>Moriarty - L\u00e9o Garnier<\/title>\n<meta name=\"description\" content=\"Moriarty - Echoes from the borderline - Salle Pleyel 2017 - r\u00e9union des 10 ans de l&#039;album - Lumi\u00e8re L\u00e9o Garnier\" \/>\n<meta name=\"robots\" content=\"index, follow, max-snippet:-1, max-image-preview:large, max-video-preview:-1\" \/>\n<link rel=\"canonical\" href=\"https:\/\/leogarnier.com\/index.php\/moriarty\/\" \/>\n<meta property=\"og:locale\" content=\"fr_FR\" \/>\n<meta property=\"og:type\" content=\"article\" \/>\n<meta property=\"og:title\" content=\"Moriarty - L\u00e9o Garnier\" \/>\n<meta property=\"og:description\" content=\"Moriarty - Echoes from the borderline - Salle Pleyel 2017 - r\u00e9union des 10 ans de l&#039;album - Lumi\u00e8re L\u00e9o Garnier\" \/>\n<meta property=\"og:url\" content=\"https:\/\/leogarnier.com\/index.php\/moriarty\/\" \/>\n<meta property=\"og:site_name\" content=\"L\u00e9o Garnier\" \/>\n<meta property=\"article:publisher\" content=\"https:\/\/www.facebook.com\/leo.garnier.102\/\" \/>\n<meta property=\"article:modified_time\" content=\"2022-09-28T19:18:46+00:00\" \/>\n<meta property=\"og:image\" content=\"https:\/\/leogarnier.com\/wp-content\/uploads\/2022\/07\/Moriarty-768x456.jpg\" \/>\n<meta name=\"twitter:card\" content=\"summary_large_image\" \/>\n<meta name=\"twitter:label1\" content=\"Dur\u00e9e de lecture estim\u00e9e\" \/>\n\t<meta name=\"twitter:data1\" content=\"2 minutes\" \/>\n<script type=\"application\/ld+json\" class=\"yoast-schema-graph\">{\"@context\":\"https:\\\/\\\/schema.org\",\"@graph\":[{\"@type\":\"WebPage\",\"@id\":\"https:\\\/\\\/leogarnier.com\\\/index.php\\\/moriarty\\\/\",\"url\":\"https:\\\/\\\/leogarnier.com\\\/index.php\\\/moriarty\\\/\",\"name\":\"Moriarty - L\u00e9o Garnier\",\"isPartOf\":{\"@id\":\"https:\\\/\\\/leogarnier.com\\\/#website\"},\"primaryImageOfPage\":{\"@id\":\"https:\\\/\\\/leogarnier.com\\\/index.php\\\/moriarty\\\/#primaryimage\"},\"image\":{\"@id\":\"https:\\\/\\\/leogarnier.com\\\/index.php\\\/moriarty\\\/#primaryimage\"},\"thumbnailUrl\":\"https:\\\/\\\/leogarnier.com\\\/wp-content\\\/uploads\\\/2022\\\/07\\\/Moriarty-768x456.jpg\",\"datePublished\":\"2022-07-10T13:28:19+00:00\",\"dateModified\":\"2022-09-28T19:18:46+00:00\",\"description\":\"Moriarty - Echoes from the borderline - Salle Pleyel 2017 - r\u00e9union des 10 ans de l'album - Lumi\u00e8re L\u00e9o Garnier\",\"breadcrumb\":{\"@id\":\"https:\\\/\\\/leogarnier.com\\\/index.php\\\/moriarty\\\/#breadcrumb\"},\"inLanguage\":\"fr-FR\",\"potentialAction\":[{\"@type\":\"ReadAction\",\"target\":[\"https:\\\/\\\/leogarnier.com\\\/index.php\\\/moriarty\\\/\"]}]},{\"@type\":\"ImageObject\",\"inLanguage\":\"fr-FR\",\"@id\":\"https:\\\/\\\/leogarnier.com\\\/index.php\\\/moriarty\\\/#primaryimage\",\"url\":\"https:\\\/\\\/leogarnier.com\\\/wp-content\\\/uploads\\\/2022\\\/07\\\/Moriarty.jpg\",\"contentUrl\":\"https:\\\/\\\/leogarnier.com\\\/wp-content\\\/uploads\\\/2022\\\/07\\\/Moriarty.jpg\",\"width\":1600,\"height\":951,\"caption\":\"Lumi\u00e8re de concert\"},{\"@type\":\"BreadcrumbList\",\"@id\":\"https:\\\/\\\/leogarnier.com\\\/index.php\\\/moriarty\\\/#breadcrumb\",\"itemListElement\":[{\"@type\":\"ListItem\",\"position\":1,\"name\":\"Accueil\",\"item\":\"https:\\\/\\\/leogarnier.com\\\/\"},{\"@type\":\"ListItem\",\"position\":2,\"name\":\"Moriarty\"}]},{\"@type\":\"WebSite\",\"@id\":\"https:\\\/\\\/leogarnier.com\\\/#website\",\"url\":\"https:\\\/\\\/leogarnier.com\\\/\",\"name\":\"L\u00e9o Garnier\",\"description\":\"\u00c9clairagiste\",\"publisher\":{\"@id\":\"https:\\\/\\\/leogarnier.com\\\/#\\\/schema\\\/person\\\/9caf54ec40390ce3fa693f0b1acd3190\"},\"potentialAction\":[{\"@type\":\"SearchAction\",\"target\":{\"@type\":\"EntryPoint\",\"urlTemplate\":\"https:\\\/\\\/leogarnier.com\\\/?s={search_term_string}\"},\"query-input\":{\"@type\":\"PropertyValueSpecification\",\"valueRequired\":true,\"valueName\":\"search_term_string\"}}],\"inLanguage\":\"fr-FR\"},{\"@type\":[\"Person\",\"Organization\"],\"@id\":\"https:\\\/\\\/leogarnier.com\\\/#\\\/schema\\\/person\\\/9caf54ec40390ce3fa693f0b1acd3190\",\"name\":\"L\u00e9o\",\"image\":{\"@type\":\"ImageObject\",\"inLanguage\":\"fr-FR\",\"@id\":\"https:\\\/\\\/leogarnier.com\\\/wp-content\\\/uploads\\\/2022\\\/09\\\/Leo9.png\",\"url\":\"https:\\\/\\\/leogarnier.com\\\/wp-content\\\/uploads\\\/2022\\\/09\\\/Leo9.png\",\"contentUrl\":\"https:\\\/\\\/leogarnier.com\\\/wp-content\\\/uploads\\\/2022\\\/09\\\/Leo9.png\",\"width\":1148,\"height\":825,\"caption\":\"L\u00e9o\"},\"logo\":{\"@id\":\"https:\\\/\\\/leogarnier.com\\\/wp-content\\\/uploads\\\/2022\\\/09\\\/Leo9.png\"},\"sameAs\":[\"http:\\\/\\\/leogarnier.com\",\"https:\\\/\\\/www.facebook.com\\\/leo.garnier.102\\\/\",\"https:\\\/\\\/www.instagram.com\\\/garnierleo\\\/\"]}]}<\/script>\n<!-- \/ Yoast SEO plugin. -->","yoast_head_json":{"title":"Moriarty - L\u00e9o Garnier","description":"Moriarty - Echoes from the borderline - Salle Pleyel 2017 - r\u00e9union des 10 ans de l'album - Lumi\u00e8re L\u00e9o Garnier","robots":{"index":"index","follow":"follow","max-snippet":"max-snippet:-1","max-image-preview":"max-image-preview:large","max-video-preview":"max-video-preview:-1"},"canonical":"https:\/\/leogarnier.com\/index.php\/moriarty\/","og_locale":"fr_FR","og_type":"article","og_title":"Moriarty - L\u00e9o Garnier","og_description":"Moriarty - Echoes from the borderline - Salle Pleyel 2017 - r\u00e9union des 10 ans de l'album - Lumi\u00e8re L\u00e9o Garnier","og_url":"https:\/\/leogarnier.com\/index.php\/moriarty\/","og_site_name":"L\u00e9o Garnier","article_publisher":"https:\/\/www.facebook.com\/leo.garnier.102\/","article_modified_time":"2022-09-28T19:18:46+00:00","og_image":[{"url":"https:\/\/leogarnier.com\/wp-content\/uploads\/2022\/07\/Moriarty-768x456.jpg","type":"","width":"","height":""}],"twitter_card":"summary_large_image","twitter_misc":{"Dur\u00e9e de lecture estim\u00e9e":"2 minutes"},"schema":{"@context":"https:\/\/schema.org","@graph":[{"@type":"WebPage","@id":"https:\/\/leogarnier.com\/index.php\/moriarty\/","url":"https:\/\/leogarnier.com\/index.php\/moriarty\/","name":"Moriarty - L\u00e9o Garnier","isPartOf":{"@id":"https:\/\/leogarnier.com\/#website"},"primaryImageOfPage":{"@id":"https:\/\/leogarnier.com\/index.php\/moriarty\/#primaryimage"},"image":{"@id":"https:\/\/leogarnier.com\/index.php\/moriarty\/#primaryimage"},"thumbnailUrl":"https:\/\/leogarnier.com\/wp-content\/uploads\/2022\/07\/Moriarty-768x456.jpg","datePublished":"2022-07-10T13:28:19+00:00","dateModified":"2022-09-28T19:18:46+00:00","description":"Moriarty - Echoes from the borderline - Salle Pleyel 2017 - r\u00e9union des 10 ans de l'album - Lumi\u00e8re L\u00e9o Garnier","breadcrumb":{"@id":"https:\/\/leogarnier.com\/index.php\/moriarty\/#breadcrumb"},"inLanguage":"fr-FR","potentialAction":[{"@type":"ReadAction","target":["https:\/\/leogarnier.com\/index.php\/moriarty\/"]}]},{"@type":"ImageObject","inLanguage":"fr-FR","@id":"https:\/\/leogarnier.com\/index.php\/moriarty\/#primaryimage","url":"https:\/\/leogarnier.com\/wp-content\/uploads\/2022\/07\/Moriarty.jpg","contentUrl":"https:\/\/leogarnier.com\/wp-content\/uploads\/2022\/07\/Moriarty.jpg","width":1600,"height":951,"caption":"Lumi\u00e8re de concert"},{"@type":"BreadcrumbList","@id":"https:\/\/leogarnier.com\/index.php\/moriarty\/#breadcrumb","itemListElement":[{"@type":"ListItem","position":1,"name":"Accueil","item":"https:\/\/leogarnier.com\/"},{"@type":"ListItem","position":2,"name":"Moriarty"}]},{"@type":"WebSite","@id":"https:\/\/leogarnier.com\/#website","url":"https:\/\/leogarnier.com\/","name":"L\u00e9o Garnier","description":"\u00c9clairagiste","publisher":{"@id":"https:\/\/leogarnier.com\/#\/schema\/person\/9caf54ec40390ce3fa693f0b1acd3190"},"potentialAction":[{"@type":"SearchAction","target":{"@type":"EntryPoint","urlTemplate":"https:\/\/leogarnier.com\/?s={search_term_string}"},"query-input":{"@type":"PropertyValueSpecification","valueRequired":true,"valueName":"search_term_string"}}],"inLanguage":"fr-FR"},{"@type":["Person","Organization"],"@id":"https:\/\/leogarnier.com\/#\/schema\/person\/9caf54ec40390ce3fa693f0b1acd3190","name":"L\u00e9o","image":{"@type":"ImageObject","inLanguage":"fr-FR","@id":"https:\/\/leogarnier.com\/wp-content\/uploads\/2022\/09\/Leo9.png","url":"https:\/\/leogarnier.com\/wp-content\/uploads\/2022\/09\/Leo9.png","contentUrl":"https:\/\/leogarnier.com\/wp-content\/uploads\/2022\/09\/Leo9.png","width":1148,"height":825,"caption":"L\u00e9o"},"logo":{"@id":"https:\/\/leogarnier.com\/wp-content\/uploads\/2022\/09\/Leo9.png"},"sameAs":["http:\/\/leogarnier.com","https:\/\/www.facebook.com\/leo.garnier.102\/","https:\/\/www.instagram.com\/garnierleo\/"]}]}},"_links":{"self":[{"href":"https:\/\/leogarnier.com\/index.php\/wp-json\/wp\/v2\/pages\/166","targetHints":{"allow":["GET"]}}],"collection":[{"href":"https:\/\/leogarnier.com\/index.php\/wp-json\/wp\/v2\/pages"}],"about":[{"href":"https:\/\/leogarnier.com\/index.php\/wp-json\/wp\/v2\/types\/page"}],"author":[{"embeddable":true,"href":"https:\/\/leogarnier.com\/index.php\/wp-json\/wp\/v2\/users\/1"}],"replies":[{"embeddable":true,"href":"https:\/\/leogarnier.com\/index.php\/wp-json\/wp\/v2\/comments?post=166"}],"version-history":[{"count":14,"href":"https:\/\/leogarnier.com\/index.php\/wp-json\/wp\/v2\/pages\/166\/revisions"}],"predecessor-version":[{"id":2166,"href":"https:\/\/leogarnier.com\/index.php\/wp-json\/wp\/v2\/pages\/166\/revisions\/2166"}],"wp:attachment":[{"href":"https:\/\/leogarnier.com\/index.php\/wp-json\/wp\/v2\/media?parent=166"}],"curies":[{"name":"wp","href":"https:\/\/api.w.org\/{rel}","templated":true}]}}