{"id":172,"date":"2022-07-10T15:29:18","date_gmt":"2022-07-10T13:29:18","guid":{"rendered":"https:\/\/leogarnier.com\/?page_id=172"},"modified":"2022-09-29T23:20:53","modified_gmt":"2022-09-29T21:20:53","slug":"les-femmes-savantes","status":"publish","type":"page","link":"https:\/\/leogarnier.com\/index.php\/les-femmes-savantes\/","title":{"rendered":"Les Femmes Savantes"},"content":{"rendered":"\t\t<div data-elementor-type=\"wp-page\" data-elementor-id=\"172\" class=\"elementor elementor-172\">\n\t\t\t\t\t\t<section class=\"elementor-section elementor-top-section elementor-element elementor-element-b1cda49 elementor-section-boxed elementor-section-height-default elementor-section-height-default\" data-id=\"b1cda49\" data-element_type=\"section\">\n\t\t\t\t\t\t<div class=\"elementor-container elementor-column-gap-default\">\n\t\t\t\t\t<div class=\"elementor-column elementor-col-100 elementor-top-column elementor-element elementor-element-48048c4\" data-id=\"48048c4\" data-element_type=\"column\">\n\t\t\t<div class=\"elementor-widget-wrap elementor-element-populated\">\n\t\t\t\t\t\t<div class=\"elementor-element elementor-element-de9f144 elementor-widget elementor-widget-heading\" data-id=\"de9f144\" data-element_type=\"widget\" data-widget_type=\"heading.default\">\n\t\t\t\t<div class=\"elementor-widget-container\">\n\t\t\t\t\t<h2 class=\"elementor-heading-title elementor-size-default\">Les femmes savantes<\/h2>\t\t\t\t<\/div>\n\t\t\t\t<\/div>\n\t\t\t\t\t<\/div>\n\t\t<\/div>\n\t\t\t\t\t<\/div>\n\t\t<\/section>\n\t\t\t\t<section class=\"elementor-section elementor-top-section elementor-element elementor-element-8193384 elementor-section-boxed elementor-section-height-default elementor-section-height-default\" data-id=\"8193384\" data-element_type=\"section\">\n\t\t\t\t\t\t<div class=\"elementor-container elementor-column-gap-default\">\n\t\t\t\t\t<div class=\"elementor-column elementor-col-100 elementor-top-column elementor-element elementor-element-42289e4\" data-id=\"42289e4\" data-element_type=\"column\">\n\t\t\t<div class=\"elementor-widget-wrap elementor-element-populated\">\n\t\t\t\t\t\t<div class=\"elementor-element elementor-element-3be9f3f elementor-widget elementor-widget-text-editor\" data-id=\"3be9f3f\" data-element_type=\"widget\" data-widget_type=\"text-editor.default\">\n\t\t\t\t<div class=\"elementor-widget-container\">\n\t\t\t\t\t\t\t\t\t<p>Th\u00e9\u00e2tre des Quartiers d&rsquo;Ivry &#8211; dec 2016<\/p>\t\t\t\t\t\t\t\t<\/div>\n\t\t\t\t<\/div>\n\t\t\t\t\t<\/div>\n\t\t<\/div>\n\t\t\t\t\t<\/div>\n\t\t<\/section>\n\t\t\t\t<section class=\"elementor-section elementor-top-section elementor-element elementor-element-0dfc2a1 elementor-section-boxed elementor-section-height-default elementor-section-height-default\" data-id=\"0dfc2a1\" data-element_type=\"section\">\n\t\t\t\t\t\t<div class=\"elementor-container elementor-column-gap-default\">\n\t\t\t\t\t<div class=\"elementor-column elementor-col-100 elementor-top-column elementor-element elementor-element-75d7bde\" data-id=\"75d7bde\" data-element_type=\"column\">\n\t\t\t<div class=\"elementor-widget-wrap elementor-element-populated\">\n\t\t\t\t\t\t<div class=\"elementor-element elementor-element-d8171d4 elementor-widget elementor-widget-text-editor\" data-id=\"d8171d4\" data-element_type=\"widget\" data-widget_type=\"text-editor.default\">\n\t\t\t\t<div class=\"elementor-widget-container\">\n\t\t\t\t\t\t\t\t\t<p>Photographie Alain RICHARD<\/p>\t\t\t\t\t\t\t\t<\/div>\n\t\t\t\t<\/div>\n\t\t\t\t\t<\/div>\n\t\t<\/div>\n\t\t\t\t\t<\/div>\n\t\t<\/section>\n\t\t\t\t<section class=\"elementor-section elementor-top-section elementor-element elementor-element-263bca5 elementor-section-boxed elementor-section-height-default elementor-section-height-default\" data-id=\"263bca5\" data-element_type=\"section\">\n\t\t\t\t\t\t<div class=\"elementor-container elementor-column-gap-default\">\n\t\t\t\t\t<div class=\"elementor-column elementor-col-100 elementor-top-column elementor-element elementor-element-21f7244\" data-id=\"21f7244\" data-element_type=\"column\">\n\t\t\t<div class=\"elementor-widget-wrap elementor-element-populated\">\n\t\t\t\t\t\t<div class=\"elementor-element elementor-element-d26ab9a elementor-widget elementor-widget-image\" data-id=\"d26ab9a\" data-element_type=\"widget\" data-widget_type=\"image.default\">\n\t\t\t\t<div class=\"elementor-widget-container\">\n\t\t\t\t\t\t\t\t\t\t\t\t\t\t\t<img fetchpriority=\"high\" decoding=\"async\" width=\"768\" height=\"548\" src=\"https:\/\/leogarnier.com\/wp-content\/uploads\/2022\/07\/FS-4BD-Henriette@-Alain-Richard-768x548.jpg\" class=\"attachment-medium_large size-medium_large wp-image-262\" alt=\"Eclairage et vid\u00e9o\" srcset=\"https:\/\/leogarnier.com\/wp-content\/uploads\/2022\/07\/FS-4BD-Henriette@-Alain-Richard-768x548.jpg 768w, https:\/\/leogarnier.com\/wp-content\/uploads\/2022\/07\/FS-4BD-Henriette@-Alain-Richard-300x214.jpg 300w, https:\/\/leogarnier.com\/wp-content\/uploads\/2022\/07\/FS-4BD-Henriette@-Alain-Richard.jpg 800w\" sizes=\"(max-width: 768px) 100vw, 768px\" \/>\t\t\t\t\t\t\t\t\t\t\t\t\t\t\t<\/div>\n\t\t\t\t<\/div>\n\t\t\t\t\t<\/div>\n\t\t<\/div>\n\t\t\t\t\t<\/div>\n\t\t<\/section>\n\t\t\t\t<section class=\"elementor-section elementor-top-section elementor-element elementor-element-a176d9f elementor-section-boxed elementor-section-height-default elementor-section-height-default\" data-id=\"a176d9f\" data-element_type=\"section\">\n\t\t\t\t\t\t<div class=\"elementor-container elementor-column-gap-default\">\n\t\t\t\t\t<div class=\"elementor-column elementor-col-100 elementor-top-column elementor-element elementor-element-e34dfaf\" data-id=\"e34dfaf\" data-element_type=\"column\">\n\t\t\t<div class=\"elementor-widget-wrap elementor-element-populated\">\n\t\t\t\t\t\t<div class=\"elementor-element elementor-element-0b58449 elementor-widget elementor-widget-image\" data-id=\"0b58449\" data-element_type=\"widget\" data-widget_type=\"image.default\">\n\t\t\t\t<div class=\"elementor-widget-container\">\n\t\t\t\t\t\t\t\t\t\t\t\t\t\t\t<img decoding=\"async\" width=\"768\" height=\"548\" src=\"https:\/\/leogarnier.com\/wp-content\/uploads\/2022\/07\/FS-3BD-Henriette@-Alain-Richard-768x548.jpg\" class=\"attachment-medium_large size-medium_large wp-image-261\" alt=\"Lumi\u00e8re sur deux plans\" srcset=\"https:\/\/leogarnier.com\/wp-content\/uploads\/2022\/07\/FS-3BD-Henriette@-Alain-Richard-768x548.jpg 768w, https:\/\/leogarnier.com\/wp-content\/uploads\/2022\/07\/FS-3BD-Henriette@-Alain-Richard-300x214.jpg 300w, https:\/\/leogarnier.com\/wp-content\/uploads\/2022\/07\/FS-3BD-Henriette@-Alain-Richard.jpg 800w\" sizes=\"(max-width: 768px) 100vw, 768px\" \/>\t\t\t\t\t\t\t\t\t\t\t\t\t\t\t<\/div>\n\t\t\t\t<\/div>\n\t\t\t\t\t<\/div>\n\t\t<\/div>\n\t\t\t\t\t<\/div>\n\t\t<\/section>\n\t\t\t\t<section class=\"elementor-section elementor-top-section elementor-element elementor-element-944ba4c elementor-section-boxed elementor-section-height-default elementor-section-height-default\" data-id=\"944ba4c\" data-element_type=\"section\">\n\t\t\t\t\t\t<div class=\"elementor-container elementor-column-gap-default\">\n\t\t\t\t\t<div class=\"elementor-column elementor-col-100 elementor-top-column elementor-element elementor-element-d371f8c\" data-id=\"d371f8c\" data-element_type=\"column\">\n\t\t\t<div class=\"elementor-widget-wrap elementor-element-populated\">\n\t\t\t\t\t\t<div class=\"elementor-element elementor-element-741e946 elementor-widget elementor-widget-text-editor\" data-id=\"741e946\" data-element_type=\"widget\" data-widget_type=\"text-editor.default\">\n\t\t\t\t<div class=\"elementor-widget-container\">\n\t\t\t\t\t\t\t\t\t<p>Photographie Herv\u00e9 BELLAMY<\/p>\t\t\t\t\t\t\t\t<\/div>\n\t\t\t\t<\/div>\n\t\t\t\t\t<\/div>\n\t\t<\/div>\n\t\t\t\t\t<\/div>\n\t\t<\/section>\n\t\t\t\t<section class=\"elementor-section elementor-top-section elementor-element elementor-element-d9a5660 elementor-section-boxed elementor-section-height-default elementor-section-height-default\" data-id=\"d9a5660\" data-element_type=\"section\">\n\t\t\t\t\t\t<div class=\"elementor-container elementor-column-gap-default\">\n\t\t\t\t\t<div class=\"elementor-column elementor-col-100 elementor-top-column elementor-element elementor-element-0b99dba\" data-id=\"0b99dba\" data-element_type=\"column\">\n\t\t\t<div class=\"elementor-widget-wrap elementor-element-populated\">\n\t\t\t\t\t\t<div class=\"elementor-element elementor-element-a1b7a8e elementor-widget elementor-widget-image\" data-id=\"a1b7a8e\" data-element_type=\"widget\" data-widget_type=\"image.default\">\n\t\t\t\t<div class=\"elementor-widget-container\">\n\t\t\t\t\t\t\t\t\t\t\t\t\t\t\t<img decoding=\"async\" width=\"800\" height=\"534\" src=\"https:\/\/leogarnier.com\/wp-content\/uploads\/2022\/07\/WEB-FS-1-Clitandre-Belise\u00a9Bellamy.jpg\" class=\"attachment-large size-large wp-image-255\" alt=\"Lumi\u00e8re diffuse\" srcset=\"https:\/\/leogarnier.com\/wp-content\/uploads\/2022\/07\/WEB-FS-1-Clitandre-Belise\u00a9Bellamy.jpg 800w, https:\/\/leogarnier.com\/wp-content\/uploads\/2022\/07\/WEB-FS-1-Clitandre-Belise\u00a9Bellamy-300x200.jpg 300w, https:\/\/leogarnier.com\/wp-content\/uploads\/2022\/07\/WEB-FS-1-Clitandre-Belise\u00a9Bellamy-768x513.jpg 768w\" sizes=\"(max-width: 800px) 100vw, 800px\" \/>\t\t\t\t\t\t\t\t\t\t\t\t\t\t\t<\/div>\n\t\t\t\t<\/div>\n\t\t\t\t\t<\/div>\n\t\t<\/div>\n\t\t\t\t\t<\/div>\n\t\t<\/section>\n\t\t\t\t<section class=\"elementor-section elementor-top-section elementor-element elementor-element-2c45d11 elementor-section-boxed elementor-section-height-default elementor-section-height-default\" data-id=\"2c45d11\" data-element_type=\"section\">\n\t\t\t\t\t\t<div class=\"elementor-container elementor-column-gap-default\">\n\t\t\t\t\t<div class=\"elementor-column elementor-col-100 elementor-top-column elementor-element elementor-element-8775d0e\" data-id=\"8775d0e\" data-element_type=\"column\">\n\t\t\t<div class=\"elementor-widget-wrap elementor-element-populated\">\n\t\t\t\t\t\t<div class=\"elementor-element elementor-element-d91748e elementor-widget elementor-widget-image\" data-id=\"d91748e\" data-element_type=\"widget\" data-widget_type=\"image.default\">\n\t\t\t\t<div class=\"elementor-widget-container\">\n\t\t\t\t\t\t\t\t\t\t\t\t\t\t\t<img loading=\"lazy\" decoding=\"async\" width=\"768\" height=\"506\" src=\"https:\/\/leogarnier.com\/wp-content\/uploads\/2022\/07\/WEB-FS-3-Chrysale-Ariste-Henriette-Clitandre\u00a9Bellamy-768x506.jpg\" class=\"attachment-medium_large size-medium_large wp-image-257\" alt=\"Lumi\u00e8re diffuse\" srcset=\"https:\/\/leogarnier.com\/wp-content\/uploads\/2022\/07\/WEB-FS-3-Chrysale-Ariste-Henriette-Clitandre\u00a9Bellamy-768x506.jpg 768w, https:\/\/leogarnier.com\/wp-content\/uploads\/2022\/07\/WEB-FS-3-Chrysale-Ariste-Henriette-Clitandre\u00a9Bellamy-300x198.jpg 300w, https:\/\/leogarnier.com\/wp-content\/uploads\/2022\/07\/WEB-FS-3-Chrysale-Ariste-Henriette-Clitandre\u00a9Bellamy.jpg 800w\" sizes=\"(max-width: 768px) 100vw, 768px\" \/>\t\t\t\t\t\t\t\t\t\t\t\t\t\t\t<\/div>\n\t\t\t\t<\/div>\n\t\t\t\t\t<\/div>\n\t\t<\/div>\n\t\t\t\t\t<\/div>\n\t\t<\/section>\n\t\t\t\t<section class=\"elementor-section elementor-top-section elementor-element elementor-element-d4471c5 elementor-section-boxed elementor-section-height-default elementor-section-height-default\" data-id=\"d4471c5\" data-element_type=\"section\">\n\t\t\t\t\t\t<div class=\"elementor-container elementor-column-gap-default\">\n\t\t\t\t\t<div class=\"elementor-column elementor-col-100 elementor-top-column elementor-element elementor-element-efc63f6\" data-id=\"efc63f6\" data-element_type=\"column\">\n\t\t\t<div class=\"elementor-widget-wrap elementor-element-populated\">\n\t\t\t\t\t\t<div class=\"elementor-element elementor-element-a59fb33 elementor-widget elementor-widget-text-editor\" data-id=\"a59fb33\" data-element_type=\"widget\" data-widget_type=\"text-editor.default\">\n\t\t\t\t<div class=\"elementor-widget-container\">\n\t\t\t\t\t\t\t\t\t<p>CR\u00c9ATION TH\u00c9\u00c2TRE DES QUARTIERS D&rsquo;IVRY 2017<\/p><p><strong>Mise en sc\u00e8ne <\/strong>Elisabeth Chailloux<br \/><strong>Sc\u00e9nographie<\/strong> Yves Collet<br \/><strong>Costumes<\/strong> Dominique Rocher<br \/><strong>Son<\/strong> Madame Miniature<br \/><strong>Maquillages<\/strong> Nathy Polak<br \/><strong>Lumi\u00e8re<\/strong> L\u00e9o Garnier et Yves Collet<br \/><strong>Assistant \u00e0 la mise en sc\u00e8ne<\/strong> Pablo Dubott<br \/><strong>Assistant d\u00e9cor<\/strong> Franck Lagaroge<\/p><p><strong>avec<\/strong> Anthony Audoux<br \/>Philippe Cherdel<br \/>B\u00e9n\u00e9dicte Choisnet<br \/>Etienne Coquereau<br \/>Camille Grandville<br \/>Florent Guyot<br \/>Pauline Huruguen<br \/>Fran\u00e7ois Lequesne<br \/>Catherine Morlot<br \/>Lison Pennec<\/p>\t\t\t\t\t\t\t\t<\/div>\n\t\t\t\t<\/div>\n\t\t\t\t\t<\/div>\n\t\t<\/div>\n\t\t\t\t\t<\/div>\n\t\t<\/section>\n\t\t\t\t<section class=\"elementor-section elementor-top-section elementor-element elementor-element-4607766 elementor-section-boxed elementor-section-height-default elementor-section-height-default\" data-id=\"4607766\" data-element_type=\"section\">\n\t\t\t\t\t\t<div class=\"elementor-container elementor-column-gap-default\">\n\t\t\t\t\t<div class=\"elementor-column elementor-col-100 elementor-top-column elementor-element elementor-element-295dc75\" data-id=\"295dc75\" data-element_type=\"column\">\n\t\t\t<div class=\"elementor-widget-wrap elementor-element-populated\">\n\t\t\t\t\t\t<div class=\"elementor-element elementor-element-8f9883c elementor-widget elementor-widget-text-editor\" data-id=\"8f9883c\" data-element_type=\"widget\" data-widget_type=\"text-editor.default\">\n\t\t\t\t<div class=\"elementor-widget-container\">\n\t\t\t\t\t\t\t\t\t<p><strong>En tourn\u00e9e 2016 &#8211; 2017<\/strong><\/p><p>Saint-Michel-sur-orge Espace Marcel Carn\u00e9, Castelnaudary th\u00e9\u00e2tre des Trois Ponts, Angoul\u00eame sc\u00e8ne nationale, Vitry-sur-Seine Th\u00e9\u00e2tre Jean-Vilar, Eaubonne l&rsquo;Orange Bleue, Rousset, Auxerre, Argenteuil Le Figuier Blanc, Athis-Mons salle Lino Ventura, Vesoul, Th\u00e9\u00e2tre de Chartres, Lannion Le Carr\u00e9 Magique, Le Louvre Lens, Thonon Maison des Arts, Issoudun Centre culturel Albert Camus<\/p>\t\t\t\t\t\t\t\t<\/div>\n\t\t\t\t<\/div>\n\t\t\t\t\t<\/div>\n\t\t<\/div>\n\t\t\t\t\t<\/div>\n\t\t<\/section>\n\t\t\t\t<section class=\"elementor-section elementor-top-section elementor-element elementor-element-a72dedc elementor-section-boxed elementor-section-height-default elementor-section-height-default\" data-id=\"a72dedc\" data-element_type=\"section\">\n\t\t\t\t\t\t<div class=\"elementor-container elementor-column-gap-default\">\n\t\t\t\t\t<div class=\"elementor-column elementor-col-100 elementor-top-column elementor-element elementor-element-8834f9d\" data-id=\"8834f9d\" data-element_type=\"column\">\n\t\t\t<div class=\"elementor-widget-wrap elementor-element-populated\">\n\t\t\t\t\t\t<div class=\"elementor-element elementor-element-d20149f elementor-widget elementor-widget-text-editor\" data-id=\"d20149f\" data-element_type=\"widget\" data-widget_type=\"text-editor.default\">\n\t\t\t\t<div class=\"elementor-widget-container\">\n\t\t\t\t\t\t\t\t\t<p><strong>Production<\/strong> Th\u00e9\u00e2tre des Quartiers d\u2019Ivry, Centre Dramatique National du Val-de-Marne.\u00a0<br \/><strong>Co-production<\/strong> Th\u00e9\u00e2tre Jean-Vilar de Vitry-sur-Seine<\/p>\t\t\t\t\t\t\t\t<\/div>\n\t\t\t\t<\/div>\n\t\t\t\t\t<\/div>\n\t\t<\/div>\n\t\t\t\t\t<\/div>\n\t\t<\/section>\n\t\t\t\t<\/div>\n\t\t","protected":false},"excerpt":{"rendered":"<p>Les femmes savantes Th\u00e9\u00e2tre des Quartiers d&rsquo;Ivry &#8211; dec 2016 Photographie Alain RICHARD Photographie Herv\u00e9 BELLAMY CR\u00c9ATION TH\u00c9\u00c2TRE DES QUARTIERS D&rsquo;IVRY 2017 Mise en sc\u00e8ne Elisabeth ChaillouxSc\u00e9nographie Yves ColletCostumes Dominique RocherSon Madame MiniatureMaquillages Nathy PolakLumi\u00e8re L\u00e9o Garnier et Yves ColletAssistant \u00e0 la mise en sc\u00e8ne Pablo DubottAssistant d\u00e9cor Franck Lagaroge avec Anthony AudouxPhilippe CherdelB\u00e9n\u00e9dicte ChoisnetEtienne [&hellip;]<\/p>\n","protected":false},"author":1,"featured_media":0,"parent":0,"menu_order":0,"comment_status":"closed","ping_status":"closed","template":"","meta":{"footnotes":""},"class_list":["post-172","page","type-page","status-publish","hentry"],"yoast_head":"<!-- This site is optimized with the Yoast SEO plugin v27.4 - https:\/\/yoast.com\/product\/yoast-seo-wordpress\/ -->\n<title>Les Femmes Savantes - L\u00e9o Garnier<\/title>\n<meta name=\"description\" content=\"Le Femmes Savantes de Moli\u00e8re - Mise en sc\u00e8ne Elisabeth Chailloux - Th\u00e9\u00e2tre des Quartiers d&#039;Ivry - Lumi\u00e8re L\u00e9o Garnier\" \/>\n<meta name=\"robots\" content=\"index, follow, max-snippet:-1, max-image-preview:large, max-video-preview:-1\" \/>\n<link rel=\"canonical\" href=\"https:\/\/leogarnier.com\/index.php\/les-femmes-savantes\/\" \/>\n<meta property=\"og:locale\" content=\"fr_FR\" \/>\n<meta property=\"og:type\" content=\"article\" \/>\n<meta property=\"og:title\" content=\"Les Femmes Savantes - L\u00e9o Garnier\" \/>\n<meta property=\"og:description\" content=\"Le Femmes Savantes de Moli\u00e8re - Mise en sc\u00e8ne Elisabeth Chailloux - Th\u00e9\u00e2tre des Quartiers d&#039;Ivry - Lumi\u00e8re L\u00e9o Garnier\" \/>\n<meta property=\"og:url\" content=\"https:\/\/leogarnier.com\/index.php\/les-femmes-savantes\/\" \/>\n<meta property=\"og:site_name\" content=\"L\u00e9o Garnier\" \/>\n<meta property=\"article:publisher\" content=\"https:\/\/www.facebook.com\/leo.garnier.102\/\" \/>\n<meta property=\"article:modified_time\" content=\"2022-09-29T21:20:53+00:00\" \/>\n<meta property=\"og:image\" content=\"https:\/\/leogarnier.com\/wp-content\/uploads\/2022\/07\/FS-4BD-Henriette@-Alain-Richard-768x548.jpg\" \/>\n<meta name=\"twitter:card\" content=\"summary_large_image\" \/>\n<meta name=\"twitter:label1\" content=\"Dur\u00e9e de lecture estim\u00e9e\" \/>\n\t<meta name=\"twitter:data1\" content=\"2 minutes\" \/>\n<script type=\"application\/ld+json\" class=\"yoast-schema-graph\">{\"@context\":\"https:\\\/\\\/schema.org\",\"@graph\":[{\"@type\":\"WebPage\",\"@id\":\"https:\\\/\\\/leogarnier.com\\\/index.php\\\/les-femmes-savantes\\\/\",\"url\":\"https:\\\/\\\/leogarnier.com\\\/index.php\\\/les-femmes-savantes\\\/\",\"name\":\"Les Femmes Savantes - L\u00e9o Garnier\",\"isPartOf\":{\"@id\":\"https:\\\/\\\/leogarnier.com\\\/#website\"},\"primaryImageOfPage\":{\"@id\":\"https:\\\/\\\/leogarnier.com\\\/index.php\\\/les-femmes-savantes\\\/#primaryimage\"},\"image\":{\"@id\":\"https:\\\/\\\/leogarnier.com\\\/index.php\\\/les-femmes-savantes\\\/#primaryimage\"},\"thumbnailUrl\":\"https:\\\/\\\/leogarnier.com\\\/wp-content\\\/uploads\\\/2022\\\/07\\\/FS-4BD-Henriette@-Alain-Richard-768x548.jpg\",\"datePublished\":\"2022-07-10T13:29:18+00:00\",\"dateModified\":\"2022-09-29T21:20:53+00:00\",\"description\":\"Le Femmes Savantes de Moli\u00e8re - Mise en sc\u00e8ne Elisabeth Chailloux - Th\u00e9\u00e2tre des Quartiers d'Ivry - Lumi\u00e8re L\u00e9o Garnier\",\"breadcrumb\":{\"@id\":\"https:\\\/\\\/leogarnier.com\\\/index.php\\\/les-femmes-savantes\\\/#breadcrumb\"},\"inLanguage\":\"fr-FR\",\"potentialAction\":[{\"@type\":\"ReadAction\",\"target\":[\"https:\\\/\\\/leogarnier.com\\\/index.php\\\/les-femmes-savantes\\\/\"]}]},{\"@type\":\"ImageObject\",\"inLanguage\":\"fr-FR\",\"@id\":\"https:\\\/\\\/leogarnier.com\\\/index.php\\\/les-femmes-savantes\\\/#primaryimage\",\"url\":\"https:\\\/\\\/leogarnier.com\\\/wp-content\\\/uploads\\\/2022\\\/07\\\/FS-4BD-Henriette@-Alain-Richard.jpg\",\"contentUrl\":\"https:\\\/\\\/leogarnier.com\\\/wp-content\\\/uploads\\\/2022\\\/07\\\/FS-4BD-Henriette@-Alain-Richard.jpg\",\"width\":800,\"height\":571,\"caption\":\"B\u00e9n\u00e9dicte Choisnet\"},{\"@type\":\"BreadcrumbList\",\"@id\":\"https:\\\/\\\/leogarnier.com\\\/index.php\\\/les-femmes-savantes\\\/#breadcrumb\",\"itemListElement\":[{\"@type\":\"ListItem\",\"position\":1,\"name\":\"Accueil\",\"item\":\"https:\\\/\\\/leogarnier.com\\\/\"},{\"@type\":\"ListItem\",\"position\":2,\"name\":\"Les Femmes Savantes\"}]},{\"@type\":\"WebSite\",\"@id\":\"https:\\\/\\\/leogarnier.com\\\/#website\",\"url\":\"https:\\\/\\\/leogarnier.com\\\/\",\"name\":\"L\u00e9o Garnier\",\"description\":\"\u00c9clairagiste\",\"publisher\":{\"@id\":\"https:\\\/\\\/leogarnier.com\\\/#\\\/schema\\\/person\\\/9caf54ec40390ce3fa693f0b1acd3190\"},\"potentialAction\":[{\"@type\":\"SearchAction\",\"target\":{\"@type\":\"EntryPoint\",\"urlTemplate\":\"https:\\\/\\\/leogarnier.com\\\/?s={search_term_string}\"},\"query-input\":{\"@type\":\"PropertyValueSpecification\",\"valueRequired\":true,\"valueName\":\"search_term_string\"}}],\"inLanguage\":\"fr-FR\"},{\"@type\":[\"Person\",\"Organization\"],\"@id\":\"https:\\\/\\\/leogarnier.com\\\/#\\\/schema\\\/person\\\/9caf54ec40390ce3fa693f0b1acd3190\",\"name\":\"L\u00e9o\",\"image\":{\"@type\":\"ImageObject\",\"inLanguage\":\"fr-FR\",\"@id\":\"https:\\\/\\\/leogarnier.com\\\/wp-content\\\/uploads\\\/2022\\\/09\\\/Leo9.png\",\"url\":\"https:\\\/\\\/leogarnier.com\\\/wp-content\\\/uploads\\\/2022\\\/09\\\/Leo9.png\",\"contentUrl\":\"https:\\\/\\\/leogarnier.com\\\/wp-content\\\/uploads\\\/2022\\\/09\\\/Leo9.png\",\"width\":1148,\"height\":825,\"caption\":\"L\u00e9o\"},\"logo\":{\"@id\":\"https:\\\/\\\/leogarnier.com\\\/wp-content\\\/uploads\\\/2022\\\/09\\\/Leo9.png\"},\"sameAs\":[\"http:\\\/\\\/leogarnier.com\",\"https:\\\/\\\/www.facebook.com\\\/leo.garnier.102\\\/\",\"https:\\\/\\\/www.instagram.com\\\/garnierleo\\\/\"]}]}<\/script>\n<!-- \/ Yoast SEO plugin. -->","yoast_head_json":{"title":"Les Femmes Savantes - L\u00e9o Garnier","description":"Le Femmes Savantes de Moli\u00e8re - Mise en sc\u00e8ne Elisabeth Chailloux - Th\u00e9\u00e2tre des Quartiers d'Ivry - Lumi\u00e8re L\u00e9o Garnier","robots":{"index":"index","follow":"follow","max-snippet":"max-snippet:-1","max-image-preview":"max-image-preview:large","max-video-preview":"max-video-preview:-1"},"canonical":"https:\/\/leogarnier.com\/index.php\/les-femmes-savantes\/","og_locale":"fr_FR","og_type":"article","og_title":"Les Femmes Savantes - L\u00e9o Garnier","og_description":"Le Femmes Savantes de Moli\u00e8re - Mise en sc\u00e8ne Elisabeth Chailloux - Th\u00e9\u00e2tre des Quartiers d'Ivry - Lumi\u00e8re L\u00e9o Garnier","og_url":"https:\/\/leogarnier.com\/index.php\/les-femmes-savantes\/","og_site_name":"L\u00e9o Garnier","article_publisher":"https:\/\/www.facebook.com\/leo.garnier.102\/","article_modified_time":"2022-09-29T21:20:53+00:00","og_image":[{"url":"https:\/\/leogarnier.com\/wp-content\/uploads\/2022\/07\/FS-4BD-Henriette@-Alain-Richard-768x548.jpg","type":"","width":"","height":""}],"twitter_card":"summary_large_image","twitter_misc":{"Dur\u00e9e de lecture estim\u00e9e":"2 minutes"},"schema":{"@context":"https:\/\/schema.org","@graph":[{"@type":"WebPage","@id":"https:\/\/leogarnier.com\/index.php\/les-femmes-savantes\/","url":"https:\/\/leogarnier.com\/index.php\/les-femmes-savantes\/","name":"Les Femmes Savantes - L\u00e9o Garnier","isPartOf":{"@id":"https:\/\/leogarnier.com\/#website"},"primaryImageOfPage":{"@id":"https:\/\/leogarnier.com\/index.php\/les-femmes-savantes\/#primaryimage"},"image":{"@id":"https:\/\/leogarnier.com\/index.php\/les-femmes-savantes\/#primaryimage"},"thumbnailUrl":"https:\/\/leogarnier.com\/wp-content\/uploads\/2022\/07\/FS-4BD-Henriette@-Alain-Richard-768x548.jpg","datePublished":"2022-07-10T13:29:18+00:00","dateModified":"2022-09-29T21:20:53+00:00","description":"Le Femmes Savantes de Moli\u00e8re - Mise en sc\u00e8ne Elisabeth Chailloux - Th\u00e9\u00e2tre des Quartiers d'Ivry - Lumi\u00e8re L\u00e9o Garnier","breadcrumb":{"@id":"https:\/\/leogarnier.com\/index.php\/les-femmes-savantes\/#breadcrumb"},"inLanguage":"fr-FR","potentialAction":[{"@type":"ReadAction","target":["https:\/\/leogarnier.com\/index.php\/les-femmes-savantes\/"]}]},{"@type":"ImageObject","inLanguage":"fr-FR","@id":"https:\/\/leogarnier.com\/index.php\/les-femmes-savantes\/#primaryimage","url":"https:\/\/leogarnier.com\/wp-content\/uploads\/2022\/07\/FS-4BD-Henriette@-Alain-Richard.jpg","contentUrl":"https:\/\/leogarnier.com\/wp-content\/uploads\/2022\/07\/FS-4BD-Henriette@-Alain-Richard.jpg","width":800,"height":571,"caption":"B\u00e9n\u00e9dicte Choisnet"},{"@type":"BreadcrumbList","@id":"https:\/\/leogarnier.com\/index.php\/les-femmes-savantes\/#breadcrumb","itemListElement":[{"@type":"ListItem","position":1,"name":"Accueil","item":"https:\/\/leogarnier.com\/"},{"@type":"ListItem","position":2,"name":"Les Femmes Savantes"}]},{"@type":"WebSite","@id":"https:\/\/leogarnier.com\/#website","url":"https:\/\/leogarnier.com\/","name":"L\u00e9o Garnier","description":"\u00c9clairagiste","publisher":{"@id":"https:\/\/leogarnier.com\/#\/schema\/person\/9caf54ec40390ce3fa693f0b1acd3190"},"potentialAction":[{"@type":"SearchAction","target":{"@type":"EntryPoint","urlTemplate":"https:\/\/leogarnier.com\/?s={search_term_string}"},"query-input":{"@type":"PropertyValueSpecification","valueRequired":true,"valueName":"search_term_string"}}],"inLanguage":"fr-FR"},{"@type":["Person","Organization"],"@id":"https:\/\/leogarnier.com\/#\/schema\/person\/9caf54ec40390ce3fa693f0b1acd3190","name":"L\u00e9o","image":{"@type":"ImageObject","inLanguage":"fr-FR","@id":"https:\/\/leogarnier.com\/wp-content\/uploads\/2022\/09\/Leo9.png","url":"https:\/\/leogarnier.com\/wp-content\/uploads\/2022\/09\/Leo9.png","contentUrl":"https:\/\/leogarnier.com\/wp-content\/uploads\/2022\/09\/Leo9.png","width":1148,"height":825,"caption":"L\u00e9o"},"logo":{"@id":"https:\/\/leogarnier.com\/wp-content\/uploads\/2022\/09\/Leo9.png"},"sameAs":["http:\/\/leogarnier.com","https:\/\/www.facebook.com\/leo.garnier.102\/","https:\/\/www.instagram.com\/garnierleo\/"]}]}},"_links":{"self":[{"href":"https:\/\/leogarnier.com\/index.php\/wp-json\/wp\/v2\/pages\/172","targetHints":{"allow":["GET"]}}],"collection":[{"href":"https:\/\/leogarnier.com\/index.php\/wp-json\/wp\/v2\/pages"}],"about":[{"href":"https:\/\/leogarnier.com\/index.php\/wp-json\/wp\/v2\/types\/page"}],"author":[{"embeddable":true,"href":"https:\/\/leogarnier.com\/index.php\/wp-json\/wp\/v2\/users\/1"}],"replies":[{"embeddable":true,"href":"https:\/\/leogarnier.com\/index.php\/wp-json\/wp\/v2\/comments?post=172"}],"version-history":[{"count":38,"href":"https:\/\/leogarnier.com\/index.php\/wp-json\/wp\/v2\/pages\/172\/revisions"}],"predecessor-version":[{"id":2192,"href":"https:\/\/leogarnier.com\/index.php\/wp-json\/wp\/v2\/pages\/172\/revisions\/2192"}],"wp:attachment":[{"href":"https:\/\/leogarnier.com\/index.php\/wp-json\/wp\/v2\/media?parent=172"}],"curies":[{"name":"wp","href":"https:\/\/api.w.org\/{rel}","templated":true}]}}