{"id":2282,"date":"2023-11-01T15:01:49","date_gmt":"2023-11-01T14:01:49","guid":{"rendered":"https:\/\/leogarnier.com\/?page_id=2282"},"modified":"2025-07-02T22:16:37","modified_gmt":"2025-07-02T20:16:37","slug":"une-histoire-subjective-du-proche-orient","status":"publish","type":"page","link":"https:\/\/leogarnier.com\/index.php\/une-histoire-subjective-du-proche-orient\/","title":{"rendered":"Une Histoire subjective du Proche Orient"},"content":{"rendered":"\t\t<div data-elementor-type=\"wp-page\" data-elementor-id=\"2282\" class=\"elementor elementor-2282\">\n\t\t\t\t\t\t<section class=\"elementor-section elementor-top-section elementor-element elementor-element-c54c247 elementor-section-boxed elementor-section-height-default elementor-section-height-default\" data-id=\"c54c247\" data-element_type=\"section\">\n\t\t\t\t\t\t<div class=\"elementor-container elementor-column-gap-default\">\n\t\t\t\t\t<div class=\"elementor-column elementor-col-100 elementor-top-column elementor-element elementor-element-1365017\" data-id=\"1365017\" data-element_type=\"column\">\n\t\t\t<div class=\"elementor-widget-wrap elementor-element-populated\">\n\t\t\t\t\t\t<div class=\"elementor-element elementor-element-76e1f80 elementor-widget elementor-widget-text-editor\" data-id=\"76e1f80\" data-element_type=\"widget\" data-widget_type=\"text-editor.default\">\n\t\t\t\t<div class=\"elementor-widget-container\">\n\t\t\t\t\t\t\t\t\t<p>Une histoire subjective du Proche-Orient<\/p>\t\t\t\t\t\t\t\t<\/div>\n\t\t\t\t<\/div>\n\t\t\t\t\t<\/div>\n\t\t<\/div>\n\t\t\t\t\t<\/div>\n\t\t<\/section>\n\t\t\t\t<section class=\"elementor-section elementor-top-section elementor-element elementor-element-493fa2d elementor-section-boxed elementor-section-height-default elementor-section-height-default\" data-id=\"493fa2d\" data-element_type=\"section\">\n\t\t\t\t\t\t<div class=\"elementor-container elementor-column-gap-default\">\n\t\t\t\t\t<div class=\"elementor-column elementor-col-100 elementor-top-column elementor-element elementor-element-2dc9804\" data-id=\"2dc9804\" data-element_type=\"column\">\n\t\t\t<div class=\"elementor-widget-wrap elementor-element-populated\">\n\t\t\t\t\t\t<div class=\"elementor-element elementor-element-14b9354 elementor-widget elementor-widget-text-editor\" data-id=\"14b9354\" data-element_type=\"widget\" data-widget_type=\"text-editor.default\">\n\t\t\t\t<div class=\"elementor-widget-container\">\n\t\t\t\t\t\t\t\t\t<p>Th\u00e9\u00e2tre de Ch\u00e2tillon &#8211; octobre 2023<\/p>\t\t\t\t\t\t\t\t<\/div>\n\t\t\t\t<\/div>\n\t\t\t\t\t<\/div>\n\t\t<\/div>\n\t\t\t\t\t<\/div>\n\t\t<\/section>\n\t\t\t\t<section class=\"elementor-section elementor-top-section elementor-element elementor-element-820d796 elementor-section-boxed elementor-section-height-default elementor-section-height-default\" data-id=\"820d796\" data-element_type=\"section\">\n\t\t\t\t\t\t<div class=\"elementor-container elementor-column-gap-default\">\n\t\t\t\t\t<div class=\"elementor-column elementor-col-100 elementor-top-column elementor-element elementor-element-d0dc0ba\" data-id=\"d0dc0ba\" data-element_type=\"column\">\n\t\t\t<div class=\"elementor-widget-wrap elementor-element-populated\">\n\t\t\t\t\t\t<div class=\"elementor-element elementor-element-ff6e182 elementor-widget elementor-widget-image\" data-id=\"ff6e182\" data-element_type=\"widget\" data-widget_type=\"image.default\">\n\t\t\t\t<div class=\"elementor-widget-container\">\n\t\t\t\t\t\t\t\t\t\t\t\t\t\t\t\t<a href=\"https:\/\/leogarnier.com\/index.php\/histoire-du-proche-orient\/000-histoire-subjective-du-proche-orient\/\">\n\t\t\t\t\t\t\t<img fetchpriority=\"high\" decoding=\"async\" width=\"768\" height=\"548\" src=\"https:\/\/leogarnier.com\/wp-content\/uploads\/2023\/11\/Gros-plan-sur-Lauren-et-flou-en-arriere-plan-768x548.png\" class=\"attachment-medium_large size-medium_large wp-image-2295\" alt=\"\" srcset=\"https:\/\/leogarnier.com\/wp-content\/uploads\/2023\/11\/Gros-plan-sur-Lauren-et-flou-en-arriere-plan-768x548.png 768w, https:\/\/leogarnier.com\/wp-content\/uploads\/2023\/11\/Gros-plan-sur-Lauren-et-flou-en-arriere-plan-300x214.png 300w, https:\/\/leogarnier.com\/wp-content\/uploads\/2023\/11\/Gros-plan-sur-Lauren-et-flou-en-arriere-plan-1024x731.png 1024w, https:\/\/leogarnier.com\/wp-content\/uploads\/2023\/11\/Gros-plan-sur-Lauren-et-flou-en-arriere-plan-1536x1097.png 1536w, https:\/\/leogarnier.com\/wp-content\/uploads\/2023\/11\/Gros-plan-sur-Lauren-et-flou-en-arriere-plan.png 1920w\" sizes=\"(max-width: 768px) 100vw, 768px\" \/>\t\t\t\t\t\t\t\t<\/a>\n\t\t\t\t\t\t\t\t\t\t\t\t\t\t\t<\/div>\n\t\t\t\t<\/div>\n\t\t\t\t\t<\/div>\n\t\t<\/div>\n\t\t\t\t\t<\/div>\n\t\t<\/section>\n\t\t\t\t<section class=\"elementor-section elementor-top-section elementor-element elementor-element-d786930 elementor-section-boxed elementor-section-height-default elementor-section-height-default\" data-id=\"d786930\" data-element_type=\"section\">\n\t\t\t\t\t\t<div class=\"elementor-container elementor-column-gap-default\">\n\t\t\t\t\t<div class=\"elementor-column elementor-col-100 elementor-top-column elementor-element elementor-element-11a51f0\" data-id=\"11a51f0\" data-element_type=\"column\">\n\t\t\t<div class=\"elementor-widget-wrap elementor-element-populated\">\n\t\t\t\t\t\t<div class=\"elementor-element elementor-element-4c5b900 elementor-widget elementor-widget-image\" data-id=\"4c5b900\" data-element_type=\"widget\" data-widget_type=\"image.default\">\n\t\t\t\t<div class=\"elementor-widget-container\">\n\t\t\t\t\t\t\t\t\t\t\t\t\t\t\t\t<a href=\"https:\/\/leogarnier.com\/index.php\/histoire-du-proche-orient\/000-histoire-subjective-du-proche-orient\/\">\n\t\t\t\t\t\t\t<img decoding=\"async\" width=\"768\" height=\"512\" src=\"https:\/\/leogarnier.com\/wp-content\/uploads\/2023\/11\/Hussam-en-attente-avec-son-Oud-768x512.png\" class=\"attachment-medium_large size-medium_large wp-image-2333\" alt=\"\" srcset=\"https:\/\/leogarnier.com\/wp-content\/uploads\/2023\/11\/Hussam-en-attente-avec-son-Oud-768x512.png 768w, https:\/\/leogarnier.com\/wp-content\/uploads\/2023\/11\/Hussam-en-attente-avec-son-Oud-300x200.png 300w, https:\/\/leogarnier.com\/wp-content\/uploads\/2023\/11\/Hussam-en-attente-avec-son-Oud-1024x683.png 1024w, https:\/\/leogarnier.com\/wp-content\/uploads\/2023\/11\/Hussam-en-attente-avec-son-Oud-1536x1024.png 1536w, https:\/\/leogarnier.com\/wp-content\/uploads\/2023\/11\/Hussam-en-attente-avec-son-Oud.png 1920w\" sizes=\"(max-width: 768px) 100vw, 768px\" \/>\t\t\t\t\t\t\t\t<\/a>\n\t\t\t\t\t\t\t\t\t\t\t\t\t\t\t<\/div>\n\t\t\t\t<\/div>\n\t\t\t\t<div class=\"elementor-element elementor-element-671e572 elementor-widget elementor-widget-image\" data-id=\"671e572\" data-element_type=\"widget\" data-widget_type=\"image.default\">\n\t\t\t\t<div class=\"elementor-widget-container\">\n\t\t\t\t\t\t\t\t\t\t\t\t\t\t\t\t<a href=\"https:\/\/leogarnier.com\/index.php\/histoire-du-proche-orient\/000-histoire-subjective-du-proche-orient\/\">\n\t\t\t\t\t\t\t<img decoding=\"async\" width=\"768\" height=\"512\" src=\"https:\/\/leogarnier.com\/wp-content\/uploads\/2023\/11\/Contre-jour-et-foret-de-projecteurs-768x512.png\" class=\"attachment-medium_large size-medium_large wp-image-2332\" alt=\"\" srcset=\"https:\/\/leogarnier.com\/wp-content\/uploads\/2023\/11\/Contre-jour-et-foret-de-projecteurs-768x512.png 768w, https:\/\/leogarnier.com\/wp-content\/uploads\/2023\/11\/Contre-jour-et-foret-de-projecteurs-300x200.png 300w, https:\/\/leogarnier.com\/wp-content\/uploads\/2023\/11\/Contre-jour-et-foret-de-projecteurs-1024x682.png 1024w, https:\/\/leogarnier.com\/wp-content\/uploads\/2023\/11\/Contre-jour-et-foret-de-projecteurs-1536x1024.png 1536w, https:\/\/leogarnier.com\/wp-content\/uploads\/2023\/11\/Contre-jour-et-foret-de-projecteurs.png 1826w\" sizes=\"(max-width: 768px) 100vw, 768px\" \/>\t\t\t\t\t\t\t\t<\/a>\n\t\t\t\t\t\t\t\t\t\t\t\t\t\t\t<\/div>\n\t\t\t\t<\/div>\n\t\t\t\t\t<\/div>\n\t\t<\/div>\n\t\t\t\t\t<\/div>\n\t\t<\/section>\n\t\t\t\t<section class=\"elementor-section elementor-top-section elementor-element elementor-element-befda84 elementor-section-boxed elementor-section-height-default elementor-section-height-default\" data-id=\"befda84\" data-element_type=\"section\">\n\t\t\t\t\t\t<div class=\"elementor-container elementor-column-gap-default\">\n\t\t\t\t\t<div class=\"elementor-column elementor-col-100 elementor-top-column elementor-element elementor-element-1fa3427\" data-id=\"1fa3427\" data-element_type=\"column\">\n\t\t\t<div class=\"elementor-widget-wrap elementor-element-populated\">\n\t\t\t\t\t\t<div class=\"elementor-element elementor-element-e3d042c elementor-button-info elementor-invisible elementor-widget elementor-widget-button\" data-id=\"e3d042c\" data-element_type=\"widget\" data-settings=\"{&quot;_animation&quot;:&quot;lightSpeedIn&quot;}\" data-widget_type=\"button.default\">\n\t\t\t\t<div class=\"elementor-widget-container\">\n\t\t\t\t\t\t\t\t\t<div class=\"elementor-button-wrapper\">\n\t\t\t\t\t<a class=\"elementor-button elementor-button-link elementor-size-xs elementor-animation-grow\" href=\"https:\/\/leogarnier.com\/index.php\/maquettes-3d\/maquettes-une-histoire-subjective-du-proche-orient\/\">\n\t\t\t\t\t\t<span class=\"elementor-button-content-wrapper\">\n\t\t\t\t\t\t<span class=\"elementor-button-icon\">\n\t\t\t\t<i aria-hidden=\"true\" class=\"fas fa-tv\"><\/i>\t\t\t<\/span>\n\t\t\t\t\t\t\t\t\t<span class=\"elementor-button-text\">Maquettes 3D<\/span>\n\t\t\t\t\t<\/span>\n\t\t\t\t\t<\/a>\n\t\t\t\t<\/div>\n\t\t\t\t\t\t\t\t<\/div>\n\t\t\t\t<\/div>\n\t\t\t\t\t<\/div>\n\t\t<\/div>\n\t\t\t\t\t<\/div>\n\t\t<\/section>\n\t\t\t\t<section class=\"elementor-section elementor-top-section elementor-element elementor-element-ce33119 elementor-section-boxed elementor-section-height-default elementor-section-height-default\" data-id=\"ce33119\" data-element_type=\"section\">\n\t\t\t\t\t\t<div class=\"elementor-container elementor-column-gap-default\">\n\t\t\t\t\t<div class=\"elementor-column elementor-col-100 elementor-top-column elementor-element elementor-element-d8f23ec\" data-id=\"d8f23ec\" data-element_type=\"column\">\n\t\t\t<div class=\"elementor-widget-wrap elementor-element-populated\">\n\t\t\t\t\t\t<div class=\"elementor-element elementor-element-822fea6 elementor-widget elementor-widget-text-editor\" data-id=\"822fea6\" data-element_type=\"widget\" data-widget_type=\"text-editor.default\">\n\t\t\t\t<div class=\"elementor-widget-container\">\n\t\t\t\t\t\t\t\t\t<p>CR\u00c9ATION TH\u00c9\u00c2TRE DE CHATILLON 2023<\/p><p><strong>Texte et interpr\u00e9tation<\/strong> Lauren Houda Hussein<br \/><strong>Mise en sc\u00e8ne<\/strong> Ido Shaked<br \/><strong>Musique<\/strong> Hussam Aliwat<br \/><strong>Lumi\u00e8re<\/strong> L\u00e9o Garnier<br \/><strong>Son<\/strong> Thibault Champagne<br \/><span class=\"wixui-rich-text__text\"><strong>Production et diffusion<\/strong> collectif&amp;compagnie<br \/><\/span><span class=\"wixui-rich-text__text\">Estelle Delorme &amp; G\u00e9raldine Morier-Genoud<br \/><\/span><span class=\"wixui-rich-text__text\"><strong>Administration<\/strong> Gingko Biloba &#8211; B\u00e9r\u00e9nice Marchesseau<\/span><\/p>\t\t\t\t\t\t\t\t<\/div>\n\t\t\t\t<\/div>\n\t\t\t\t\t<\/div>\n\t\t<\/div>\n\t\t\t\t\t<\/div>\n\t\t<\/section>\n\t\t\t\t<section class=\"elementor-section elementor-top-section elementor-element elementor-element-0922bc9 elementor-section-boxed elementor-section-height-default elementor-section-height-default\" data-id=\"0922bc9\" data-element_type=\"section\">\n\t\t\t\t\t\t<div class=\"elementor-container elementor-column-gap-default\">\n\t\t\t\t\t<div class=\"elementor-column elementor-col-100 elementor-top-column elementor-element elementor-element-1146b7b\" data-id=\"1146b7b\" data-element_type=\"column\">\n\t\t\t<div class=\"elementor-widget-wrap elementor-element-populated\">\n\t\t\t\t\t\t<div class=\"elementor-element elementor-element-d287056 elementor-widget elementor-widget-text-editor\" data-id=\"d287056\" data-element_type=\"widget\" data-widget_type=\"text-editor.default\">\n\t\t\t\t<div class=\"elementor-widget-container\">\n\t\t\t\t\t\t\t\t\t<p class=\"font_8 wixui-rich-text__text\"><span class=\"wixui-rich-text__text\"><strong>Production<\/strong> Th\u00e9\u00e2tre Maj\u00e2z \u2022 coproduction (En cours) Th\u00e9\u00e2tre Jean Vilar de Vitry-sur-Seine \u2022 R\u00e9sidences de cr\u00e9ation Th\u00e9\u00e2tre des Quartiers d&rsquo;Ivry &#8211; CDN du Val-de-Marne, Th\u00e9\u00e2tre Jean Vilar de Vitry-sur-Seine, Th\u00e9\u00e2tre Ch\u00e2tillon Clamart.<\/span><\/p>\t\t\t\t\t\t\t\t<\/div>\n\t\t\t\t<\/div>\n\t\t\t\t\t<\/div>\n\t\t<\/div>\n\t\t\t\t\t<\/div>\n\t\t<\/section>\n\t\t\t\t<section class=\"elementor-section elementor-top-section elementor-element elementor-element-64ce628 elementor-section-boxed elementor-section-height-default elementor-section-height-default\" data-id=\"64ce628\" data-element_type=\"section\">\n\t\t\t\t\t\t<div class=\"elementor-container elementor-column-gap-default\">\n\t\t\t\t\t<div class=\"elementor-column elementor-col-100 elementor-top-column elementor-element elementor-element-9ee5da5\" data-id=\"9ee5da5\" data-element_type=\"column\">\n\t\t\t<div class=\"elementor-widget-wrap elementor-element-populated\">\n\t\t\t\t\t\t<div class=\"elementor-element elementor-element-5e430b1 e-transform elementor-widget elementor-widget-text-editor\" data-id=\"5e430b1\" data-element_type=\"widget\" data-settings=\"{&quot;_transform_skewX_effect&quot;:{&quot;unit&quot;:&quot;px&quot;,&quot;size&quot;:0,&quot;sizes&quot;:[]},&quot;_transform_skewX_effect_tablet&quot;:{&quot;unit&quot;:&quot;deg&quot;,&quot;size&quot;:&quot;&quot;,&quot;sizes&quot;:[]},&quot;_transform_skewX_effect_mobile&quot;:{&quot;unit&quot;:&quot;deg&quot;,&quot;size&quot;:&quot;&quot;,&quot;sizes&quot;:[]},&quot;_transform_skewY_effect&quot;:{&quot;unit&quot;:&quot;px&quot;,&quot;size&quot;:&quot;&quot;,&quot;sizes&quot;:[]},&quot;_transform_skewY_effect_tablet&quot;:{&quot;unit&quot;:&quot;deg&quot;,&quot;size&quot;:&quot;&quot;,&quot;sizes&quot;:[]},&quot;_transform_skewY_effect_mobile&quot;:{&quot;unit&quot;:&quot;deg&quot;,&quot;size&quot;:&quot;&quot;,&quot;sizes&quot;:[]}}\" data-widget_type=\"text-editor.default\">\n\t\t\t\t<div class=\"elementor-widget-container\">\n\t\t\t\t\t\t\t\t\t<p class=\"font_8 wixui-rich-text__text\"><em><a href=\"https:\/\/www.theatre-majaz.com\/beyrouth\" target=\"_blank\" rel=\"noopener\">Lien vers le site de la compagnie<\/a>\u00a0<\/em><\/p>\t\t\t\t\t\t\t\t<\/div>\n\t\t\t\t<\/div>\n\t\t\t\t\t<\/div>\n\t\t<\/div>\n\t\t\t\t\t<\/div>\n\t\t<\/section>\n\t\t\t\t<\/div>\n\t\t","protected":false},"excerpt":{"rendered":"<p>Une histoire subjective du Proche-Orient Th\u00e9\u00e2tre de Ch\u00e2tillon &#8211; octobre 2023 Maquettes 3D CR\u00c9ATION TH\u00c9\u00c2TRE DE CHATILLON 2023 Texte et interpr\u00e9tation Lauren Houda HusseinMise en sc\u00e8ne Ido ShakedMusique Hussam AliwatLumi\u00e8re L\u00e9o GarnierSon Thibault ChampagneProduction et diffusion collectif&amp;compagnieEstelle Delorme &amp; G\u00e9raldine Morier-GenoudAdministration Gingko Biloba &#8211; B\u00e9r\u00e9nice Marchesseau Production Th\u00e9\u00e2tre Maj\u00e2z \u2022 coproduction (En cours) Th\u00e9\u00e2tre Jean [&hellip;]<\/p>\n","protected":false},"author":1,"featured_media":0,"parent":0,"menu_order":0,"comment_status":"closed","ping_status":"closed","template":"","meta":{"footnotes":""},"class_list":["post-2282","page","type-page","status-publish","hentry"],"yoast_head":"<!-- This site is optimized with the Yoast SEO plugin v27.4 - https:\/\/yoast.com\/product\/yoast-seo-wordpress\/ -->\n<title>Th\u00e9\u00e2tre Maj\u00e2z - Une Histoire subjective du Proche Orient - L\u00e9o Garnier<\/title>\n<meta name=\"description\" content=\"Entre Paris et le Proche Orient, pass\u00e9 et pr\u00e9sent. Nouvelle cr\u00e9ation du Th\u00e9\u00e2tre Maj\u00e2z mise en lumi\u00e8re par L\u00e9o Garnier\" \/>\n<meta name=\"robots\" content=\"index, follow, max-snippet:-1, max-image-preview:large, max-video-preview:-1\" \/>\n<link rel=\"canonical\" href=\"https:\/\/leogarnier.com\/index.php\/une-histoire-subjective-du-proche-orient\/\" \/>\n<meta property=\"og:locale\" content=\"fr_FR\" \/>\n<meta property=\"og:type\" content=\"article\" \/>\n<meta property=\"og:title\" content=\"Th\u00e9\u00e2tre Maj\u00e2z - Une Histoire subjective du Proche Orient - L\u00e9o Garnier\" \/>\n<meta property=\"og:description\" content=\"Entre Paris et le Proche Orient, pass\u00e9 et pr\u00e9sent. Nouvelle cr\u00e9ation du Th\u00e9\u00e2tre Maj\u00e2z mise en lumi\u00e8re par L\u00e9o Garnier\" \/>\n<meta property=\"og:url\" content=\"https:\/\/leogarnier.com\/index.php\/une-histoire-subjective-du-proche-orient\/\" \/>\n<meta property=\"og:site_name\" content=\"L\u00e9o Garnier\" \/>\n<meta property=\"article:publisher\" content=\"https:\/\/www.facebook.com\/leo.garnier.102\/\" \/>\n<meta property=\"article:modified_time\" content=\"2025-07-02T20:16:37+00:00\" \/>\n<meta property=\"og:image\" content=\"https:\/\/leogarnier.com\/wp-content\/uploads\/2023\/11\/Gros-plan-sur-Lauren-et-flou-en-arriere-plan.png\" \/>\n\t<meta property=\"og:image:width\" content=\"1920\" \/>\n\t<meta property=\"og:image:height\" content=\"1371\" \/>\n\t<meta property=\"og:image:type\" content=\"image\/png\" \/>\n<meta name=\"twitter:card\" content=\"summary_large_image\" \/>\n<meta name=\"twitter:label1\" content=\"Dur\u00e9e de lecture estim\u00e9e\" \/>\n\t<meta name=\"twitter:data1\" content=\"2 minutes\" \/>\n<script type=\"application\/ld+json\" class=\"yoast-schema-graph\">{\"@context\":\"https:\\\/\\\/schema.org\",\"@graph\":[{\"@type\":\"WebPage\",\"@id\":\"https:\\\/\\\/leogarnier.com\\\/index.php\\\/une-histoire-subjective-du-proche-orient\\\/\",\"url\":\"https:\\\/\\\/leogarnier.com\\\/index.php\\\/une-histoire-subjective-du-proche-orient\\\/\",\"name\":\"Th\u00e9\u00e2tre Maj\u00e2z - Une Histoire subjective du Proche Orient - L\u00e9o Garnier\",\"isPartOf\":{\"@id\":\"https:\\\/\\\/leogarnier.com\\\/#website\"},\"primaryImageOfPage\":{\"@id\":\"https:\\\/\\\/leogarnier.com\\\/index.php\\\/une-histoire-subjective-du-proche-orient\\\/#primaryimage\"},\"image\":{\"@id\":\"https:\\\/\\\/leogarnier.com\\\/index.php\\\/une-histoire-subjective-du-proche-orient\\\/#primaryimage\"},\"thumbnailUrl\":\"https:\\\/\\\/leogarnier.com\\\/wp-content\\\/uploads\\\/2023\\\/11\\\/Gros-plan-sur-Lauren-et-flou-en-arriere-plan-768x548.png\",\"datePublished\":\"2023-11-01T14:01:49+00:00\",\"dateModified\":\"2025-07-02T20:16:37+00:00\",\"description\":\"Entre Paris et le Proche Orient, pass\u00e9 et pr\u00e9sent. Nouvelle cr\u00e9ation du Th\u00e9\u00e2tre Maj\u00e2z mise en lumi\u00e8re par L\u00e9o Garnier\",\"breadcrumb\":{\"@id\":\"https:\\\/\\\/leogarnier.com\\\/index.php\\\/une-histoire-subjective-du-proche-orient\\\/#breadcrumb\"},\"inLanguage\":\"fr-FR\",\"potentialAction\":[{\"@type\":\"ReadAction\",\"target\":[\"https:\\\/\\\/leogarnier.com\\\/index.php\\\/une-histoire-subjective-du-proche-orient\\\/\"]}]},{\"@type\":\"ImageObject\",\"inLanguage\":\"fr-FR\",\"@id\":\"https:\\\/\\\/leogarnier.com\\\/index.php\\\/une-histoire-subjective-du-proche-orient\\\/#primaryimage\",\"url\":\"https:\\\/\\\/leogarnier.com\\\/wp-content\\\/uploads\\\/2023\\\/11\\\/Gros-plan-sur-Lauren-et-flou-en-arriere-plan.png\",\"contentUrl\":\"https:\\\/\\\/leogarnier.com\\\/wp-content\\\/uploads\\\/2023\\\/11\\\/Gros-plan-sur-Lauren-et-flou-en-arriere-plan.png\",\"width\":1920,\"height\":1371},{\"@type\":\"BreadcrumbList\",\"@id\":\"https:\\\/\\\/leogarnier.com\\\/index.php\\\/une-histoire-subjective-du-proche-orient\\\/#breadcrumb\",\"itemListElement\":[{\"@type\":\"ListItem\",\"position\":1,\"name\":\"Accueil\",\"item\":\"https:\\\/\\\/leogarnier.com\\\/\"},{\"@type\":\"ListItem\",\"position\":2,\"name\":\"Une Histoire subjective du Proche Orient\"}]},{\"@type\":\"WebSite\",\"@id\":\"https:\\\/\\\/leogarnier.com\\\/#website\",\"url\":\"https:\\\/\\\/leogarnier.com\\\/\",\"name\":\"L\u00e9o Garnier\",\"description\":\"\u00c9clairagiste\",\"publisher\":{\"@id\":\"https:\\\/\\\/leogarnier.com\\\/#\\\/schema\\\/person\\\/9caf54ec40390ce3fa693f0b1acd3190\"},\"potentialAction\":[{\"@type\":\"SearchAction\",\"target\":{\"@type\":\"EntryPoint\",\"urlTemplate\":\"https:\\\/\\\/leogarnier.com\\\/?s={search_term_string}\"},\"query-input\":{\"@type\":\"PropertyValueSpecification\",\"valueRequired\":true,\"valueName\":\"search_term_string\"}}],\"inLanguage\":\"fr-FR\"},{\"@type\":[\"Person\",\"Organization\"],\"@id\":\"https:\\\/\\\/leogarnier.com\\\/#\\\/schema\\\/person\\\/9caf54ec40390ce3fa693f0b1acd3190\",\"name\":\"L\u00e9o\",\"image\":{\"@type\":\"ImageObject\",\"inLanguage\":\"fr-FR\",\"@id\":\"https:\\\/\\\/leogarnier.com\\\/wp-content\\\/uploads\\\/2022\\\/09\\\/Leo9.png\",\"url\":\"https:\\\/\\\/leogarnier.com\\\/wp-content\\\/uploads\\\/2022\\\/09\\\/Leo9.png\",\"contentUrl\":\"https:\\\/\\\/leogarnier.com\\\/wp-content\\\/uploads\\\/2022\\\/09\\\/Leo9.png\",\"width\":1148,\"height\":825,\"caption\":\"L\u00e9o\"},\"logo\":{\"@id\":\"https:\\\/\\\/leogarnier.com\\\/wp-content\\\/uploads\\\/2022\\\/09\\\/Leo9.png\"},\"sameAs\":[\"http:\\\/\\\/leogarnier.com\",\"https:\\\/\\\/www.facebook.com\\\/leo.garnier.102\\\/\",\"https:\\\/\\\/www.instagram.com\\\/garnierleo\\\/\"]}]}<\/script>\n<!-- \/ Yoast SEO plugin. -->","yoast_head_json":{"title":"Th\u00e9\u00e2tre Maj\u00e2z - Une Histoire subjective du Proche Orient - L\u00e9o Garnier","description":"Entre Paris et le Proche Orient, pass\u00e9 et pr\u00e9sent. Nouvelle cr\u00e9ation du Th\u00e9\u00e2tre Maj\u00e2z mise en lumi\u00e8re par L\u00e9o Garnier","robots":{"index":"index","follow":"follow","max-snippet":"max-snippet:-1","max-image-preview":"max-image-preview:large","max-video-preview":"max-video-preview:-1"},"canonical":"https:\/\/leogarnier.com\/index.php\/une-histoire-subjective-du-proche-orient\/","og_locale":"fr_FR","og_type":"article","og_title":"Th\u00e9\u00e2tre Maj\u00e2z - Une Histoire subjective du Proche Orient - L\u00e9o Garnier","og_description":"Entre Paris et le Proche Orient, pass\u00e9 et pr\u00e9sent. Nouvelle cr\u00e9ation du Th\u00e9\u00e2tre Maj\u00e2z mise en lumi\u00e8re par L\u00e9o Garnier","og_url":"https:\/\/leogarnier.com\/index.php\/une-histoire-subjective-du-proche-orient\/","og_site_name":"L\u00e9o Garnier","article_publisher":"https:\/\/www.facebook.com\/leo.garnier.102\/","article_modified_time":"2025-07-02T20:16:37+00:00","og_image":[{"width":1920,"height":1371,"url":"https:\/\/leogarnier.com\/wp-content\/uploads\/2023\/11\/Gros-plan-sur-Lauren-et-flou-en-arriere-plan.png","type":"image\/png"}],"twitter_card":"summary_large_image","twitter_misc":{"Dur\u00e9e de lecture estim\u00e9e":"2 minutes"},"schema":{"@context":"https:\/\/schema.org","@graph":[{"@type":"WebPage","@id":"https:\/\/leogarnier.com\/index.php\/une-histoire-subjective-du-proche-orient\/","url":"https:\/\/leogarnier.com\/index.php\/une-histoire-subjective-du-proche-orient\/","name":"Th\u00e9\u00e2tre Maj\u00e2z - Une Histoire subjective du Proche Orient - L\u00e9o Garnier","isPartOf":{"@id":"https:\/\/leogarnier.com\/#website"},"primaryImageOfPage":{"@id":"https:\/\/leogarnier.com\/index.php\/une-histoire-subjective-du-proche-orient\/#primaryimage"},"image":{"@id":"https:\/\/leogarnier.com\/index.php\/une-histoire-subjective-du-proche-orient\/#primaryimage"},"thumbnailUrl":"https:\/\/leogarnier.com\/wp-content\/uploads\/2023\/11\/Gros-plan-sur-Lauren-et-flou-en-arriere-plan-768x548.png","datePublished":"2023-11-01T14:01:49+00:00","dateModified":"2025-07-02T20:16:37+00:00","description":"Entre Paris et le Proche Orient, pass\u00e9 et pr\u00e9sent. Nouvelle cr\u00e9ation du Th\u00e9\u00e2tre Maj\u00e2z mise en lumi\u00e8re par L\u00e9o Garnier","breadcrumb":{"@id":"https:\/\/leogarnier.com\/index.php\/une-histoire-subjective-du-proche-orient\/#breadcrumb"},"inLanguage":"fr-FR","potentialAction":[{"@type":"ReadAction","target":["https:\/\/leogarnier.com\/index.php\/une-histoire-subjective-du-proche-orient\/"]}]},{"@type":"ImageObject","inLanguage":"fr-FR","@id":"https:\/\/leogarnier.com\/index.php\/une-histoire-subjective-du-proche-orient\/#primaryimage","url":"https:\/\/leogarnier.com\/wp-content\/uploads\/2023\/11\/Gros-plan-sur-Lauren-et-flou-en-arriere-plan.png","contentUrl":"https:\/\/leogarnier.com\/wp-content\/uploads\/2023\/11\/Gros-plan-sur-Lauren-et-flou-en-arriere-plan.png","width":1920,"height":1371},{"@type":"BreadcrumbList","@id":"https:\/\/leogarnier.com\/index.php\/une-histoire-subjective-du-proche-orient\/#breadcrumb","itemListElement":[{"@type":"ListItem","position":1,"name":"Accueil","item":"https:\/\/leogarnier.com\/"},{"@type":"ListItem","position":2,"name":"Une Histoire subjective du Proche Orient"}]},{"@type":"WebSite","@id":"https:\/\/leogarnier.com\/#website","url":"https:\/\/leogarnier.com\/","name":"L\u00e9o Garnier","description":"\u00c9clairagiste","publisher":{"@id":"https:\/\/leogarnier.com\/#\/schema\/person\/9caf54ec40390ce3fa693f0b1acd3190"},"potentialAction":[{"@type":"SearchAction","target":{"@type":"EntryPoint","urlTemplate":"https:\/\/leogarnier.com\/?s={search_term_string}"},"query-input":{"@type":"PropertyValueSpecification","valueRequired":true,"valueName":"search_term_string"}}],"inLanguage":"fr-FR"},{"@type":["Person","Organization"],"@id":"https:\/\/leogarnier.com\/#\/schema\/person\/9caf54ec40390ce3fa693f0b1acd3190","name":"L\u00e9o","image":{"@type":"ImageObject","inLanguage":"fr-FR","@id":"https:\/\/leogarnier.com\/wp-content\/uploads\/2022\/09\/Leo9.png","url":"https:\/\/leogarnier.com\/wp-content\/uploads\/2022\/09\/Leo9.png","contentUrl":"https:\/\/leogarnier.com\/wp-content\/uploads\/2022\/09\/Leo9.png","width":1148,"height":825,"caption":"L\u00e9o"},"logo":{"@id":"https:\/\/leogarnier.com\/wp-content\/uploads\/2022\/09\/Leo9.png"},"sameAs":["http:\/\/leogarnier.com","https:\/\/www.facebook.com\/leo.garnier.102\/","https:\/\/www.instagram.com\/garnierleo\/"]}]}},"_links":{"self":[{"href":"https:\/\/leogarnier.com\/index.php\/wp-json\/wp\/v2\/pages\/2282","targetHints":{"allow":["GET"]}}],"collection":[{"href":"https:\/\/leogarnier.com\/index.php\/wp-json\/wp\/v2\/pages"}],"about":[{"href":"https:\/\/leogarnier.com\/index.php\/wp-json\/wp\/v2\/types\/page"}],"author":[{"embeddable":true,"href":"https:\/\/leogarnier.com\/index.php\/wp-json\/wp\/v2\/users\/1"}],"replies":[{"embeddable":true,"href":"https:\/\/leogarnier.com\/index.php\/wp-json\/wp\/v2\/comments?post=2282"}],"version-history":[{"count":22,"href":"https:\/\/leogarnier.com\/index.php\/wp-json\/wp\/v2\/pages\/2282\/revisions"}],"predecessor-version":[{"id":2475,"href":"https:\/\/leogarnier.com\/index.php\/wp-json\/wp\/v2\/pages\/2282\/revisions\/2475"}],"wp:attachment":[{"href":"https:\/\/leogarnier.com\/index.php\/wp-json\/wp\/v2\/media?parent=2282"}],"curies":[{"name":"wp","href":"https:\/\/api.w.org\/{rel}","templated":true}]}}