{"id":2304,"date":"2023-11-01T16:10:32","date_gmt":"2023-11-01T15:10:32","guid":{"rendered":"https:\/\/leogarnier.com\/?page_id=2304"},"modified":"2023-11-02T22:17:30","modified_gmt":"2023-11-02T21:17:30","slug":"maquettes-une-histoire-subjective-du-proche-orient","status":"publish","type":"page","link":"https:\/\/leogarnier.com\/index.php\/maquettes-3d\/maquettes-une-histoire-subjective-du-proche-orient\/","title":{"rendered":"Maquettes &#8211; Une histoire subjective du Proche Orient"},"content":{"rendered":"\t\t<div data-elementor-type=\"wp-page\" data-elementor-id=\"2304\" class=\"elementor elementor-2304\">\n\t\t\t\t\t\t<section class=\"elementor-section elementor-top-section elementor-element elementor-element-82fa4e4 elementor-section-boxed elementor-section-height-default elementor-section-height-default\" data-id=\"82fa4e4\" data-element_type=\"section\">\n\t\t\t\t\t\t<div class=\"elementor-container elementor-column-gap-default\">\n\t\t\t\t\t<div class=\"elementor-column elementor-col-100 elementor-top-column elementor-element elementor-element-a73dbe1\" data-id=\"a73dbe1\" data-element_type=\"column\">\n\t\t\t<div class=\"elementor-widget-wrap elementor-element-populated\">\n\t\t\t\t\t\t<div class=\"elementor-element elementor-element-290290a elementor-widget elementor-widget-heading\" data-id=\"290290a\" data-element_type=\"widget\" data-widget_type=\"heading.default\">\n\t\t\t\t<div class=\"elementor-widget-container\">\n\t\t\t\t\t<h2 class=\"elementor-heading-title elementor-size-default\">Une histoire subjective du Proche-Orient<\/h2>\t\t\t\t<\/div>\n\t\t\t\t<\/div>\n\t\t\t\t\t<\/div>\n\t\t<\/div>\n\t\t\t\t\t<\/div>\n\t\t<\/section>\n\t\t\t\t<section class=\"elementor-section elementor-top-section elementor-element elementor-element-1f3bfac elementor-section-boxed elementor-section-height-default elementor-section-height-default\" data-id=\"1f3bfac\" data-element_type=\"section\">\n\t\t\t\t\t\t<div class=\"elementor-container elementor-column-gap-default\">\n\t\t\t\t\t<div class=\"elementor-column elementor-col-100 elementor-top-column elementor-element elementor-element-dc8b7c7\" data-id=\"dc8b7c7\" data-element_type=\"column\">\n\t\t\t<div class=\"elementor-widget-wrap elementor-element-populated\">\n\t\t\t\t\t\t<div class=\"elementor-element elementor-element-bd6d88c elementor-widget elementor-widget-text-editor\" data-id=\"bd6d88c\" data-element_type=\"widget\" data-widget_type=\"text-editor.default\">\n\t\t\t\t<div class=\"elementor-widget-container\">\n\t\t\t\t\t\t\t\t\t<p>Lauren Houda Hussein \/ Ido Shaked<\/p>\t\t\t\t\t\t\t\t<\/div>\n\t\t\t\t<\/div>\n\t\t\t\t\t<\/div>\n\t\t<\/div>\n\t\t\t\t\t<\/div>\n\t\t<\/section>\n\t\t\t\t<section class=\"elementor-section elementor-top-section elementor-element elementor-element-c3848a1 elementor-section-boxed elementor-section-height-default elementor-section-height-default\" data-id=\"c3848a1\" data-element_type=\"section\">\n\t\t\t\t\t\t<div class=\"elementor-container elementor-column-gap-default\">\n\t\t\t\t\t<div class=\"elementor-column elementor-col-100 elementor-top-column elementor-element elementor-element-92592a5\" data-id=\"92592a5\" data-element_type=\"column\">\n\t\t\t<div class=\"elementor-widget-wrap elementor-element-populated\">\n\t\t\t\t\t\t<div class=\"elementor-element elementor-element-e17b2a4 elementor-widget elementor-widget-text-editor\" data-id=\"e17b2a4\" data-element_type=\"widget\" data-widget_type=\"text-editor.default\">\n\t\t\t\t<div class=\"elementor-widget-container\">\n\t\t\t\t\t\t\t\t\t<p>Maquettes 3D<\/p>\t\t\t\t\t\t\t\t<\/div>\n\t\t\t\t<\/div>\n\t\t\t\t\t<\/div>\n\t\t<\/div>\n\t\t\t\t\t<\/div>\n\t\t<\/section>\n\t\t\t\t<section class=\"elementor-section elementor-top-section elementor-element elementor-element-7d12acc elementor-section-boxed elementor-section-height-default elementor-section-height-default\" data-id=\"7d12acc\" data-element_type=\"section\">\n\t\t\t\t\t\t<div class=\"elementor-container elementor-column-gap-default\">\n\t\t\t\t\t<div class=\"elementor-column elementor-col-100 elementor-top-column elementor-element elementor-element-57dde1a\" data-id=\"57dde1a\" data-element_type=\"column\">\n\t\t\t<div class=\"elementor-widget-wrap elementor-element-populated\">\n\t\t\t\t\t\t<div class=\"elementor-element elementor-element-dfbdb91 elementor-widget elementor-widget-image\" data-id=\"dfbdb91\" data-element_type=\"widget\" data-widget_type=\"image.default\">\n\t\t\t\t<div class=\"elementor-widget-container\">\n\t\t\t\t\t\t\t\t\t\t\t\t\t\t\t<img fetchpriority=\"high\" decoding=\"async\" width=\"768\" height=\"593\" src=\"https:\/\/leogarnier.com\/wp-content\/uploads\/2023\/11\/Tests-face-Jerusalem-768x593.jpeg\" class=\"attachment-medium_large size-medium_large wp-image-2310\" alt=\"\" srcset=\"https:\/\/leogarnier.com\/wp-content\/uploads\/2023\/11\/Tests-face-Jerusalem-768x593.jpeg 768w, https:\/\/leogarnier.com\/wp-content\/uploads\/2023\/11\/Tests-face-Jerusalem-300x232.jpeg 300w, https:\/\/leogarnier.com\/wp-content\/uploads\/2023\/11\/Tests-face-Jerusalem-1024x791.jpeg 1024w, https:\/\/leogarnier.com\/wp-content\/uploads\/2023\/11\/Tests-face-Jerusalem-1536x1187.jpeg 1536w, https:\/\/leogarnier.com\/wp-content\/uploads\/2023\/11\/Tests-face-Jerusalem-2048x1583.jpeg 2048w\" sizes=\"(max-width: 768px) 100vw, 768px\" \/>\t\t\t\t\t\t\t\t\t\t\t\t\t\t\t<\/div>\n\t\t\t\t<\/div>\n\t\t\t\t\t<\/div>\n\t\t<\/div>\n\t\t\t\t\t<\/div>\n\t\t<\/section>\n\t\t\t\t<section class=\"elementor-section elementor-top-section elementor-element elementor-element-98b2106 elementor-section-boxed elementor-section-height-default elementor-section-height-default\" data-id=\"98b2106\" data-element_type=\"section\">\n\t\t\t\t\t\t<div class=\"elementor-container elementor-column-gap-default\">\n\t\t\t\t\t<div class=\"elementor-column elementor-col-100 elementor-top-column elementor-element elementor-element-620ef24\" data-id=\"620ef24\" data-element_type=\"column\">\n\t\t\t<div class=\"elementor-widget-wrap elementor-element-populated\">\n\t\t\t\t\t\t<div class=\"elementor-element elementor-element-97a8cc7 elementor-widget elementor-widget-spacer\" data-id=\"97a8cc7\" data-element_type=\"widget\" data-widget_type=\"spacer.default\">\n\t\t\t\t<div class=\"elementor-widget-container\">\n\t\t\t\t\t\t\t<div class=\"elementor-spacer\">\n\t\t\t<div class=\"elementor-spacer-inner\"><\/div>\n\t\t<\/div>\n\t\t\t\t\t\t<\/div>\n\t\t\t\t<\/div>\n\t\t\t\t\t<\/div>\n\t\t<\/div>\n\t\t\t\t\t<\/div>\n\t\t<\/section>\n\t\t\t\t<section class=\"elementor-section elementor-top-section elementor-element elementor-element-9fb12bd elementor-section-boxed elementor-section-height-default elementor-section-height-default\" data-id=\"9fb12bd\" data-element_type=\"section\">\n\t\t\t\t\t\t<div class=\"elementor-container elementor-column-gap-default\">\n\t\t\t\t\t<div class=\"elementor-column elementor-col-100 elementor-top-column elementor-element elementor-element-21cf50e\" data-id=\"21cf50e\" data-element_type=\"column\">\n\t\t\t<div class=\"elementor-widget-wrap elementor-element-populated\">\n\t\t\t\t\t\t<div class=\"elementor-element elementor-element-fb570d9 elementor-widget elementor-widget-image\" data-id=\"fb570d9\" data-element_type=\"widget\" data-widget_type=\"image.default\">\n\t\t\t\t<div class=\"elementor-widget-container\">\n\t\t\t\t\t\t\t\t\t\t\t\t\t\t\t<img decoding=\"async\" width=\"768\" height=\"593\" src=\"https:\/\/leogarnier.com\/wp-content\/uploads\/2023\/11\/Test-face-Beyrouth-768x593.jpeg\" class=\"attachment-medium_large size-medium_large wp-image-2311\" alt=\"\" srcset=\"https:\/\/leogarnier.com\/wp-content\/uploads\/2023\/11\/Test-face-Beyrouth-768x593.jpeg 768w, https:\/\/leogarnier.com\/wp-content\/uploads\/2023\/11\/Test-face-Beyrouth-300x232.jpeg 300w, https:\/\/leogarnier.com\/wp-content\/uploads\/2023\/11\/Test-face-Beyrouth-1024x791.jpeg 1024w, https:\/\/leogarnier.com\/wp-content\/uploads\/2023\/11\/Test-face-Beyrouth-1536x1187.jpeg 1536w, https:\/\/leogarnier.com\/wp-content\/uploads\/2023\/11\/Test-face-Beyrouth-2048x1583.jpeg 2048w\" sizes=\"(max-width: 768px) 100vw, 768px\" \/>\t\t\t\t\t\t\t\t\t\t\t\t\t\t\t<\/div>\n\t\t\t\t<\/div>\n\t\t\t\t\t<\/div>\n\t\t<\/div>\n\t\t\t\t\t<\/div>\n\t\t<\/section>\n\t\t\t\t<\/div>\n\t\t","protected":false},"excerpt":{"rendered":"<p>Une histoire subjective du Proche-Orient Lauren Houda Hussein \/ Ido Shaked Maquettes 3D<\/p>\n","protected":false},"author":1,"featured_media":0,"parent":1028,"menu_order":0,"comment_status":"closed","ping_status":"closed","template":"","meta":{"footnotes":""},"class_list":["post-2304","page","type-page","status-publish","hentry"],"yoast_head":"<!-- This site is optimized with the Yoast SEO plugin v27.4 - https:\/\/yoast.com\/product\/yoast-seo-wordpress\/ -->\n<title>Vue 3D Eclairage - L\u00e9o Garnier<\/title>\n<meta name=\"description\" content=\"Vue 3D de la maquette pour l&#039;\u00e9clairage du spectacle Histoire subjective du Proche-Orient, mais n\u00e9anmoins valide... je pense - J\u00e9rusalem\" \/>\n<meta name=\"robots\" content=\"index, follow, max-snippet:-1, max-image-preview:large, max-video-preview:-1\" \/>\n<link rel=\"canonical\" href=\"https:\/\/leogarnier.com\/index.php\/maquettes-3d\/maquettes-une-histoire-subjective-du-proche-orient\/\" \/>\n<meta property=\"og:locale\" content=\"fr_FR\" \/>\n<meta property=\"og:type\" content=\"article\" \/>\n<meta property=\"og:title\" content=\"Vue 3D Eclairage - L\u00e9o Garnier\" \/>\n<meta property=\"og:description\" content=\"Vue 3D de la maquette pour l&#039;\u00e9clairage du spectacle Histoire subjective du Proche-Orient, mais n\u00e9anmoins valide... je pense - J\u00e9rusalem\" \/>\n<meta property=\"og:url\" content=\"https:\/\/leogarnier.com\/index.php\/maquettes-3d\/maquettes-une-histoire-subjective-du-proche-orient\/\" \/>\n<meta property=\"og:site_name\" content=\"L\u00e9o Garnier\" \/>\n<meta property=\"article:publisher\" content=\"https:\/\/www.facebook.com\/leo.garnier.102\/\" \/>\n<meta property=\"article:modified_time\" content=\"2023-11-02T21:17:30+00:00\" \/>\n<meta property=\"og:image\" content=\"https:\/\/leogarnier.com\/wp-content\/uploads\/2023\/11\/Tests-face-Jerusalem-768x593.jpeg\" \/>\n<meta name=\"twitter:card\" content=\"summary_large_image\" \/>\n<meta name=\"twitter:label1\" content=\"Dur\u00e9e de lecture estim\u00e9e\" \/>\n\t<meta name=\"twitter:data1\" content=\"1 minute\" \/>\n<script type=\"application\/ld+json\" class=\"yoast-schema-graph\">{\"@context\":\"https:\\\/\\\/schema.org\",\"@graph\":[{\"@type\":\"WebPage\",\"@id\":\"https:\\\/\\\/leogarnier.com\\\/index.php\\\/maquettes-3d\\\/maquettes-une-histoire-subjective-du-proche-orient\\\/\",\"url\":\"https:\\\/\\\/leogarnier.com\\\/index.php\\\/maquettes-3d\\\/maquettes-une-histoire-subjective-du-proche-orient\\\/\",\"name\":\"Vue 3D Eclairage - L\u00e9o Garnier\",\"isPartOf\":{\"@id\":\"https:\\\/\\\/leogarnier.com\\\/#website\"},\"primaryImageOfPage\":{\"@id\":\"https:\\\/\\\/leogarnier.com\\\/index.php\\\/maquettes-3d\\\/maquettes-une-histoire-subjective-du-proche-orient\\\/#primaryimage\"},\"image\":{\"@id\":\"https:\\\/\\\/leogarnier.com\\\/index.php\\\/maquettes-3d\\\/maquettes-une-histoire-subjective-du-proche-orient\\\/#primaryimage\"},\"thumbnailUrl\":\"https:\\\/\\\/leogarnier.com\\\/wp-content\\\/uploads\\\/2023\\\/11\\\/Tests-face-Jerusalem-768x593.jpeg\",\"datePublished\":\"2023-11-01T15:10:32+00:00\",\"dateModified\":\"2023-11-02T21:17:30+00:00\",\"description\":\"Vue 3D de la maquette pour l'\u00e9clairage du spectacle Histoire subjective du Proche-Orient, mais n\u00e9anmoins valide... je pense - J\u00e9rusalem\",\"breadcrumb\":{\"@id\":\"https:\\\/\\\/leogarnier.com\\\/index.php\\\/maquettes-3d\\\/maquettes-une-histoire-subjective-du-proche-orient\\\/#breadcrumb\"},\"inLanguage\":\"fr-FR\",\"potentialAction\":[{\"@type\":\"ReadAction\",\"target\":[\"https:\\\/\\\/leogarnier.com\\\/index.php\\\/maquettes-3d\\\/maquettes-une-histoire-subjective-du-proche-orient\\\/\"]}]},{\"@type\":\"ImageObject\",\"inLanguage\":\"fr-FR\",\"@id\":\"https:\\\/\\\/leogarnier.com\\\/index.php\\\/maquettes-3d\\\/maquettes-une-histoire-subjective-du-proche-orient\\\/#primaryimage\",\"url\":\"https:\\\/\\\/leogarnier.com\\\/wp-content\\\/uploads\\\/2023\\\/11\\\/Tests-face-Jerusalem-scaled.jpeg\",\"contentUrl\":\"https:\\\/\\\/leogarnier.com\\\/wp-content\\\/uploads\\\/2023\\\/11\\\/Tests-face-Jerusalem-scaled.jpeg\",\"width\":2560,\"height\":1978},{\"@type\":\"BreadcrumbList\",\"@id\":\"https:\\\/\\\/leogarnier.com\\\/index.php\\\/maquettes-3d\\\/maquettes-une-histoire-subjective-du-proche-orient\\\/#breadcrumb\",\"itemListElement\":[{\"@type\":\"ListItem\",\"position\":1,\"name\":\"Accueil\",\"item\":\"https:\\\/\\\/leogarnier.com\\\/\"},{\"@type\":\"ListItem\",\"position\":2,\"name\":\"Maquettes 3D\",\"item\":\"https:\\\/\\\/leogarnier.com\\\/index.php\\\/maquettes-3d\\\/\"},{\"@type\":\"ListItem\",\"position\":3,\"name\":\"Maquettes &#8211; Une histoire subjective du Proche Orient\"}]},{\"@type\":\"WebSite\",\"@id\":\"https:\\\/\\\/leogarnier.com\\\/#website\",\"url\":\"https:\\\/\\\/leogarnier.com\\\/\",\"name\":\"L\u00e9o Garnier\",\"description\":\"\u00c9clairagiste\",\"publisher\":{\"@id\":\"https:\\\/\\\/leogarnier.com\\\/#\\\/schema\\\/person\\\/9caf54ec40390ce3fa693f0b1acd3190\"},\"potentialAction\":[{\"@type\":\"SearchAction\",\"target\":{\"@type\":\"EntryPoint\",\"urlTemplate\":\"https:\\\/\\\/leogarnier.com\\\/?s={search_term_string}\"},\"query-input\":{\"@type\":\"PropertyValueSpecification\",\"valueRequired\":true,\"valueName\":\"search_term_string\"}}],\"inLanguage\":\"fr-FR\"},{\"@type\":[\"Person\",\"Organization\"],\"@id\":\"https:\\\/\\\/leogarnier.com\\\/#\\\/schema\\\/person\\\/9caf54ec40390ce3fa693f0b1acd3190\",\"name\":\"L\u00e9o\",\"image\":{\"@type\":\"ImageObject\",\"inLanguage\":\"fr-FR\",\"@id\":\"https:\\\/\\\/leogarnier.com\\\/wp-content\\\/uploads\\\/2022\\\/09\\\/Leo9.png\",\"url\":\"https:\\\/\\\/leogarnier.com\\\/wp-content\\\/uploads\\\/2022\\\/09\\\/Leo9.png\",\"contentUrl\":\"https:\\\/\\\/leogarnier.com\\\/wp-content\\\/uploads\\\/2022\\\/09\\\/Leo9.png\",\"width\":1148,\"height\":825,\"caption\":\"L\u00e9o\"},\"logo\":{\"@id\":\"https:\\\/\\\/leogarnier.com\\\/wp-content\\\/uploads\\\/2022\\\/09\\\/Leo9.png\"},\"sameAs\":[\"http:\\\/\\\/leogarnier.com\",\"https:\\\/\\\/www.facebook.com\\\/leo.garnier.102\\\/\",\"https:\\\/\\\/www.instagram.com\\\/garnierleo\\\/\"]}]}<\/script>\n<!-- \/ Yoast SEO plugin. -->","yoast_head_json":{"title":"Vue 3D Eclairage - L\u00e9o Garnier","description":"Vue 3D de la maquette pour l'\u00e9clairage du spectacle Histoire subjective du Proche-Orient, mais n\u00e9anmoins valide... je pense - J\u00e9rusalem","robots":{"index":"index","follow":"follow","max-snippet":"max-snippet:-1","max-image-preview":"max-image-preview:large","max-video-preview":"max-video-preview:-1"},"canonical":"https:\/\/leogarnier.com\/index.php\/maquettes-3d\/maquettes-une-histoire-subjective-du-proche-orient\/","og_locale":"fr_FR","og_type":"article","og_title":"Vue 3D Eclairage - L\u00e9o Garnier","og_description":"Vue 3D de la maquette pour l'\u00e9clairage du spectacle Histoire subjective du Proche-Orient, mais n\u00e9anmoins valide... je pense - J\u00e9rusalem","og_url":"https:\/\/leogarnier.com\/index.php\/maquettes-3d\/maquettes-une-histoire-subjective-du-proche-orient\/","og_site_name":"L\u00e9o Garnier","article_publisher":"https:\/\/www.facebook.com\/leo.garnier.102\/","article_modified_time":"2023-11-02T21:17:30+00:00","og_image":[{"url":"https:\/\/leogarnier.com\/wp-content\/uploads\/2023\/11\/Tests-face-Jerusalem-768x593.jpeg","type":"","width":"","height":""}],"twitter_card":"summary_large_image","twitter_misc":{"Dur\u00e9e de lecture estim\u00e9e":"1 minute"},"schema":{"@context":"https:\/\/schema.org","@graph":[{"@type":"WebPage","@id":"https:\/\/leogarnier.com\/index.php\/maquettes-3d\/maquettes-une-histoire-subjective-du-proche-orient\/","url":"https:\/\/leogarnier.com\/index.php\/maquettes-3d\/maquettes-une-histoire-subjective-du-proche-orient\/","name":"Vue 3D Eclairage - L\u00e9o Garnier","isPartOf":{"@id":"https:\/\/leogarnier.com\/#website"},"primaryImageOfPage":{"@id":"https:\/\/leogarnier.com\/index.php\/maquettes-3d\/maquettes-une-histoire-subjective-du-proche-orient\/#primaryimage"},"image":{"@id":"https:\/\/leogarnier.com\/index.php\/maquettes-3d\/maquettes-une-histoire-subjective-du-proche-orient\/#primaryimage"},"thumbnailUrl":"https:\/\/leogarnier.com\/wp-content\/uploads\/2023\/11\/Tests-face-Jerusalem-768x593.jpeg","datePublished":"2023-11-01T15:10:32+00:00","dateModified":"2023-11-02T21:17:30+00:00","description":"Vue 3D de la maquette pour l'\u00e9clairage du spectacle Histoire subjective du Proche-Orient, mais n\u00e9anmoins valide... je pense - J\u00e9rusalem","breadcrumb":{"@id":"https:\/\/leogarnier.com\/index.php\/maquettes-3d\/maquettes-une-histoire-subjective-du-proche-orient\/#breadcrumb"},"inLanguage":"fr-FR","potentialAction":[{"@type":"ReadAction","target":["https:\/\/leogarnier.com\/index.php\/maquettes-3d\/maquettes-une-histoire-subjective-du-proche-orient\/"]}]},{"@type":"ImageObject","inLanguage":"fr-FR","@id":"https:\/\/leogarnier.com\/index.php\/maquettes-3d\/maquettes-une-histoire-subjective-du-proche-orient\/#primaryimage","url":"https:\/\/leogarnier.com\/wp-content\/uploads\/2023\/11\/Tests-face-Jerusalem-scaled.jpeg","contentUrl":"https:\/\/leogarnier.com\/wp-content\/uploads\/2023\/11\/Tests-face-Jerusalem-scaled.jpeg","width":2560,"height":1978},{"@type":"BreadcrumbList","@id":"https:\/\/leogarnier.com\/index.php\/maquettes-3d\/maquettes-une-histoire-subjective-du-proche-orient\/#breadcrumb","itemListElement":[{"@type":"ListItem","position":1,"name":"Accueil","item":"https:\/\/leogarnier.com\/"},{"@type":"ListItem","position":2,"name":"Maquettes 3D","item":"https:\/\/leogarnier.com\/index.php\/maquettes-3d\/"},{"@type":"ListItem","position":3,"name":"Maquettes &#8211; Une histoire subjective du Proche Orient"}]},{"@type":"WebSite","@id":"https:\/\/leogarnier.com\/#website","url":"https:\/\/leogarnier.com\/","name":"L\u00e9o Garnier","description":"\u00c9clairagiste","publisher":{"@id":"https:\/\/leogarnier.com\/#\/schema\/person\/9caf54ec40390ce3fa693f0b1acd3190"},"potentialAction":[{"@type":"SearchAction","target":{"@type":"EntryPoint","urlTemplate":"https:\/\/leogarnier.com\/?s={search_term_string}"},"query-input":{"@type":"PropertyValueSpecification","valueRequired":true,"valueName":"search_term_string"}}],"inLanguage":"fr-FR"},{"@type":["Person","Organization"],"@id":"https:\/\/leogarnier.com\/#\/schema\/person\/9caf54ec40390ce3fa693f0b1acd3190","name":"L\u00e9o","image":{"@type":"ImageObject","inLanguage":"fr-FR","@id":"https:\/\/leogarnier.com\/wp-content\/uploads\/2022\/09\/Leo9.png","url":"https:\/\/leogarnier.com\/wp-content\/uploads\/2022\/09\/Leo9.png","contentUrl":"https:\/\/leogarnier.com\/wp-content\/uploads\/2022\/09\/Leo9.png","width":1148,"height":825,"caption":"L\u00e9o"},"logo":{"@id":"https:\/\/leogarnier.com\/wp-content\/uploads\/2022\/09\/Leo9.png"},"sameAs":["http:\/\/leogarnier.com","https:\/\/www.facebook.com\/leo.garnier.102\/","https:\/\/www.instagram.com\/garnierleo\/"]}]}},"_links":{"self":[{"href":"https:\/\/leogarnier.com\/index.php\/wp-json\/wp\/v2\/pages\/2304","targetHints":{"allow":["GET"]}}],"collection":[{"href":"https:\/\/leogarnier.com\/index.php\/wp-json\/wp\/v2\/pages"}],"about":[{"href":"https:\/\/leogarnier.com\/index.php\/wp-json\/wp\/v2\/types\/page"}],"author":[{"embeddable":true,"href":"https:\/\/leogarnier.com\/index.php\/wp-json\/wp\/v2\/users\/1"}],"replies":[{"embeddable":true,"href":"https:\/\/leogarnier.com\/index.php\/wp-json\/wp\/v2\/comments?post=2304"}],"version-history":[{"count":9,"href":"https:\/\/leogarnier.com\/index.php\/wp-json\/wp\/v2\/pages\/2304\/revisions"}],"predecessor-version":[{"id":2338,"href":"https:\/\/leogarnier.com\/index.php\/wp-json\/wp\/v2\/pages\/2304\/revisions\/2338"}],"up":[{"embeddable":true,"href":"https:\/\/leogarnier.com\/index.php\/wp-json\/wp\/v2\/pages\/1028"}],"wp:attachment":[{"href":"https:\/\/leogarnier.com\/index.php\/wp-json\/wp\/v2\/media?parent=2304"}],"curies":[{"name":"wp","href":"https:\/\/api.w.org\/{rel}","templated":true}]}}