{"id":2417,"date":"2025-07-01T14:02:20","date_gmt":"2025-07-01T12:02:20","guid":{"rendered":"https:\/\/leogarnier.com\/?page_id=2417"},"modified":"2025-07-01T14:56:15","modified_gmt":"2025-07-01T12:56:15","slug":"lhotel-du-libre-echange","status":"publish","type":"page","link":"https:\/\/leogarnier.com\/index.php\/lhotel-du-libre-echange\/","title":{"rendered":"L&rsquo;h\u00f4tel du libre \u00e9change"},"content":{"rendered":"\t\t<div data-elementor-type=\"wp-page\" data-elementor-id=\"2417\" class=\"elementor elementor-2417\">\n\t\t\t\t\t\t<section class=\"elementor-section elementor-top-section elementor-element elementor-element-bf1568f elementor-section-boxed elementor-section-height-default elementor-section-height-default\" data-id=\"bf1568f\" data-element_type=\"section\">\n\t\t\t\t\t\t<div class=\"elementor-container elementor-column-gap-default\">\n\t\t\t\t\t<div class=\"elementor-column elementor-col-100 elementor-top-column elementor-element elementor-element-c4656c8\" data-id=\"c4656c8\" data-element_type=\"column\">\n\t\t\t<div class=\"elementor-widget-wrap elementor-element-populated\">\n\t\t\t\t\t\t<div class=\"elementor-element elementor-element-5cfb16b elementor-widget elementor-widget-heading\" data-id=\"5cfb16b\" data-element_type=\"widget\" data-widget_type=\"heading.default\">\n\t\t\t\t<div class=\"elementor-widget-container\">\n\t\t\t\t\t<h2 class=\"elementor-heading-title elementor-size-default\">L'h\u00f4tel du libre \u00e9change<\/h2>\t\t\t\t<\/div>\n\t\t\t\t<\/div>\n\t\t\t\t\t<\/div>\n\t\t<\/div>\n\t\t\t\t\t<\/div>\n\t\t<\/section>\n\t\t\t\t<section class=\"elementor-section elementor-top-section elementor-element elementor-element-2bdef10 elementor-section-boxed elementor-section-height-default elementor-section-height-default\" data-id=\"2bdef10\" data-element_type=\"section\">\n\t\t\t\t\t\t<div class=\"elementor-container elementor-column-gap-default\">\n\t\t\t\t\t<div class=\"elementor-column elementor-col-100 elementor-top-column elementor-element elementor-element-3281b62\" data-id=\"3281b62\" data-element_type=\"column\">\n\t\t\t<div class=\"elementor-widget-wrap elementor-element-populated\">\n\t\t\t\t\t\t<div class=\"elementor-element elementor-element-fa6c3e6 elementor-widget elementor-widget-text-editor\" data-id=\"fa6c3e6\" data-element_type=\"widget\" data-widget_type=\"text-editor.default\">\n\t\t\t\t<div class=\"elementor-widget-container\">\n\t\t\t\t\t\t\t\t\t<p>MC:2 Grenoble &#8211; mars 2025<\/p>\t\t\t\t\t\t\t\t<\/div>\n\t\t\t\t<\/div>\n\t\t\t\t\t<\/div>\n\t\t<\/div>\n\t\t\t\t\t<\/div>\n\t\t<\/section>\n\t\t\t\t<section class=\"elementor-section elementor-top-section elementor-element elementor-element-684871c elementor-section-boxed elementor-section-height-default elementor-section-height-default\" data-id=\"684871c\" data-element_type=\"section\">\n\t\t\t\t\t\t<div class=\"elementor-container elementor-column-gap-default\">\n\t\t\t\t\t<div class=\"elementor-column elementor-col-100 elementor-top-column elementor-element elementor-element-990415d\" data-id=\"990415d\" data-element_type=\"column\">\n\t\t\t<div class=\"elementor-widget-wrap elementor-element-populated\">\n\t\t\t\t\t\t<div class=\"elementor-element elementor-element-566db64 elementor-widget elementor-widget-text-editor\" data-id=\"566db64\" data-element_type=\"widget\" data-widget_type=\"text-editor.default\">\n\t\t\t\t<div class=\"elementor-widget-container\">\n\t\t\t\t\t\t\t\t\t<p>Photographie Jean-Louis Fernandez<\/p>\t\t\t\t\t\t\t\t<\/div>\n\t\t\t\t<\/div>\n\t\t\t\t\t<\/div>\n\t\t<\/div>\n\t\t\t\t\t<\/div>\n\t\t<\/section>\n\t\t\t\t<section class=\"elementor-section elementor-top-section elementor-element elementor-element-28f3c66 elementor-section-boxed elementor-section-height-default elementor-section-height-default\" data-id=\"28f3c66\" data-element_type=\"section\">\n\t\t\t\t\t\t<div class=\"elementor-container elementor-column-gap-default\">\n\t\t\t\t\t<div class=\"elementor-column elementor-col-100 elementor-top-column elementor-element elementor-element-49cc530\" data-id=\"49cc530\" data-element_type=\"column\">\n\t\t\t<div class=\"elementor-widget-wrap elementor-element-populated\">\n\t\t\t\t\t\t<div class=\"elementor-element elementor-element-aead3be elementor-widget elementor-widget-image\" data-id=\"aead3be\" data-element_type=\"widget\" data-widget_type=\"image.default\">\n\t\t\t\t<div class=\"elementor-widget-container\">\n\t\t\t\t\t\t\t\t\t\t\t\t\t\t\t<img fetchpriority=\"high\" decoding=\"async\" width=\"768\" height=\"512\" src=\"https:\/\/leogarnier.com\/wp-content\/uploads\/2025\/07\/PHOTO_LHotelDuLibreEchange_\u00a9JeanLouisFernandez_047-768x512.jpg\" class=\"attachment-medium_large size-medium_large wp-image-2399\" alt=\"\" srcset=\"https:\/\/leogarnier.com\/wp-content\/uploads\/2025\/07\/PHOTO_LHotelDuLibreEchange_\u00a9JeanLouisFernandez_047-768x512.jpg 768w, https:\/\/leogarnier.com\/wp-content\/uploads\/2025\/07\/PHOTO_LHotelDuLibreEchange_\u00a9JeanLouisFernandez_047-300x200.jpg 300w, https:\/\/leogarnier.com\/wp-content\/uploads\/2025\/07\/PHOTO_LHotelDuLibreEchange_\u00a9JeanLouisFernandez_047-1024x683.jpg 1024w, https:\/\/leogarnier.com\/wp-content\/uploads\/2025\/07\/PHOTO_LHotelDuLibreEchange_\u00a9JeanLouisFernandez_047-1536x1024.jpg 1536w, https:\/\/leogarnier.com\/wp-content\/uploads\/2025\/07\/PHOTO_LHotelDuLibreEchange_\u00a9JeanLouisFernandez_047-2048x1365.jpg 2048w\" sizes=\"(max-width: 768px) 100vw, 768px\" \/>\t\t\t\t\t\t\t\t\t\t\t\t\t\t\t<\/div>\n\t\t\t\t<\/div>\n\t\t\t\t\t<\/div>\n\t\t<\/div>\n\t\t\t\t\t<\/div>\n\t\t<\/section>\n\t\t\t\t<section class=\"elementor-section elementor-top-section elementor-element elementor-element-ffae838 elementor-section-boxed elementor-section-height-default elementor-section-height-default\" data-id=\"ffae838\" data-element_type=\"section\">\n\t\t\t\t\t\t<div class=\"elementor-container elementor-column-gap-default\">\n\t\t\t\t\t<div class=\"elementor-column elementor-col-100 elementor-top-column elementor-element elementor-element-baeb688\" data-id=\"baeb688\" data-element_type=\"column\">\n\t\t\t<div class=\"elementor-widget-wrap elementor-element-populated\">\n\t\t\t\t\t\t<div class=\"elementor-element elementor-element-bb2660a elementor-widget elementor-widget-image\" data-id=\"bb2660a\" data-element_type=\"widget\" data-widget_type=\"image.default\">\n\t\t\t\t<div class=\"elementor-widget-container\">\n\t\t\t\t\t\t\t\t\t\t\t\t\t\t\t<img decoding=\"async\" width=\"768\" height=\"512\" src=\"https:\/\/leogarnier.com\/wp-content\/uploads\/2025\/07\/PHOTO_LHotelDuLibreEchange_\u00a9JeanLouisFernandez_152-768x512.jpg\" class=\"attachment-medium_large size-medium_large wp-image-2388\" alt=\"\" srcset=\"https:\/\/leogarnier.com\/wp-content\/uploads\/2025\/07\/PHOTO_LHotelDuLibreEchange_\u00a9JeanLouisFernandez_152-768x512.jpg 768w, https:\/\/leogarnier.com\/wp-content\/uploads\/2025\/07\/PHOTO_LHotelDuLibreEchange_\u00a9JeanLouisFernandez_152-300x200.jpg 300w, https:\/\/leogarnier.com\/wp-content\/uploads\/2025\/07\/PHOTO_LHotelDuLibreEchange_\u00a9JeanLouisFernandez_152-1024x683.jpg 1024w, https:\/\/leogarnier.com\/wp-content\/uploads\/2025\/07\/PHOTO_LHotelDuLibreEchange_\u00a9JeanLouisFernandez_152-1536x1024.jpg 1536w\" sizes=\"(max-width: 768px) 100vw, 768px\" \/>\t\t\t\t\t\t\t\t\t\t\t\t\t\t\t<\/div>\n\t\t\t\t<\/div>\n\t\t\t\t\t<\/div>\n\t\t<\/div>\n\t\t\t\t\t<\/div>\n\t\t<\/section>\n\t\t\t\t<section class=\"elementor-section elementor-top-section elementor-element elementor-element-b7940ed elementor-section-boxed elementor-section-height-default elementor-section-height-default\" data-id=\"b7940ed\" data-element_type=\"section\">\n\t\t\t\t\t\t<div class=\"elementor-container elementor-column-gap-default\">\n\t\t\t\t\t<div class=\"elementor-column elementor-col-100 elementor-top-column elementor-element elementor-element-b0ea74f\" data-id=\"b0ea74f\" data-element_type=\"column\">\n\t\t\t<div class=\"elementor-widget-wrap elementor-element-populated\">\n\t\t\t\t\t\t<div class=\"elementor-element elementor-element-b2da6f3 elementor-widget elementor-widget-image\" data-id=\"b2da6f3\" data-element_type=\"widget\" data-widget_type=\"image.default\">\n\t\t\t\t<div class=\"elementor-widget-container\">\n\t\t\t\t\t\t\t\t\t\t\t\t\t\t\t<img decoding=\"async\" width=\"768\" height=\"512\" src=\"https:\/\/leogarnier.com\/wp-content\/uploads\/2025\/07\/PHOTO_LHotelDuLibreEchange_\u00a9JeanLouisFernandez_053-768x512.jpg\" class=\"attachment-medium_large size-medium_large wp-image-2387\" alt=\"\" srcset=\"https:\/\/leogarnier.com\/wp-content\/uploads\/2025\/07\/PHOTO_LHotelDuLibreEchange_\u00a9JeanLouisFernandez_053-768x512.jpg 768w, https:\/\/leogarnier.com\/wp-content\/uploads\/2025\/07\/PHOTO_LHotelDuLibreEchange_\u00a9JeanLouisFernandez_053-300x200.jpg 300w, https:\/\/leogarnier.com\/wp-content\/uploads\/2025\/07\/PHOTO_LHotelDuLibreEchange_\u00a9JeanLouisFernandez_053-1024x683.jpg 1024w, https:\/\/leogarnier.com\/wp-content\/uploads\/2025\/07\/PHOTO_LHotelDuLibreEchange_\u00a9JeanLouisFernandez_053-1536x1024.jpg 1536w\" sizes=\"(max-width: 768px) 100vw, 768px\" \/>\t\t\t\t\t\t\t\t\t\t\t\t\t\t\t<\/div>\n\t\t\t\t<\/div>\n\t\t\t\t\t<\/div>\n\t\t<\/div>\n\t\t\t\t\t<\/div>\n\t\t<\/section>\n\t\t\t\t<section class=\"elementor-section elementor-top-section elementor-element elementor-element-5304525 elementor-section-boxed elementor-section-height-default elementor-section-height-default\" data-id=\"5304525\" data-element_type=\"section\">\n\t\t\t\t\t\t<div class=\"elementor-container elementor-column-gap-default\">\n\t\t\t\t\t<div class=\"elementor-column elementor-col-100 elementor-top-column elementor-element elementor-element-bf1eda4\" data-id=\"bf1eda4\" data-element_type=\"column\">\n\t\t\t<div class=\"elementor-widget-wrap elementor-element-populated\">\n\t\t\t\t\t\t<div class=\"elementor-element elementor-element-c1ae48b elementor-widget elementor-widget-text-editor\" data-id=\"c1ae48b\" data-element_type=\"widget\" data-widget_type=\"text-editor.default\">\n\t\t\t\t<div class=\"elementor-widget-container\">\n\t\t\t\t\t\t\t\t\t<p>CR\u00c9ATION MC:2 MAISON DE LA CULTURE DE GRENOBLE &#8211; 2025<\/p><p><strong>texte<\/strong>\u00a0George Feydeau<br \/><strong>mise en sc\u00e8ne<\/strong> Stanislas Nordey<\/p><div><p id=\"isPasted\" dir=\"ltr\"><strong>collaboratrice artistique <\/strong>Claire Ingrid Cottenceau<\/p><p dir=\"ltr\"><strong>sc\u00e9nographie <\/strong>Emmanuel Clolus<\/p><p dir=\"ltr\"><strong>lumi\u00e8re <\/strong>Philippe Berthom\u00e9<\/p><p dir=\"ltr\"><strong>costumes <\/strong>Raoul Fernandez<\/p><p dir=\"ltr\"><strong>chor\u00e9graphie <\/strong>Lo\u00efc Touz\u00e9<\/p><p dir=\"ltr\"><strong>musique <\/strong>Olivier Mellano<\/p><p><strong>r\u00e9gie g\u00e9n\u00e9rale<\/strong> L\u00e9o Garnier et Nicolas Barrot\u00a0<\/p><p><strong>Avec<br \/><\/strong>H\u00e9l\u00e8ne Alexandridis, Alexandra Blajovici, Cyril Bothorel, Marie Cari\u00e8s, Claude Duparfait, Olivier Dupuy, Raoul Fernandez, Paul Foug\u00e8re, Damien Gabriac, Ana\u00efs Muller, Ysanis Padonou, Sarah Plume, Tatia Tsuladze, Laurent Ziserman<\/p><\/div>\t\t\t\t\t\t\t\t<\/div>\n\t\t\t\t<\/div>\n\t\t\t\t\t<\/div>\n\t\t<\/div>\n\t\t\t\t\t<\/div>\n\t\t<\/section>\n\t\t\t\t<section class=\"elementor-section elementor-top-section elementor-element elementor-element-2778b9a elementor-section-boxed elementor-section-height-default elementor-section-height-default\" data-id=\"2778b9a\" data-element_type=\"section\">\n\t\t\t\t\t\t<div class=\"elementor-container elementor-column-gap-default\">\n\t\t\t\t\t<div class=\"elementor-column elementor-col-100 elementor-top-column elementor-element elementor-element-b07cd95\" data-id=\"b07cd95\" data-element_type=\"column\">\n\t\t\t<div class=\"elementor-widget-wrap elementor-element-populated\">\n\t\t\t\t\t\t<div class=\"elementor-element elementor-element-b332c43 elementor-widget elementor-widget-text-editor\" data-id=\"b332c43\" data-element_type=\"widget\" data-widget_type=\"text-editor.default\">\n\t\t\t\t<div class=\"elementor-widget-container\">\n\t\t\t\t\t\t\t\t\t<p><strong><a href=\"https:\/\/www.mc2grenoble.fr\/productions\/lhotel-du-libre-echange\/\" target=\"_blank\" rel=\"noopener\">Lien externe<\/a><\/strong><\/p>\t\t\t\t\t\t\t\t<\/div>\n\t\t\t\t<\/div>\n\t\t\t\t\t<\/div>\n\t\t<\/div>\n\t\t\t\t\t<\/div>\n\t\t<\/section>\n\t\t\t\t<section class=\"elementor-section elementor-top-section elementor-element elementor-element-f9a843f elementor-section-boxed elementor-section-height-default elementor-section-height-default\" data-id=\"f9a843f\" data-element_type=\"section\">\n\t\t\t\t\t\t<div class=\"elementor-container elementor-column-gap-default\">\n\t\t\t\t\t<div class=\"elementor-column elementor-col-100 elementor-top-column elementor-element elementor-element-ade7303\" data-id=\"ade7303\" data-element_type=\"column\">\n\t\t\t<div class=\"elementor-widget-wrap elementor-element-populated\">\n\t\t\t\t\t\t<div class=\"elementor-element elementor-element-7c70d16 elementor-widget elementor-widget-text-editor\" data-id=\"7c70d16\" data-element_type=\"widget\" data-widget_type=\"text-editor.default\">\n\t\t\t\t<div class=\"elementor-widget-container\">\n\t\t\t\t\t\t\t\t\t<p id=\"isPasted\"><strong>production<\/strong><strong>\u00a0d\u00e9l\u00e9gu\u00e9e MC2<\/strong><br \/>Maison de la Culture de Grenoble \u2013 sc\u00e8ne nationale, Compagnie Stanislas Nordey<\/p><p dir=\"ltr\"><strong>coproduction<\/strong><br \/>Od\u00e9on-Th\u00e9\u00e2tre de l\u2019Europe, Th\u00e9\u00e2tre de Li\u00e8ge \u2013 DC&amp;J Cr\u00e9ation, C\u00e9lestins \u2013 Th\u00e9\u00e2tre de Lyon, Bonlieu \u2013 sc\u00e8ne nationale Annecy, Th\u00e9\u00e2tre de Lorient \u2013 centre dramatique national<\/p><p dir=\"ltr\">avec le soutien du Tax Shelter du Gouvernement f\u00e9d\u00e9ral de Belgique et d\u2019Inver Tax Shelter<\/p>\t\t\t\t\t\t\t\t<\/div>\n\t\t\t\t<\/div>\n\t\t\t\t\t<\/div>\n\t\t<\/div>\n\t\t\t\t\t<\/div>\n\t\t<\/section>\n\t\t\t\t<\/div>\n\t\t","protected":false},"excerpt":{"rendered":"<p>L&rsquo;h\u00f4tel du libre \u00e9change MC:2 Grenoble &#8211; mars 2025 Photographie Jean-Louis Fernandez CR\u00c9ATION MC:2 MAISON DE LA CULTURE DE GRENOBLE &#8211; 2025 texte\u00a0George Feydeaumise en sc\u00e8ne Stanislas Nordey collaboratrice artistique Claire Ingrid Cottenceau sc\u00e9nographie Emmanuel Clolus lumi\u00e8re Philippe Berthom\u00e9 costumes Raoul Fernandez chor\u00e9graphie Lo\u00efc Touz\u00e9 musique Olivier Mellano r\u00e9gie g\u00e9n\u00e9rale L\u00e9o Garnier et Nicolas Barrot\u00a0 [&hellip;]<\/p>\n","protected":false},"author":1,"featured_media":0,"parent":0,"menu_order":0,"comment_status":"closed","ping_status":"closed","template":"","meta":{"footnotes":""},"class_list":["post-2417","page","type-page","status-publish","hentry"],"yoast_head":"<!-- This site is optimized with the Yoast SEO plugin v27.4 - https:\/\/yoast.com\/product\/yoast-seo-wordpress\/ -->\n<title>L&#039;h\u00f4tel du libre \u00e9change - L\u00e9o Garnier<\/title>\n<meta name=\"description\" content=\"Stanislas Nordey met en sc\u00e8ne L&#039;h\u00f4tel du libre \u00e9change \u00e0 la MC:2 Maison de la culture de Grenoble en mars 2025\" \/>\n<meta name=\"robots\" content=\"index, follow, max-snippet:-1, max-image-preview:large, max-video-preview:-1\" \/>\n<link rel=\"canonical\" href=\"https:\/\/leogarnier.com\/index.php\/lhotel-du-libre-echange\/\" \/>\n<meta property=\"og:locale\" content=\"fr_FR\" \/>\n<meta property=\"og:type\" content=\"article\" \/>\n<meta property=\"og:title\" content=\"L&#039;h\u00f4tel du libre \u00e9change - L\u00e9o Garnier\" \/>\n<meta property=\"og:description\" content=\"Stanislas Nordey met en sc\u00e8ne L&#039;h\u00f4tel du libre \u00e9change \u00e0 la MC:2 Maison de la culture de Grenoble en mars 2025\" \/>\n<meta property=\"og:url\" content=\"https:\/\/leogarnier.com\/index.php\/lhotel-du-libre-echange\/\" \/>\n<meta property=\"og:site_name\" content=\"L\u00e9o Garnier\" \/>\n<meta property=\"article:publisher\" content=\"https:\/\/www.facebook.com\/leo.garnier.102\/\" \/>\n<meta property=\"article:modified_time\" content=\"2025-07-01T12:56:15+00:00\" \/>\n<meta name=\"twitter:card\" content=\"summary_large_image\" \/>\n<meta name=\"twitter:label1\" content=\"Dur\u00e9e de lecture estim\u00e9e\" \/>\n\t<meta name=\"twitter:data1\" content=\"2 minutes\" \/>\n<script type=\"application\/ld+json\" class=\"yoast-schema-graph\">{\"@context\":\"https:\\\/\\\/schema.org\",\"@graph\":[{\"@type\":\"WebPage\",\"@id\":\"https:\\\/\\\/leogarnier.com\\\/index.php\\\/lhotel-du-libre-echange\\\/\",\"url\":\"https:\\\/\\\/leogarnier.com\\\/index.php\\\/lhotel-du-libre-echange\\\/\",\"name\":\"L'h\u00f4tel du libre \u00e9change - L\u00e9o Garnier\",\"isPartOf\":{\"@id\":\"https:\\\/\\\/leogarnier.com\\\/#website\"},\"datePublished\":\"2025-07-01T12:02:20+00:00\",\"dateModified\":\"2025-07-01T12:56:15+00:00\",\"description\":\"Stanislas Nordey met en sc\u00e8ne L'h\u00f4tel du libre \u00e9change \u00e0 la MC:2 Maison de la culture de Grenoble en mars 2025\",\"breadcrumb\":{\"@id\":\"https:\\\/\\\/leogarnier.com\\\/index.php\\\/lhotel-du-libre-echange\\\/#breadcrumb\"},\"inLanguage\":\"fr-FR\",\"potentialAction\":[{\"@type\":\"ReadAction\",\"target\":[\"https:\\\/\\\/leogarnier.com\\\/index.php\\\/lhotel-du-libre-echange\\\/\"]}]},{\"@type\":\"BreadcrumbList\",\"@id\":\"https:\\\/\\\/leogarnier.com\\\/index.php\\\/lhotel-du-libre-echange\\\/#breadcrumb\",\"itemListElement\":[{\"@type\":\"ListItem\",\"position\":1,\"name\":\"Accueil\",\"item\":\"https:\\\/\\\/leogarnier.com\\\/\"},{\"@type\":\"ListItem\",\"position\":2,\"name\":\"L&rsquo;h\u00f4tel du libre \u00e9change\"}]},{\"@type\":\"WebSite\",\"@id\":\"https:\\\/\\\/leogarnier.com\\\/#website\",\"url\":\"https:\\\/\\\/leogarnier.com\\\/\",\"name\":\"L\u00e9o Garnier\",\"description\":\"\u00c9clairagiste\",\"publisher\":{\"@id\":\"https:\\\/\\\/leogarnier.com\\\/#\\\/schema\\\/person\\\/9caf54ec40390ce3fa693f0b1acd3190\"},\"potentialAction\":[{\"@type\":\"SearchAction\",\"target\":{\"@type\":\"EntryPoint\",\"urlTemplate\":\"https:\\\/\\\/leogarnier.com\\\/?s={search_term_string}\"},\"query-input\":{\"@type\":\"PropertyValueSpecification\",\"valueRequired\":true,\"valueName\":\"search_term_string\"}}],\"inLanguage\":\"fr-FR\"},{\"@type\":[\"Person\",\"Organization\"],\"@id\":\"https:\\\/\\\/leogarnier.com\\\/#\\\/schema\\\/person\\\/9caf54ec40390ce3fa693f0b1acd3190\",\"name\":\"L\u00e9o\",\"image\":{\"@type\":\"ImageObject\",\"inLanguage\":\"fr-FR\",\"@id\":\"https:\\\/\\\/leogarnier.com\\\/wp-content\\\/uploads\\\/2022\\\/09\\\/Leo9.png\",\"url\":\"https:\\\/\\\/leogarnier.com\\\/wp-content\\\/uploads\\\/2022\\\/09\\\/Leo9.png\",\"contentUrl\":\"https:\\\/\\\/leogarnier.com\\\/wp-content\\\/uploads\\\/2022\\\/09\\\/Leo9.png\",\"width\":1148,\"height\":825,\"caption\":\"L\u00e9o\"},\"logo\":{\"@id\":\"https:\\\/\\\/leogarnier.com\\\/wp-content\\\/uploads\\\/2022\\\/09\\\/Leo9.png\"},\"sameAs\":[\"http:\\\/\\\/leogarnier.com\",\"https:\\\/\\\/www.facebook.com\\\/leo.garnier.102\\\/\",\"https:\\\/\\\/www.instagram.com\\\/garnierleo\\\/\"]}]}<\/script>\n<!-- \/ Yoast SEO plugin. -->","yoast_head_json":{"title":"L'h\u00f4tel du libre \u00e9change - L\u00e9o Garnier","description":"Stanislas Nordey met en sc\u00e8ne L'h\u00f4tel du libre \u00e9change \u00e0 la MC:2 Maison de la culture de Grenoble en mars 2025","robots":{"index":"index","follow":"follow","max-snippet":"max-snippet:-1","max-image-preview":"max-image-preview:large","max-video-preview":"max-video-preview:-1"},"canonical":"https:\/\/leogarnier.com\/index.php\/lhotel-du-libre-echange\/","og_locale":"fr_FR","og_type":"article","og_title":"L'h\u00f4tel du libre \u00e9change - L\u00e9o Garnier","og_description":"Stanislas Nordey met en sc\u00e8ne L'h\u00f4tel du libre \u00e9change \u00e0 la MC:2 Maison de la culture de Grenoble en mars 2025","og_url":"https:\/\/leogarnier.com\/index.php\/lhotel-du-libre-echange\/","og_site_name":"L\u00e9o Garnier","article_publisher":"https:\/\/www.facebook.com\/leo.garnier.102\/","article_modified_time":"2025-07-01T12:56:15+00:00","twitter_card":"summary_large_image","twitter_misc":{"Dur\u00e9e de lecture estim\u00e9e":"2 minutes"},"schema":{"@context":"https:\/\/schema.org","@graph":[{"@type":"WebPage","@id":"https:\/\/leogarnier.com\/index.php\/lhotel-du-libre-echange\/","url":"https:\/\/leogarnier.com\/index.php\/lhotel-du-libre-echange\/","name":"L'h\u00f4tel du libre \u00e9change - L\u00e9o Garnier","isPartOf":{"@id":"https:\/\/leogarnier.com\/#website"},"datePublished":"2025-07-01T12:02:20+00:00","dateModified":"2025-07-01T12:56:15+00:00","description":"Stanislas Nordey met en sc\u00e8ne L'h\u00f4tel du libre \u00e9change \u00e0 la MC:2 Maison de la culture de Grenoble en mars 2025","breadcrumb":{"@id":"https:\/\/leogarnier.com\/index.php\/lhotel-du-libre-echange\/#breadcrumb"},"inLanguage":"fr-FR","potentialAction":[{"@type":"ReadAction","target":["https:\/\/leogarnier.com\/index.php\/lhotel-du-libre-echange\/"]}]},{"@type":"BreadcrumbList","@id":"https:\/\/leogarnier.com\/index.php\/lhotel-du-libre-echange\/#breadcrumb","itemListElement":[{"@type":"ListItem","position":1,"name":"Accueil","item":"https:\/\/leogarnier.com\/"},{"@type":"ListItem","position":2,"name":"L&rsquo;h\u00f4tel du libre \u00e9change"}]},{"@type":"WebSite","@id":"https:\/\/leogarnier.com\/#website","url":"https:\/\/leogarnier.com\/","name":"L\u00e9o Garnier","description":"\u00c9clairagiste","publisher":{"@id":"https:\/\/leogarnier.com\/#\/schema\/person\/9caf54ec40390ce3fa693f0b1acd3190"},"potentialAction":[{"@type":"SearchAction","target":{"@type":"EntryPoint","urlTemplate":"https:\/\/leogarnier.com\/?s={search_term_string}"},"query-input":{"@type":"PropertyValueSpecification","valueRequired":true,"valueName":"search_term_string"}}],"inLanguage":"fr-FR"},{"@type":["Person","Organization"],"@id":"https:\/\/leogarnier.com\/#\/schema\/person\/9caf54ec40390ce3fa693f0b1acd3190","name":"L\u00e9o","image":{"@type":"ImageObject","inLanguage":"fr-FR","@id":"https:\/\/leogarnier.com\/wp-content\/uploads\/2022\/09\/Leo9.png","url":"https:\/\/leogarnier.com\/wp-content\/uploads\/2022\/09\/Leo9.png","contentUrl":"https:\/\/leogarnier.com\/wp-content\/uploads\/2022\/09\/Leo9.png","width":1148,"height":825,"caption":"L\u00e9o"},"logo":{"@id":"https:\/\/leogarnier.com\/wp-content\/uploads\/2022\/09\/Leo9.png"},"sameAs":["http:\/\/leogarnier.com","https:\/\/www.facebook.com\/leo.garnier.102\/","https:\/\/www.instagram.com\/garnierleo\/"]}]}},"_links":{"self":[{"href":"https:\/\/leogarnier.com\/index.php\/wp-json\/wp\/v2\/pages\/2417","targetHints":{"allow":["GET"]}}],"collection":[{"href":"https:\/\/leogarnier.com\/index.php\/wp-json\/wp\/v2\/pages"}],"about":[{"href":"https:\/\/leogarnier.com\/index.php\/wp-json\/wp\/v2\/types\/page"}],"author":[{"embeddable":true,"href":"https:\/\/leogarnier.com\/index.php\/wp-json\/wp\/v2\/users\/1"}],"replies":[{"embeddable":true,"href":"https:\/\/leogarnier.com\/index.php\/wp-json\/wp\/v2\/comments?post=2417"}],"version-history":[{"count":7,"href":"https:\/\/leogarnier.com\/index.php\/wp-json\/wp\/v2\/pages\/2417\/revisions"}],"predecessor-version":[{"id":2424,"href":"https:\/\/leogarnier.com\/index.php\/wp-json\/wp\/v2\/pages\/2417\/revisions\/2424"}],"wp:attachment":[{"href":"https:\/\/leogarnier.com\/index.php\/wp-json\/wp\/v2\/media?parent=2417"}],"curies":[{"name":"wp","href":"https:\/\/api.w.org\/{rel}","templated":true}]}}