{"id":2430,"date":"2025-07-01T14:26:05","date_gmt":"2025-07-01T12:26:05","guid":{"rendered":"https:\/\/leogarnier.com\/?page_id=2430"},"modified":"2025-11-26T21:05:22","modified_gmt":"2025-11-26T20:05:22","slug":"prendre-soin","status":"publish","type":"page","link":"https:\/\/leogarnier.com\/index.php\/prendre-soin\/","title":{"rendered":"Prendre soin"},"content":{"rendered":"\t\t<div data-elementor-type=\"wp-page\" data-elementor-id=\"2430\" class=\"elementor elementor-2430\">\n\t\t\t\t\t\t<section class=\"elementor-section elementor-top-section elementor-element elementor-element-cc186ed elementor-section-boxed elementor-section-height-default elementor-section-height-default\" data-id=\"cc186ed\" data-element_type=\"section\">\n\t\t\t\t\t\t<div class=\"elementor-container elementor-column-gap-default\">\n\t\t\t\t\t<div class=\"elementor-column elementor-col-100 elementor-top-column elementor-element elementor-element-56d87d5\" data-id=\"56d87d5\" data-element_type=\"column\">\n\t\t\t<div class=\"elementor-widget-wrap elementor-element-populated\">\n\t\t\t\t\t\t<div class=\"elementor-element elementor-element-3e105c9 elementor-widget elementor-widget-heading\" data-id=\"3e105c9\" data-element_type=\"widget\" data-widget_type=\"heading.default\">\n\t\t\t\t<div class=\"elementor-widget-container\">\n\t\t\t\t\t<h2 class=\"elementor-heading-title elementor-size-default\">Prendre Soin<\/h2>\t\t\t\t<\/div>\n\t\t\t\t<\/div>\n\t\t\t\t\t<\/div>\n\t\t<\/div>\n\t\t\t\t\t<\/div>\n\t\t<\/section>\n\t\t\t\t<section class=\"elementor-section elementor-top-section elementor-element elementor-element-a915445 elementor-section-boxed elementor-section-height-default elementor-section-height-default\" data-id=\"a915445\" data-element_type=\"section\">\n\t\t\t\t\t\t<div class=\"elementor-container elementor-column-gap-default\">\n\t\t\t\t\t<div class=\"elementor-column elementor-col-100 elementor-top-column elementor-element elementor-element-b8eeece\" data-id=\"b8eeece\" data-element_type=\"column\">\n\t\t\t<div class=\"elementor-widget-wrap elementor-element-populated\">\n\t\t\t\t\t\t<div class=\"elementor-element elementor-element-a382791 elementor-widget elementor-widget-text-editor\" data-id=\"a382791\" data-element_type=\"widget\" data-widget_type=\"text-editor.default\">\n\t\t\t\t<div class=\"elementor-widget-container\">\n\t\t\t\t\t\t\t\t\t<p>T.N.S. octobre 2025<\/p>\t\t\t\t\t\t\t\t<\/div>\n\t\t\t\t<\/div>\n\t\t\t\t\t<\/div>\n\t\t<\/div>\n\t\t\t\t\t<\/div>\n\t\t<\/section>\n\t\t\t\t<section class=\"elementor-section elementor-top-section elementor-element elementor-element-6b25828 elementor-section-boxed elementor-section-height-default elementor-section-height-default\" data-id=\"6b25828\" data-element_type=\"section\">\n\t\t\t\t\t\t<div class=\"elementor-container elementor-column-gap-default\">\n\t\t\t\t\t<div class=\"elementor-column elementor-col-100 elementor-top-column elementor-element elementor-element-31394f1\" data-id=\"31394f1\" data-element_type=\"column\">\n\t\t\t<div class=\"elementor-widget-wrap elementor-element-populated\">\n\t\t\t\t\t\t<div class=\"elementor-element elementor-element-5fa78ad elementor-widget elementor-widget-text-editor\" data-id=\"5fa78ad\" data-element_type=\"widget\" data-widget_type=\"text-editor.default\">\n\t\t\t\t<div class=\"elementor-widget-container\">\n\t\t\t\t\t\t\t\t\t<p>Photographie Jean-Louis Fernandez<\/p>\t\t\t\t\t\t\t\t<\/div>\n\t\t\t\t<\/div>\n\t\t\t\t\t<\/div>\n\t\t<\/div>\n\t\t\t\t\t<\/div>\n\t\t<\/section>\n\t\t\t\t<section class=\"elementor-section elementor-top-section elementor-element elementor-element-c6f68dd elementor-section-boxed elementor-section-height-default elementor-section-height-default\" data-id=\"c6f68dd\" data-element_type=\"section\">\n\t\t\t\t\t\t<div class=\"elementor-container elementor-column-gap-default\">\n\t\t\t\t\t<div class=\"elementor-column elementor-col-100 elementor-top-column elementor-element elementor-element-f340546\" data-id=\"f340546\" data-element_type=\"column\">\n\t\t\t<div class=\"elementor-widget-wrap elementor-element-populated\">\n\t\t\t\t\t\t<div class=\"elementor-element elementor-element-30281a2 elementor-widget elementor-widget-image\" data-id=\"30281a2\" data-element_type=\"widget\" data-widget_type=\"image.default\">\n\t\t\t\t<div class=\"elementor-widget-container\">\n\t\t\t\t\t\t\t\t\t\t\t\t\t\t\t<img fetchpriority=\"high\" decoding=\"async\" width=\"800\" height=\"356\" src=\"https:\/\/leogarnier.com\/wp-content\/uploads\/2025\/11\/PrendreSoin3__\u252c\u00aeJeanLouisFernandez_015-1024x456.jpg\" class=\"attachment-large size-large wp-image-2505\" alt=\"\" srcset=\"https:\/\/leogarnier.com\/wp-content\/uploads\/2025\/11\/PrendreSoin3__\u252c\u00aeJeanLouisFernandez_015-1024x456.jpg 1024w, https:\/\/leogarnier.com\/wp-content\/uploads\/2025\/11\/PrendreSoin3__\u252c\u00aeJeanLouisFernandez_015-300x133.jpg 300w, https:\/\/leogarnier.com\/wp-content\/uploads\/2025\/11\/PrendreSoin3__\u252c\u00aeJeanLouisFernandez_015-768x342.jpg 768w, https:\/\/leogarnier.com\/wp-content\/uploads\/2025\/11\/PrendreSoin3__\u252c\u00aeJeanLouisFernandez_015-1536x683.jpg 1536w, https:\/\/leogarnier.com\/wp-content\/uploads\/2025\/11\/PrendreSoin3__\u252c\u00aeJeanLouisFernandez_015-2048x911.jpg 2048w\" sizes=\"(max-width: 800px) 100vw, 800px\" \/>\t\t\t\t\t\t\t\t\t\t\t\t\t\t\t<\/div>\n\t\t\t\t<\/div>\n\t\t\t\t\t<\/div>\n\t\t<\/div>\n\t\t\t\t\t<\/div>\n\t\t<\/section>\n\t\t\t\t<section class=\"elementor-section elementor-top-section elementor-element elementor-element-048db5b elementor-section-boxed elementor-section-height-default elementor-section-height-default\" data-id=\"048db5b\" data-element_type=\"section\">\n\t\t\t\t\t\t<div class=\"elementor-container elementor-column-gap-default\">\n\t\t\t\t\t<div class=\"elementor-column elementor-col-100 elementor-top-column elementor-element elementor-element-55cc51d\" data-id=\"55cc51d\" data-element_type=\"column\">\n\t\t\t<div class=\"elementor-widget-wrap elementor-element-populated\">\n\t\t\t\t\t\t<div class=\"elementor-element elementor-element-3dd327a elementor-widget elementor-widget-text-editor\" data-id=\"3dd327a\" data-element_type=\"widget\" data-widget_type=\"text-editor.default\">\n\t\t\t\t<div class=\"elementor-widget-container\">\n\t\t\t\t\t\t\t\t\t<p><strong><a href=\"https:\/\/tns.fr\/agenda\/prendre-soin\" target=\"_blank\" rel=\"noopener\">Lien externe vers le site du T.N.S.<\/a><\/strong><\/p>\t\t\t\t\t\t\t\t<\/div>\n\t\t\t\t<\/div>\n\t\t\t\t\t<\/div>\n\t\t<\/div>\n\t\t\t\t\t<\/div>\n\t\t<\/section>\n\t\t\t\t<section class=\"elementor-section elementor-top-section elementor-element elementor-element-a8e3766 elementor-section-boxed elementor-section-height-default elementor-section-height-default\" data-id=\"a8e3766\" data-element_type=\"section\">\n\t\t\t\t\t\t<div class=\"elementor-container elementor-column-gap-default\">\n\t\t\t\t\t<div class=\"elementor-column elementor-col-100 elementor-top-column elementor-element elementor-element-6523d03\" data-id=\"6523d03\" data-element_type=\"column\">\n\t\t\t<div class=\"elementor-widget-wrap elementor-element-populated\">\n\t\t\t\t\t\t<div class=\"elementor-element elementor-element-0300b9c elementor-widget elementor-widget-text-editor\" data-id=\"0300b9c\" data-element_type=\"widget\" data-widget_type=\"text-editor.default\">\n\t\t\t\t<div class=\"elementor-widget-container\">\n\t\t\t\t\t\t\t\t\t<p><strong>D\u2019apr\u00e8s\u00a0<em>Beyond Caring<\/em>\u00a0d\u2019Alexander Zeldin<\/strong><br \/><strong>Texte et mise en sc\u00e8ne\u00a0<\/strong>Alexander Zeldin<br \/><strong>Collaboration \u00e0 la mise en sc\u00e8ne\u00a0<\/strong>Kenza Berrada<br \/><strong>Sc\u00e9nographie et costumes\u00a0<\/strong>Natasha Jenkins<br \/><strong>Lumi\u00e8res\u00a0<\/strong>Marc Williams<br \/><strong>Son\u00a0<\/strong>Josh Grigg<br \/><strong>Mouvement\u00a0<\/strong>Marcin Rudy<strong><br \/>R\u00e9gie g\u00e9n\u00e9rale <\/strong>L\u00e9o Garnier<\/p><p><strong>Avec<\/strong>\u00a0Nabil Berrehil, Patrick d\u2019Assum\u00e7ao, Charline Paul, Lamya Regragui, Bilal Slimani, Juliette Speck<\/p>\t\t\t\t\t\t\t\t<\/div>\n\t\t\t\t<\/div>\n\t\t\t\t\t<\/div>\n\t\t<\/div>\n\t\t\t\t\t<\/div>\n\t\t<\/section>\n\t\t\t\t<section class=\"elementor-section elementor-top-section elementor-element elementor-element-76b471d elementor-section-boxed elementor-section-height-default elementor-section-height-default\" data-id=\"76b471d\" data-element_type=\"section\">\n\t\t\t\t\t\t<div class=\"elementor-container elementor-column-gap-default\">\n\t\t\t\t\t<div class=\"elementor-column elementor-col-100 elementor-top-column elementor-element elementor-element-1082117\" data-id=\"1082117\" data-element_type=\"column\">\n\t\t\t<div class=\"elementor-widget-wrap elementor-element-populated\">\n\t\t\t\t\t\t<div class=\"elementor-element elementor-element-2c9485b elementor-widget elementor-widget-text-editor\" data-id=\"2c9485b\" data-element_type=\"widget\" data-widget_type=\"text-editor.default\">\n\t\t\t\t<div class=\"elementor-widget-container\">\n\t\t\t\t\t\t\t\t\t<p><strong>Production<\/strong>\u00a0Compagnie A Zeldin.\u00a0<strong>Coproduction<\/strong>\u00a0Th\u00e9\u00e2tre national de Strasbourg \u2013 Fondazione Teatro Metastasio, Prato \u2013 Les C\u00e9lestins, Th\u00e9\u00e2tre de Lyon \u2013 Le Volcan, sc\u00e8ne nationale du Havre. La compagnie A Zeldin est conventionn\u00e9e par le minist\u00e8re de la Culture \/ DRAC \u00cele-de-France.\u00a0<strong>Avec la participation artistique dU<\/strong>\u00a0Jeune Th\u00e9\u00e2tre national.<\/p>\t\t\t\t\t\t\t\t<\/div>\n\t\t\t\t<\/div>\n\t\t\t\t\t<\/div>\n\t\t<\/div>\n\t\t\t\t\t<\/div>\n\t\t<\/section>\n\t\t\t\t<\/div>\n\t\t","protected":false},"excerpt":{"rendered":"<p>Prendre Soin T.N.S. octobre 2025 Photographie Jean-Louis Fernandez Lien externe vers le site du T.N.S. D\u2019apr\u00e8s\u00a0Beyond Caring\u00a0d\u2019Alexander ZeldinTexte et mise en sc\u00e8ne\u00a0Alexander ZeldinCollaboration \u00e0 la mise en sc\u00e8ne\u00a0Kenza BerradaSc\u00e9nographie et costumes\u00a0Natasha JenkinsLumi\u00e8res\u00a0Marc WilliamsSon\u00a0Josh GriggMouvement\u00a0Marcin RudyR\u00e9gie g\u00e9n\u00e9rale L\u00e9o Garnier Avec\u00a0Nabil Berrehil, Patrick d\u2019Assum\u00e7ao, Charline Paul, Lamya Regragui, Bilal Slimani, Juliette Speck Production\u00a0Compagnie A Zeldin.\u00a0Coproduction\u00a0Th\u00e9\u00e2tre national de [&hellip;]<\/p>\n","protected":false},"author":1,"featured_media":0,"parent":0,"menu_order":0,"comment_status":"closed","ping_status":"closed","template":"","meta":{"footnotes":""},"class_list":["post-2430","page","type-page","status-publish","hentry"],"yoast_head":"<!-- This site is optimized with the Yoast SEO plugin v27.4 - https:\/\/yoast.com\/product\/yoast-seo-wordpress\/ -->\n<title>Prendre soin - Alexander Zeldin - R\u00e9gie g\u00e9n\u00e9rale : L\u00e9o Garnier<\/title>\n<meta name=\"description\" content=\"Le metteur en sc\u00e8ne Alexander Zeldin adapte sa pi\u00e8ce anglaise, Beyond caring, dans une version fran\u00e7aise, pr\u00e9sent\u00e9e au TNS \u00e0 l&#039;automne 2025\" \/>\n<meta name=\"robots\" content=\"index, follow, max-snippet:-1, max-image-preview:large, max-video-preview:-1\" \/>\n<link rel=\"canonical\" href=\"https:\/\/leogarnier.com\/index.php\/prendre-soin\/\" \/>\n<meta property=\"og:locale\" content=\"fr_FR\" \/>\n<meta property=\"og:type\" content=\"article\" \/>\n<meta property=\"og:title\" content=\"Prendre soin - Alexander Zeldin - R\u00e9gie g\u00e9n\u00e9rale : L\u00e9o Garnier\" \/>\n<meta property=\"og:description\" content=\"Le metteur en sc\u00e8ne Alexander Zeldin adapte sa pi\u00e8ce anglaise, Beyond caring, dans une version fran\u00e7aise, pr\u00e9sent\u00e9e au TNS \u00e0 l&#039;automne 2025\" \/>\n<meta property=\"og:url\" content=\"https:\/\/leogarnier.com\/index.php\/prendre-soin\/\" \/>\n<meta property=\"og:site_name\" content=\"L\u00e9o Garnier\" \/>\n<meta property=\"article:publisher\" content=\"https:\/\/www.facebook.com\/leo.garnier.102\/\" \/>\n<meta property=\"article:modified_time\" content=\"2025-11-26T20:05:22+00:00\" \/>\n<meta name=\"twitter:card\" content=\"summary_large_image\" \/>\n<meta name=\"twitter:label1\" content=\"Dur\u00e9e de lecture estim\u00e9e\" \/>\n\t<meta name=\"twitter:data1\" content=\"1 minute\" \/>\n<script type=\"application\/ld+json\" class=\"yoast-schema-graph\">{\"@context\":\"https:\\\/\\\/schema.org\",\"@graph\":[{\"@type\":\"WebPage\",\"@id\":\"https:\\\/\\\/leogarnier.com\\\/index.php\\\/prendre-soin\\\/\",\"url\":\"https:\\\/\\\/leogarnier.com\\\/index.php\\\/prendre-soin\\\/\",\"name\":\"Prendre soin - Alexander Zeldin - R\u00e9gie g\u00e9n\u00e9rale : L\u00e9o Garnier\",\"isPartOf\":{\"@id\":\"https:\\\/\\\/leogarnier.com\\\/#website\"},\"datePublished\":\"2025-07-01T12:26:05+00:00\",\"dateModified\":\"2025-11-26T20:05:22+00:00\",\"description\":\"Le metteur en sc\u00e8ne Alexander Zeldin adapte sa pi\u00e8ce anglaise, Beyond caring, dans une version fran\u00e7aise, pr\u00e9sent\u00e9e au TNS \u00e0 l'automne 2025\",\"breadcrumb\":{\"@id\":\"https:\\\/\\\/leogarnier.com\\\/index.php\\\/prendre-soin\\\/#breadcrumb\"},\"inLanguage\":\"fr-FR\",\"potentialAction\":[{\"@type\":\"ReadAction\",\"target\":[\"https:\\\/\\\/leogarnier.com\\\/index.php\\\/prendre-soin\\\/\"]}]},{\"@type\":\"BreadcrumbList\",\"@id\":\"https:\\\/\\\/leogarnier.com\\\/index.php\\\/prendre-soin\\\/#breadcrumb\",\"itemListElement\":[{\"@type\":\"ListItem\",\"position\":1,\"name\":\"Accueil\",\"item\":\"https:\\\/\\\/leogarnier.com\\\/\"},{\"@type\":\"ListItem\",\"position\":2,\"name\":\"Prendre soin\"}]},{\"@type\":\"WebSite\",\"@id\":\"https:\\\/\\\/leogarnier.com\\\/#website\",\"url\":\"https:\\\/\\\/leogarnier.com\\\/\",\"name\":\"L\u00e9o Garnier\",\"description\":\"\u00c9clairagiste\",\"publisher\":{\"@id\":\"https:\\\/\\\/leogarnier.com\\\/#\\\/schema\\\/person\\\/9caf54ec40390ce3fa693f0b1acd3190\"},\"potentialAction\":[{\"@type\":\"SearchAction\",\"target\":{\"@type\":\"EntryPoint\",\"urlTemplate\":\"https:\\\/\\\/leogarnier.com\\\/?s={search_term_string}\"},\"query-input\":{\"@type\":\"PropertyValueSpecification\",\"valueRequired\":true,\"valueName\":\"search_term_string\"}}],\"inLanguage\":\"fr-FR\"},{\"@type\":[\"Person\",\"Organization\"],\"@id\":\"https:\\\/\\\/leogarnier.com\\\/#\\\/schema\\\/person\\\/9caf54ec40390ce3fa693f0b1acd3190\",\"name\":\"L\u00e9o\",\"image\":{\"@type\":\"ImageObject\",\"inLanguage\":\"fr-FR\",\"@id\":\"https:\\\/\\\/leogarnier.com\\\/wp-content\\\/uploads\\\/2022\\\/09\\\/Leo9.png\",\"url\":\"https:\\\/\\\/leogarnier.com\\\/wp-content\\\/uploads\\\/2022\\\/09\\\/Leo9.png\",\"contentUrl\":\"https:\\\/\\\/leogarnier.com\\\/wp-content\\\/uploads\\\/2022\\\/09\\\/Leo9.png\",\"width\":1148,\"height\":825,\"caption\":\"L\u00e9o\"},\"logo\":{\"@id\":\"https:\\\/\\\/leogarnier.com\\\/wp-content\\\/uploads\\\/2022\\\/09\\\/Leo9.png\"},\"sameAs\":[\"http:\\\/\\\/leogarnier.com\",\"https:\\\/\\\/www.facebook.com\\\/leo.garnier.102\\\/\",\"https:\\\/\\\/www.instagram.com\\\/garnierleo\\\/\"]}]}<\/script>\n<!-- \/ Yoast SEO plugin. -->","yoast_head_json":{"title":"Prendre soin - Alexander Zeldin - R\u00e9gie g\u00e9n\u00e9rale : L\u00e9o Garnier","description":"Le metteur en sc\u00e8ne Alexander Zeldin adapte sa pi\u00e8ce anglaise, Beyond caring, dans une version fran\u00e7aise, pr\u00e9sent\u00e9e au TNS \u00e0 l'automne 2025","robots":{"index":"index","follow":"follow","max-snippet":"max-snippet:-1","max-image-preview":"max-image-preview:large","max-video-preview":"max-video-preview:-1"},"canonical":"https:\/\/leogarnier.com\/index.php\/prendre-soin\/","og_locale":"fr_FR","og_type":"article","og_title":"Prendre soin - Alexander Zeldin - R\u00e9gie g\u00e9n\u00e9rale : L\u00e9o Garnier","og_description":"Le metteur en sc\u00e8ne Alexander Zeldin adapte sa pi\u00e8ce anglaise, Beyond caring, dans une version fran\u00e7aise, pr\u00e9sent\u00e9e au TNS \u00e0 l'automne 2025","og_url":"https:\/\/leogarnier.com\/index.php\/prendre-soin\/","og_site_name":"L\u00e9o Garnier","article_publisher":"https:\/\/www.facebook.com\/leo.garnier.102\/","article_modified_time":"2025-11-26T20:05:22+00:00","twitter_card":"summary_large_image","twitter_misc":{"Dur\u00e9e de lecture estim\u00e9e":"1 minute"},"schema":{"@context":"https:\/\/schema.org","@graph":[{"@type":"WebPage","@id":"https:\/\/leogarnier.com\/index.php\/prendre-soin\/","url":"https:\/\/leogarnier.com\/index.php\/prendre-soin\/","name":"Prendre soin - Alexander Zeldin - R\u00e9gie g\u00e9n\u00e9rale : L\u00e9o Garnier","isPartOf":{"@id":"https:\/\/leogarnier.com\/#website"},"datePublished":"2025-07-01T12:26:05+00:00","dateModified":"2025-11-26T20:05:22+00:00","description":"Le metteur en sc\u00e8ne Alexander Zeldin adapte sa pi\u00e8ce anglaise, Beyond caring, dans une version fran\u00e7aise, pr\u00e9sent\u00e9e au TNS \u00e0 l'automne 2025","breadcrumb":{"@id":"https:\/\/leogarnier.com\/index.php\/prendre-soin\/#breadcrumb"},"inLanguage":"fr-FR","potentialAction":[{"@type":"ReadAction","target":["https:\/\/leogarnier.com\/index.php\/prendre-soin\/"]}]},{"@type":"BreadcrumbList","@id":"https:\/\/leogarnier.com\/index.php\/prendre-soin\/#breadcrumb","itemListElement":[{"@type":"ListItem","position":1,"name":"Accueil","item":"https:\/\/leogarnier.com\/"},{"@type":"ListItem","position":2,"name":"Prendre soin"}]},{"@type":"WebSite","@id":"https:\/\/leogarnier.com\/#website","url":"https:\/\/leogarnier.com\/","name":"L\u00e9o Garnier","description":"\u00c9clairagiste","publisher":{"@id":"https:\/\/leogarnier.com\/#\/schema\/person\/9caf54ec40390ce3fa693f0b1acd3190"},"potentialAction":[{"@type":"SearchAction","target":{"@type":"EntryPoint","urlTemplate":"https:\/\/leogarnier.com\/?s={search_term_string}"},"query-input":{"@type":"PropertyValueSpecification","valueRequired":true,"valueName":"search_term_string"}}],"inLanguage":"fr-FR"},{"@type":["Person","Organization"],"@id":"https:\/\/leogarnier.com\/#\/schema\/person\/9caf54ec40390ce3fa693f0b1acd3190","name":"L\u00e9o","image":{"@type":"ImageObject","inLanguage":"fr-FR","@id":"https:\/\/leogarnier.com\/wp-content\/uploads\/2022\/09\/Leo9.png","url":"https:\/\/leogarnier.com\/wp-content\/uploads\/2022\/09\/Leo9.png","contentUrl":"https:\/\/leogarnier.com\/wp-content\/uploads\/2022\/09\/Leo9.png","width":1148,"height":825,"caption":"L\u00e9o"},"logo":{"@id":"https:\/\/leogarnier.com\/wp-content\/uploads\/2022\/09\/Leo9.png"},"sameAs":["http:\/\/leogarnier.com","https:\/\/www.facebook.com\/leo.garnier.102\/","https:\/\/www.instagram.com\/garnierleo\/"]}]}},"_links":{"self":[{"href":"https:\/\/leogarnier.com\/index.php\/wp-json\/wp\/v2\/pages\/2430","targetHints":{"allow":["GET"]}}],"collection":[{"href":"https:\/\/leogarnier.com\/index.php\/wp-json\/wp\/v2\/pages"}],"about":[{"href":"https:\/\/leogarnier.com\/index.php\/wp-json\/wp\/v2\/types\/page"}],"author":[{"embeddable":true,"href":"https:\/\/leogarnier.com\/index.php\/wp-json\/wp\/v2\/users\/1"}],"replies":[{"embeddable":true,"href":"https:\/\/leogarnier.com\/index.php\/wp-json\/wp\/v2\/comments?post=2430"}],"version-history":[{"count":25,"href":"https:\/\/leogarnier.com\/index.php\/wp-json\/wp\/v2\/pages\/2430\/revisions"}],"predecessor-version":[{"id":2526,"href":"https:\/\/leogarnier.com\/index.php\/wp-json\/wp\/v2\/pages\/2430\/revisions\/2526"}],"wp:attachment":[{"href":"https:\/\/leogarnier.com\/index.php\/wp-json\/wp\/v2\/media?parent=2430"}],"curies":[{"name":"wp","href":"https:\/\/api.w.org\/{rel}","templated":true}]}}